
{"id":3050,"date":"2002-06-05T23:39:56","date_gmt":"2002-06-05T21:39:56","guid":{"rendered":"https:\/\/www.iefc.net\/?page_id=3050"},"modified":"2024-05-06T10:18:38","modified_gmt":"2024-05-06T08:18:38","slug":"gerer-ensemble-le-territoire","status":"publish","type":"page","link":"https:\/\/www.plantedforests.org\/es\/gerer-ensemble-le-territoire\/","title":{"rendered":"Administremos juntos el terrritorio"},"content":{"rendered":"<p class=\"titre\">\n<p class=\"vert\">Resultados del proyecto<\/p>\n<p class=\"T2\">Gesti\u00f3n sostenible de los bosques: Un concepto, puntos de vista\u0085<\/p>\n<p>Gesti\u00f3n sostenible de los bosques y participaci\u00f3n<br \/>\nArt\u00edculo Mediaforest<\/p>\n<p class=\"T2\">Percepci\u00f3n del bosque<\/p>\n<p>Resultado de las encuestas hechas en el transcuso de las conferencias<br \/>\nArt\u00edculo de Jean-Paul Guyon y al.<br \/>\nInforme final<\/p>\n<p class=\"vert\">Los atelieres (talleres) sobre la gesti\u00f3n sostenible del bosque de Landes de Gascogne-IEFC\/Fundaci\u00f3n de Francia<\/p>\n<p>Desde 2002, el Instituto Europeo del Bosque Cultivado (IEFC), organiza una serie de atelieres o talleres de reflexi\u00f3n sobre planificaci\u00f3n sostenible del macizo forestal de Landes de Gascogne. Estas jornadas se desarrollar\u00e1n con el patrocinio de la Fundaci\u00f3n de Francia en el marco de su petici\u00f3n de proyectos \u00abjuntos para administrar el territorio\u00bb. Considerando que para la ordenaci\u00f3n sostenible del espacio forestal hay que compartir la informaci\u00f3n entre los protagonistas locales y la comprehensi\u00f3n de sus motivaciones, el IEFC propone a los gerentes (silvicultores, agricultores, los elegidos en las votaciones) y a aquellos que se benefician del bosque (pescadores, cazadores, excursionistas, naturalistas, ni\u00f1os,etc) de explicar sus apegos y sus deseos en relaci\u00f3n con la gesti\u00f3n forestal y el desarrollo sostenible de su regi\u00f3n.<br \/>\nLo que se busca es la consultaci\u00f3n a aquellas personas que raramente son representadas en las instancias de la participaci\u00f3n forestal tradicional. Sentados alrededor de los temas emblem\u00e1ticos de la estructuraci\u00f3n sostenible del espacio rural (gesti\u00f3n del agua, econom\u00eda del desarrollo rural, diversidad biol\u00f3gica, distracciones en el bosque, etc), los atelieres o talleres de la gesti\u00f3n sostenible de los bosque son la ocasi\u00f3n para que los participantes pongan las cartas boca arriba exponiendo sus acercamientos o sus alejamientos ligados a los diversos usos y propuestas hechas sobre el tipo de formaciones, herramientas a utilizar y los medios necesarios para poner en marcha el asunto.<br \/>\nAl mismo tiempo, la recogida de estos deseos y percepciones de las gentes hacia los bosques y su gesti\u00f3n permite afinar la adaptaci\u00f3n de los indicadores de gesti\u00f3n sostenible de los bosques bajo el punto de vista de un contexto natural, socioecon\u00f3mico y pol\u00edtico regional.<\/p>\n<p>Los encuentros se desarrollaran esencialmente en la p\u00e1gina de estudio de la gesti\u00f3n sostenible de los bosques puesta en marcha por el IEFC y el Observatorio del bosque de Aquitaine. Esta basta zona forestal cubre cerca de 50.000 hect\u00e1reas entre el litoral atl\u00e1ntico y el Valle de la Leyre a la altura de Mimizan.<\/p>\n<p><b>Calendario de conferencias:<br \/>\n<\/b><\/p>\n<ul>\n<li>7 de marzo del 2003: Atelier de Agricultura\/Bosque en Pissos<\/li>\n<li>12 de marzo del 2003: Atelier de la gesti\u00f3n forestal y la diversidad biol\u00f3gica en Saint Paul en Born<\/li>\n<li>6 de abril del 2003: Atelier Marcha pedestre en el bosque en Commensacq<\/li>\n<li>25 de abril del 2003: Atelier Colectividades y planificaci\u00f3n forestal sostenible en Mimizan<\/li>\n<li>27 de abril del 2003: Atelier Cicloturismo en el bosque en Gujan-Mestras<\/li>\n<li>11 de Junio del 2003: Atelier Descubrir el medio forestal landais en un centro a\u00e9reo landais<\/li>\n<li>18 de Junio del 2003: Atelier Descubrir los protagonistas de la gesti\u00f3n sostenible del bosque landais en un centro a\u00e9reo landais<\/li>\n<\/ul>\n<p><b>\u00a0<\/b><\/p>\n<p class=\"T2\">Atelier escolar<\/p>\n<p><b><a class=\"icone_lien\" href=\"https:\/\/www.plantedforests.org\/?page=activites\/GERENS\/scolaires.fr.html\" target=\"_top\" hreflang=\"\" rel=\"noopener\"> Los colegiales y la gesti\u00f3n sostenible<\/a><br \/>\n<\/b><\/p>\n<p class=\"T2\">Atelier de las colectividades<\/p>\n<p><b><a class=\"icone_lien\" href=\"https:\/\/www.plantedforests.org\/?page=activites\/GERENS\/synthese_atelier_elus.p\" target=\"_top\" hreflang=\"\" rel=\"noopener\"> S\u00edntesis<\/a><br \/>\n<\/b><\/p>\n<p class=\"T2\">Atelier de la Biodiversidad<\/p>\n<p><b><a class=\"icone_lien\" href=\"https:\/\/www.plantedforests.org\/?page=activites\/GERENS\/atelier_biodiversite.pdf\" target=\"_top\" hreflang=\"\" rel=\"noopener\"> S\u00edntesis<\/a><br \/>\n<\/b><\/p>\n<p class=\"T2\">Agricultura y Bosque<\/p>\n<p><b><a class=\"icone_lien\" href=\"https:\/\/www.plantedforests.org\/?page=activites\/GERENS\/atelier_agri_foret.pdf\" target=\"_top\" hreflang=\"\" rel=\"noopener\"> S\u00edntesis<\/a><br \/>\n<\/b><\/p>\n<p class=\"T2\">Atelier de los excursionistas<\/p>\n<p><b>En primer lugar, hemos constatado que el an\u00fancio de un tema sobre los bosques ha sido acogido apriori favorablemente, y la movilizaci\u00f3n es importante. A lo largo de cada excusi\u00f3n, hab\u00eda paradas para hablar de temas que suscitaban un vivo inter\u00e9s en gran parte de los participantes. Sin embargo, esta claro que el conocimiento del medio forestal era muy desigual entre ellos, algunos, ignoraban incluso, que la mayor parte de los bosques pertenece a particulares. A parte del reencuentro con algunos propietarios forestales, las personas m\u00e1s interesadas eran los \u00abnaturalistas de la hierba\u00bb que tienen un conocimiento muy superficial del medio natural pero que aportan un real inter\u00e9s\/ Para muchos, el label Natura 2000 es considerado un t\u00edtulo m\u00e1s como los monumentos clasificados o las zonas protegidas como garant\u00eda de protecci\u00f3n del medio natural. Cabe tambi\u00e9n resaltar que las personas no reaccionan frente a las grandes talas rasas, mientras que las cifra de la limpieza de \u00e1boles para el uso agricola suscitaban inquietudes. En resumen, la totalidad de usos del pino (como madera o no) son conocidos. A t\u00edtulo individual, el excursionista guarda una posici\u00f3n, m\u00e1s bien, como espectador que como actor del medio forestal. El concepto de la gesti\u00f3n sostenible, su dimensi\u00f3n socio-medioambiental y la certificaci\u00f3n forestal les son casi desconocidos. Se conforma con la definici\u00f3n tradicional forestal: cortamos y plantamos de nuevo. A t\u00edtulo colectivo, sin embargo, la Federaci\u00f3n de excursionistas buscan a diversificar sus socios para que se impliquen en las propuestas de ordenaci\u00f3n y participen a todos los trabajos que coniernen a su actividad.<br \/>\n<br clear=\"all\" \/><\/b><\/p>\n<div align=\"right\">\n<table id=\"Fondation de France\" class=\"piedpage\" border=\"0\" summary=\"\">\n<tbody>\n<tr class=\"piedpage\">\n<td class=\"piedpage\" colspan=\"9\" align=\"center\"><span style=\"font-size: xx-small;\">Projet Subventionn\u00e9 par la Fondation de France<\/span><\/td>\n<\/tr>\n<tr>\n<td class=\"piedpage\"><img decoding=\"async\" src=\"https:\/\/www.plantedforests.org\/old_resources\/images\/logo_FDF.gif\" alt=\"\" height=\"80\" border=\"0\" \/><\/td>\n<\/tr>\n<\/tbody>\n<\/table>\n<\/div>\n<p>&nbsp;<\/p>\n","protected":false},"excerpt":{"rendered":"<p>Resultados del proyecto Gesti\u00f3n sostenible de los bosques: Un concepto, puntos de vista\u0085 Gesti\u00f3n sostenible de los bosques y participaci\u00f3n Art\u00edculo Mediaforest Percepci\u00f3n del bosque Resultado de las encuestas hechas [&hellip;]<\/p>\n","protected":false},"author":3,"featured_media":0,"parent":0,"menu_order":0,"comment_status":"closed","ping_status":"closed","template":"","meta":{"_acf_changed":false,"_eb_attr":"","_EventAllDay":false,"_EventTimezone":"","_EventStartDate":"","_EventEndDate":"","_EventStartDateUTC":"","_EventEndDateUTC":"","_EventShowMap":false,"_EventShowMapLink":false,"_EventURL":"","_EventCost":"","_EventCostDescription":"","_EventCurrencySymbol":"","_EventCurrencyCode":"","_EventCurrencyPosition":"","_EventDateTimeSeparator":"","_EventTimeRangeSeparator":"","_EventOrganizerID":[],"_EventVenueID":[],"_OrganizerEmail":"","_OrganizerPhone":"","_OrganizerWebsite":"","_VenueAddress":"","_VenueCity":"","_VenueCountry":"","_VenueProvince":"","_VenueState":"","_VenueZip":"","_VenuePhone":"","_VenueURL":"","_VenueStateProvince":"","_VenueLat":"","_VenueLng":"","_VenueShowMap":false,"_VenueShowMapLink":false,"activitypub_content_warning":"","activitypub_content_visibility":"","activitypub_max_image_attachments":4,"activitypub_interaction_policy_quote":"anyone","activitypub_status":"","footnotes":""},"class_list":["post-3050","page","type-page","status-publish","hentry"],"translation":{"provider":"WPGlobus","version":"3.0.2","language":"es","enabled_languages":["gb","fr","es","pt"],"languages":{"gb":{"title":true,"content":true,"excerpt":false},"fr":{"title":true,"content":true,"excerpt":false},"es":{"title":true,"content":true,"excerpt":false},"pt":{"title":true,"content":true,"excerpt":false}}},"acf":[],"yoast_head":"<!-- This site is optimized with the Yoast SEO plugin v27.4 - https:\/\/yoast.com\/product\/yoast-seo-wordpress\/ -->\n<title>Administremos juntos el terrritorio - Instituto Europeo Del Bosque Cultivado - IEFC<\/title>\n<meta name=\"robots\" content=\"index, follow, max-snippet:-1, max-image-preview:large, max-video-preview:-1\" \/>\n<link rel=\"canonical\" href=\"https:\/\/www.plantedforests.org\/gerer-ensemble-le-territoire\/\" \/>\n<meta property=\"og:locale\" content=\"es_ES\" \/>\n<meta property=\"og:type\" content=\"article\" \/>\n<meta property=\"og:title\" content=\"Administremos juntos el terrritorio - Instituto Europeo Del Bosque Cultivado - IEFC\" \/>\n<meta property=\"og:url\" content=\"https:\/\/www.plantedforests.org\/gerer-ensemble-le-territoire\/\" \/>\n<meta property=\"og:site_name\" content=\"Instituto Europeo Del Bosque Cultivado - IEFC\" \/>\n<meta property=\"article:modified_time\" content=\"2024-05-06T08:18:38+00:00\" \/>\n<meta property=\"og:image\" content=\"https:\/\/www.plantedforests.org\/old_resources\/images\/logo_FDF.gif\" \/>\n<meta name=\"twitter:card\" content=\"summary_large_image\" \/>\n<meta name=\"twitter:site\" content=\"@IEFCPlantForest\" \/>\n<meta name=\"twitter:label1\" content=\"Tiempo de lectura\" \/>\n\t<meta name=\"twitter:data1\" content=\"16 minutos\" \/>\n<script type=\"application\/ld+json\" class=\"yoast-schema-graph\">{\"@context\":\"https:\\\/\\\/schema.org\",\"@graph\":[{\"@type\":\"WebPage\",\"@id\":\"https:\\\/\\\/www.plantedforests.org\\\/gerer-ensemble-le-territoire\\\/\",\"url\":\"https:\\\/\\\/www.plantedforests.org\\\/gerer-ensemble-le-territoire\\\/\",\"name\":\"Administremos juntos el terrritorio - Instituto Europeo Del Bosque Cultivado - IEFC\",\"isPartOf\":{\"@id\":\"https:\\\/\\\/www.plantedforests.org\\\/fr\\\/#website\"},\"primaryImageOfPage\":{\"@id\":\"https:\\\/\\\/www.plantedforests.org\\\/gerer-ensemble-le-territoire\\\/#primaryimage\"},\"image\":{\"@id\":\"https:\\\/\\\/www.plantedforests.org\\\/gerer-ensemble-le-territoire\\\/#primaryimage\"},\"thumbnailUrl\":\"https:\\\/\\\/www.plantedforests.org\\\/old_resources\\\/images\\\/logo_FDF.gif\",\"datePublished\":\"2002-06-05T21:39:56+00:00\",\"dateModified\":\"2024-05-06T08:18:38+00:00\",\"breadcrumb\":{\"@id\":\"https:\\\/\\\/www.plantedforests.org\\\/gerer-ensemble-le-territoire\\\/#breadcrumb\"},\"inLanguage\":\"es\",\"potentialAction\":[{\"@type\":\"ReadAction\",\"target\":[\"https:\\\/\\\/www.plantedforests.org\\\/gerer-ensemble-le-territoire\\\/\"]}]},{\"@type\":\"ImageObject\",\"inLanguage\":\"es\",\"@id\":\"https:\\\/\\\/www.plantedforests.org\\\/gerer-ensemble-le-territoire\\\/#primaryimage\",\"url\":\"https:\\\/\\\/www.plantedforests.org\\\/old_resources\\\/images\\\/logo_FDF.gif\",\"contentUrl\":\"https:\\\/\\\/www.plantedforests.org\\\/old_resources\\\/images\\\/logo_FDF.gif\"},{\"@type\":\"BreadcrumbList\",\"@id\":\"https:\\\/\\\/www.plantedforests.org\\\/gerer-ensemble-le-territoire\\\/#breadcrumb\",\"itemListElement\":[{\"@type\":\"ListItem\",\"position\":1,\"name\":\"Accueil\",\"item\":\"https:\\\/\\\/www.plantedforests.org\\\/\"},{\"@type\":\"ListItem\",\"position\":2,\"name\":\"Managing the territory together\"}]},{\"@type\":\"WebSite\",\"@id\":\"https:\\\/\\\/www.plantedforests.org\\\/fr\\\/#website\",\"url\":\"https:\\\/\\\/www.plantedforests.org\\\/fr\\\/\",\"name\":\"Instituto Europeo Del Bosque Cultivado - IEFC\",\"description\":\"La red para la gesti\u00f3n sostenible y la resiliencia de los bosques cultivados \",\"publisher\":{\"@id\":\"https:\\\/\\\/www.plantedforests.org\\\/fr\\\/#organization\"},\"potentialAction\":[{\"@type\":\"SearchAction\",\"target\":{\"@type\":\"EntryPoint\",\"urlTemplate\":\"https:\\\/\\\/www.plantedforests.org\\\/fr\\\/?s={search_term_string}\"},\"query-input\":{\"@type\":\"PropertyValueSpecification\",\"valueRequired\":true,\"valueName\":\"search_term_string\"}}],\"inLanguage\":\"es\"},{\"@type\":\"Organization\",\"@id\":\"https:\\\/\\\/www.plantedforests.org\\\/fr\\\/#organization\",\"name\":\"Institut Europ\u00e9en de la For\u00eat Cultiv\u00e9e - Plantedforests.org\",\"url\":\"https:\\\/\\\/www.plantedforests.org\\\/fr\\\/\",\"logo\":{\"@type\":\"ImageObject\",\"inLanguage\":\"es\",\"@id\":\"https:\\\/\\\/www.plantedforests.org\\\/fr\\\/#\\\/schema\\\/logo\\\/image\\\/\",\"url\":\"https:\\\/\\\/www.plantedforests.org\\\/wp-content\\\/uploads\\\/2022\\\/07\\\/Logo_iefc__FR.png\",\"contentUrl\":\"https:\\\/\\\/www.plantedforests.org\\\/wp-content\\\/uploads\\\/2022\\\/07\\\/Logo_iefc__FR.png\",\"width\":2031,\"height\":1001,\"caption\":\"Institut Europ\u00e9en de la For\u00eat Cultiv\u00e9e - Plantedforests.org\"},\"image\":{\"@id\":\"https:\\\/\\\/www.plantedforests.org\\\/fr\\\/#\\\/schema\\\/logo\\\/image\\\/\"},\"sameAs\":[\"https:\\\/\\\/x.com\\\/IEFCPlantForest\",\"https:\\\/\\\/www.linkedin.com\\\/company\\\/71728047\\\/\"]}]}<\/script>\n<!-- \/ Yoast SEO plugin. -->","yoast_head_json":{"title":"Administremos juntos el terrritorio - Instituto Europeo Del Bosque Cultivado - IEFC","robots":{"index":"index","follow":"follow","max-snippet":"max-snippet:-1","max-image-preview":"max-image-preview:large","max-video-preview":"max-video-preview:-1"},"canonical":"https:\/\/www.plantedforests.org\/gerer-ensemble-le-territoire\/","og_locale":"es_ES","og_type":"article","og_title":"Administremos juntos el terrritorio - Instituto Europeo Del Bosque Cultivado - IEFC","og_url":"https:\/\/www.plantedforests.org\/gerer-ensemble-le-territoire\/","og_site_name":"Instituto Europeo Del Bosque Cultivado - IEFC","article_modified_time":"2024-05-06T08:18:38+00:00","og_image":[{"url":"https:\/\/www.plantedforests.org\/old_resources\/images\/logo_FDF.gif","type":"","width":"","height":""}],"twitter_card":"summary_large_image","twitter_site":"@IEFCPlantForest","twitter_misc":{"Tiempo de lectura":"16 minutos"},"schema":{"@context":"https:\/\/schema.org","@graph":[{"@type":"WebPage","@id":"https:\/\/www.plantedforests.org\/gerer-ensemble-le-territoire\/","url":"https:\/\/www.plantedforests.org\/gerer-ensemble-le-territoire\/","name":"Administremos juntos el terrritorio - Instituto Europeo Del Bosque Cultivado - IEFC","isPartOf":{"@id":"https:\/\/www.plantedforests.org\/fr\/#website"},"primaryImageOfPage":{"@id":"https:\/\/www.plantedforests.org\/gerer-ensemble-le-territoire\/#primaryimage"},"image":{"@id":"https:\/\/www.plantedforests.org\/gerer-ensemble-le-territoire\/#primaryimage"},"thumbnailUrl":"https:\/\/www.plantedforests.org\/old_resources\/images\/logo_FDF.gif","datePublished":"2002-06-05T21:39:56+00:00","dateModified":"2024-05-06T08:18:38+00:00","breadcrumb":{"@id":"https:\/\/www.plantedforests.org\/gerer-ensemble-le-territoire\/#breadcrumb"},"inLanguage":"es","potentialAction":[{"@type":"ReadAction","target":["https:\/\/www.plantedforests.org\/gerer-ensemble-le-territoire\/"]}]},{"@type":"ImageObject","inLanguage":"es","@id":"https:\/\/www.plantedforests.org\/gerer-ensemble-le-territoire\/#primaryimage","url":"https:\/\/www.plantedforests.org\/old_resources\/images\/logo_FDF.gif","contentUrl":"https:\/\/www.plantedforests.org\/old_resources\/images\/logo_FDF.gif"},{"@type":"BreadcrumbList","@id":"https:\/\/www.plantedforests.org\/gerer-ensemble-le-territoire\/#breadcrumb","itemListElement":[{"@type":"ListItem","position":1,"name":"Accueil","item":"https:\/\/www.plantedforests.org\/"},{"@type":"ListItem","position":2,"name":"Managing the territory together"}]},{"@type":"WebSite","@id":"https:\/\/www.plantedforests.org\/fr\/#website","url":"https:\/\/www.plantedforests.org\/fr\/","name":"Instituto Europeo Del Bosque Cultivado - IEFC","description":"La red para la gesti\u00f3n sostenible y la resiliencia de los bosques cultivados ","publisher":{"@id":"https:\/\/www.plantedforests.org\/fr\/#organization"},"potentialAction":[{"@type":"SearchAction","target":{"@type":"EntryPoint","urlTemplate":"https:\/\/www.plantedforests.org\/fr\/?s={search_term_string}"},"query-input":{"@type":"PropertyValueSpecification","valueRequired":true,"valueName":"search_term_string"}}],"inLanguage":"es"},{"@type":"Organization","@id":"https:\/\/www.plantedforests.org\/fr\/#organization","name":"Institut Europ\u00e9en de la For\u00eat Cultiv\u00e9e - Plantedforests.org","url":"https:\/\/www.plantedforests.org\/fr\/","logo":{"@type":"ImageObject","inLanguage":"es","@id":"https:\/\/www.plantedforests.org\/fr\/#\/schema\/logo\/image\/","url":"https:\/\/www.plantedforests.org\/wp-content\/uploads\/2022\/07\/Logo_iefc__FR.png","contentUrl":"https:\/\/www.plantedforests.org\/wp-content\/uploads\/2022\/07\/Logo_iefc__FR.png","width":2031,"height":1001,"caption":"Institut Europ\u00e9en de la For\u00eat Cultiv\u00e9e - Plantedforests.org"},"image":{"@id":"https:\/\/www.plantedforests.org\/fr\/#\/schema\/logo\/image\/"},"sameAs":["https:\/\/x.com\/IEFCPlantForest","https:\/\/www.linkedin.com\/company\/71728047\/"]}]}},"_links":{"self":[{"href":"https:\/\/www.plantedforests.org\/es\/wp-json\/wp\/v2\/pages\/3050","targetHints":{"allow":["GET"]}}],"collection":[{"href":"https:\/\/www.plantedforests.org\/es\/wp-json\/wp\/v2\/pages"}],"about":[{"href":"https:\/\/www.plantedforests.org\/es\/wp-json\/wp\/v2\/types\/page"}],"author":[{"embeddable":true,"href":"https:\/\/www.plantedforests.org\/es\/wp-json\/wp\/v2\/users\/3"}],"replies":[{"embeddable":true,"href":"https:\/\/www.plantedforests.org\/es\/wp-json\/wp\/v2\/comments?post=3050"}],"version-history":[{"count":4,"href":"https:\/\/www.plantedforests.org\/es\/wp-json\/wp\/v2\/pages\/3050\/revisions"}],"predecessor-version":[{"id":22843,"href":"https:\/\/www.plantedforests.org\/es\/wp-json\/wp\/v2\/pages\/3050\/revisions\/22843"}],"wp:attachment":[{"href":"https:\/\/www.plantedforests.org\/es\/wp-json\/wp\/v2\/media?parent=3050"}],"curies":[{"name":"wp","href":"https:\/\/api.w.org\/{rel}","templated":true}]}}