
{"id":3044,"date":"2018-06-05T23:31:11","date_gmt":"2018-06-05T21:31:11","guid":{"rendered":"https:\/\/www.iefc.net\/?page_id=3044"},"modified":"2018-06-05T23:31:11","modified_gmt":"2018-06-05T21:31:11","slug":"projet-indisfae","status":"publish","type":"page","link":"https:\/\/www.plantedforests.org\/es\/projet-indisfae\/","title":{"rendered":"Projet INDISFAE"},"content":{"rendered":"<p class=\"titre\">\n<p class=\"centre\">INDIcateurs de Sociologie Foresti\u00e8re en Aquitaine et Euskadi<\/p>\n<hr \/>\n<p class=\"vert\">Compte rendu des travaux men\u00e9s dans le cadre du projet INDISFAE<\/p>\n<p class=\"T2\"><a class=\"icone_lien\" href=\"https:\/\/www.plantedforests.org\/?page=activites\/socioeco\/INDISFAE_presentation.fr.htm\" target=\"_top\" hreflang=\"fr\"> Synth\u00e8se de l&#8217;\u00e9tude men\u00e9e en France<\/a><\/p>\n<p><i>L\u0092am\u00e9nagement forestier : indicateur des changements de pratique de gestion<\/i><br \/>\nL\u0092am\u00e9nagement forestier est un dispositif clef dans la mise en \u009cuvre de la gestion durable en ce sens qu\u0092il est un des indicateurs du crit\u00e8re 6 du P.E.F.C. L\u0092objectif de l\u0092\u00e9tude est de comprendre les moyens par lesquels il est possible de faire \u00e9voluer les pratiques de la r\u00e9alisation et de la mise en \u009cuvre d\u0092un Plan d\u0092am\u00e9nagement ou d\u0092un Plan Simple de gestion vers une gestion davantage participative. Nous avons \u00e9tudi\u00e9 pour cela un \u00e9chantillon de 40 responsables (politiques, professionnels, am\u00e9nagistes, propri\u00e9taires, utilisateurs) ayant un lien avec la r\u00e9alisation de l\u0092am\u00e9nagement forestier sur l\u0092ensemble des for\u00eats d\u0092Aquitaine, afin de dresser un tableau de bord des diff\u00e9rentes repr\u00e9sentations et attentes en mati\u00e8re de gestion foresti\u00e8re.<br \/>\nLes questions se divisent en quatre grands th\u00e8mes correspondants \u00e0 l\u0092\u00e9laboration d\u0092un am\u00e9nagement forestier : perception de la for\u00eat et de l\u0092am\u00e9nagement, \u00e9laboration, transmission et contr\u00f4le, application. Les r\u00e9sultats des entretiens ont \u00e9t\u00e9 trait\u00e9s \u00e0 l\u0092aide d\u0092un logiciel d\u0092analyse des donn\u00e9es textuelles. Il ressort de notre \u00e9tude que l\u0092am\u00e9nagement forestier s\u0092articule entre volont\u00e9 de savoir et volont\u00e9 d\u0092agir. Ces deux volont\u00e9s sont uniquement li\u00e9es dans le cadre de la prise en compte d\u0092int\u00e9r\u00eat commun tel celui de la protection de la ressource. Ce n\u0092est pas le cas lorsque l\u0092int\u00e9r\u00eat individuel prime, d\u0092autant plus que les demandes des utilisateurs de l\u0092espace forestier sont peu ou mal formul\u00e9es.<\/p>\n<p class=\"T2\"><a class=\"icone_lien\" href=\"https:\/\/www.plantedforests.org\/?page=activites\/socioeco\/INDISFAE_rapport_AD.es.pdf\" target=\"_top\" hreflang=\"es\"> Synth\u00e8se de l&#8217;\u00e9tude effectu\u00e9e en Pays Basque<\/a><\/p>\n<p class=\"vert\">Synth\u00e8se sur la perception r\u00e9gionale de la fili\u00e8re foresti\u00e8re en Aquitaine et Euskadi<\/p>\n<p><img decoding=\"async\" src=\"https:\/\/www.plantedforests.org\/old_resources\/images\/lien_inactif.gif\" align=\"absbottom\" border=\"0\" \/> Communication de Jean-Paul Guyon<br \/>\n<br clear=\"all\" \/><\/p>\n<div align=\"right\">\n<table id=\"Fond Commun AE\" class=\"piedpage\" border=\"0\" summary=\"\">\n<tbody>\n<tr>\n<td colspan=\"9\" align=\"center\"><span style=\"font-size: xx-small;\">Fond Commun Aquitaine Euskadi<\/span><\/td>\n<\/tr>\n<tr>\n<td class=\"piedpage\"><img decoding=\"async\" src=\"https:\/\/www.plantedforests.org\/old_resources\/images\/CRaquitaine.jpg\" alt=\"\" height=\"40\" border=\"0\" \/><\/td>\n<td class=\"piedpage\"><img decoding=\"async\" src=\"https:\/\/www.plantedforests.org\/old_resources\/images\/GOBVASC.GIF\" alt=\"\" height=\"40\" border=\"0\" \/><\/td>\n<\/tr>\n<\/tbody>\n<\/table>\n<\/div>\n","protected":false},"excerpt":{"rendered":"<p>INDIcateurs de Sociologie Foresti\u00e8re en Aquitaine et Euskadi Compte rendu des travaux men\u00e9s dans le cadre du projet INDISFAE Synth\u00e8se de l&#8217;\u00e9tude men\u00e9e en France L\u0092am\u00e9nagement forestier : indicateur des [&hellip;]<\/p>\n","protected":false},"author":3,"featured_media":0,"parent":0,"menu_order":0,"comment_status":"closed","ping_status":"closed","template":"","meta":{"_acf_changed":false,"_eb_attr":"","_EventAllDay":false,"_EventTimezone":"","_EventStartDate":"","_EventEndDate":"","_EventStartDateUTC":"","_EventEndDateUTC":"","_EventShowMap":false,"_EventShowMapLink":false,"_EventURL":"","_EventCost":"","_EventCostDescription":"","_EventCurrencySymbol":"","_EventCurrencyCode":"","_EventCurrencyPosition":"","_EventDateTimeSeparator":"","_EventTimeRangeSeparator":"","_EventOrganizerID":[],"_EventVenueID":[],"_OrganizerEmail":"","_OrganizerPhone":"","_OrganizerWebsite":"","_VenueAddress":"","_VenueCity":"","_VenueCountry":"","_VenueProvince":"","_VenueState":"","_VenueZip":"","_VenuePhone":"","_VenueURL":"","_VenueStateProvince":"","_VenueLat":"","_VenueLng":"","_VenueShowMap":false,"_VenueShowMapLink":false,"activitypub_content_warning":"","activitypub_content_visibility":"","activitypub_max_image_attachments":4,"activitypub_interaction_policy_quote":"anyone","activitypub_status":"","footnotes":""},"class_list":["post-3044","page","type-page","status-publish","hentry"],"translation":{"provider":"WPGlobus","version":"3.0.2","language":"es","enabled_languages":["gb","fr","es","pt"],"languages":{"gb":{"title":true,"content":true,"excerpt":false},"fr":{"title":false,"content":false,"excerpt":false},"es":{"title":false,"content":false,"excerpt":false},"pt":{"title":false,"content":false,"excerpt":false}}},"acf":[],"yoast_head":"<!-- This site is optimized with the Yoast SEO plugin v27.3 - https:\/\/yoast.com\/product\/yoast-seo-wordpress\/ -->\n<title>Projet INDISFAE - Instituto Europeo Del Bosque Cultivado - IEFC<\/title>\n<meta name=\"robots\" content=\"index, follow, max-snippet:-1, max-image-preview:large, max-video-preview:-1\" \/>\n<link rel=\"canonical\" href=\"https:\/\/www.plantedforests.org\/projet-indisfae\/\" \/>\n<meta property=\"og:locale\" content=\"es_ES\" \/>\n<meta property=\"og:type\" content=\"article\" \/>\n<meta property=\"og:title\" content=\"Projet INDISFAE - Instituto Europeo Del Bosque Cultivado - IEFC\" \/>\n<meta property=\"og:url\" content=\"https:\/\/www.plantedforests.org\/projet-indisfae\/\" \/>\n<meta property=\"og:site_name\" content=\"Instituto Europeo Del Bosque Cultivado - IEFC\" \/>\n<meta property=\"og:image\" content=\"https:\/\/www.plantedforests.org\/old_resources\/images\/lien_inactif.gif\" \/>\n<meta name=\"twitter:card\" content=\"summary_large_image\" \/>\n<meta name=\"twitter:site\" content=\"@IEFCPlantForest\" \/>\n<meta name=\"twitter:label1\" content=\"Tiempo de lectura\" \/>\n\t<meta name=\"twitter:data1\" content=\"2 minutos\" \/>\n<script type=\"application\/ld+json\" class=\"yoast-schema-graph\">{\"@context\":\"https:\\\/\\\/schema.org\",\"@graph\":[{\"@type\":\"WebPage\",\"@id\":\"https:\\\/\\\/www.plantedforests.org\\\/projet-indisfae\\\/\",\"url\":\"https:\\\/\\\/www.plantedforests.org\\\/projet-indisfae\\\/\",\"name\":\"Projet INDISFAE - Instituto Europeo Del Bosque Cultivado - IEFC\",\"isPartOf\":{\"@id\":\"https:\\\/\\\/www.plantedforests.org\\\/fr\\\/#website\"},\"primaryImageOfPage\":{\"@id\":\"https:\\\/\\\/www.plantedforests.org\\\/projet-indisfae\\\/#primaryimage\"},\"image\":{\"@id\":\"https:\\\/\\\/www.plantedforests.org\\\/projet-indisfae\\\/#primaryimage\"},\"thumbnailUrl\":\"https:\\\/\\\/www.plantedforests.org\\\/old_resources\\\/images\\\/lien_inactif.gif\",\"datePublished\":\"2018-06-05T21:31:11+00:00\",\"breadcrumb\":{\"@id\":\"https:\\\/\\\/www.plantedforests.org\\\/projet-indisfae\\\/#breadcrumb\"},\"inLanguage\":\"es\",\"potentialAction\":[{\"@type\":\"ReadAction\",\"target\":[\"https:\\\/\\\/www.plantedforests.org\\\/projet-indisfae\\\/\"]}]},{\"@type\":\"ImageObject\",\"inLanguage\":\"es\",\"@id\":\"https:\\\/\\\/www.plantedforests.org\\\/projet-indisfae\\\/#primaryimage\",\"url\":\"https:\\\/\\\/www.plantedforests.org\\\/old_resources\\\/images\\\/lien_inactif.gif\",\"contentUrl\":\"https:\\\/\\\/www.plantedforests.org\\\/old_resources\\\/images\\\/lien_inactif.gif\"},{\"@type\":\"BreadcrumbList\",\"@id\":\"https:\\\/\\\/www.plantedforests.org\\\/projet-indisfae\\\/#breadcrumb\",\"itemListElement\":[{\"@type\":\"ListItem\",\"position\":1,\"name\":\"Accueil\",\"item\":\"https:\\\/\\\/www.plantedforests.org\\\/\"},{\"@type\":\"ListItem\",\"position\":2,\"name\":\"Projet INDISFAE\"}]},{\"@type\":\"WebSite\",\"@id\":\"https:\\\/\\\/www.plantedforests.org\\\/fr\\\/#website\",\"url\":\"https:\\\/\\\/www.plantedforests.org\\\/fr\\\/\",\"name\":\"Instituto Europeo Del Bosque Cultivado - IEFC\",\"description\":\"La red para la gesti\u00f3n sostenible y la resiliencia de los bosques cultivados \",\"publisher\":{\"@id\":\"https:\\\/\\\/www.plantedforests.org\\\/fr\\\/#organization\"},\"potentialAction\":[{\"@type\":\"SearchAction\",\"target\":{\"@type\":\"EntryPoint\",\"urlTemplate\":\"https:\\\/\\\/www.plantedforests.org\\\/fr\\\/?s={search_term_string}\"},\"query-input\":{\"@type\":\"PropertyValueSpecification\",\"valueRequired\":true,\"valueName\":\"search_term_string\"}}],\"inLanguage\":\"es\"},{\"@type\":\"Organization\",\"@id\":\"https:\\\/\\\/www.plantedforests.org\\\/fr\\\/#organization\",\"name\":\"Institut Europ\u00e9en de la For\u00eat Cultiv\u00e9e - Plantedforests.org\",\"url\":\"https:\\\/\\\/www.plantedforests.org\\\/fr\\\/\",\"logo\":{\"@type\":\"ImageObject\",\"inLanguage\":\"es\",\"@id\":\"https:\\\/\\\/www.plantedforests.org\\\/fr\\\/#\\\/schema\\\/logo\\\/image\\\/\",\"url\":\"https:\\\/\\\/www.plantedforests.org\\\/wp-content\\\/uploads\\\/2022\\\/07\\\/Logo_iefc__FR.png\",\"contentUrl\":\"https:\\\/\\\/www.plantedforests.org\\\/wp-content\\\/uploads\\\/2022\\\/07\\\/Logo_iefc__FR.png\",\"width\":2031,\"height\":1001,\"caption\":\"Institut Europ\u00e9en de la For\u00eat Cultiv\u00e9e - Plantedforests.org\"},\"image\":{\"@id\":\"https:\\\/\\\/www.plantedforests.org\\\/fr\\\/#\\\/schema\\\/logo\\\/image\\\/\"},\"sameAs\":[\"https:\\\/\\\/x.com\\\/IEFCPlantForest\",\"https:\\\/\\\/www.linkedin.com\\\/company\\\/71728047\\\/\"]}]}<\/script>\n<!-- \/ Yoast SEO plugin. -->","yoast_head_json":{"title":"Projet INDISFAE - Instituto Europeo Del Bosque Cultivado - IEFC","robots":{"index":"index","follow":"follow","max-snippet":"max-snippet:-1","max-image-preview":"max-image-preview:large","max-video-preview":"max-video-preview:-1"},"canonical":"https:\/\/www.plantedforests.org\/projet-indisfae\/","og_locale":"es_ES","og_type":"article","og_title":"Projet INDISFAE - Instituto Europeo Del Bosque Cultivado - IEFC","og_url":"https:\/\/www.plantedforests.org\/projet-indisfae\/","og_site_name":"Instituto Europeo Del Bosque Cultivado - IEFC","og_image":[{"url":"https:\/\/www.plantedforests.org\/old_resources\/images\/lien_inactif.gif","type":"","width":"","height":""}],"twitter_card":"summary_large_image","twitter_site":"@IEFCPlantForest","twitter_misc":{"Tiempo de lectura":"2 minutos"},"schema":{"@context":"https:\/\/schema.org","@graph":[{"@type":"WebPage","@id":"https:\/\/www.plantedforests.org\/projet-indisfae\/","url":"https:\/\/www.plantedforests.org\/projet-indisfae\/","name":"Projet INDISFAE - Instituto Europeo Del Bosque Cultivado - IEFC","isPartOf":{"@id":"https:\/\/www.plantedforests.org\/fr\/#website"},"primaryImageOfPage":{"@id":"https:\/\/www.plantedforests.org\/projet-indisfae\/#primaryimage"},"image":{"@id":"https:\/\/www.plantedforests.org\/projet-indisfae\/#primaryimage"},"thumbnailUrl":"https:\/\/www.plantedforests.org\/old_resources\/images\/lien_inactif.gif","datePublished":"2018-06-05T21:31:11+00:00","breadcrumb":{"@id":"https:\/\/www.plantedforests.org\/projet-indisfae\/#breadcrumb"},"inLanguage":"es","potentialAction":[{"@type":"ReadAction","target":["https:\/\/www.plantedforests.org\/projet-indisfae\/"]}]},{"@type":"ImageObject","inLanguage":"es","@id":"https:\/\/www.plantedforests.org\/projet-indisfae\/#primaryimage","url":"https:\/\/www.plantedforests.org\/old_resources\/images\/lien_inactif.gif","contentUrl":"https:\/\/www.plantedforests.org\/old_resources\/images\/lien_inactif.gif"},{"@type":"BreadcrumbList","@id":"https:\/\/www.plantedforests.org\/projet-indisfae\/#breadcrumb","itemListElement":[{"@type":"ListItem","position":1,"name":"Accueil","item":"https:\/\/www.plantedforests.org\/"},{"@type":"ListItem","position":2,"name":"Projet INDISFAE"}]},{"@type":"WebSite","@id":"https:\/\/www.plantedforests.org\/fr\/#website","url":"https:\/\/www.plantedforests.org\/fr\/","name":"Instituto Europeo Del Bosque Cultivado - IEFC","description":"La red para la gesti\u00f3n sostenible y la resiliencia de los bosques cultivados ","publisher":{"@id":"https:\/\/www.plantedforests.org\/fr\/#organization"},"potentialAction":[{"@type":"SearchAction","target":{"@type":"EntryPoint","urlTemplate":"https:\/\/www.plantedforests.org\/fr\/?s={search_term_string}"},"query-input":{"@type":"PropertyValueSpecification","valueRequired":true,"valueName":"search_term_string"}}],"inLanguage":"es"},{"@type":"Organization","@id":"https:\/\/www.plantedforests.org\/fr\/#organization","name":"Institut Europ\u00e9en de la For\u00eat Cultiv\u00e9e - Plantedforests.org","url":"https:\/\/www.plantedforests.org\/fr\/","logo":{"@type":"ImageObject","inLanguage":"es","@id":"https:\/\/www.plantedforests.org\/fr\/#\/schema\/logo\/image\/","url":"https:\/\/www.plantedforests.org\/wp-content\/uploads\/2022\/07\/Logo_iefc__FR.png","contentUrl":"https:\/\/www.plantedforests.org\/wp-content\/uploads\/2022\/07\/Logo_iefc__FR.png","width":2031,"height":1001,"caption":"Institut Europ\u00e9en de la For\u00eat Cultiv\u00e9e - Plantedforests.org"},"image":{"@id":"https:\/\/www.plantedforests.org\/fr\/#\/schema\/logo\/image\/"},"sameAs":["https:\/\/x.com\/IEFCPlantForest","https:\/\/www.linkedin.com\/company\/71728047\/"]}]}},"_links":{"self":[{"href":"https:\/\/www.plantedforests.org\/es\/wp-json\/wp\/v2\/pages\/3044","targetHints":{"allow":["GET"]}}],"collection":[{"href":"https:\/\/www.plantedforests.org\/es\/wp-json\/wp\/v2\/pages"}],"about":[{"href":"https:\/\/www.plantedforests.org\/es\/wp-json\/wp\/v2\/types\/page"}],"author":[{"embeddable":true,"href":"https:\/\/www.plantedforests.org\/es\/wp-json\/wp\/v2\/users\/3"}],"replies":[{"embeddable":true,"href":"https:\/\/www.plantedforests.org\/es\/wp-json\/wp\/v2\/comments?post=3044"}],"version-history":[{"count":2,"href":"https:\/\/www.plantedforests.org\/es\/wp-json\/wp\/v2\/pages\/3044\/revisions"}],"predecessor-version":[{"id":3046,"href":"https:\/\/www.plantedforests.org\/es\/wp-json\/wp\/v2\/pages\/3044\/revisions\/3046"}],"wp:attachment":[{"href":"https:\/\/www.plantedforests.org\/es\/wp-json\/wp\/v2\/media?parent=3044"}],"curies":[{"name":"wp","href":"https:\/\/api.w.org\/{rel}","templated":true}]}}