
{"id":3035,"date":"2018-06-05T23:21:24","date_gmt":"2018-06-05T21:21:24","guid":{"rendered":"https:\/\/www.iefc.net\/?page_id=3035"},"modified":"2018-06-05T23:21:24","modified_gmt":"2018-06-05T21:21:24","slug":"table-ronde-forexpo-souston-juin-2000","status":"publish","type":"page","link":"https:\/\/www.plantedforests.org\/es\/table-ronde-forexpo-souston-juin-2000\/","title":{"rendered":"TABLE RONDE FOREXPO SOUSTON &#8211; Juin 2000"},"content":{"rendered":"<p class=\"titre\">\n\u00ab\u00a0Gestion durable des for\u00eats et risque climatique \u00bb<\/p>\n<p class=\"vert\"><span style=\"font-family: Comic Sans MS, cursive;\">Conf\u00e9rences<\/span><\/p>\n<p align=\"RIGHT\"><a href=\"https:\/\/www.plantedforests.org\/old_resources\/manifestations\/2000_forexpo_conf\/forexpo2000.pdf\">T\u00e9l\u00e9charger la synth\u00e8se de C. Orazio<\/a><\/p>\n<p><a class=\"icone_lien\" href=\"https:\/\/www.plantedforests.org\/old_resources\/manifestations\/2000_forexpo_conf\/forexpo_conf.fr.html\"> Gestion durable des for\u00eats et risque climatique\u00a0: introduction<\/a><\/p>\n<p>Jean-Michel Carnus &#8211; INRA<\/p>\n<p><a class=\"icone_lien\" href=\"https:\/\/www.plantedforests.org\/old_resources\/manifestations\/2000_forexpo_conf\/forexpo_conf.fr.html#NZ\" name=\"Nouvelle Z\u00e9lande\"> Durabilit\u00e9 et gestion des risques dans les for\u00eats de plantation de Nouvelle-Z\u00e9lande <\/a><\/p>\n<p>Paul Mc Farlane &#8211; FRI<\/p>\n<p><a class=\"icone_lien\" href=\"https:\/\/www.plantedforests.org\/old_resources\/manifestations\/2000_forexpo_conf\/forexpo_conf.fr.html#CLIM\" name=\"Climato\"> Variations naturelles ou anthropiques du climat<\/a><\/p>\n<p><span style=\"font-size: small;\">Herv\u00e9 Le Treut &#8211; CNRS.<\/span><\/p>\n<p><a class=\"icone_lien\" href=\"https:\/\/www.plantedforests.org\/old_resources\/manifestations\/2000_forexpo_conf\/forexpo_conf.fr.html#PATHO\"> Accidents climatiques et risques phytosanitaires<\/a><\/p>\n<p><span style=\"font-size: small;\">Herv\u00e9 Jactel &#8211; INRA<\/span><\/p>\n<p><a class=\"icone_lien\" href=\"https:\/\/www.plantedforests.org\/old_resources\/manifestations\/2000_forexpo_conf\/forexpo_conf.fr.html#PATHO\"> Reconstitution et pr\u00e9vention des risques climatiquesa<\/a><\/p>\n<p><span style=\"font-size: small;\">Lo\u00efc Cr\u00e9mi\u00e8re &#8211; AFOCEL<\/span><\/p>\n<p class=\"vert\">Table ronde<\/p>\n<p><a class=\"icone_lien\" href=\"https:\/\/www.plantedforests.org\/old_resources\/manifestations\/2000_forexpo_conf\/forexpo_tr.fr.html\"> Participants<\/a><br \/>\n<a class=\"icone_lien\" href=\"https:\/\/www.plantedforests.org\/old_resources\/manifestations\/2000_forexpo_conf\/forexpo_tr.fr.html#DEBAT\"> D\u00e9bat<\/a><\/p>\n<p class=\"vert\">Libres propos et forum IEFC<\/p>\n<p><a class=\"icone_lien\" href=\"https:\/\/www.plantedforests.org\/old_resources\/manifestations\/2000_forexpo_conf\/forexpo_tr.fr.html#Q1\"> A-t-on une estimation du risque climatique en for\u00eat?<\/a><br \/>\n<a class=\"icone_lien\" href=\"https:\/\/www.plantedforests.org\/old_resources\/manifestations\/2000_forexpo_conf\/forexpo_tr.fr.html#Q2\"> La for\u00eat\u00a0: un placement \u00e0 haut risque\u00a0?<\/a><br \/>\n<a class=\"icone_lien\" href=\"https:\/\/www.plantedforests.org\/old_resources\/manifestations\/2000_forexpo_conf\/forexpo_tr.fr.html#Q3\"> Pr\u00e9vention des accidents climatiques : pr\u00e9venir les cons\u00e9quences financi\u00e8res.<\/a><br \/>\n<a class=\"icone_lien\" href=\"https:\/\/www.plantedforests.org\/old_resources\/manifestations\/2000_forexpo_conf\/forexpo_tr.fr.html#Q4\"> Pr\u00e9vention des dommages des accidents climatiques :les limites de la technique.<\/a><br \/>\n<a class=\"icone_lien\" href=\"https:\/\/www.plantedforests.org\/util\/forum\/list.php?3\" name=\"Forum\"> Vos r\u00e9actions sur le forum IEFC<\/a> <br clear=\"all\" \/><\/p>\n<div align=\"center\">\n<table id=\"EUROSILVASUR\" class=\"piedpage\" border=\"0\" width=\"598\" cellspacing=\"0\" cellpadding=\"0\">\n<tbody>\n<tr class=\"piedpage\">\n<td class=\"piedpage\" rowspan=\"2\" width=\"34\"><img decoding=\"async\" src=\"https:\/\/www.plantedforests.org\/publications\/atlas\/images\/ring_aquitaine_01.gif\" width=\"34\" height=\"37\" \/><\/td>\n<td class=\"piedpage\" align=\"left\" valign=\"absbottom\" width=\"554\"><span style=\"font-size: small;\">FEDER RECITE II<\/span> <img decoding=\"async\" src=\"https:\/\/www.plantedforests.org\/publications\/atlas\/images\/ring_euro.gif\" width=\"114\" height=\"19\" align=\"right\" \/> <img decoding=\"async\" src=\"https:\/\/www.plantedforests.org\/publications\/atlas\/images\/ring_ligne.gif\" width=\"225\" height=\"19\" align=\"right\" \/><\/td>\n<td class=\"piedpage\" valign=\"bottom\" width=\"10\"><img loading=\"lazy\" decoding=\"async\" src=\"https:\/\/www.plantedforests.org\/publications\/atlas\/images\/ring_coinh.gif\" width=\"10\" height=\"19\" \/><\/td>\n<\/tr>\n<tr class=\"piedpage\">\n<td class=\"piedpage\" width=\"554\"><img loading=\"lazy\" decoding=\"async\" src=\"https:\/\/www.plantedforests.org\/publications\/atlas\/images\/ring_poitou.gif\" width=\"112\" height=\"18\" \/><img loading=\"lazy\" decoding=\"async\" src=\"https:\/\/www.plantedforests.org\/publications\/atlas\/images\/ring_aquitaine.gif\" width=\"66\" height=\"18\" border=\"0\" \/><img loading=\"lazy\" decoding=\"async\" src=\"https:\/\/www.plantedforests.org\/publications\/atlas\/images\/ring_navarra.gif\" width=\"59\" height=\"18\" \/><img loading=\"lazy\" decoding=\"async\" src=\"https:\/\/www.plantedforests.org\/publications\/atlas\/images\/ring_euskadi.gif\" width=\"54\" height=\"18\" \/><img loading=\"lazy\" decoding=\"async\" src=\"https:\/\/www.plantedforests.org\/publications\/atlas\/images\/ring_galicia.gif\" width=\"53\" height=\"18\" \/><img loading=\"lazy\" decoding=\"async\" src=\"https:\/\/www.plantedforests.org\/publications\/atlas\/images\/ring_norte.gif\" width=\"102\" height=\"18\" \/><img loading=\"lazy\" decoding=\"async\" src=\"https:\/\/www.plantedforests.org\/publications\/atlas\/images\/ring_centro.gif\" width=\"108\" height=\"18\" \/><\/td>\n<td class=\"piedpage\" valign=\"top\" width=\"10\"><img loading=\"lazy\" decoding=\"async\" src=\"https:\/\/www.plantedforests.org\/publications\/atlas\/images\/ring_coinb.gif\" width=\"10\" height=\"18\" \/><\/td>\n<\/tr>\n<\/tbody>\n<\/table>\n<\/div>\n","protected":false},"excerpt":{"rendered":"<p>\u00ab\u00a0Gestion durable des for\u00eats et risque climatique \u00bb Conf\u00e9rences T\u00e9l\u00e9charger la synth\u00e8se de C. Orazio Gestion durable des for\u00eats et risque climatique\u00a0: introduction Jean-Michel Carnus &#8211; INRA Durabilit\u00e9 et gestion [&hellip;]<\/p>\n","protected":false},"author":3,"featured_media":0,"parent":0,"menu_order":0,"comment_status":"closed","ping_status":"closed","template":"","meta":{"_acf_changed":false,"_eb_attr":"","_EventAllDay":false,"_EventTimezone":"","_EventStartDate":"","_EventEndDate":"","_EventStartDateUTC":"","_EventEndDateUTC":"","_EventShowMap":false,"_EventShowMapLink":false,"_EventURL":"","_EventCost":"","_EventCostDescription":"","_EventCurrencySymbol":"","_EventCurrencyCode":"","_EventCurrencyPosition":"","_EventDateTimeSeparator":"","_EventTimeRangeSeparator":"","_EventOrganizerID":[],"_EventVenueID":[],"_OrganizerEmail":"","_OrganizerPhone":"","_OrganizerWebsite":"","_VenueAddress":"","_VenueCity":"","_VenueCountry":"","_VenueProvince":"","_VenueState":"","_VenueZip":"","_VenuePhone":"","_VenueURL":"","_VenueStateProvince":"","_VenueLat":"","_VenueLng":"","_VenueShowMap":false,"_VenueShowMapLink":false,"activitypub_content_warning":"","activitypub_content_visibility":"","activitypub_max_image_attachments":4,"activitypub_interaction_policy_quote":"anyone","activitypub_status":"","footnotes":""},"class_list":["post-3035","page","type-page","status-publish","hentry"],"translation":{"provider":"WPGlobus","version":"3.0.2","language":"es","enabled_languages":["gb","fr","es","pt"],"languages":{"gb":{"title":true,"content":true,"excerpt":false},"fr":{"title":false,"content":false,"excerpt":false},"es":{"title":false,"content":false,"excerpt":false},"pt":{"title":false,"content":false,"excerpt":false}}},"acf":[],"yoast_head":"<!-- This site is optimized with the Yoast SEO plugin v27.3 - https:\/\/yoast.com\/product\/yoast-seo-wordpress\/ -->\n<title>TABLE RONDE FOREXPO SOUSTON - Juin 2000 - Instituto Europeo Del Bosque Cultivado - IEFC<\/title>\n<meta name=\"robots\" content=\"index, follow, max-snippet:-1, max-image-preview:large, max-video-preview:-1\" \/>\n<link rel=\"canonical\" href=\"https:\/\/www.plantedforests.org\/table-ronde-forexpo-souston-juin-2000\/\" \/>\n<meta property=\"og:locale\" content=\"es_ES\" \/>\n<meta property=\"og:type\" content=\"article\" \/>\n<meta property=\"og:title\" content=\"TABLE RONDE FOREXPO SOUSTON - Juin 2000 - Instituto Europeo Del Bosque Cultivado - IEFC\" \/>\n<meta property=\"og:url\" content=\"https:\/\/www.plantedforests.org\/table-ronde-forexpo-souston-juin-2000\/\" \/>\n<meta property=\"og:site_name\" content=\"Instituto Europeo Del Bosque Cultivado - IEFC\" \/>\n<meta property=\"og:image\" content=\"https:\/\/www.plantedforests.org\/publications\/atlas\/images\/ring_aquitaine_01.gif\" \/>\n<meta name=\"twitter:card\" content=\"summary_large_image\" \/>\n<meta name=\"twitter:site\" content=\"@IEFCPlantForest\" \/>\n<meta name=\"twitter:label1\" content=\"Tiempo de lectura\" \/>\n\t<meta name=\"twitter:data1\" content=\"1 minuto\" \/>\n<script type=\"application\/ld+json\" class=\"yoast-schema-graph\">{\"@context\":\"https:\\\/\\\/schema.org\",\"@graph\":[{\"@type\":\"WebPage\",\"@id\":\"https:\\\/\\\/www.plantedforests.org\\\/table-ronde-forexpo-souston-juin-2000\\\/\",\"url\":\"https:\\\/\\\/www.plantedforests.org\\\/table-ronde-forexpo-souston-juin-2000\\\/\",\"name\":\"TABLE RONDE FOREXPO SOUSTON - Juin 2000 - Instituto Europeo Del Bosque Cultivado - IEFC\",\"isPartOf\":{\"@id\":\"https:\\\/\\\/www.plantedforests.org\\\/fr\\\/#website\"},\"primaryImageOfPage\":{\"@id\":\"https:\\\/\\\/www.plantedforests.org\\\/table-ronde-forexpo-souston-juin-2000\\\/#primaryimage\"},\"image\":{\"@id\":\"https:\\\/\\\/www.plantedforests.org\\\/table-ronde-forexpo-souston-juin-2000\\\/#primaryimage\"},\"thumbnailUrl\":\"https:\\\/\\\/www.plantedforests.org\\\/publications\\\/atlas\\\/images\\\/ring_aquitaine_01.gif\",\"datePublished\":\"2018-06-05T21:21:24+00:00\",\"breadcrumb\":{\"@id\":\"https:\\\/\\\/www.plantedforests.org\\\/table-ronde-forexpo-souston-juin-2000\\\/#breadcrumb\"},\"inLanguage\":\"es\",\"potentialAction\":[{\"@type\":\"ReadAction\",\"target\":[\"https:\\\/\\\/www.plantedforests.org\\\/table-ronde-forexpo-souston-juin-2000\\\/\"]}]},{\"@type\":\"ImageObject\",\"inLanguage\":\"es\",\"@id\":\"https:\\\/\\\/www.plantedforests.org\\\/table-ronde-forexpo-souston-juin-2000\\\/#primaryimage\",\"url\":\"https:\\\/\\\/www.plantedforests.org\\\/publications\\\/atlas\\\/images\\\/ring_aquitaine_01.gif\",\"contentUrl\":\"https:\\\/\\\/www.plantedforests.org\\\/publications\\\/atlas\\\/images\\\/ring_aquitaine_01.gif\"},{\"@type\":\"BreadcrumbList\",\"@id\":\"https:\\\/\\\/www.plantedforests.org\\\/table-ronde-forexpo-souston-juin-2000\\\/#breadcrumb\",\"itemListElement\":[{\"@type\":\"ListItem\",\"position\":1,\"name\":\"Accueil\",\"item\":\"https:\\\/\\\/www.plantedforests.org\\\/\"},{\"@type\":\"ListItem\",\"position\":2,\"name\":\"TABLE RONDE FOREXPO SOUSTON &#8211; Juin 2000\"}]},{\"@type\":\"WebSite\",\"@id\":\"https:\\\/\\\/www.plantedforests.org\\\/fr\\\/#website\",\"url\":\"https:\\\/\\\/www.plantedforests.org\\\/fr\\\/\",\"name\":\"Instituto Europeo Del Bosque Cultivado - IEFC\",\"description\":\"La red para la gesti\u00f3n sostenible y la resiliencia de los bosques cultivados \",\"publisher\":{\"@id\":\"https:\\\/\\\/www.plantedforests.org\\\/fr\\\/#organization\"},\"potentialAction\":[{\"@type\":\"SearchAction\",\"target\":{\"@type\":\"EntryPoint\",\"urlTemplate\":\"https:\\\/\\\/www.plantedforests.org\\\/fr\\\/?s={search_term_string}\"},\"query-input\":{\"@type\":\"PropertyValueSpecification\",\"valueRequired\":true,\"valueName\":\"search_term_string\"}}],\"inLanguage\":\"es\"},{\"@type\":\"Organization\",\"@id\":\"https:\\\/\\\/www.plantedforests.org\\\/fr\\\/#organization\",\"name\":\"Institut Europ\u00e9en de la For\u00eat Cultiv\u00e9e - Plantedforests.org\",\"url\":\"https:\\\/\\\/www.plantedforests.org\\\/fr\\\/\",\"logo\":{\"@type\":\"ImageObject\",\"inLanguage\":\"es\",\"@id\":\"https:\\\/\\\/www.plantedforests.org\\\/fr\\\/#\\\/schema\\\/logo\\\/image\\\/\",\"url\":\"https:\\\/\\\/www.plantedforests.org\\\/wp-content\\\/uploads\\\/2022\\\/07\\\/Logo_iefc__FR.png\",\"contentUrl\":\"https:\\\/\\\/www.plantedforests.org\\\/wp-content\\\/uploads\\\/2022\\\/07\\\/Logo_iefc__FR.png\",\"width\":2031,\"height\":1001,\"caption\":\"Institut Europ\u00e9en de la For\u00eat Cultiv\u00e9e - Plantedforests.org\"},\"image\":{\"@id\":\"https:\\\/\\\/www.plantedforests.org\\\/fr\\\/#\\\/schema\\\/logo\\\/image\\\/\"},\"sameAs\":[\"https:\\\/\\\/x.com\\\/IEFCPlantForest\",\"https:\\\/\\\/www.linkedin.com\\\/company\\\/71728047\\\/\"]}]}<\/script>\n<!-- \/ Yoast SEO plugin. -->","yoast_head_json":{"title":"TABLE RONDE FOREXPO SOUSTON - Juin 2000 - Instituto Europeo Del Bosque Cultivado - IEFC","robots":{"index":"index","follow":"follow","max-snippet":"max-snippet:-1","max-image-preview":"max-image-preview:large","max-video-preview":"max-video-preview:-1"},"canonical":"https:\/\/www.plantedforests.org\/table-ronde-forexpo-souston-juin-2000\/","og_locale":"es_ES","og_type":"article","og_title":"TABLE RONDE FOREXPO SOUSTON - Juin 2000 - Instituto Europeo Del Bosque Cultivado - IEFC","og_url":"https:\/\/www.plantedforests.org\/table-ronde-forexpo-souston-juin-2000\/","og_site_name":"Instituto Europeo Del Bosque Cultivado - IEFC","og_image":[{"url":"https:\/\/www.plantedforests.org\/publications\/atlas\/images\/ring_aquitaine_01.gif","type":"","width":"","height":""}],"twitter_card":"summary_large_image","twitter_site":"@IEFCPlantForest","twitter_misc":{"Tiempo de lectura":"1 minuto"},"schema":{"@context":"https:\/\/schema.org","@graph":[{"@type":"WebPage","@id":"https:\/\/www.plantedforests.org\/table-ronde-forexpo-souston-juin-2000\/","url":"https:\/\/www.plantedforests.org\/table-ronde-forexpo-souston-juin-2000\/","name":"TABLE RONDE FOREXPO SOUSTON - Juin 2000 - Instituto Europeo Del Bosque Cultivado - IEFC","isPartOf":{"@id":"https:\/\/www.plantedforests.org\/fr\/#website"},"primaryImageOfPage":{"@id":"https:\/\/www.plantedforests.org\/table-ronde-forexpo-souston-juin-2000\/#primaryimage"},"image":{"@id":"https:\/\/www.plantedforests.org\/table-ronde-forexpo-souston-juin-2000\/#primaryimage"},"thumbnailUrl":"https:\/\/www.plantedforests.org\/publications\/atlas\/images\/ring_aquitaine_01.gif","datePublished":"2018-06-05T21:21:24+00:00","breadcrumb":{"@id":"https:\/\/www.plantedforests.org\/table-ronde-forexpo-souston-juin-2000\/#breadcrumb"},"inLanguage":"es","potentialAction":[{"@type":"ReadAction","target":["https:\/\/www.plantedforests.org\/table-ronde-forexpo-souston-juin-2000\/"]}]},{"@type":"ImageObject","inLanguage":"es","@id":"https:\/\/www.plantedforests.org\/table-ronde-forexpo-souston-juin-2000\/#primaryimage","url":"https:\/\/www.plantedforests.org\/publications\/atlas\/images\/ring_aquitaine_01.gif","contentUrl":"https:\/\/www.plantedforests.org\/publications\/atlas\/images\/ring_aquitaine_01.gif"},{"@type":"BreadcrumbList","@id":"https:\/\/www.plantedforests.org\/table-ronde-forexpo-souston-juin-2000\/#breadcrumb","itemListElement":[{"@type":"ListItem","position":1,"name":"Accueil","item":"https:\/\/www.plantedforests.org\/"},{"@type":"ListItem","position":2,"name":"TABLE RONDE FOREXPO SOUSTON &#8211; Juin 2000"}]},{"@type":"WebSite","@id":"https:\/\/www.plantedforests.org\/fr\/#website","url":"https:\/\/www.plantedforests.org\/fr\/","name":"Instituto Europeo Del Bosque Cultivado - IEFC","description":"La red para la gesti\u00f3n sostenible y la resiliencia de los bosques cultivados ","publisher":{"@id":"https:\/\/www.plantedforests.org\/fr\/#organization"},"potentialAction":[{"@type":"SearchAction","target":{"@type":"EntryPoint","urlTemplate":"https:\/\/www.plantedforests.org\/fr\/?s={search_term_string}"},"query-input":{"@type":"PropertyValueSpecification","valueRequired":true,"valueName":"search_term_string"}}],"inLanguage":"es"},{"@type":"Organization","@id":"https:\/\/www.plantedforests.org\/fr\/#organization","name":"Institut Europ\u00e9en de la For\u00eat Cultiv\u00e9e - Plantedforests.org","url":"https:\/\/www.plantedforests.org\/fr\/","logo":{"@type":"ImageObject","inLanguage":"es","@id":"https:\/\/www.plantedforests.org\/fr\/#\/schema\/logo\/image\/","url":"https:\/\/www.plantedforests.org\/wp-content\/uploads\/2022\/07\/Logo_iefc__FR.png","contentUrl":"https:\/\/www.plantedforests.org\/wp-content\/uploads\/2022\/07\/Logo_iefc__FR.png","width":2031,"height":1001,"caption":"Institut Europ\u00e9en de la For\u00eat Cultiv\u00e9e - Plantedforests.org"},"image":{"@id":"https:\/\/www.plantedforests.org\/fr\/#\/schema\/logo\/image\/"},"sameAs":["https:\/\/x.com\/IEFCPlantForest","https:\/\/www.linkedin.com\/company\/71728047\/"]}]}},"_links":{"self":[{"href":"https:\/\/www.plantedforests.org\/es\/wp-json\/wp\/v2\/pages\/3035","targetHints":{"allow":["GET"]}}],"collection":[{"href":"https:\/\/www.plantedforests.org\/es\/wp-json\/wp\/v2\/pages"}],"about":[{"href":"https:\/\/www.plantedforests.org\/es\/wp-json\/wp\/v2\/types\/page"}],"author":[{"embeddable":true,"href":"https:\/\/www.plantedforests.org\/es\/wp-json\/wp\/v2\/users\/3"}],"replies":[{"embeddable":true,"href":"https:\/\/www.plantedforests.org\/es\/wp-json\/wp\/v2\/comments?post=3035"}],"version-history":[{"count":2,"href":"https:\/\/www.plantedforests.org\/es\/wp-json\/wp\/v2\/pages\/3035\/revisions"}],"predecessor-version":[{"id":3037,"href":"https:\/\/www.plantedforests.org\/es\/wp-json\/wp\/v2\/pages\/3035\/revisions\/3037"}],"wp:attachment":[{"href":"https:\/\/www.plantedforests.org\/es\/wp-json\/wp\/v2\/media?parent=3035"}],"curies":[{"name":"wp","href":"https:\/\/api.w.org\/{rel}","templated":true}]}}