
{"id":3027,"date":"2018-06-05T23:17:18","date_gmt":"2018-06-05T21:17:18","guid":{"rendered":"https:\/\/www.iefc.net\/?page_id=3027"},"modified":"2023-08-24T16:27:50","modified_gmt":"2023-08-24T14:27:50","slug":"strategies-de-prevention-contre-les-incendies-dans-les-forets-deurope-du-sud","status":"publish","type":"page","link":"https:\/\/www.plantedforests.org\/es\/strategies-de-prevention-contre-les-incendies-dans-les-forets-deurope-du-sud\/","title":{"rendered":"ESTRATEGIAS DE PREVENCI\u00d3N DE INCENDIOS EN LOS BOSQUES DEL SUR DE EUROPA."},"content":{"rendered":"<p class=\"titre\">\n<p><img decoding=\"async\" src=\"https:\/\/www.plantedforests.org\/old_resources\/images\/USSE.gif\" width=\"100\" height=\"100\" align=\"left\" border=\"0\" \/> <img decoding=\"async\" src=\"https:\/\/www.plantedforests.org\/old_resources\/images\/logo.gif\" width=\"100\" height=\"100\" align=\"right\" border=\"0\" \/> <b><\/b><\/p>\n<div align=\"center\">EL FORUM DE LOS PROFESIONALES DE LA GESTI\u00d3N DEL RIESGO DE INCENDIOS.<\/div>\n<div align=\"center\">Bordeaux,31 tarde 1 y 2 de Febrero de 2.002<\/div>\n<p>&nbsp;<\/p>\n<p class=\"vert\">OBJETIVOS:<\/p>\n<p>El inter\u00e9s de este forum es mejorar los intercambios entre las regiones europeas en materia de prevenci\u00f3n de los incendios forestales, y contribuir de este modo a la puesta en pr\u00e1ctica de estrategias de prevenci\u00f3n efectivas, paso previo indispensable para una lucha eficaz. A trav\u00e9s de una serie de conferencias itinerantes, nos proponemos confrontar las experiencias regionales (referentes a los compromisos) contra las estrategias preventivas (en lo referente a defensa de los bosques contra los incendios).<br \/>\nSolicitamos, por consiguiente, a todas las personas cualificadas en el dominio del riesgo del \u201cfuego en el bosque\u201d (administradores, investigadores, juristas, gestores, etc, &#8230;) la participaci\u00f3n por medio de comunicaciones ilustrativas de las acciones positivas o negativas en lo referente a la prevenci\u00f3n de los incendios, a fin de que esta experiencia nos sirva a todos.<\/p>\n<p class=\"vert\">TEM\u00c1TICA<\/p>\n<p>Las intervenciones deber\u00e1n presentarse sobre el contexto regional de cada experiencia (naturaleza del riesgo, combustible, clima, legislaci\u00f3n en vigor, contexto socio econ\u00f3mico, etc, \u0085) y analizar las modificaciones obtenidas despu\u00e9s de una nueva acci\u00f3n de prevenci\u00f3n.<br \/>\nEstas intervenciones se aglutinar\u00e1n en cuatro grandes temas:<\/p>\n<ul>\n<li>M\u00e9todos del riesgo social y\/o biof\u00edsico<\/li>\n<li>Planificaci\u00f3n del riesgo de incendios<\/li>\n<li>Instalaci\u00f3n e infraestructura de prevenci\u00f3n<\/li>\n<li>Coordinaci\u00f3n de las acciones de lucha y prevenci\u00f3n.<\/li>\n<\/ul>\n<p>La intervenci\u00f3n deber\u00e1 promover la reflexi\u00f3n global sobre las estrategias de prevenci\u00f3n y presentar m\u00e9todos concretos para que los participantes en el seminario puedan utilizarlos y llevarlos a otros contextos.<\/p>\n<p class=\"vert\">NORMAS PARA LAS PRESENTACIONES.<\/p>\n<p>Las comunicaciones orales tendr\u00e1n una duraci\u00f3n entre 20 y 30 minutos seguidas de 10 a 20 minutos de discusi\u00f3n. Las reuniones tendr\u00e1n que ser enviadas antes del 30 de Noviembre de este a\u00f1o y los trabajos antes del 4 de Enero del 2.002. Las personas cuyas intervenciones sean aceptadas por el comit\u00e9 cient\u00edfico se beneficiar\u00e1n en una inscripcion gratuita. Las traducciones simult\u00e1neas estar\u00e1n en funci\u00f3n del n\u00famero de los participantes<\/p>\n<p class=\"vert\">INSCRIPCIONES:<\/p>\n<p>Derechos de inscripci\u00f3n 230 Euros<\/p>\n<p>Contact : <a href=\"https:\/\/www.plantedforests.org\/message.php?destinataire=christophe.orazio\">C. Orazio<\/a><br \/>\nVersion PDF<\/p>\n<p><a class=\"icone_lien\" href=\"http:\/\/www.tourisme.voila.fr\/villes\/bordeaux\/fra\/sit\/ville\/cmondial\/acc.htm\" target=\"_blank\" rel=\"noopener\" hreflang=\"\"> Lugar del seminario : Cit\u00e9 moniale (<\/a><a href=\"http:\/\/www.viamichelin.com\/viamichelin\/fra\/dyn\/controller\/savedMapGet?mapId=68868\">mapa<\/a>)<br \/>\n<a class=\"icone_lien\" href=\"http:\/\/www.gaf.tm.fr\/fr\/france\/hotels\/aquitaine\/gironde\/bordeaux.php\" target=\"_blank\" rel=\"noopener\" hreflang=\"\"> El hotel claret esta en el lugar de la manifestacion<\/a><br \/>\n<a class=\"icone_lien\" href=\"https:\/\/www.plantedforests.org\/manifestations\/2002_forumDFCI.fr.html\" target=\"_top\" hreflang=\"\" rel=\"noopener\"> Programa y resumenes (principio el 31 a 14h30, fin sabado 2 a 12h00, visita el sabado por la tarde<\/a><\/p>\n<table border=\"0\" summary=\"organisation\" align=\"center\">\n<tbody>\n<tr>\n<th>Comit\u00e9 de lectura<\/th>\n<th>Partenarios<\/th>\n<\/tr>\n<tr>\n<td>C. Orazio (IEFC Aquitaine)<br \/>\nC. Pinaudeau (ARDFCI Aquitaine)<br \/>\nM. Colin (CIRCOSC Bordeaux)<br \/>\nE. rigolot (INRA Avignon)<br \/>\nH. Bothello (UTAD Villa real)<br \/>\nM. Seillan (Editions pr\u00e9ventique)<br \/>\nJos\u00e9 Antonio V\u00e9ga (CIF Lourizan)<\/td>\n<td>Commission europ\u00e9enne (21-58)<br \/>\nMinist\u00e8re de l&#8217;Agriculture et de la For\u00eat<br \/>\nConseil R\u00e9gional D&#8217;aquitaine<br \/>\nAssociation R\u00e9gionale de DFCI<br \/>\nUSSE<br \/>\nIEFC<\/td>\n<\/tr>\n<\/tbody>\n<\/table>\n<p><br clear=\"all\" \/><\/p>\n<div align=\"right\">\n<table id=\"Aquitaine\" class=\"piedpage\" border=\"0\" summary=\"\">\n<tbody>\n<tr>\n<td class=\"piedpage\"><img decoding=\"async\" src=\"https:\/\/www.plantedforests.org\/old_resources\/images\/CRaquitaine.jpg\" alt=\"\" height=\"80\" border=\"0\" \/><\/td>\n<\/tr>\n<\/tbody>\n<\/table>\n<\/div>\n","protected":false},"excerpt":{"rendered":"<p>EL FORUM DE LOS PROFESIONALES DE LA GESTI\u00d3N DEL RIESGO DE INCENDIOS. Bordeaux,31 tarde 1 y 2 de Febrero de 2.002 &nbsp; OBJETIVOS: El inter\u00e9s de este forum es mejorar [&hellip;]<\/p>\n","protected":false},"author":3,"featured_media":0,"parent":0,"menu_order":0,"comment_status":"closed","ping_status":"closed","template":"","meta":{"_acf_changed":false,"_eb_attr":"","_EventAllDay":false,"_EventTimezone":"","_EventStartDate":"","_EventEndDate":"","_EventStartDateUTC":"","_EventEndDateUTC":"","_EventShowMap":false,"_EventShowMapLink":false,"_EventURL":"","_EventCost":"","_EventCostDescription":"","_EventCurrencySymbol":"","_EventCurrencyCode":"","_EventCurrencyPosition":"","_EventDateTimeSeparator":"","_EventTimeRangeSeparator":"","_EventOrganizerID":[],"_EventVenueID":[],"_OrganizerEmail":"","_OrganizerPhone":"","_OrganizerWebsite":"","_VenueAddress":"","_VenueCity":"","_VenueCountry":"","_VenueProvince":"","_VenueState":"","_VenueZip":"","_VenuePhone":"","_VenueURL":"","_VenueStateProvince":"","_VenueLat":"","_VenueLng":"","_VenueShowMap":false,"_VenueShowMapLink":false,"activitypub_content_warning":"","activitypub_content_visibility":"","activitypub_max_image_attachments":4,"activitypub_interaction_policy_quote":"anyone","activitypub_status":"","footnotes":""},"class_list":["post-3027","page","type-page","status-publish","hentry"],"translation":{"provider":"WPGlobus","version":"3.0.2","language":"es","enabled_languages":["gb","fr","es","pt"],"languages":{"gb":{"title":true,"content":true,"excerpt":false},"fr":{"title":true,"content":true,"excerpt":false},"es":{"title":true,"content":true,"excerpt":false},"pt":{"title":true,"content":true,"excerpt":false}}},"acf":[],"yoast_head":"<!-- This site is optimized with the Yoast SEO plugin v27.3 - https:\/\/yoast.com\/product\/yoast-seo-wordpress\/ -->\n<title>ESTRATEGIAS DE PREVENCI\u00d3N DE INCENDIOS EN LOS BOSQUES DEL SUR DE EUROPA. - Instituto Europeo Del Bosque Cultivado - IEFC<\/title>\n<meta name=\"robots\" content=\"index, follow, max-snippet:-1, max-image-preview:large, max-video-preview:-1\" \/>\n<link rel=\"canonical\" href=\"https:\/\/www.plantedforests.org\/strategies-de-prevention-contre-les-incendies-dans-les-forets-deurope-du-sud\/\" \/>\n<meta property=\"og:locale\" content=\"es_ES\" \/>\n<meta property=\"og:type\" content=\"article\" \/>\n<meta property=\"og:title\" content=\"ESTRATEGIAS DE PREVENCI\u00d3N DE INCENDIOS EN LOS BOSQUES DEL SUR DE EUROPA. - Instituto Europeo Del Bosque Cultivado - IEFC\" \/>\n<meta property=\"og:url\" content=\"https:\/\/www.plantedforests.org\/strategies-de-prevention-contre-les-incendies-dans-les-forets-deurope-du-sud\/\" \/>\n<meta property=\"og:site_name\" content=\"Instituto Europeo Del Bosque Cultivado - IEFC\" \/>\n<meta property=\"article:modified_time\" content=\"2023-08-24T14:27:50+00:00\" \/>\n<meta property=\"og:image\" content=\"https:\/\/www.plantedforests.org\/old_resources\/images\/USSE.gif\" \/>\n<meta name=\"twitter:card\" content=\"summary_large_image\" \/>\n<meta name=\"twitter:site\" content=\"@IEFCPlantForest\" \/>\n<meta name=\"twitter:label1\" content=\"Tiempo de lectura\" \/>\n\t<meta name=\"twitter:data1\" content=\"9 minutos\" \/>\n<script type=\"application\/ld+json\" class=\"yoast-schema-graph\">{\"@context\":\"https:\\\/\\\/schema.org\",\"@graph\":[{\"@type\":\"WebPage\",\"@id\":\"https:\\\/\\\/www.plantedforests.org\\\/strategies-de-prevention-contre-les-incendies-dans-les-forets-deurope-du-sud\\\/\",\"url\":\"https:\\\/\\\/www.plantedforests.org\\\/strategies-de-prevention-contre-les-incendies-dans-les-forets-deurope-du-sud\\\/\",\"name\":\"ESTRATEGIAS DE PREVENCI\u00d3N DE INCENDIOS EN LOS BOSQUES DEL SUR DE EUROPA. - Instituto Europeo Del Bosque Cultivado - IEFC\",\"isPartOf\":{\"@id\":\"https:\\\/\\\/www.plantedforests.org\\\/fr\\\/#website\"},\"primaryImageOfPage\":{\"@id\":\"https:\\\/\\\/www.plantedforests.org\\\/strategies-de-prevention-contre-les-incendies-dans-les-forets-deurope-du-sud\\\/#primaryimage\"},\"image\":{\"@id\":\"https:\\\/\\\/www.plantedforests.org\\\/strategies-de-prevention-contre-les-incendies-dans-les-forets-deurope-du-sud\\\/#primaryimage\"},\"thumbnailUrl\":\"https:\\\/\\\/www.plantedforests.org\\\/old_resources\\\/images\\\/USSE.gif\",\"datePublished\":\"2018-06-05T21:17:18+00:00\",\"dateModified\":\"2023-08-24T14:27:50+00:00\",\"breadcrumb\":{\"@id\":\"https:\\\/\\\/www.plantedforests.org\\\/strategies-de-prevention-contre-les-incendies-dans-les-forets-deurope-du-sud\\\/#breadcrumb\"},\"inLanguage\":\"es\",\"potentialAction\":[{\"@type\":\"ReadAction\",\"target\":[\"https:\\\/\\\/www.plantedforests.org\\\/strategies-de-prevention-contre-les-incendies-dans-les-forets-deurope-du-sud\\\/\"]}]},{\"@type\":\"ImageObject\",\"inLanguage\":\"es\",\"@id\":\"https:\\\/\\\/www.plantedforests.org\\\/strategies-de-prevention-contre-les-incendies-dans-les-forets-deurope-du-sud\\\/#primaryimage\",\"url\":\"https:\\\/\\\/www.plantedforests.org\\\/old_resources\\\/images\\\/USSE.gif\",\"contentUrl\":\"https:\\\/\\\/www.plantedforests.org\\\/old_resources\\\/images\\\/USSE.gif\"},{\"@type\":\"BreadcrumbList\",\"@id\":\"https:\\\/\\\/www.plantedforests.org\\\/strategies-de-prevention-contre-les-incendies-dans-les-forets-deurope-du-sud\\\/#breadcrumb\",\"itemListElement\":[{\"@type\":\"ListItem\",\"position\":1,\"name\":\"Accueil\",\"item\":\"https:\\\/\\\/www.plantedforests.org\\\/\"},{\"@type\":\"ListItem\",\"position\":2,\"name\":\"STRATEGIES DE PREVENTION CONTRE LES INCENDIES DANS LES FOR\u00caTS D\u00b4EUROPE DU SUD\"}]},{\"@type\":\"WebSite\",\"@id\":\"https:\\\/\\\/www.plantedforests.org\\\/fr\\\/#website\",\"url\":\"https:\\\/\\\/www.plantedforests.org\\\/fr\\\/\",\"name\":\"Instituto Europeo Del Bosque Cultivado - IEFC\",\"description\":\"La red para la gesti\u00f3n sostenible y la resiliencia de los bosques cultivados \",\"publisher\":{\"@id\":\"https:\\\/\\\/www.plantedforests.org\\\/fr\\\/#organization\"},\"potentialAction\":[{\"@type\":\"SearchAction\",\"target\":{\"@type\":\"EntryPoint\",\"urlTemplate\":\"https:\\\/\\\/www.plantedforests.org\\\/fr\\\/?s={search_term_string}\"},\"query-input\":{\"@type\":\"PropertyValueSpecification\",\"valueRequired\":true,\"valueName\":\"search_term_string\"}}],\"inLanguage\":\"es\"},{\"@type\":\"Organization\",\"@id\":\"https:\\\/\\\/www.plantedforests.org\\\/fr\\\/#organization\",\"name\":\"Institut Europ\u00e9en de la For\u00eat Cultiv\u00e9e - Plantedforests.org\",\"url\":\"https:\\\/\\\/www.plantedforests.org\\\/fr\\\/\",\"logo\":{\"@type\":\"ImageObject\",\"inLanguage\":\"es\",\"@id\":\"https:\\\/\\\/www.plantedforests.org\\\/fr\\\/#\\\/schema\\\/logo\\\/image\\\/\",\"url\":\"https:\\\/\\\/www.plantedforests.org\\\/wp-content\\\/uploads\\\/2022\\\/07\\\/Logo_iefc__FR.png\",\"contentUrl\":\"https:\\\/\\\/www.plantedforests.org\\\/wp-content\\\/uploads\\\/2022\\\/07\\\/Logo_iefc__FR.png\",\"width\":2031,\"height\":1001,\"caption\":\"Institut Europ\u00e9en de la For\u00eat Cultiv\u00e9e - Plantedforests.org\"},\"image\":{\"@id\":\"https:\\\/\\\/www.plantedforests.org\\\/fr\\\/#\\\/schema\\\/logo\\\/image\\\/\"},\"sameAs\":[\"https:\\\/\\\/x.com\\\/IEFCPlantForest\",\"https:\\\/\\\/www.linkedin.com\\\/company\\\/71728047\\\/\"]}]}<\/script>\n<!-- \/ Yoast SEO plugin. -->","yoast_head_json":{"title":"ESTRATEGIAS DE PREVENCI\u00d3N DE INCENDIOS EN LOS BOSQUES DEL SUR DE EUROPA. - Instituto Europeo Del Bosque Cultivado - IEFC","robots":{"index":"index","follow":"follow","max-snippet":"max-snippet:-1","max-image-preview":"max-image-preview:large","max-video-preview":"max-video-preview:-1"},"canonical":"https:\/\/www.plantedforests.org\/strategies-de-prevention-contre-les-incendies-dans-les-forets-deurope-du-sud\/","og_locale":"es_ES","og_type":"article","og_title":"ESTRATEGIAS DE PREVENCI\u00d3N DE INCENDIOS EN LOS BOSQUES DEL SUR DE EUROPA. - Instituto Europeo Del Bosque Cultivado - IEFC","og_url":"https:\/\/www.plantedforests.org\/strategies-de-prevention-contre-les-incendies-dans-les-forets-deurope-du-sud\/","og_site_name":"Instituto Europeo Del Bosque Cultivado - IEFC","article_modified_time":"2023-08-24T14:27:50+00:00","og_image":[{"url":"https:\/\/www.plantedforests.org\/old_resources\/images\/USSE.gif","type":"","width":"","height":""}],"twitter_card":"summary_large_image","twitter_site":"@IEFCPlantForest","twitter_misc":{"Tiempo de lectura":"9 minutos"},"schema":{"@context":"https:\/\/schema.org","@graph":[{"@type":"WebPage","@id":"https:\/\/www.plantedforests.org\/strategies-de-prevention-contre-les-incendies-dans-les-forets-deurope-du-sud\/","url":"https:\/\/www.plantedforests.org\/strategies-de-prevention-contre-les-incendies-dans-les-forets-deurope-du-sud\/","name":"ESTRATEGIAS DE PREVENCI\u00d3N DE INCENDIOS EN LOS BOSQUES DEL SUR DE EUROPA. - Instituto Europeo Del Bosque Cultivado - IEFC","isPartOf":{"@id":"https:\/\/www.plantedforests.org\/fr\/#website"},"primaryImageOfPage":{"@id":"https:\/\/www.plantedforests.org\/strategies-de-prevention-contre-les-incendies-dans-les-forets-deurope-du-sud\/#primaryimage"},"image":{"@id":"https:\/\/www.plantedforests.org\/strategies-de-prevention-contre-les-incendies-dans-les-forets-deurope-du-sud\/#primaryimage"},"thumbnailUrl":"https:\/\/www.plantedforests.org\/old_resources\/images\/USSE.gif","datePublished":"2018-06-05T21:17:18+00:00","dateModified":"2023-08-24T14:27:50+00:00","breadcrumb":{"@id":"https:\/\/www.plantedforests.org\/strategies-de-prevention-contre-les-incendies-dans-les-forets-deurope-du-sud\/#breadcrumb"},"inLanguage":"es","potentialAction":[{"@type":"ReadAction","target":["https:\/\/www.plantedforests.org\/strategies-de-prevention-contre-les-incendies-dans-les-forets-deurope-du-sud\/"]}]},{"@type":"ImageObject","inLanguage":"es","@id":"https:\/\/www.plantedforests.org\/strategies-de-prevention-contre-les-incendies-dans-les-forets-deurope-du-sud\/#primaryimage","url":"https:\/\/www.plantedforests.org\/old_resources\/images\/USSE.gif","contentUrl":"https:\/\/www.plantedforests.org\/old_resources\/images\/USSE.gif"},{"@type":"BreadcrumbList","@id":"https:\/\/www.plantedforests.org\/strategies-de-prevention-contre-les-incendies-dans-les-forets-deurope-du-sud\/#breadcrumb","itemListElement":[{"@type":"ListItem","position":1,"name":"Accueil","item":"https:\/\/www.plantedforests.org\/"},{"@type":"ListItem","position":2,"name":"STRATEGIES DE PREVENTION CONTRE LES INCENDIES DANS LES FOR\u00caTS D\u00b4EUROPE DU SUD"}]},{"@type":"WebSite","@id":"https:\/\/www.plantedforests.org\/fr\/#website","url":"https:\/\/www.plantedforests.org\/fr\/","name":"Instituto Europeo Del Bosque Cultivado - IEFC","description":"La red para la gesti\u00f3n sostenible y la resiliencia de los bosques cultivados ","publisher":{"@id":"https:\/\/www.plantedforests.org\/fr\/#organization"},"potentialAction":[{"@type":"SearchAction","target":{"@type":"EntryPoint","urlTemplate":"https:\/\/www.plantedforests.org\/fr\/?s={search_term_string}"},"query-input":{"@type":"PropertyValueSpecification","valueRequired":true,"valueName":"search_term_string"}}],"inLanguage":"es"},{"@type":"Organization","@id":"https:\/\/www.plantedforests.org\/fr\/#organization","name":"Institut Europ\u00e9en de la For\u00eat Cultiv\u00e9e - Plantedforests.org","url":"https:\/\/www.plantedforests.org\/fr\/","logo":{"@type":"ImageObject","inLanguage":"es","@id":"https:\/\/www.plantedforests.org\/fr\/#\/schema\/logo\/image\/","url":"https:\/\/www.plantedforests.org\/wp-content\/uploads\/2022\/07\/Logo_iefc__FR.png","contentUrl":"https:\/\/www.plantedforests.org\/wp-content\/uploads\/2022\/07\/Logo_iefc__FR.png","width":2031,"height":1001,"caption":"Institut Europ\u00e9en de la For\u00eat Cultiv\u00e9e - Plantedforests.org"},"image":{"@id":"https:\/\/www.plantedforests.org\/fr\/#\/schema\/logo\/image\/"},"sameAs":["https:\/\/x.com\/IEFCPlantForest","https:\/\/www.linkedin.com\/company\/71728047\/"]}]}},"_links":{"self":[{"href":"https:\/\/www.plantedforests.org\/es\/wp-json\/wp\/v2\/pages\/3027","targetHints":{"allow":["GET"]}}],"collection":[{"href":"https:\/\/www.plantedforests.org\/es\/wp-json\/wp\/v2\/pages"}],"about":[{"href":"https:\/\/www.plantedforests.org\/es\/wp-json\/wp\/v2\/types\/page"}],"author":[{"embeddable":true,"href":"https:\/\/www.plantedforests.org\/es\/wp-json\/wp\/v2\/users\/3"}],"replies":[{"embeddable":true,"href":"https:\/\/www.plantedforests.org\/es\/wp-json\/wp\/v2\/comments?post=3027"}],"version-history":[{"count":3,"href":"https:\/\/www.plantedforests.org\/es\/wp-json\/wp\/v2\/pages\/3027\/revisions"}],"predecessor-version":[{"id":13457,"href":"https:\/\/www.plantedforests.org\/es\/wp-json\/wp\/v2\/pages\/3027\/revisions\/13457"}],"wp:attachment":[{"href":"https:\/\/www.plantedforests.org\/es\/wp-json\/wp\/v2\/media?parent=3027"}],"curies":[{"name":"wp","href":"https:\/\/api.w.org\/{rel}","templated":true}]}}