
{"id":27949,"date":"2025-10-14T15:56:41","date_gmt":"2025-10-14T13:56:41","guid":{"rendered":"https:\/\/www.plantedforests.org\/?page_id=27949"},"modified":"2025-10-14T15:56:42","modified_gmt":"2025-10-14T13:56:42","slug":"geff-2025","status":"publish","type":"page","link":"https:\/\/www.plantedforests.org\/es\/geff-2025\/","title":{"rendered":"GEFF 2025"},"content":{"rendered":"\n<div class=\"wp-block-essential-blocks-text  root-eb-text-46so3\"><div class=\"eb-parent-wrapper eb-parent-eb-text-46so3 \"><div class=\"eb-text-wrapper eb-text-46so3\" data-id=\"eb-text-46so3\"><p class=\"eb-text\"><strong>T\u00e9l\u00e9charger les pr\u00e9sentations<\/strong><\/p><\/div><\/div><\/div>\n\n\n\n<ol class=\"wp-block-list\">\n<li>Fran\u00e7ois-Xavier Saintonge &amp; Claude Husson &#8211; <em>D\u00e9partement de la Sant\u00e9 des For\u00eats<\/em> &#8211;<a href=\"https:\/\/www.plantedforests.org\/geff-2025-bilan-sylvo-entomologique-vu-par-le-departement-de-la-sante-des-forets\/\"> Bilan sylvo-entomologique vu par le DSF<\/a><\/li>\n\n\n\n<li>Quentin Leroy &#8211; <em>Observatoire Wallon de la Sant\u00e9 des For\u00eats<\/em> &#8211; <a href=\"https:\/\/www.plantedforests.org\/geff-2025-bilan-sylvo-sanitaire-wallon-vu-par-lobservatoire-wallon-de-la-sante-des-forets\/\">Bilan sylvo sanitaire wallon vu par l&#8217;OWSF<\/a><\/li>\n\n\n\n<li>Arielle Beltran &#8211; <em>Agence nationale de s\u00e9curit\u00e9 sanitaire de l&#8217;alimentation, de l&#8217;environnement et du travail<\/em> &#8211; <a href=\"https:\/\/www.plantedforests.org\/geff-2025-methodes-de-detection-pour-la-surveilance-dheterobasidion-et-coniferiporia\/\">M\u00e9thodes de d\u00e9tection pour la surveilance d&#8217;Heterobasidion et Coniferiporia<\/a><\/li>\n\n\n\n<li>Jean-Claude Gr\u00e9goire &#8211; <em>Universit\u00e9 Libre de Bruxelles<\/em> &#8211; <a href=\"https:\/\/www.plantedforests.org\/geff-2025-piegeages-de-surveillance-des-scolytes\/\">Pi\u00e9geages de surveillance des scolytes<\/a><\/li>\n\n\n\n<li>Thomas Tempestini &#8211; <em>INRAE<\/em> &#8211; <a href=\"https:\/\/www.plantedforests.org\/geff-2025-le-piegeage-des-insectes-pour-la-surveillance-des-agents-pathogenes-forestiers\/\">Le pi\u00e9geage des insectes pour la surveillance des agents pathog\u00e8nes forestiers<\/a><\/li>\n\n\n\n<li>J\u00e9r\u00f4me Rousselet &#8211; <em>INRAE<\/em> &#8211; <a href=\"https:\/\/www.plantedforests.org\/geff-2025-lexpansion-de-la-processionnaire-du-pin-en-route-pour-la-belgique\/\">L&#8217;expansion de la processionnaire du pin : en route pour la Belgique<\/a><\/li>\n\n\n\n<li>J\u00e9r\u00f4me Gaudry &#8211; <em>D\u00e9partement de la Sant\u00e9 des For\u00eats<\/em> &#8211; <a href=\"https:\/\/www.plantedforests.org\/geff-2025-sylvasan-lopportunite-dune-saisie-mobile-souple-et-securisee\/\">Sylvasan, l&#8217;opportunit\u00e9 d&#8217;une saisie mobile souple et s\u00e9curis\u00e9e<\/a><\/li>\n\n\n\n<li>Nathalie Br\u00e9da &#8211; <em>INRAE<\/em> &#8211; <a href=\"https:\/\/www.plantedforests.org\/geff-2025-deperissement-de-hetres-induit-par-secheresse-extreme-et-ravageurs-secondaires\/\">D\u00e9p\u00e9rissement de h\u00eatres induit par s\u00e9cheresse extr\u00eame et ravageurs secondaires<\/a><\/li>\n\n\n\n<li>Beno\u00eet Mar\u00e7ais &#8211; <em>INRAE<\/em> &#8211; <a href=\"https:\/\/www.plantedforests.org\/geff-2025-determinants-du-deperissement-des-pins-cause-par-diplodia-sapinea-en-france\/\">D\u00e9terminants du d\u00e9p\u00e9rissement des pins caus\u00e9 par Diplodia sapinea en France<\/a><\/li>\n\n\n\n<li>Mireia Gomez-Gallego &#8211; <em>INRAE<\/em> &#8211; <a href=\"https:\/\/www.plantedforests.org\/geff-2025-sensibilite-du-pin-dalep-et-du-pin-sylvestre-a-diplodia-sapinea-x-secheresse\/\">Sensibilit\u00e9 du pin d&#8217;Alep et du pin sylvestre \u00e0 Diplodia sapinea x s\u00e9cheresse<\/a><\/li>\n\n\n\n<li>Aur\u00e9lien Sall\u00e9 &#8211; <em>Universit\u00e9 d\u2019Orl\u00e9ans<\/em> &#8211; <a href=\"https:\/\/www.plantedforests.org\/geff-2025-reponses-des-dipteres-de-canopee-de-chenes-au-deperissement\/\">R\u00e9ponses des Dipt\u00e8res de canop\u00e9e de ch\u00eanes au d\u00e9p\u00e9rissement<\/a><\/li>\n\n\n\n<li>Benjamin Cano &#8211; <em>Centre National de la Propri\u00e9t\u00e9 Foresti\u00e8re<\/em> &#8211; <a href=\"https:\/\/www.plantedforests.org\/geff-2025-dispositif-dinvestigations-pour-la-gestion-des-risques-sylvo-sanitaires-iriss\/\">Dispositif d&#8217;Investigations pour la gestion des Risques Sylvo-Sanitaires (IRISS)<\/a><\/li>\n\n\n\n<li>Christopher Bosc &#8211; <em>INRAE<\/em> &#8211; <a href=\"https:\/\/www.plantedforests.org\/geff-2025-base-de-donnees-standardisee-des-coleopteres-saproxyliques\/\">DATASAPROX : Base de donn\u00e9es standardis\u00e9e des col\u00e9opt\u00e8res saproxyliques<\/a><\/li>\n\n\n\n<li>Christophe Bouget &#8211; <em>INRAE<\/em> &#8211; <a href=\"https:\/\/www.plantedforests.org\/geff-2025-stratification-de-lentomofaune-des-canopees-de-chenes\/\">Stratification de l&#8217;entomofaune des canop\u00e9es de ch\u00eanes<\/a><\/li>\n\n\n\n<li>Clarisse Gabard &#8211; <em>INRAE<\/em> &#8211; <a href=\"https:\/\/www.plantedforests.org\/geff-2025-communautes-de-coleopteres-saproxyliques-colonisatrices-des-chenes\/\">Communaut\u00e9s de col\u00e9opt\u00e8res saproxyliques colonisatrices des ch\u00eanes<\/a><\/li>\n\n\n\n<li>Hubert Schmuck &#8211; <em>D\u00e9partement de la Sant\u00e9 des For\u00eats<\/em> &#8211; <a href=\"https:\/\/www.plantedforests.org\/geff-2025-introduction-a-la-tournee-de-terrain\/\">Introduction \u00e0 la tourn\u00e9e de terrain<\/a><\/li>\n\n\n\n<li>Mathieu Mirabel &#8211;<em> D\u00e9partement de la Sant\u00e9 des For\u00eats<\/em> &#8211; <a href=\"https:\/\/www.plantedforests.org\/geff-2025-epidemie-de-typographes-dans-le-massif-jurassien-et-antagonistes-aux-scolytes\/\">\u00c9pid\u00e9mie de typographes dans le massif jurassien et antagonistes aux scolytes<\/a><\/li>\n\n\n\n<li>M\u00e9line Poch &#8211; <em>INRAE<\/em> &#8211; <a href=\"https:\/\/www.plantedforests.org\/geff-2025-dynamique-de-linoculum-de-diplodia-sapinea-en-peuplements-de-pins-sylvestre\/\">Dynamique de l&#8217;inoculum de Diplodia sapinea en peuplements de pins sylvestre<\/a><\/li>\n\n\n\n<li>Kadiatou Schiffer-Forsyth &#8211;<em> INRAE<\/em> &#8211; <a href=\"https:\/\/www.plantedforests.org\/geff-2025-evolution-spatio-temporelle-inter-et-intraspecifique-de-la-rouille-du-peuplier\/\">\u00c9volution spatio-temporelle inter et intrasp\u00e9cifique de la rouille du peuplier<\/a><\/li>\n\n\n\n<li>Sophie Schmitz &#8211; <em>Centre Wallon de Recherches Agronomiques<\/em> &#8211; <a href=\"https:\/\/www.plantedforests.org\/geff-2025-flore-fongique-sur-graines-de-resineux-et-risque-associe\/\">Flore fongique sur graines de r\u00e9sineux et risque associ\u00e9<\/a><\/li>\n\n\n\n<li>Anne Chandelier &#8211; <em>Centre Wallon de Recherches Agronomiques<\/em> &#8211; <a href=\"https:\/\/www.plantedforests.org\/geff-2025-situation-de-phytophthora-pluvialis-en-belgique\/\">Situation de Phytophthora pluvialis en Belgique<\/a><\/li>\n\n\n\n<li>Mireia Gomez Gallego &#8211; <em>INRAE<\/em> &#8211; <a href=\"https:\/\/www.plantedforests.org\/geff-2025-prevalence-de-crypstostroma-corticale-en-france\/\">Pr\u00e9valence de Crypstostroma corticale en France<\/a><\/li>\n\n\n\n<li>Jean-Baptiste Rivoal &#8211; <em>INRAE<\/em> &#8211; <a href=\"https:\/\/www.plantedforests.org\/geff-2025-revision-des-substrats-de-developpement-de-monochamus-galloprovincialis\/\">R\u00e9vision des susbtrats de d\u00e9veloppement de Monochamus galloprovincialis<\/a><\/li>\n\n\n\n<li>Valentin Queloz &#8211; <em>WSL<\/em> &#8211; <a href=\"https:\/\/www.plantedforests.org\/geff-2025-chalarose-evolution-de-la-maladie-en-suisse\/\">Chalarose &#8211; \u00c9volution de la maladie en Suisse<\/a><\/li>\n\n\n\n<li>Tom Barlier &#8211; <em>INRAE<\/em> &#8211; <a href=\"https:\/\/www.plantedforests.org\/geff-2025-consequences-ecologiques-des-attaques-de-corythucha-arcuata-sur-chene\/\">Cons\u00e9quences \u00e9cologiques des attaques de Corythucha arcuata sur ch\u00eane<\/a><\/li>\n\n\n\n<li>Herv\u00e9 Jactel &#8211; <em>INRAE<\/em> &#8211; <a href=\"https:\/\/www.plantedforests.org\/geff-2025-diversite-et-resistance-des-forets-de-chene-a-corythucha-arcuata\/\">Diversit\u00e9 et r\u00e9sistance des for\u00eats de ch\u00eane \u00e0 Corythucha arcuata<\/a><\/li>\n<\/ol>\n\n\n\n<div class=\"wp-block-essential-blocks-text  root-eb-text-ocjcr\"><div class=\"eb-parent-wrapper eb-parent-eb-text-ocjcr \"><div class=\"eb-text-wrapper eb-text-ocjcr\" data-id=\"eb-text-ocjcr\"><p class=\"eb-text\"><\/p><\/div><\/div><\/div>\n\n\n\n<p><\/p>\n","protected":false},"excerpt":{"rendered":"","protected":false},"author":272,"featured_media":0,"parent":0,"menu_order":0,"comment_status":"closed","ping_status":"closed","template":"","meta":{"_acf_changed":false,"_eb_attr":"","_EventAllDay":false,"_EventTimezone":"","_EventStartDate":"","_EventEndDate":"","_EventStartDateUTC":"","_EventEndDateUTC":"","_EventShowMap":false,"_EventShowMapLink":false,"_EventURL":"","_EventCost":"","_EventCostDescription":"","_EventCurrencySymbol":"","_EventCurrencyCode":"","_EventCurrencyPosition":"","_EventDateTimeSeparator":"","_EventTimeRangeSeparator":"","_EventOrganizerID":[],"_EventVenueID":[],"_OrganizerEmail":"","_OrganizerPhone":"","_OrganizerWebsite":"","_VenueAddress":"","_VenueCity":"","_VenueCountry":"","_VenueProvince":"","_VenueState":"","_VenueZip":"","_VenuePhone":"","_VenueURL":"","_VenueStateProvince":"","_VenueLat":"","_VenueLng":"","_VenueShowMap":false,"_VenueShowMapLink":false,"activitypub_content_warning":"","activitypub_content_visibility":"","activitypub_max_image_attachments":4,"activitypub_interaction_policy_quote":"anyone","activitypub_status":"federated","footnotes":""},"class_list":["post-27949","page","type-page","status-publish","hentry"],"translation":{"provider":"WPGlobus","version":"3.0.2","language":"es","enabled_languages":["gb","fr","es","pt"],"languages":{"gb":{"title":true,"content":true,"excerpt":false},"fr":{"title":false,"content":false,"excerpt":false},"es":{"title":false,"content":false,"excerpt":false},"pt":{"title":false,"content":false,"excerpt":false}}},"acf":[],"yoast_head":"<!-- This site is optimized with the Yoast SEO plugin v27.4 - https:\/\/yoast.com\/product\/yoast-seo-wordpress\/ -->\n<title>GEFF 2025 - Instituto Europeo Del Bosque Cultivado - IEFC<\/title>\n<meta name=\"robots\" content=\"index, follow, max-snippet:-1, max-image-preview:large, max-video-preview:-1\" \/>\n<link rel=\"canonical\" href=\"https:\/\/www.plantedforests.org\/geff-2025\/\" \/>\n<meta property=\"og:locale\" content=\"es_ES\" \/>\n<meta property=\"og:type\" content=\"article\" \/>\n<meta property=\"og:title\" content=\"GEFF 2025 - Instituto Europeo Del Bosque Cultivado - IEFC\" \/>\n<meta property=\"og:url\" content=\"https:\/\/www.plantedforests.org\/geff-2025\/\" \/>\n<meta property=\"og:site_name\" content=\"Instituto Europeo Del Bosque Cultivado - IEFC\" \/>\n<meta property=\"article:modified_time\" content=\"2025-10-14T13:56:42+00:00\" \/>\n<meta name=\"twitter:card\" content=\"summary_large_image\" \/>\n<meta name=\"twitter:site\" content=\"@IEFCPlantForest\" \/>\n<meta name=\"twitter:label1\" content=\"Tiempo de lectura\" \/>\n\t<meta name=\"twitter:data1\" content=\"2 minutos\" \/>\n<script type=\"application\/ld+json\" class=\"yoast-schema-graph\">{\"@context\":\"https:\\\/\\\/schema.org\",\"@graph\":[{\"@type\":\"WebPage\",\"@id\":\"https:\\\/\\\/www.plantedforests.org\\\/geff-2025\\\/\",\"url\":\"https:\\\/\\\/www.plantedforests.org\\\/geff-2025\\\/\",\"name\":\"GEFF 2025 - Instituto Europeo Del Bosque Cultivado - IEFC\",\"isPartOf\":{\"@id\":\"https:\\\/\\\/www.plantedforests.org\\\/fr\\\/#website\"},\"datePublished\":\"2025-10-14T13:56:41+00:00\",\"dateModified\":\"2025-10-14T13:56:42+00:00\",\"breadcrumb\":{\"@id\":\"https:\\\/\\\/www.plantedforests.org\\\/geff-2025\\\/#breadcrumb\"},\"inLanguage\":\"es\",\"potentialAction\":[{\"@type\":\"ReadAction\",\"target\":[\"https:\\\/\\\/www.plantedforests.org\\\/geff-2025\\\/\"]}]},{\"@type\":\"BreadcrumbList\",\"@id\":\"https:\\\/\\\/www.plantedforests.org\\\/geff-2025\\\/#breadcrumb\",\"itemListElement\":[{\"@type\":\"ListItem\",\"position\":1,\"name\":\"Accueil\",\"item\":\"https:\\\/\\\/www.plantedforests.org\\\/\"},{\"@type\":\"ListItem\",\"position\":2,\"name\":\"GEFF 2025\"}]},{\"@type\":\"WebSite\",\"@id\":\"https:\\\/\\\/www.plantedforests.org\\\/fr\\\/#website\",\"url\":\"https:\\\/\\\/www.plantedforests.org\\\/fr\\\/\",\"name\":\"Instituto Europeo Del Bosque Cultivado - IEFC\",\"description\":\"La red para la gesti\u00f3n sostenible y la resiliencia de los bosques cultivados \",\"publisher\":{\"@id\":\"https:\\\/\\\/www.plantedforests.org\\\/fr\\\/#organization\"},\"potentialAction\":[{\"@type\":\"SearchAction\",\"target\":{\"@type\":\"EntryPoint\",\"urlTemplate\":\"https:\\\/\\\/www.plantedforests.org\\\/fr\\\/?s={search_term_string}\"},\"query-input\":{\"@type\":\"PropertyValueSpecification\",\"valueRequired\":true,\"valueName\":\"search_term_string\"}}],\"inLanguage\":\"es\"},{\"@type\":\"Organization\",\"@id\":\"https:\\\/\\\/www.plantedforests.org\\\/fr\\\/#organization\",\"name\":\"Institut Europ\u00e9en de la For\u00eat Cultiv\u00e9e - Plantedforests.org\",\"url\":\"https:\\\/\\\/www.plantedforests.org\\\/fr\\\/\",\"logo\":{\"@type\":\"ImageObject\",\"inLanguage\":\"es\",\"@id\":\"https:\\\/\\\/www.plantedforests.org\\\/fr\\\/#\\\/schema\\\/logo\\\/image\\\/\",\"url\":\"https:\\\/\\\/www.plantedforests.org\\\/wp-content\\\/uploads\\\/2022\\\/07\\\/Logo_iefc__FR.png\",\"contentUrl\":\"https:\\\/\\\/www.plantedforests.org\\\/wp-content\\\/uploads\\\/2022\\\/07\\\/Logo_iefc__FR.png\",\"width\":2031,\"height\":1001,\"caption\":\"Institut Europ\u00e9en de la For\u00eat Cultiv\u00e9e - Plantedforests.org\"},\"image\":{\"@id\":\"https:\\\/\\\/www.plantedforests.org\\\/fr\\\/#\\\/schema\\\/logo\\\/image\\\/\"},\"sameAs\":[\"https:\\\/\\\/x.com\\\/IEFCPlantForest\",\"https:\\\/\\\/www.linkedin.com\\\/company\\\/71728047\\\/\"]}]}<\/script>\n<!-- \/ Yoast SEO plugin. -->","yoast_head_json":{"title":"GEFF 2025 - Instituto Europeo Del Bosque Cultivado - IEFC","robots":{"index":"index","follow":"follow","max-snippet":"max-snippet:-1","max-image-preview":"max-image-preview:large","max-video-preview":"max-video-preview:-1"},"canonical":"https:\/\/www.plantedforests.org\/geff-2025\/","og_locale":"es_ES","og_type":"article","og_title":"GEFF 2025 - Instituto Europeo Del Bosque Cultivado - IEFC","og_url":"https:\/\/www.plantedforests.org\/geff-2025\/","og_site_name":"Instituto Europeo Del Bosque Cultivado - IEFC","article_modified_time":"2025-10-14T13:56:42+00:00","twitter_card":"summary_large_image","twitter_site":"@IEFCPlantForest","twitter_misc":{"Tiempo de lectura":"2 minutos"},"schema":{"@context":"https:\/\/schema.org","@graph":[{"@type":"WebPage","@id":"https:\/\/www.plantedforests.org\/geff-2025\/","url":"https:\/\/www.plantedforests.org\/geff-2025\/","name":"GEFF 2025 - Instituto Europeo Del Bosque Cultivado - IEFC","isPartOf":{"@id":"https:\/\/www.plantedforests.org\/fr\/#website"},"datePublished":"2025-10-14T13:56:41+00:00","dateModified":"2025-10-14T13:56:42+00:00","breadcrumb":{"@id":"https:\/\/www.plantedforests.org\/geff-2025\/#breadcrumb"},"inLanguage":"es","potentialAction":[{"@type":"ReadAction","target":["https:\/\/www.plantedforests.org\/geff-2025\/"]}]},{"@type":"BreadcrumbList","@id":"https:\/\/www.plantedforests.org\/geff-2025\/#breadcrumb","itemListElement":[{"@type":"ListItem","position":1,"name":"Accueil","item":"https:\/\/www.plantedforests.org\/"},{"@type":"ListItem","position":2,"name":"GEFF 2025"}]},{"@type":"WebSite","@id":"https:\/\/www.plantedforests.org\/fr\/#website","url":"https:\/\/www.plantedforests.org\/fr\/","name":"Instituto Europeo Del Bosque Cultivado - IEFC","description":"La red para la gesti\u00f3n sostenible y la resiliencia de los bosques cultivados ","publisher":{"@id":"https:\/\/www.plantedforests.org\/fr\/#organization"},"potentialAction":[{"@type":"SearchAction","target":{"@type":"EntryPoint","urlTemplate":"https:\/\/www.plantedforests.org\/fr\/?s={search_term_string}"},"query-input":{"@type":"PropertyValueSpecification","valueRequired":true,"valueName":"search_term_string"}}],"inLanguage":"es"},{"@type":"Organization","@id":"https:\/\/www.plantedforests.org\/fr\/#organization","name":"Institut Europ\u00e9en de la For\u00eat Cultiv\u00e9e - Plantedforests.org","url":"https:\/\/www.plantedforests.org\/fr\/","logo":{"@type":"ImageObject","inLanguage":"es","@id":"https:\/\/www.plantedforests.org\/fr\/#\/schema\/logo\/image\/","url":"https:\/\/www.plantedforests.org\/wp-content\/uploads\/2022\/07\/Logo_iefc__FR.png","contentUrl":"https:\/\/www.plantedforests.org\/wp-content\/uploads\/2022\/07\/Logo_iefc__FR.png","width":2031,"height":1001,"caption":"Institut Europ\u00e9en de la For\u00eat Cultiv\u00e9e - Plantedforests.org"},"image":{"@id":"https:\/\/www.plantedforests.org\/fr\/#\/schema\/logo\/image\/"},"sameAs":["https:\/\/x.com\/IEFCPlantForest","https:\/\/www.linkedin.com\/company\/71728047\/"]}]}},"_links":{"self":[{"href":"https:\/\/www.plantedforests.org\/es\/wp-json\/wp\/v2\/pages\/27949","targetHints":{"allow":["GET"]}}],"collection":[{"href":"https:\/\/www.plantedforests.org\/es\/wp-json\/wp\/v2\/pages"}],"about":[{"href":"https:\/\/www.plantedforests.org\/es\/wp-json\/wp\/v2\/types\/page"}],"author":[{"embeddable":true,"href":"https:\/\/www.plantedforests.org\/es\/wp-json\/wp\/v2\/users\/272"}],"replies":[{"embeddable":true,"href":"https:\/\/www.plantedforests.org\/es\/wp-json\/wp\/v2\/comments?post=27949"}],"version-history":[{"count":4,"href":"https:\/\/www.plantedforests.org\/es\/wp-json\/wp\/v2\/pages\/27949\/revisions"}],"predecessor-version":[{"id":28027,"href":"https:\/\/www.plantedforests.org\/es\/wp-json\/wp\/v2\/pages\/27949\/revisions\/28027"}],"wp:attachment":[{"href":"https:\/\/www.plantedforests.org\/es\/wp-json\/wp\/v2\/media?parent=27949"}],"curies":[{"name":"wp","href":"https:\/\/api.w.org\/{rel}","templated":true}]}}