
{"id":2774,"date":"2018-06-01T09:32:52","date_gmt":"2018-06-01T07:32:52","guid":{"rendered":"https:\/\/www.iefc.net\/?page_id=2774"},"modified":"2025-04-07T10:47:50","modified_gmt":"2025-04-07T08:47:50","slug":"indicators-for-sustainable-forest-management-in-cultivated-forests","status":"publish","type":"page","link":"https:\/\/www.plantedforests.org\/es\/indicators-for-sustainable-forest-management-in-cultivated-forests\/","title":{"rendered":"Indicators for sustainable forest management in cultivated forests"},"content":{"rendered":"<div>\n<p class=\"titre\">Indicators for sustainable forest management in cultivated forests<\/p>\n<p lang=\"en-GB\">11-13 December 2006 &#8211; Porto<\/p>\n<p lang=\"en-GB\"><em>Final event of <\/em><a href=\"https:\/\/www.plantedforests.org\/forsee\/\"><em>FORSEE project<\/em><\/a><\/p>\n<\/div>\n<hr \/>\n<div><span style=\"font-size: medium;\">I<\/span>ndicator for sustainable forest management are considered to be key tools for the implementation of regional, national, and international forest policies. Most certification schemes now also rely on indicators obviously assessed every few years.<br \/>\nScientists neglected this field of investigation for a while considering that this monitoring was a development issue, and not a scientific issue.<br \/>\nAfter a few years developing the C&amp;I concept, scientists identified many weaknesses in the monitoring of criteria and indicators as assessed by the stakeholders. Many studies focusing on the most importants indicators pointed out the definitions problems, poor accuracy, sampling strategies, etc.<br \/>\nIt is therefore time to compile all the scientific work carried out all over the world to improve indicators definitions and assessment tools and to identify the more appropriate scale for each type of indicator.<\/div>\n<p>The conference will particularly focus on the following topics<\/p>\n<ul>\n<li>Carbon stock in forest: what is the more accurate and suitable way to estimate annual carbon sink? What is the adequate monitoring frequency for the various pools?<\/li>\n<li>Forest health: How can we monitor the reality of damages? What is a comprehensive monitoring of health? What is included as part of sustainable forest management?..<\/li>\n<li>Forest products and services: Why and how can we estimate the forest incomes on large scales? Same for net value? What are the key parameters related to forest sector economy?<\/li>\n<li>Biodiversity in forests: How can we estimate forest biodiversity in a cost-effective way? Scale issue? What is diversity in relation to forest management?<\/li>\n<li>Protective functions (water, soils, etc.) and environmental services of forests: How can we estimate the real impact of forest management? How can we quantify forests&#8217; contribution? How can we estimate the value of these services ?<\/li>\n<li>Social value of forests: How much workforce of an area depends on forests? What do forests represent for people, for forest owners? What is the social value of forests?<\/li>\n<\/ul>\n<p>This congress primarily aims to update the tools and methods available for monitoring sustainable forest management and to provide examples of new useful indicators that have recently been tested.<\/p>\n<p>Contributions in the form of oral presentations and posters will be requested for the above topics.<\/p>\n<p class=\"vert\">Tentative programme:<\/p>\n<table summary=\"Tentative programme\">\n<tbody>\n<tr>\n<td>Day<\/td>\n<td>Morning<\/td>\n<td>Afternoon<\/td>\n<\/tr>\n<tr>\n<td>Monday 11<sup>th<\/sup><\/td>\n<td>Welcome address<br \/>\nSession 1 : Indicators needs and improvement<\/td>\n<td>session 2 : Indicators for biodiversity assesment<\/td>\n<\/tr>\n<tr>\n<td>Tuesday 12<sup>th<\/sup><\/td>\n<td>Session 3 : Indicator for monitoring forests&#8217; contribution to global carbon cycles<\/td>\n<td>Session 4 : Indicators for ecosystems health<\/td>\n<\/tr>\n<tr>\n<td>Wednesday 13<sup>th<\/sup><\/td>\n<td>Session 5 : Indicator for socio economic functions (call for contributions)<br \/>\nPOSTER SESSION<\/td>\n<td>Session 6 : Indictors for protective functions<\/td>\n<\/tr>\n<\/tbody>\n<\/table>\n<p>An official dinner will be organized on Tuesday evening.<br \/>\nside events are planned on the 14<sup>th<\/sup><\/p>\n<p class=\"vert\">Call for papers:<\/p>\n<p>Abstract titles can be sent using the online preregistrataion form at <a href=\"https:\/\/www.plantedforests.org\/manifestations\/registration.php?id_manif=85\">www.iefc.net<\/a> or mailed directly to the conference secretariat at <a href=\"mailto:conference85@iefc.net\">conference85@iefc.net<\/a><\/p>\n<p>The abstracts must be submitted as OpenOffice Text (or Microsft Word) documents according to the formatting guidelines for formating available <a href=\"https:\/\/www.plantedforests.org\/2006_ISFM\/Instructions_Abstracts.pdf\">here<\/a>.<\/p>\n<p class=\"vert\">Important dates:<\/p>\n<ul>\n<li>first call 22 November 2005<\/li>\n<li>second announcement May 2006<\/li>\n<li>deadline for abstract submission: 15 September 2006<\/li>\n<li>publication of programme: 15 October 2006<\/li>\n<li>late registrations: 1 November 2006<\/li>\n<\/ul>\n<table class=\"pasdebordure\" cellspacing=\"10\">\n<tbody>\n<tr class=\"pasdebordure\">\n<td class=\"pasdebordure\" valign=\"top\">\n<p class=\"vert\">Scientific Committee:<\/p>\n<ul>\n<li>Margarida Tom\u00e9<\/li>\n<li>Julio Diez<\/li>\n<li>Roque Soleiro<\/li>\n<li>Herv\u00e9 Jactel<\/li>\n<li>Inazio Martinez<\/li>\n<li>Am\u00e9rico Mendes<\/li>\n<li>Jean-Luc Peyron<\/li>\n<\/ul>\n<\/td>\n<td class=\"pasdebordure\" valign=\"top\">\n<p class=\"vert\">Organising committee:<\/p>\n<ul>\n<li>Am\u00e9rico Mendes<\/li>\n<li>Margarida Tom\u00e9<\/li>\n<li>Christophe Orazio<\/li>\n<li>Jean-Michel Carnus<\/li>\n<li>Diana Feliciano<\/li>\n<\/ul>\n<\/td>\n<\/tr>\n<\/tbody>\n<\/table>\n<p class=\"vert\">Location venue:<\/p>\n<p>The meeting will be hosted by the <a href=\"http:\/\/www.porto.ucp.pt\" target=\"_blank\" rel=\"noopener\">Catolic University of Porto.<\/a><br \/>\nThe conference hall can host up to 200 participants.<\/p>\n<p class=\"vert\">Estmated fees :<\/p>\n<ul>\n<li>FORSEE project members and students (before 1 November): 100\u20ac<\/li>\n<li>Early birds (before 1 November): 150 \u20ac<\/li>\n<li>Late registration: 200 \u20ac<\/li>\n<\/ul>\n<p><a href=\"https:\/\/www.plantedforests.org\/register\/\">Online registration here<\/a><\/p>\n<p>Payment can be done by bank tranfer to IEFC account or by credit card sending your card number to secretariat at <a href=\"mailto:conference85@iefc.net\">conference85@iefc.net<\/a> (encrypted messages welcome) You will receive an invoice as soon as you are registred.<\/p>\n<div align=\"center\">\n<table id=\"FORSEE\" class=\"piedpage\" border=\"0\" summary=\"\">\n<tbody>\n<tr class=\"piedpage\">\n<td colspan=\"9\" align=\"center\">gestion durable des FOR\u00eats un reSEau de zonEs pilotes pour la mise en oeuvre op\u00e9rationnelle<br \/>\nProjet Financ\u00e9 avec l\u0092aide de l\u0092Union europ\u00e9enne, FEDER &#8211; Interreg IIIB Espace atlantique<\/td>\n<\/tr>\n<tr>\n<td class=\"piedpage\"><img decoding=\"async\" src=\"https:\/\/www.plantedforests.org\/old_resources\/images\/union_europeenne.gif\" alt=\"Europe\" height=\"40\" border=\"0\" \/><\/td>\n<td class=\"piedpage\"><img decoding=\"async\" src=\"https:\/\/www.plantedforests.org\/old_resources\/images\/logoI3B.jpg\" alt=\"INTERREG IIIB\" height=\"60\" border=\"0\" \/><\/td>\n<td class=\"piedpage\"><img decoding=\"async\" src=\"https:\/\/www.plantedforests.org\/old_resources\/images\/CRaquitaine.jpg\" alt=\"Aquitaine\" height=\"40\" border=\"0\" \/><\/td>\n<td class=\"piedpage\"><img decoding=\"async\" src=\"https:\/\/www.plantedforests.org\/old_resources\/images\/Navarre.jpg\" alt=\"Navarra\" height=\"40\" border=\"0\" \/><\/td>\n<td class=\"piedpage\"><img decoding=\"async\" src=\"https:\/\/www.plantedforests.org\/old_resources\/images\/GOBVASC.GIF\" alt=\"Euskadi\" height=\"40\" border=\"0\" \/><\/td>\n<td class=\"piedpage\"><img decoding=\"async\" src=\"https:\/\/www.plantedforests.org\/old_resources\/images\/castillayleon.jpg\" alt=\"Castilla y L\u00e9on\" height=\"40\" border=\"0\" \/><\/td>\n<td class=\"piedpage\"><img decoding=\"async\" src=\"https:\/\/www.plantedforests.org\/old_resources\/images\/XUNTA.GIF\" alt=\"Galicia\" height=\"40\" border=\"0\" \/><\/td>\n<\/tr>\n<\/tbody>\n<\/table>\n<\/div>\n","protected":false},"excerpt":{"rendered":"<p>Indicators for sustainable forest management in cultivated forests 11-13 December 2006 &#8211; Porto Final event of FORSEE project Indicator for sustainable forest management are considered to be key tools for [&hellip;]<\/p>\n","protected":false},"author":3,"featured_media":0,"parent":0,"menu_order":0,"comment_status":"closed","ping_status":"closed","template":"","meta":{"_acf_changed":false,"_eb_attr":"","_EventAllDay":false,"_EventTimezone":"","_EventStartDate":"","_EventEndDate":"","_EventStartDateUTC":"","_EventEndDateUTC":"","_EventShowMap":false,"_EventShowMapLink":false,"_EventURL":"","_EventCost":"","_EventCostDescription":"","_EventCurrencySymbol":"","_EventCurrencyCode":"","_EventCurrencyPosition":"","_EventDateTimeSeparator":"","_EventTimeRangeSeparator":"","_EventOrganizerID":[],"_EventVenueID":[],"_OrganizerEmail":"","_OrganizerPhone":"","_OrganizerWebsite":"","_VenueAddress":"","_VenueCity":"","_VenueCountry":"","_VenueProvince":"","_VenueState":"","_VenueZip":"","_VenuePhone":"","_VenueURL":"","_VenueStateProvince":"","_VenueLat":"","_VenueLng":"","_VenueShowMap":false,"_VenueShowMapLink":false,"activitypub_content_warning":null,"activitypub_content_visibility":"","activitypub_max_image_attachments":4,"activitypub_interaction_policy_quote":"anyone","activitypub_status":"federated","footnotes":""},"class_list":["post-2774","page","type-page","status-publish","hentry"],"translation":{"provider":"WPGlobus","version":"3.0.2","language":"es","enabled_languages":["gb","fr","es","pt"],"languages":{"gb":{"title":true,"content":true,"excerpt":false},"fr":{"title":false,"content":false,"excerpt":false},"es":{"title":false,"content":false,"excerpt":false},"pt":{"title":false,"content":false,"excerpt":false}}},"acf":[],"yoast_head":"<!-- This site is optimized with the Yoast SEO plugin v27.3 - https:\/\/yoast.com\/product\/yoast-seo-wordpress\/ -->\n<title>Indicators for sustainable forest management in cultivated forests - Instituto Europeo Del Bosque Cultivado - IEFC<\/title>\n<meta name=\"robots\" content=\"index, follow, max-snippet:-1, max-image-preview:large, max-video-preview:-1\" \/>\n<link rel=\"canonical\" href=\"https:\/\/www.plantedforests.org\/indicators-for-sustainable-forest-management-in-cultivated-forests\/\" \/>\n<meta property=\"og:locale\" content=\"es_ES\" \/>\n<meta property=\"og:type\" content=\"article\" \/>\n<meta property=\"og:title\" content=\"Indicators for sustainable forest management in cultivated forests - Instituto Europeo Del Bosque Cultivado - IEFC\" \/>\n<meta property=\"og:url\" content=\"https:\/\/www.plantedforests.org\/indicators-for-sustainable-forest-management-in-cultivated-forests\/\" \/>\n<meta property=\"og:site_name\" content=\"Instituto Europeo Del Bosque Cultivado - IEFC\" \/>\n<meta property=\"article:modified_time\" content=\"2025-04-07T08:47:50+00:00\" \/>\n<meta property=\"og:image\" content=\"https:\/\/www.plantedforests.org\/old_resources\/images\/union_europeenne.gif\" \/>\n<meta name=\"twitter:card\" content=\"summary_large_image\" \/>\n<meta name=\"twitter:site\" content=\"@IEFCPlantForest\" \/>\n<meta name=\"twitter:label1\" content=\"Tiempo de lectura\" \/>\n\t<meta name=\"twitter:data1\" content=\"5 minutos\" \/>\n<script type=\"application\/ld+json\" class=\"yoast-schema-graph\">{\"@context\":\"https:\\\/\\\/schema.org\",\"@graph\":[{\"@type\":\"WebPage\",\"@id\":\"https:\\\/\\\/www.plantedforests.org\\\/indicators-for-sustainable-forest-management-in-cultivated-forests\\\/\",\"url\":\"https:\\\/\\\/www.plantedforests.org\\\/indicators-for-sustainable-forest-management-in-cultivated-forests\\\/\",\"name\":\"Indicators for sustainable forest management in cultivated forests - Instituto Europeo Del Bosque Cultivado - IEFC\",\"isPartOf\":{\"@id\":\"https:\\\/\\\/www.plantedforests.org\\\/fr\\\/#website\"},\"primaryImageOfPage\":{\"@id\":\"https:\\\/\\\/www.plantedforests.org\\\/indicators-for-sustainable-forest-management-in-cultivated-forests\\\/#primaryimage\"},\"image\":{\"@id\":\"https:\\\/\\\/www.plantedforests.org\\\/indicators-for-sustainable-forest-management-in-cultivated-forests\\\/#primaryimage\"},\"thumbnailUrl\":\"https:\\\/\\\/www.plantedforests.org\\\/old_resources\\\/images\\\/union_europeenne.gif\",\"datePublished\":\"2018-06-01T07:32:52+00:00\",\"dateModified\":\"2025-04-07T08:47:50+00:00\",\"breadcrumb\":{\"@id\":\"https:\\\/\\\/www.plantedforests.org\\\/indicators-for-sustainable-forest-management-in-cultivated-forests\\\/#breadcrumb\"},\"inLanguage\":\"es\",\"potentialAction\":[{\"@type\":\"ReadAction\",\"target\":[\"https:\\\/\\\/www.plantedforests.org\\\/indicators-for-sustainable-forest-management-in-cultivated-forests\\\/\"]}]},{\"@type\":\"ImageObject\",\"inLanguage\":\"es\",\"@id\":\"https:\\\/\\\/www.plantedforests.org\\\/indicators-for-sustainable-forest-management-in-cultivated-forests\\\/#primaryimage\",\"url\":\"https:\\\/\\\/www.plantedforests.org\\\/old_resources\\\/images\\\/union_europeenne.gif\",\"contentUrl\":\"https:\\\/\\\/www.plantedforests.org\\\/old_resources\\\/images\\\/union_europeenne.gif\"},{\"@type\":\"BreadcrumbList\",\"@id\":\"https:\\\/\\\/www.plantedforests.org\\\/indicators-for-sustainable-forest-management-in-cultivated-forests\\\/#breadcrumb\",\"itemListElement\":[{\"@type\":\"ListItem\",\"position\":1,\"name\":\"Accueil\",\"item\":\"https:\\\/\\\/www.plantedforests.org\\\/\"},{\"@type\":\"ListItem\",\"position\":2,\"name\":\"Indicators for sustainable forest management in cultivated forests\"}]},{\"@type\":\"WebSite\",\"@id\":\"https:\\\/\\\/www.plantedforests.org\\\/fr\\\/#website\",\"url\":\"https:\\\/\\\/www.plantedforests.org\\\/fr\\\/\",\"name\":\"Instituto Europeo Del Bosque Cultivado - IEFC\",\"description\":\"La red para la gesti\u00f3n sostenible y la resiliencia de los bosques cultivados \",\"publisher\":{\"@id\":\"https:\\\/\\\/www.plantedforests.org\\\/fr\\\/#organization\"},\"potentialAction\":[{\"@type\":\"SearchAction\",\"target\":{\"@type\":\"EntryPoint\",\"urlTemplate\":\"https:\\\/\\\/www.plantedforests.org\\\/fr\\\/?s={search_term_string}\"},\"query-input\":{\"@type\":\"PropertyValueSpecification\",\"valueRequired\":true,\"valueName\":\"search_term_string\"}}],\"inLanguage\":\"es\"},{\"@type\":\"Organization\",\"@id\":\"https:\\\/\\\/www.plantedforests.org\\\/fr\\\/#organization\",\"name\":\"Institut Europ\u00e9en de la For\u00eat Cultiv\u00e9e - Plantedforests.org\",\"url\":\"https:\\\/\\\/www.plantedforests.org\\\/fr\\\/\",\"logo\":{\"@type\":\"ImageObject\",\"inLanguage\":\"es\",\"@id\":\"https:\\\/\\\/www.plantedforests.org\\\/fr\\\/#\\\/schema\\\/logo\\\/image\\\/\",\"url\":\"https:\\\/\\\/www.plantedforests.org\\\/wp-content\\\/uploads\\\/2022\\\/07\\\/Logo_iefc__FR.png\",\"contentUrl\":\"https:\\\/\\\/www.plantedforests.org\\\/wp-content\\\/uploads\\\/2022\\\/07\\\/Logo_iefc__FR.png\",\"width\":2031,\"height\":1001,\"caption\":\"Institut Europ\u00e9en de la For\u00eat Cultiv\u00e9e - Plantedforests.org\"},\"image\":{\"@id\":\"https:\\\/\\\/www.plantedforests.org\\\/fr\\\/#\\\/schema\\\/logo\\\/image\\\/\"},\"sameAs\":[\"https:\\\/\\\/x.com\\\/IEFCPlantForest\",\"https:\\\/\\\/www.linkedin.com\\\/company\\\/71728047\\\/\"]}]}<\/script>\n<!-- \/ Yoast SEO plugin. -->","yoast_head_json":{"title":"Indicators for sustainable forest management in cultivated forests - Instituto Europeo Del Bosque Cultivado - IEFC","robots":{"index":"index","follow":"follow","max-snippet":"max-snippet:-1","max-image-preview":"max-image-preview:large","max-video-preview":"max-video-preview:-1"},"canonical":"https:\/\/www.plantedforests.org\/indicators-for-sustainable-forest-management-in-cultivated-forests\/","og_locale":"es_ES","og_type":"article","og_title":"Indicators for sustainable forest management in cultivated forests - Instituto Europeo Del Bosque Cultivado - IEFC","og_url":"https:\/\/www.plantedforests.org\/indicators-for-sustainable-forest-management-in-cultivated-forests\/","og_site_name":"Instituto Europeo Del Bosque Cultivado - IEFC","article_modified_time":"2025-04-07T08:47:50+00:00","og_image":[{"url":"https:\/\/www.plantedforests.org\/old_resources\/images\/union_europeenne.gif","type":"","width":"","height":""}],"twitter_card":"summary_large_image","twitter_site":"@IEFCPlantForest","twitter_misc":{"Tiempo de lectura":"5 minutos"},"schema":{"@context":"https:\/\/schema.org","@graph":[{"@type":"WebPage","@id":"https:\/\/www.plantedforests.org\/indicators-for-sustainable-forest-management-in-cultivated-forests\/","url":"https:\/\/www.plantedforests.org\/indicators-for-sustainable-forest-management-in-cultivated-forests\/","name":"Indicators for sustainable forest management in cultivated forests - Instituto Europeo Del Bosque Cultivado - IEFC","isPartOf":{"@id":"https:\/\/www.plantedforests.org\/fr\/#website"},"primaryImageOfPage":{"@id":"https:\/\/www.plantedforests.org\/indicators-for-sustainable-forest-management-in-cultivated-forests\/#primaryimage"},"image":{"@id":"https:\/\/www.plantedforests.org\/indicators-for-sustainable-forest-management-in-cultivated-forests\/#primaryimage"},"thumbnailUrl":"https:\/\/www.plantedforests.org\/old_resources\/images\/union_europeenne.gif","datePublished":"2018-06-01T07:32:52+00:00","dateModified":"2025-04-07T08:47:50+00:00","breadcrumb":{"@id":"https:\/\/www.plantedforests.org\/indicators-for-sustainable-forest-management-in-cultivated-forests\/#breadcrumb"},"inLanguage":"es","potentialAction":[{"@type":"ReadAction","target":["https:\/\/www.plantedforests.org\/indicators-for-sustainable-forest-management-in-cultivated-forests\/"]}]},{"@type":"ImageObject","inLanguage":"es","@id":"https:\/\/www.plantedforests.org\/indicators-for-sustainable-forest-management-in-cultivated-forests\/#primaryimage","url":"https:\/\/www.plantedforests.org\/old_resources\/images\/union_europeenne.gif","contentUrl":"https:\/\/www.plantedforests.org\/old_resources\/images\/union_europeenne.gif"},{"@type":"BreadcrumbList","@id":"https:\/\/www.plantedforests.org\/indicators-for-sustainable-forest-management-in-cultivated-forests\/#breadcrumb","itemListElement":[{"@type":"ListItem","position":1,"name":"Accueil","item":"https:\/\/www.plantedforests.org\/"},{"@type":"ListItem","position":2,"name":"Indicators for sustainable forest management in cultivated forests"}]},{"@type":"WebSite","@id":"https:\/\/www.plantedforests.org\/fr\/#website","url":"https:\/\/www.plantedforests.org\/fr\/","name":"Instituto Europeo Del Bosque Cultivado - IEFC","description":"La red para la gesti\u00f3n sostenible y la resiliencia de los bosques cultivados ","publisher":{"@id":"https:\/\/www.plantedforests.org\/fr\/#organization"},"potentialAction":[{"@type":"SearchAction","target":{"@type":"EntryPoint","urlTemplate":"https:\/\/www.plantedforests.org\/fr\/?s={search_term_string}"},"query-input":{"@type":"PropertyValueSpecification","valueRequired":true,"valueName":"search_term_string"}}],"inLanguage":"es"},{"@type":"Organization","@id":"https:\/\/www.plantedforests.org\/fr\/#organization","name":"Institut Europ\u00e9en de la For\u00eat Cultiv\u00e9e - Plantedforests.org","url":"https:\/\/www.plantedforests.org\/fr\/","logo":{"@type":"ImageObject","inLanguage":"es","@id":"https:\/\/www.plantedforests.org\/fr\/#\/schema\/logo\/image\/","url":"https:\/\/www.plantedforests.org\/wp-content\/uploads\/2022\/07\/Logo_iefc__FR.png","contentUrl":"https:\/\/www.plantedforests.org\/wp-content\/uploads\/2022\/07\/Logo_iefc__FR.png","width":2031,"height":1001,"caption":"Institut Europ\u00e9en de la For\u00eat Cultiv\u00e9e - Plantedforests.org"},"image":{"@id":"https:\/\/www.plantedforests.org\/fr\/#\/schema\/logo\/image\/"},"sameAs":["https:\/\/x.com\/IEFCPlantForest","https:\/\/www.linkedin.com\/company\/71728047\/"]}]}},"_links":{"self":[{"href":"https:\/\/www.plantedforests.org\/es\/wp-json\/wp\/v2\/pages\/2774","targetHints":{"allow":["GET"]}}],"collection":[{"href":"https:\/\/www.plantedforests.org\/es\/wp-json\/wp\/v2\/pages"}],"about":[{"href":"https:\/\/www.plantedforests.org\/es\/wp-json\/wp\/v2\/types\/page"}],"author":[{"embeddable":true,"href":"https:\/\/www.plantedforests.org\/es\/wp-json\/wp\/v2\/users\/3"}],"replies":[{"embeddable":true,"href":"https:\/\/www.plantedforests.org\/es\/wp-json\/wp\/v2\/comments?post=2774"}],"version-history":[{"count":3,"href":"https:\/\/www.plantedforests.org\/es\/wp-json\/wp\/v2\/pages\/2774\/revisions"}],"predecessor-version":[{"id":22796,"href":"https:\/\/www.plantedforests.org\/es\/wp-json\/wp\/v2\/pages\/2774\/revisions\/22796"}],"wp:attachment":[{"href":"https:\/\/www.plantedforests.org\/es\/wp-json\/wp\/v2\/media?parent=2774"}],"curies":[{"name":"wp","href":"https:\/\/api.w.org\/{rel}","templated":true}]}}