
{"id":2756,"date":"2018-05-31T17:46:47","date_gmt":"2018-05-31T15:46:47","guid":{"rendered":"https:\/\/www.iefc.net\/?page_id=2756"},"modified":"2025-04-07T10:46:26","modified_gmt":"2025-04-07T08:46:26","slug":"groupe-de-travail-sur-la-declinaison-regionale-des-indicateurs-de-gestion-durable-en-foret","status":"publish","type":"page","link":"https:\/\/www.plantedforests.org\/es\/groupe-de-travail-sur-la-declinaison-regionale-des-indicateurs-de-gestion-durable-en-foret\/","title":{"rendered":"Groupe de travail sur la d\u00e9clinaison r\u00e9gionale des Indicateurs de gestion durable en For\u00eat"},"content":{"rendered":"<p class=\"vert\">Listes d&#8217;indicateurs de r\u00e9f\u00e9rence identifi\u00e9s dans le dare du projet <a href=\"https:\/\/www.plantedforests.org\/forsee\/\">FORSEE<\/a><\/p>\n<p><a class=\"icone_lien\" href=\"http:\/\/esl.jrc.it\/envind\/dashbrds.htm\" target=\"_blank\" rel=\"noopener\">Outil tableau de bord du d\u00e9veloppement durable<\/a><br \/><a class=\"icone_lien_nouveau\" title=\"FORREX\" href=\"http:\/\/www.forrex.org\/publications\/FORREXSeries\/FS17.pdf\" target=\"_blank\" rel=\"noopener\" hreflang=\"En\">Etude faite sur 3000 Indicateurs de gestion durable en colombie britanique<\/a><br \/><a class=\"icone_lien\" href=\"http:\/\/www.ccmf.org\/3_f.html\" hreflang=\"fr\">Travail de r\u00e9vision des indicateurs fait au Canada<\/a><br \/><a class=\"icone_lien\" href=\"https:\/\/www.plantedforests.org\/wp-content\/uploads\/2018\/06\/indicateurs_labrador.pdf\" hreflang=\"fr\">Notions g\u00e9n\u00e9rales sur le choix des indicateurs : exemple du labrador<\/a><br \/><a class=\"icone_lien\" href=\"http:\/\/www.mcpfe.org\/publications\/pdf\/improved_indicators.pdf\" hreflang=\"en\">Processus interminist\u00e9riel pour la protection des for\u00eats en Europe <\/a><a href=\"http:\/\/www.mcpfe.org\/\" target=\"_blank\" rel=\"noopener\">MCPFE<\/a><br \/><a class=\"icone_lien\" href=\"https:\/\/www.plantedforests.org\/wp-content\/uploads\/2018\/06\/point_certification.pdf\" hreflang=\"fr\">Notions g\u00e9n\u00e9rales sur la certification (\u00e7a date un peu, mais pas trop!)<\/a><br \/><a class=\"icone_lien\" href=\"http:\/\/www.pefc.org\/internet\/html\/members_schemes\/4_1120_59\/5_1246_314\/5_1123_367.htm\" hreflang=\"fr\">Indicateurs<\/a> <a href=\"http:\/\/www.pefc-france.org\" target=\"_blank\" rel=\"noopener\">PEFC France<\/a><br \/><a class=\"icone_lien\" href=\"http:\/\/www.pefc.org\/internet\/html\/members_schemes\/4_1120_59\/5_1246_323\/5_1123_412.htm\" hreflang=\"En\">Indicateurs<\/a> <a href=\"http:\/\/www.pefc.es\/\" target=\"_blank\" rel=\"noopener\">PEFC Espagne<\/a><br \/><a class=\"icone_lien\" href=\"http:\/\/www.pefc.org\/internet\/html\/members_schemes\/4_1120_59\/5_1246_322\/5_1123_899.htm\" hreflang=\"En\">Indicateurs PEFC Portugal<\/a><br \/><a class=\"icone_lien\" href=\"http:\/\/www.fsc.org\/en\/about\/policy_standards\/princ_criteria\" hreflang=\"En\">Indicateurs FSC<\/a><\/p>\n<p>\u00a0<\/p>\n<div align=\"center\">\n<table id=\"FORSEE\" class=\"piedpage\" border=\"0\" summary=\"\">\n<tbody>\n<tr class=\"piedpage\">\n<td colspan=\"9\" align=\"center\">gestion durable des FOR\u00eats un reSEau de zonEs pilotes pour la mise en oeuvre op\u00e9rationnelle<br \/>Projet Financ\u00e9 avec l\u0092aide de l\u0092Union europ\u00e9enne, FEDER &#8211; Interreg IIIB Espace atlantique<\/td>\n<\/tr>\n<tr>\n<td class=\"piedpage\"><img decoding=\"async\" src=\"https:\/\/www.plantedforests.org\/old_resources\/images\/union_europeenne.gif\" alt=\"Europe\" height=\"40\" border=\"0\" \/><\/td>\n<td class=\"piedpage\"><img decoding=\"async\" src=\"https:\/\/www.plantedforests.org\/old_resources\/images\/logoI3B.jpg\" alt=\"INTERREG IIIB\" height=\"60\" border=\"0\" \/><\/td>\n<td class=\"piedpage\"><img decoding=\"async\" src=\"https:\/\/www.plantedforests.org\/old_resources\/images\/CRaquitaine.jpg\" alt=\"Aquitaine\" height=\"40\" border=\"0\" \/><\/td>\n<td class=\"piedpage\"><img decoding=\"async\" src=\"https:\/\/www.plantedforests.org\/old_resources\/images\/Navarre.jpg\" alt=\"Navarra\" height=\"40\" border=\"0\" \/><\/td>\n<td class=\"piedpage\"><img decoding=\"async\" src=\"https:\/\/www.plantedforests.org\/old_resources\/images\/GOBVASC.GIF\" alt=\"Euskadi\" height=\"40\" border=\"0\" \/><\/td>\n<td class=\"piedpage\"><img decoding=\"async\" src=\"https:\/\/www.plantedforests.org\/old_resources\/images\/castillayleon.jpg\" alt=\"Castilla y L\u00e9on\" height=\"40\" border=\"0\" \/><\/td>\n<td class=\"piedpage\"><img decoding=\"async\" src=\"https:\/\/www.plantedforests.org\/old_resources\/images\/XUNTA.GIF\" alt=\"Galicia\" height=\"40\" border=\"0\" \/><\/td>\n<\/tr>\n<\/tbody>\n<\/table>\n<\/div>\n\n\n<p><\/p>\n","protected":false},"excerpt":{"rendered":"<p>Listes d&#8217;indicateurs de r\u00e9f\u00e9rence identifi\u00e9s dans le dare du projet FORSEE Outil tableau de bord du d\u00e9veloppement durableEtude faite sur 3000 Indicateurs de gestion durable en colombie britaniqueTravail de r\u00e9vision [&hellip;]<\/p>\n","protected":false},"author":3,"featured_media":0,"parent":0,"menu_order":0,"comment_status":"closed","ping_status":"closed","template":"","meta":{"_acf_changed":false,"_eb_attr":"","_EventAllDay":false,"_EventTimezone":"","_EventStartDate":"","_EventEndDate":"","_EventStartDateUTC":"","_EventEndDateUTC":"","_EventShowMap":false,"_EventShowMapLink":false,"_EventURL":"","_EventCost":"","_EventCostDescription":"","_EventCurrencySymbol":"","_EventCurrencyCode":"","_EventCurrencyPosition":"","_EventDateTimeSeparator":"","_EventTimeRangeSeparator":"","_EventOrganizerID":[],"_EventVenueID":[],"_OrganizerEmail":"","_OrganizerPhone":"","_OrganizerWebsite":"","_VenueAddress":"","_VenueCity":"","_VenueCountry":"","_VenueProvince":"","_VenueState":"","_VenueZip":"","_VenuePhone":"","_VenueURL":"","_VenueStateProvince":"","_VenueLat":"","_VenueLng":"","_VenueShowMap":false,"_VenueShowMapLink":false,"activitypub_content_warning":null,"activitypub_content_visibility":"","activitypub_max_image_attachments":4,"activitypub_interaction_policy_quote":"anyone","activitypub_status":"federated","footnotes":""},"class_list":["post-2756","page","type-page","status-publish","hentry"],"translation":{"provider":"WPGlobus","version":"3.0.2","language":"es","enabled_languages":["gb","fr","es","pt"],"languages":{"gb":{"title":true,"content":true,"excerpt":false},"fr":{"title":false,"content":false,"excerpt":false},"es":{"title":false,"content":false,"excerpt":false},"pt":{"title":false,"content":false,"excerpt":false}}},"acf":[],"yoast_head":"<!-- This site is optimized with the Yoast SEO plugin v27.3 - https:\/\/yoast.com\/product\/yoast-seo-wordpress\/ -->\n<title>Groupe de travail sur la d\u00e9clinaison r\u00e9gionale des Indicateurs de gestion durable en For\u00eat - Instituto Europeo Del Bosque Cultivado - IEFC<\/title>\n<meta name=\"robots\" content=\"index, follow, max-snippet:-1, max-image-preview:large, max-video-preview:-1\" \/>\n<link rel=\"canonical\" href=\"https:\/\/www.plantedforests.org\/groupe-de-travail-sur-la-declinaison-regionale-des-indicateurs-de-gestion-durable-en-foret\/\" \/>\n<meta property=\"og:locale\" content=\"es_ES\" \/>\n<meta property=\"og:type\" content=\"article\" \/>\n<meta property=\"og:title\" content=\"Groupe de travail sur la d\u00e9clinaison r\u00e9gionale des Indicateurs de gestion durable en For\u00eat - Instituto Europeo Del Bosque Cultivado - IEFC\" \/>\n<meta property=\"og:url\" content=\"https:\/\/www.plantedforests.org\/groupe-de-travail-sur-la-declinaison-regionale-des-indicateurs-de-gestion-durable-en-foret\/\" \/>\n<meta property=\"og:site_name\" content=\"Instituto Europeo Del Bosque Cultivado - IEFC\" \/>\n<meta property=\"article:modified_time\" content=\"2025-04-07T08:46:26+00:00\" \/>\n<meta property=\"og:image\" content=\"https:\/\/www.plantedforests.org\/old_resources\/images\/union_europeenne.gif\" \/>\n<meta name=\"twitter:card\" content=\"summary_large_image\" \/>\n<meta name=\"twitter:site\" content=\"@IEFCPlantForest\" \/>\n<meta name=\"twitter:label1\" content=\"Tiempo de lectura\" \/>\n\t<meta name=\"twitter:data1\" content=\"2 minutos\" \/>\n<script type=\"application\/ld+json\" class=\"yoast-schema-graph\">{\"@context\":\"https:\\\/\\\/schema.org\",\"@graph\":[{\"@type\":\"WebPage\",\"@id\":\"https:\\\/\\\/www.plantedforests.org\\\/groupe-de-travail-sur-la-declinaison-regionale-des-indicateurs-de-gestion-durable-en-foret\\\/\",\"url\":\"https:\\\/\\\/www.plantedforests.org\\\/groupe-de-travail-sur-la-declinaison-regionale-des-indicateurs-de-gestion-durable-en-foret\\\/\",\"name\":\"Groupe de travail sur la d\u00e9clinaison r\u00e9gionale des Indicateurs de gestion durable en For\u00eat - Instituto Europeo Del Bosque Cultivado - IEFC\",\"isPartOf\":{\"@id\":\"https:\\\/\\\/www.plantedforests.org\\\/fr\\\/#website\"},\"primaryImageOfPage\":{\"@id\":\"https:\\\/\\\/www.plantedforests.org\\\/groupe-de-travail-sur-la-declinaison-regionale-des-indicateurs-de-gestion-durable-en-foret\\\/#primaryimage\"},\"image\":{\"@id\":\"https:\\\/\\\/www.plantedforests.org\\\/groupe-de-travail-sur-la-declinaison-regionale-des-indicateurs-de-gestion-durable-en-foret\\\/#primaryimage\"},\"thumbnailUrl\":\"https:\\\/\\\/www.plantedforests.org\\\/old_resources\\\/images\\\/union_europeenne.gif\",\"datePublished\":\"2018-05-31T15:46:47+00:00\",\"dateModified\":\"2025-04-07T08:46:26+00:00\",\"breadcrumb\":{\"@id\":\"https:\\\/\\\/www.plantedforests.org\\\/groupe-de-travail-sur-la-declinaison-regionale-des-indicateurs-de-gestion-durable-en-foret\\\/#breadcrumb\"},\"inLanguage\":\"es\",\"potentialAction\":[{\"@type\":\"ReadAction\",\"target\":[\"https:\\\/\\\/www.plantedforests.org\\\/groupe-de-travail-sur-la-declinaison-regionale-des-indicateurs-de-gestion-durable-en-foret\\\/\"]}]},{\"@type\":\"ImageObject\",\"inLanguage\":\"es\",\"@id\":\"https:\\\/\\\/www.plantedforests.org\\\/groupe-de-travail-sur-la-declinaison-regionale-des-indicateurs-de-gestion-durable-en-foret\\\/#primaryimage\",\"url\":\"https:\\\/\\\/www.plantedforests.org\\\/old_resources\\\/images\\\/union_europeenne.gif\",\"contentUrl\":\"https:\\\/\\\/www.plantedforests.org\\\/old_resources\\\/images\\\/union_europeenne.gif\"},{\"@type\":\"BreadcrumbList\",\"@id\":\"https:\\\/\\\/www.plantedforests.org\\\/groupe-de-travail-sur-la-declinaison-regionale-des-indicateurs-de-gestion-durable-en-foret\\\/#breadcrumb\",\"itemListElement\":[{\"@type\":\"ListItem\",\"position\":1,\"name\":\"Accueil\",\"item\":\"https:\\\/\\\/www.plantedforests.org\\\/\"},{\"@type\":\"ListItem\",\"position\":2,\"name\":\"Groupe de travail sur la d\u00e9clinaison r\u00e9gionale des Indicateurs de gestion durable en For\u00eat\"}]},{\"@type\":\"WebSite\",\"@id\":\"https:\\\/\\\/www.plantedforests.org\\\/fr\\\/#website\",\"url\":\"https:\\\/\\\/www.plantedforests.org\\\/fr\\\/\",\"name\":\"Instituto Europeo Del Bosque Cultivado - IEFC\",\"description\":\"La red para la gesti\u00f3n sostenible y la resiliencia de los bosques cultivados \",\"publisher\":{\"@id\":\"https:\\\/\\\/www.plantedforests.org\\\/fr\\\/#organization\"},\"potentialAction\":[{\"@type\":\"SearchAction\",\"target\":{\"@type\":\"EntryPoint\",\"urlTemplate\":\"https:\\\/\\\/www.plantedforests.org\\\/fr\\\/?s={search_term_string}\"},\"query-input\":{\"@type\":\"PropertyValueSpecification\",\"valueRequired\":true,\"valueName\":\"search_term_string\"}}],\"inLanguage\":\"es\"},{\"@type\":\"Organization\",\"@id\":\"https:\\\/\\\/www.plantedforests.org\\\/fr\\\/#organization\",\"name\":\"Institut Europ\u00e9en de la For\u00eat Cultiv\u00e9e - Plantedforests.org\",\"url\":\"https:\\\/\\\/www.plantedforests.org\\\/fr\\\/\",\"logo\":{\"@type\":\"ImageObject\",\"inLanguage\":\"es\",\"@id\":\"https:\\\/\\\/www.plantedforests.org\\\/fr\\\/#\\\/schema\\\/logo\\\/image\\\/\",\"url\":\"https:\\\/\\\/www.plantedforests.org\\\/wp-content\\\/uploads\\\/2022\\\/07\\\/Logo_iefc__FR.png\",\"contentUrl\":\"https:\\\/\\\/www.plantedforests.org\\\/wp-content\\\/uploads\\\/2022\\\/07\\\/Logo_iefc__FR.png\",\"width\":2031,\"height\":1001,\"caption\":\"Institut Europ\u00e9en de la For\u00eat Cultiv\u00e9e - Plantedforests.org\"},\"image\":{\"@id\":\"https:\\\/\\\/www.plantedforests.org\\\/fr\\\/#\\\/schema\\\/logo\\\/image\\\/\"},\"sameAs\":[\"https:\\\/\\\/x.com\\\/IEFCPlantForest\",\"https:\\\/\\\/www.linkedin.com\\\/company\\\/71728047\\\/\"]}]}<\/script>\n<!-- \/ Yoast SEO plugin. -->","yoast_head_json":{"title":"Groupe de travail sur la d\u00e9clinaison r\u00e9gionale des Indicateurs de gestion durable en For\u00eat - Instituto Europeo Del Bosque Cultivado - IEFC","robots":{"index":"index","follow":"follow","max-snippet":"max-snippet:-1","max-image-preview":"max-image-preview:large","max-video-preview":"max-video-preview:-1"},"canonical":"https:\/\/www.plantedforests.org\/groupe-de-travail-sur-la-declinaison-regionale-des-indicateurs-de-gestion-durable-en-foret\/","og_locale":"es_ES","og_type":"article","og_title":"Groupe de travail sur la d\u00e9clinaison r\u00e9gionale des Indicateurs de gestion durable en For\u00eat - Instituto Europeo Del Bosque Cultivado - IEFC","og_url":"https:\/\/www.plantedforests.org\/groupe-de-travail-sur-la-declinaison-regionale-des-indicateurs-de-gestion-durable-en-foret\/","og_site_name":"Instituto Europeo Del Bosque Cultivado - IEFC","article_modified_time":"2025-04-07T08:46:26+00:00","og_image":[{"url":"https:\/\/www.plantedforests.org\/old_resources\/images\/union_europeenne.gif","type":"","width":"","height":""}],"twitter_card":"summary_large_image","twitter_site":"@IEFCPlantForest","twitter_misc":{"Tiempo de lectura":"2 minutos"},"schema":{"@context":"https:\/\/schema.org","@graph":[{"@type":"WebPage","@id":"https:\/\/www.plantedforests.org\/groupe-de-travail-sur-la-declinaison-regionale-des-indicateurs-de-gestion-durable-en-foret\/","url":"https:\/\/www.plantedforests.org\/groupe-de-travail-sur-la-declinaison-regionale-des-indicateurs-de-gestion-durable-en-foret\/","name":"Groupe de travail sur la d\u00e9clinaison r\u00e9gionale des Indicateurs de gestion durable en For\u00eat - Instituto Europeo Del Bosque Cultivado - IEFC","isPartOf":{"@id":"https:\/\/www.plantedforests.org\/fr\/#website"},"primaryImageOfPage":{"@id":"https:\/\/www.plantedforests.org\/groupe-de-travail-sur-la-declinaison-regionale-des-indicateurs-de-gestion-durable-en-foret\/#primaryimage"},"image":{"@id":"https:\/\/www.plantedforests.org\/groupe-de-travail-sur-la-declinaison-regionale-des-indicateurs-de-gestion-durable-en-foret\/#primaryimage"},"thumbnailUrl":"https:\/\/www.plantedforests.org\/old_resources\/images\/union_europeenne.gif","datePublished":"2018-05-31T15:46:47+00:00","dateModified":"2025-04-07T08:46:26+00:00","breadcrumb":{"@id":"https:\/\/www.plantedforests.org\/groupe-de-travail-sur-la-declinaison-regionale-des-indicateurs-de-gestion-durable-en-foret\/#breadcrumb"},"inLanguage":"es","potentialAction":[{"@type":"ReadAction","target":["https:\/\/www.plantedforests.org\/groupe-de-travail-sur-la-declinaison-regionale-des-indicateurs-de-gestion-durable-en-foret\/"]}]},{"@type":"ImageObject","inLanguage":"es","@id":"https:\/\/www.plantedforests.org\/groupe-de-travail-sur-la-declinaison-regionale-des-indicateurs-de-gestion-durable-en-foret\/#primaryimage","url":"https:\/\/www.plantedforests.org\/old_resources\/images\/union_europeenne.gif","contentUrl":"https:\/\/www.plantedforests.org\/old_resources\/images\/union_europeenne.gif"},{"@type":"BreadcrumbList","@id":"https:\/\/www.plantedforests.org\/groupe-de-travail-sur-la-declinaison-regionale-des-indicateurs-de-gestion-durable-en-foret\/#breadcrumb","itemListElement":[{"@type":"ListItem","position":1,"name":"Accueil","item":"https:\/\/www.plantedforests.org\/"},{"@type":"ListItem","position":2,"name":"Groupe de travail sur la d\u00e9clinaison r\u00e9gionale des Indicateurs de gestion durable en For\u00eat"}]},{"@type":"WebSite","@id":"https:\/\/www.plantedforests.org\/fr\/#website","url":"https:\/\/www.plantedforests.org\/fr\/","name":"Instituto Europeo Del Bosque Cultivado - IEFC","description":"La red para la gesti\u00f3n sostenible y la resiliencia de los bosques cultivados ","publisher":{"@id":"https:\/\/www.plantedforests.org\/fr\/#organization"},"potentialAction":[{"@type":"SearchAction","target":{"@type":"EntryPoint","urlTemplate":"https:\/\/www.plantedforests.org\/fr\/?s={search_term_string}"},"query-input":{"@type":"PropertyValueSpecification","valueRequired":true,"valueName":"search_term_string"}}],"inLanguage":"es"},{"@type":"Organization","@id":"https:\/\/www.plantedforests.org\/fr\/#organization","name":"Institut Europ\u00e9en de la For\u00eat Cultiv\u00e9e - Plantedforests.org","url":"https:\/\/www.plantedforests.org\/fr\/","logo":{"@type":"ImageObject","inLanguage":"es","@id":"https:\/\/www.plantedforests.org\/fr\/#\/schema\/logo\/image\/","url":"https:\/\/www.plantedforests.org\/wp-content\/uploads\/2022\/07\/Logo_iefc__FR.png","contentUrl":"https:\/\/www.plantedforests.org\/wp-content\/uploads\/2022\/07\/Logo_iefc__FR.png","width":2031,"height":1001,"caption":"Institut Europ\u00e9en de la For\u00eat Cultiv\u00e9e - Plantedforests.org"},"image":{"@id":"https:\/\/www.plantedforests.org\/fr\/#\/schema\/logo\/image\/"},"sameAs":["https:\/\/x.com\/IEFCPlantForest","https:\/\/www.linkedin.com\/company\/71728047\/"]}]}},"_links":{"self":[{"href":"https:\/\/www.plantedforests.org\/es\/wp-json\/wp\/v2\/pages\/2756","targetHints":{"allow":["GET"]}}],"collection":[{"href":"https:\/\/www.plantedforests.org\/es\/wp-json\/wp\/v2\/pages"}],"about":[{"href":"https:\/\/www.plantedforests.org\/es\/wp-json\/wp\/v2\/types\/page"}],"author":[{"embeddable":true,"href":"https:\/\/www.plantedforests.org\/es\/wp-json\/wp\/v2\/users\/3"}],"replies":[{"embeddable":true,"href":"https:\/\/www.plantedforests.org\/es\/wp-json\/wp\/v2\/comments?post=2756"}],"version-history":[{"count":3,"href":"https:\/\/www.plantedforests.org\/es\/wp-json\/wp\/v2\/pages\/2756\/revisions"}],"predecessor-version":[{"id":22793,"href":"https:\/\/www.plantedforests.org\/es\/wp-json\/wp\/v2\/pages\/2756\/revisions\/22793"}],"wp:attachment":[{"href":"https:\/\/www.plantedforests.org\/es\/wp-json\/wp\/v2\/media?parent=2756"}],"curies":[{"name":"wp","href":"https:\/\/api.w.org\/{rel}","templated":true}]}}