
{"id":267,"date":"2018-01-09T01:32:17","date_gmt":"2018-01-09T00:32:17","guid":{"rendered":"https:\/\/www.iefc.net\/?page_id=267"},"modified":"2024-03-07T14:47:01","modified_gmt":"2024-03-07T13:47:01","slug":"past_activities","status":"publish","type":"page","link":"https:\/\/www.plantedforests.org\/es\/past_activities\/","title":{"rendered":"Activit\u00e9s de l&#8217;IEFC ant\u00e9rieures \u00e0 2013"},"content":{"rendered":"<h2 class=\"vert\">Manifestations organis\u00e9es par l&#8217;IEFC sur la p\u00e9riode 2000-2013<\/h2>\n<p><a href=\"https:\/\/www.plantedforests.org\/events\/\"><em>\u00a0[Manifestations organis\u00e9es par l&#8217;IEFC depuis 2020]<\/em><\/a><\/p>\n<p><a class=\"icone_lien\" href=\"https:\/\/www.plantedforests.org\/wp-content\/uploads\/2018\/06\/Arboretum-Demonstration-Site-Catalogue.pdf\" target=\"_self\" rel=\"noopener noreferrer\" hreflang=\"en\" data-wplink-edit=\"true\"> Novembre 2013: Lacement du catalogue \u00abArboretum &amp; Demonstration Site Catalogue\u00bb<\/a><br \/>\n<a class=\"icone_lien_efi\" href=\"http:\/\/www.efiatlantic.efi.int\/portal\/events\/past_events\/2013\/icpf\/\" target=\"_blank\" rel=\"noopener noreferrer\" hreflang=\"en\"> Mai 2013: 3rd International Congress on Planted Forests<\/a><br \/>\n<a class=\"icone_lien_efi\" href=\"http:\/\/www.efiatlantic.efi.int\/portal\/events\/past_events\/2013\/dfci_forum\/\" target=\"_blank\" rel=\"noopener noreferrer\" hreflang=\"en\"> Janvier 2013: Strategies on Forest Fire Prevention in the Southern European Forests<\/a><br \/>\n<a class=\"icone_lien_efi\" href=\"http:\/\/www.gip-ecofor.org\/tours2012\/\" target=\"_blank\" rel=\"noopener noreferrer\" hreflang=\"en\"> Mai 2012: International Conference Tackling climate change: The contribution of forest scientific knowledge, Tours, France.<\/a><br \/>\n<a class=\"icone_lien_efi\" href=\"http:\/\/www.isa.utl.pt\/def\/fp0603forestmodels\/final-meeting.html\" target=\"_blank\" rel=\"noopener noreferrer\" hreflang=\"en\"> Mars 2012 : COST FP603 on models final meeting<\/a><br \/>\n<a class=\"icone_lien_efi\" href=\"http:\/\/www.efiatlantic.efi.int\/portal\/events\/past_events\/2011\/colloque_l_innovation_au_service_de_la_for_t_aquitaine___mesures_d_urgence_et_perspectives\/\" target=\"_blank\" rel=\"noopener noreferrer\" hreflang=\"fr\"> Novembre 2011 : Colloque L&#8217;innovation au service de la for\u00eat d&#8217;Aquitaine : urgences et perspectives, Bordeaux (France)<\/a><br \/>\n<a class=\"icone_lien_efi\" href=\"http:\/\/www.efiatlantic.efi.int\/portal\/events\/past_events\/2011\/r_union_2011_du_groupe_des_entomologistes_forestiers_francophones__geff_\/\" target=\"_blank\" rel=\"noopener noreferrer\" hreflang=\"\"> October 2011 : R\u00e9union annuelle du Groupe des entomologistes forestiers francophones (GEFF), Le Teich (France)<\/a><br \/>\n<a class=\"icone_lien_efi\" href=\"http:\/\/www.efiatlantic.efi.int\/portal\/networking\/evoltree_network_\/evoltree_summer_schools_2011\/\" target=\"_blank\" rel=\"noopener noreferrer\" hreflang=\"\"> Et\u00e9-automne 2011 : organisation de six \u00e9coles EVOLTREE<\/a><br \/>\n<a class=\"icone_lien_efi\" href=\"http:\/\/www.efiatlantic.efi.int\/portal\/events\/past_events\/2011\/nematode_day\/\" target=\"_blank\" rel=\"noopener noreferrer\" hreflang=\"en\"> Mai 2011: Managed Forests in Future Landscapes &#8211; Implications for water and carbon cycles<\/a><br \/>\n<a class=\"icone_lien_efi\" href=\"http:\/\/www.efiatlantic.efi.int\/files\/attachments\/efiatlantic\/iufro_spain_2011-7.02.02-firstannouncement.pdf\" target=\"_blank\" rel=\"noopener noreferrer\" hreflang=\"en\"> Mai 2011: Global Change and Forest Diseases: New threats, new stratergies<\/a><br \/>\n<a class=\"icone_lien_efi\" href=\"http:\/\/www.efiatlantic.efi.int\/portal\/events\/nematode_day\/\" target=\"_blank\" rel=\"noopener noreferrer\" hreflang=\"en\"> Janvier 2011 : La journ\u00e9e du n\u00e9matode, Pontevedra, galice<\/a><br \/>\n<a class=\"icone_lien_efi\" href=\"http:\/\/www.efiatlantic.efi.int\/portal\/events\/past_events\/2010\/1st_rokfor_conference\/\" target=\"_blank\" rel=\"noopener noreferrer\" hreflang=\"en\"> Octobre 2010 :Conference ROKFOR sur les besoins de recherche pour les march\u00e9s porteur associ\u00e9s \u00e0 la for\u00eat<\/a><br \/>\n<a class=\"icone_lien\" href=\"https:\/\/www.plantedforests.org\/?page=affiche_article.php&amp;article=70&amp;langue=fr\" target=\"_top\" rel=\"noopener noreferrer\" hreflang=\"\" data-wplink-edit=\"true\"> Mars 2009 : Lancement de l&#8217;office r\u00e9gional EFI Atlantique et pr\u00e9sentation du projet d&#8217;infrastrucuture pour l&#8217;adaptation des for\u00eats au changement climatique (REINFFORCE)<\/a><br \/>\n<a class=\"icone_lien\" href=\"https:\/\/www.plantedforests.org\/defor\/\" target=\"_top\" rel=\"noopener noreferrer\" hreflang=\"\"> 2008 : D\u00e9monstration des innovations test\u00e9es dans le cadre de DEFOR<\/a><br \/>\n<a class=\"icone_lien\" href=\"https:\/\/www.plantedforests.org\/forsee\/\" target=\"_top\" rel=\"noopener noreferrer\" hreflang=\"\"> 2007 : S\u00e9minaires r\u00e9gionaux sur les indicateurs \u00e9valu\u00e9s dans le cadre de FORSEE<\/a><br \/>\n<a class=\"icone_lien\" href=\"https:\/\/www.plantedforests.org\/indicators-for-sustainable-forest-management-in-cultivated-forests-2\/\" target=\"_top\" rel=\"noopener noreferrer\" hreflang=\"en\"> Decembre 2006 : Conf\u00e9rence Internationale sur les indicateurs de gestion durable des For\u00eats<\/a><br \/>\n<a class=\"icone_lien\" href=\"https:\/\/www.plantedforests.org\/old_resources\/manifestations\/2006_conf86_congress.en.html\" target=\"_top\" rel=\"noopener noreferrer\" hreflang=\"en\"> Octobre 2006 : Congr\u00e8s des for\u00eats de plantation avec forum scientifique sur les services environnementaux des for\u00eats de plantation<\/a><br \/>\n<a class=\"icone_lien\" href=\"https:\/\/www.plantedforests.org\/biodiversite-and-conservation-biology-in-plantation-forests\/\" target=\"_top\" rel=\"noopener noreferrer\" hreflang=\"\"> Avril 2005 : IUFRO &#8211; Biodiversit\u00e9 et biologie de la conservation des \u00e9cosyst\u00e8mes forestiers dans les for\u00eats de plantation<\/a><br \/>\n<a class=\"icone_lien\" href=\"https:\/\/www.plantedforests.org\/forest-soil-symposium\/\" target=\"_top\" rel=\"noopener noreferrer\" hreflang=\"en\"> Septembre 2004 : Colloque IUFRO &#8211; Les sols forestiers confront\u00e9s aux changements climatiques globaux et r\u00e9gionaux : de la recherche \u00e0 la pratique.<\/a><br \/>\n<a class=\"icone_lien\" href=\"https:\/\/www.plantedforests.org\/imacford\/\" target=\"_top\" rel=\"noopener noreferrer\" hreflang=\"\"> Ann\u00e9e 2003 : S\u00e9minaires sur les besoins en recherche du secteur for\u00eat-bois-papier<\/a><br \/>\n<a class=\"icone_lien\" href=\"https:\/\/www.plantedforests.org\/strategies-de-prevention-contre-les-incendies-dans-les-forets-deurope-du-sud\/\" target=\"_top\" rel=\"noopener noreferrer\" hreflang=\"\"> Janvier 2002 : Forum des professionnels de la pr\u00e9vention des incendies de for\u00eat : Strat\u00e9gie de pr\u00e9vention des incendies.<\/a><br \/>\n<a class=\"icone_lien\" href=\"https:\/\/www.plantedforests.org\/wp-content\/uploads\/2018\/06\/2001_EFI_Annual_meeting_Programme.pdf\" hreflang=\"en\"> Septembre 2001 : Organisation de la 8\u00e8me conf\u00e9rence annuelle de l&#8217;EFI (European Forest Institute) \u00e0 Bordeaux. S\u00e9minaire scientifique sur le risque.<\/a><br \/>\n<a class=\"icone_lien\" href=\"https:\/\/www.plantedforests.org\/workshop-tools-and-methodologies-for-fire-danger-mapping-9-10-mars-2001-2\/\" target=\"_top\" rel=\"noopener noreferrer\" hreflang=\"fr\"> Mars 2001 : Atelier sur les outils et m\u00e9thodes de la cartographie du risque incendie<\/a><br \/>\n<a class=\"icone_lien\" href=\"https:\/\/www.plantedforests.org\/table-ronde-forexpo-souston-juin-2000\/\" target=\"_top\" rel=\"noopener noreferrer\" hreflang=\"fr\"> Mai 2000 : Table ronde FOREXPO sur la Gestion durable des for\u00eats et risque climatique<\/a><\/p>\n<h2 class=\"vert\">Projets sur la p\u00e9riode 2000-2013<\/h2>\n<p><em><a href=\"https:\/\/www.plantedforests.org\/projects-list\/\">[Liste des projets IEFC depuis 2020]<\/a><\/em><\/p>\n<p><a class=\"icone_lien_efi\" href=\"http:\/\/forrisk.efiatlantic.efi.int\/\" target=\"_blank\" rel=\"noopener noreferrer\" hreflang=\"\" data-wplink-edit=\"true\">FORRISK : gestion int\u00e9gr\u00e9e des risques forestiers, de la parcelle \u00e0 la r\u00e9gion<\/a><br \/>\n<a href=\"https:\/\/www.plantedforests.org\/project-marcsman\/\">MARCSMAN: <strong>Ma<\/strong>ximizing the <strong>R<\/strong>esilience and <strong>C<\/strong>arbon <strong>S<\/strong>equestration in <strong>Ma<\/strong>naged <strong>N<\/strong>orway Spruce Forests <\/a><br \/>\n<a class=\"icone_lien_efi\" href=\"http:\/\/www.integral-project.eu\/\" target=\"_blank\" rel=\"noopener noreferrer\" hreflang=\"en\"> INTEGRAL: Future-oriented integrated management of European forest landscapes<\/a><br \/>\n<a class=\"icone_lien_efi\" href=\"http:\/\/www.rokfor.eu\" target=\"_blank\" rel=\"noopener noreferrer\" hreflang=\"en\"> ROKFOR : r\u00e9gions de la connaissance pour les march\u00e9s porteurs associ\u00e9s \u00e0 la for\u00eat (WP2 leader)<\/a><br \/>\n<a class=\"icone_lien_efi\" href=\"http:\/\/www.efiatlantic.efi.int\/portal\/research\/storm_european_study\/\" target=\"_blank\" rel=\"noopener noreferrer\" hreflang=\"\"> STORM : les d\u00e9g\u00e2ts des temp\u00eates les plus destructrices en europe &#8211; quelle politique europ\u00e9enne?<\/a><br \/>\n<a class=\"icone_lien\" href=\"https:\/\/www.plantedforests.org\/wp-content\/uploads\/2018\/06\/IEFC_EFIATLANTIC_etude_nematode_2009.pdf\" target=\"_blank\" rel=\"noopener noreferrer\" hreflang=\"en\"> State of the Art on the Monitoring of the Pine Wood Nematode (Bursaphelenchus xylophilus) and its Insect Vector (Monochamus) galloprovincialis in Europe<\/a><br \/>\n<a class=\"icone_lien\" href=\"http:\/\/reinfforce.iefc.net\/\" target=\"_top\" rel=\"noopener noreferrer\" hreflang=\"\"> REseau d&#8217;INFrastructures pour l&#8217;adaptation des FOR\u00eats au Changement climatiquE (REINFFORCE)<\/a><br \/>\n<a class=\"icone_lien\" href=\"https:\/\/www.plantedforests.org\/defor\/\" target=\"_top\" rel=\"noopener noreferrer\" hreflang=\"\"> DEveloppement FORestier (DEFOR) : La recherche au service du d\u00e9veloppement durable et de la comp\u00e9titivit\u00e9 du secteur forestier Sud-ouest europ\u00e9en<\/a><br \/>\n<a class=\"icone_lien\" href=\"https:\/\/www.plantedforests.org\/wp-content\/uploads\/2018\/06\/FFS.V2.pdf\" target=\"_top\" rel=\"noopener noreferrer\" hreflang=\"\"> FFS : Formation for\u00eat et soci\u00e9t\u00e9 &#8211; un \u00e9change acad\u00e9mique entre sociologues et forestiers<\/a><br \/>\n<a class=\"icone_lien\" href=\"https:\/\/www.plantedforests.org\/wp-content\/uploads\/2018\/06\/REPESCO.v2.pdf\" target=\"_top\" rel=\"noopener noreferrer\" hreflang=\"\"> REPESCO : Mise au point d&#8217;une m\u00e9thode de pr\u00e9vention des attaques de scolytes sur grumes de pin maritime \u00e0 l&#8217;aide de compos\u00e9s r\u00e9pulsifs d&#8217;origine naturelle<\/a><br \/>\n<a class=\"icone_lien\" href=\"https:\/\/www.plantedforests.org\/forsee\/\" target=\"_top\" rel=\"noopener noreferrer\" hreflang=\"\"> FORSEE : Mise en place d&#8217;un r\u00e9seau de sites ateliers pour l&#8217;\u00e9valuation de la faisabilit\u00e9, de la pertinence et du c\u00f4ut des indicateurs de gestion durable, porteur du projet IEFC<\/a><br \/>\nPPM : Monographie sur le Pin Maritime [Abandonn\u00e9e]<br \/>\n<a class=\"icone_lien\" href=\"https:\/\/www.plantedforests.org\/projet-indisfae\/\" target=\"_top\" rel=\"noopener noreferrer\" hreflang=\"\"> INDISFAE : Indicateur en Sociologie Foresti\u00e8re Aquitaine-Euskadi<\/a><br \/>\n<a class=\"icone_lien\" href=\"https:\/\/www.plantedforests.org\/imacford\/\" target=\"_top\" rel=\"noopener noreferrer\" hreflang=\"\"> IMACFORD : Mesure d&#8217;accompagnement pour la pr\u00e9paration du 6 PCRD. Porteur du projet EFI.<\/a><br \/>\n<a class=\"icone_lien\" href=\"https:\/\/www.plantedforests.org\/les-proprietaires-forestiers-gascons-face-au-risque\/\" target=\"_top\" rel=\"noopener noreferrer\" hreflang=\"\"> Proprisk : Le propri\u00e9taire forestier Gascon face au risque (Etude financ\u00e9e par le GIP ECOFOR)<\/a><br \/>\n<a class=\"icone_lien\" href=\"https:\/\/www.plantedforests.org\/gerer-ensemble-le-territoire\/\" target=\"_top\" rel=\"noopener noreferrer\" hreflang=\"\"> GERENS (G\u00e9rer ensemble le territoire) : dialogue autour de la gestion durable : porteur de projet IEFC<\/a><br \/>\n<a class=\"icone_lien\" href=\"https:\/\/www.plantedforests.org\/mise-en-place-dun-reseau-de-zones-pilotes-pour-tester-les-indicateurs-de-gestion-durable\/\" target=\"_top\" rel=\"noopener noreferrer\" hreflang=\"\"> MPRSA : mise en place d&#8217;un r\u00e9seau d&#8217;expertise sur les indicateurs de gestion durable en for\u00eat<\/a><br \/>\n<a class=\"icone_lien\" href=\"https:\/\/www.plantedforests.org\/eurosilvasur\/\" target=\"_top\" rel=\"noopener noreferrer\" hreflang=\"\"> EUROSILVASUR : Projet de 3 ans, 2000-2002, Coop\u00e9ration interr\u00e9gionale, porteurs du projet : USSE, CR Aquitaine.<\/a><\/p>\n","protected":false},"excerpt":{"rendered":"<p>Manifestations organis\u00e9es par l&#8217;IEFC sur la p\u00e9riode 2000-2013 \u00a0[Manifestations organis\u00e9es par l&#8217;IEFC depuis 2020] Novembre 2013: Lacement du catalogue \u00abArboretum &amp; Demonstration Site Catalogue\u00bb Mai 2013: 3rd International Congress on [&hellip;]<\/p>\n","protected":false},"author":3,"featured_media":0,"parent":0,"menu_order":0,"comment_status":"closed","ping_status":"closed","template":"","meta":{"_acf_changed":false,"_eb_attr":"","_EventAllDay":false,"_EventTimezone":"","_EventStartDate":"","_EventEndDate":"","_EventStartDateUTC":"","_EventEndDateUTC":"","_EventShowMap":false,"_EventShowMapLink":false,"_EventURL":"","_EventCost":"","_EventCostDescription":"","_EventCurrencySymbol":"","_EventCurrencyCode":"","_EventCurrencyPosition":"","_EventDateTimeSeparator":"","_EventTimeRangeSeparator":"","_EventOrganizerID":[],"_EventVenueID":[],"_OrganizerEmail":"","_OrganizerPhone":"","_OrganizerWebsite":"","_VenueAddress":"","_VenueCity":"","_VenueCountry":"","_VenueProvince":"","_VenueState":"","_VenueZip":"","_VenuePhone":"","_VenueURL":"","_VenueStateProvince":"","_VenueLat":"","_VenueLng":"","_VenueShowMap":false,"_VenueShowMapLink":false,"activitypub_content_warning":"","activitypub_content_visibility":"","activitypub_max_image_attachments":4,"activitypub_interaction_policy_quote":"anyone","activitypub_status":"","footnotes":""},"class_list":["post-267","page","type-page","status-publish","hentry"],"translation":{"provider":"WPGlobus","version":"3.0.2","language":"es","enabled_languages":["gb","fr","es","pt"],"languages":{"gb":{"title":true,"content":true,"excerpt":false},"fr":{"title":false,"content":false,"excerpt":false},"es":{"title":false,"content":false,"excerpt":false},"pt":{"title":false,"content":false,"excerpt":false}}},"acf":[],"yoast_head":"<!-- This site is optimized with the Yoast SEO plugin v27.3 - https:\/\/yoast.com\/product\/yoast-seo-wordpress\/ -->\n<title>Activit\u00e9s de l&#039;IEFC ant\u00e9rieures \u00e0 2013 - Instituto Europeo Del Bosque Cultivado - IEFC<\/title>\n<meta name=\"robots\" content=\"index, follow, max-snippet:-1, max-image-preview:large, max-video-preview:-1\" \/>\n<link rel=\"canonical\" href=\"https:\/\/www.plantedforests.org\/pt\/past_activities\/\" \/>\n<meta property=\"og:locale\" content=\"es_ES\" \/>\n<meta property=\"og:type\" content=\"article\" \/>\n<meta property=\"og:title\" content=\"Activit\u00e9s de l&#039;IEFC ant\u00e9rieures \u00e0 2013 - Instituto Europeo Del Bosque Cultivado - IEFC\" \/>\n<meta property=\"og:url\" content=\"https:\/\/www.plantedforests.org\/pt\/past_activities\/\" \/>\n<meta property=\"og:site_name\" content=\"Instituto Europeo Del Bosque Cultivado - IEFC\" \/>\n<meta property=\"article:modified_time\" content=\"2024-03-07T13:47:01+00:00\" \/>\n<meta name=\"twitter:card\" content=\"summary_large_image\" \/>\n<meta name=\"twitter:site\" content=\"@IEFCPlantForest\" \/>\n<meta name=\"twitter:label1\" content=\"Tiempo de lectura\" \/>\n\t<meta name=\"twitter:data1\" content=\"4 minutos\" \/>\n<script type=\"application\/ld+json\" class=\"yoast-schema-graph\">{\"@context\":\"https:\\\/\\\/schema.org\",\"@graph\":[{\"@type\":\"WebPage\",\"@id\":\"https:\\\/\\\/www.plantedforests.org\\\/pt\\\/past_activities\\\/\",\"url\":\"https:\\\/\\\/www.plantedforests.org\\\/pt\\\/past_activities\\\/\",\"name\":\"Activit\u00e9s de l'IEFC ant\u00e9rieures \u00e0 2013 - Instituto Europeo Del Bosque Cultivado - IEFC\",\"isPartOf\":{\"@id\":\"https:\\\/\\\/www.plantedforests.org\\\/fr\\\/#website\"},\"datePublished\":\"2018-01-09T00:32:17+00:00\",\"dateModified\":\"2024-03-07T13:47:01+00:00\",\"description\":\"List of past activities of IEFC for the period 2000-2012 : events and projects. Overview of main actions\",\"breadcrumb\":{\"@id\":\"https:\\\/\\\/www.plantedforests.org\\\/pt\\\/past_activities\\\/#breadcrumb\"},\"inLanguage\":\"es\",\"potentialAction\":[{\"@type\":\"ReadAction\",\"target\":[\"https:\\\/\\\/www.plantedforests.org\\\/pt\\\/past_activities\\\/\"]}]},{\"@type\":\"BreadcrumbList\",\"@id\":\"https:\\\/\\\/www.plantedforests.org\\\/pt\\\/past_activities\\\/#breadcrumb\",\"itemListElement\":[{\"@type\":\"ListItem\",\"position\":1,\"name\":\"Accueil\",\"item\":\"https:\\\/\\\/www.plantedforests.org\\\/\"},{\"@type\":\"ListItem\",\"position\":2,\"name\":\"Activit\u00e9s de l&#8217;IEFC ant\u00e9rieures \u00e0 2013\"}]},{\"@type\":\"WebSite\",\"@id\":\"https:\\\/\\\/www.plantedforests.org\\\/fr\\\/#website\",\"url\":\"https:\\\/\\\/www.plantedforests.org\\\/fr\\\/\",\"name\":\"Instituto Europeo Del Bosque Cultivado - IEFC\",\"description\":\"La red para la gesti\u00f3n sostenible y la resiliencia de los bosques cultivados \",\"publisher\":{\"@id\":\"https:\\\/\\\/www.plantedforests.org\\\/fr\\\/#organization\"},\"potentialAction\":[{\"@type\":\"SearchAction\",\"target\":{\"@type\":\"EntryPoint\",\"urlTemplate\":\"https:\\\/\\\/www.plantedforests.org\\\/fr\\\/?s={search_term_string}\"},\"query-input\":{\"@type\":\"PropertyValueSpecification\",\"valueRequired\":true,\"valueName\":\"search_term_string\"}}],\"inLanguage\":\"es\"},{\"@type\":\"Organization\",\"@id\":\"https:\\\/\\\/www.plantedforests.org\\\/fr\\\/#organization\",\"name\":\"Institut Europ\u00e9en de la For\u00eat Cultiv\u00e9e - Plantedforests.org\",\"url\":\"https:\\\/\\\/www.plantedforests.org\\\/fr\\\/\",\"logo\":{\"@type\":\"ImageObject\",\"inLanguage\":\"es\",\"@id\":\"https:\\\/\\\/www.plantedforests.org\\\/fr\\\/#\\\/schema\\\/logo\\\/image\\\/\",\"url\":\"https:\\\/\\\/www.plantedforests.org\\\/wp-content\\\/uploads\\\/2022\\\/07\\\/Logo_iefc__FR.png\",\"contentUrl\":\"https:\\\/\\\/www.plantedforests.org\\\/wp-content\\\/uploads\\\/2022\\\/07\\\/Logo_iefc__FR.png\",\"width\":2031,\"height\":1001,\"caption\":\"Institut Europ\u00e9en de la For\u00eat Cultiv\u00e9e - Plantedforests.org\"},\"image\":{\"@id\":\"https:\\\/\\\/www.plantedforests.org\\\/fr\\\/#\\\/schema\\\/logo\\\/image\\\/\"},\"sameAs\":[\"https:\\\/\\\/x.com\\\/IEFCPlantForest\",\"https:\\\/\\\/www.linkedin.com\\\/company\\\/71728047\\\/\"]}]}<\/script>\n<!-- \/ Yoast SEO plugin. -->","yoast_head_json":{"title":"Activit\u00e9s de l'IEFC ant\u00e9rieures \u00e0 2013 - Instituto Europeo Del Bosque Cultivado - IEFC","robots":{"index":"index","follow":"follow","max-snippet":"max-snippet:-1","max-image-preview":"max-image-preview:large","max-video-preview":"max-video-preview:-1"},"canonical":"https:\/\/www.plantedforests.org\/pt\/past_activities\/","og_locale":"es_ES","og_type":"article","og_title":"Activit\u00e9s de l'IEFC ant\u00e9rieures \u00e0 2013 - Instituto Europeo Del Bosque Cultivado - IEFC","og_url":"https:\/\/www.plantedforests.org\/pt\/past_activities\/","og_site_name":"Instituto Europeo Del Bosque Cultivado - IEFC","article_modified_time":"2024-03-07T13:47:01+00:00","twitter_card":"summary_large_image","twitter_site":"@IEFCPlantForest","twitter_misc":{"Tiempo de lectura":"4 minutos"},"schema":{"@context":"https:\/\/schema.org","@graph":[{"@type":"WebPage","@id":"https:\/\/www.plantedforests.org\/pt\/past_activities\/","url":"https:\/\/www.plantedforests.org\/pt\/past_activities\/","name":"Activit\u00e9s de l'IEFC ant\u00e9rieures \u00e0 2013 - Instituto Europeo Del Bosque Cultivado - IEFC","isPartOf":{"@id":"https:\/\/www.plantedforests.org\/fr\/#website"},"datePublished":"2018-01-09T00:32:17+00:00","dateModified":"2024-03-07T13:47:01+00:00","description":"List of past activities of IEFC for the period 2000-2012 : events and projects. Overview of main actions","breadcrumb":{"@id":"https:\/\/www.plantedforests.org\/pt\/past_activities\/#breadcrumb"},"inLanguage":"es","potentialAction":[{"@type":"ReadAction","target":["https:\/\/www.plantedforests.org\/pt\/past_activities\/"]}]},{"@type":"BreadcrumbList","@id":"https:\/\/www.plantedforests.org\/pt\/past_activities\/#breadcrumb","itemListElement":[{"@type":"ListItem","position":1,"name":"Accueil","item":"https:\/\/www.plantedforests.org\/"},{"@type":"ListItem","position":2,"name":"Activit\u00e9s de l&#8217;IEFC ant\u00e9rieures \u00e0 2013"}]},{"@type":"WebSite","@id":"https:\/\/www.plantedforests.org\/fr\/#website","url":"https:\/\/www.plantedforests.org\/fr\/","name":"Instituto Europeo Del Bosque Cultivado - IEFC","description":"La red para la gesti\u00f3n sostenible y la resiliencia de los bosques cultivados ","publisher":{"@id":"https:\/\/www.plantedforests.org\/fr\/#organization"},"potentialAction":[{"@type":"SearchAction","target":{"@type":"EntryPoint","urlTemplate":"https:\/\/www.plantedforests.org\/fr\/?s={search_term_string}"},"query-input":{"@type":"PropertyValueSpecification","valueRequired":true,"valueName":"search_term_string"}}],"inLanguage":"es"},{"@type":"Organization","@id":"https:\/\/www.plantedforests.org\/fr\/#organization","name":"Institut Europ\u00e9en de la For\u00eat Cultiv\u00e9e - Plantedforests.org","url":"https:\/\/www.plantedforests.org\/fr\/","logo":{"@type":"ImageObject","inLanguage":"es","@id":"https:\/\/www.plantedforests.org\/fr\/#\/schema\/logo\/image\/","url":"https:\/\/www.plantedforests.org\/wp-content\/uploads\/2022\/07\/Logo_iefc__FR.png","contentUrl":"https:\/\/www.plantedforests.org\/wp-content\/uploads\/2022\/07\/Logo_iefc__FR.png","width":2031,"height":1001,"caption":"Institut Europ\u00e9en de la For\u00eat Cultiv\u00e9e - Plantedforests.org"},"image":{"@id":"https:\/\/www.plantedforests.org\/fr\/#\/schema\/logo\/image\/"},"sameAs":["https:\/\/x.com\/IEFCPlantForest","https:\/\/www.linkedin.com\/company\/71728047\/"]}]}},"_links":{"self":[{"href":"https:\/\/www.plantedforests.org\/es\/wp-json\/wp\/v2\/pages\/267","targetHints":{"allow":["GET"]}}],"collection":[{"href":"https:\/\/www.plantedforests.org\/es\/wp-json\/wp\/v2\/pages"}],"about":[{"href":"https:\/\/www.plantedforests.org\/es\/wp-json\/wp\/v2\/types\/page"}],"author":[{"embeddable":true,"href":"https:\/\/www.plantedforests.org\/es\/wp-json\/wp\/v2\/users\/3"}],"replies":[{"embeddable":true,"href":"https:\/\/www.plantedforests.org\/es\/wp-json\/wp\/v2\/comments?post=267"}],"version-history":[{"count":15,"href":"https:\/\/www.plantedforests.org\/es\/wp-json\/wp\/v2\/pages\/267\/revisions"}],"predecessor-version":[{"id":17444,"href":"https:\/\/www.plantedforests.org\/es\/wp-json\/wp\/v2\/pages\/267\/revisions\/17444"}],"wp:attachment":[{"href":"https:\/\/www.plantedforests.org\/es\/wp-json\/wp\/v2\/media?parent=267"}],"curies":[{"name":"wp","href":"https:\/\/api.w.org\/{rel}","templated":true}]}}