
{"id":23239,"date":"2025-06-05T11:14:46","date_gmt":"2025-06-05T09:14:46","guid":{"rendered":"https:\/\/www.plantedforests.org\/?page_id=23239"},"modified":"2025-08-25T16:37:53","modified_gmt":"2025-08-25T14:37:53","slug":"fire-res-open-innovation-challenge","status":"publish","type":"page","link":"https:\/\/www.plantedforests.org\/es\/fire-res-open-innovation-challenge\/","title":{"rendered":"FIRE-RES &#8211; Open Innovation Challenge"},"content":{"rendered":"<p><img decoding=\"async\" width=\"525\" height=\"88\" src=\"https:\/\/www.plantedforests.org\/wp-content\/uploads\/2025\/05\/Capture-decran-2025-05-13-144519-2048x342.png\" alt=\"\" srcset=\"https:\/\/www.plantedforests.org\/wp-content\/uploads\/2025\/05\/Capture-decran-2025-05-13-144519-2048x342.png 2048w, https:\/\/www.plantedforests.org\/wp-content\/uploads\/2025\/05\/Capture-decran-2025-05-13-144519-300x50.png 300w, https:\/\/www.plantedforests.org\/wp-content\/uploads\/2025\/05\/Capture-decran-2025-05-13-144519-1024x171.png 1024w, https:\/\/www.plantedforests.org\/wp-content\/uploads\/2025\/05\/Capture-decran-2025-05-13-144519-150x25.png 150w, https:\/\/www.plantedforests.org\/wp-content\/uploads\/2025\/05\/Capture-decran-2025-05-13-144519-768x128.png 768w, https:\/\/www.plantedforests.org\/wp-content\/uploads\/2025\/05\/Capture-decran-2025-05-13-144519-1536x257.png 1536w, https:\/\/www.plantedforests.org\/wp-content\/uploads\/2025\/05\/Capture-decran-2025-05-13-144519-1320x221.png 1320w\" sizes=\"(max-width: 525px) 100vw, 525px\" \/>\t\t\t\t\t\t\t\t\t\t\t\t\t\t\t<\/p>\n<p>The\u00a0<strong>Open Innovation Challenge (OIC)<\/strong> is an initiative launched as part of FIRE-RES. It invites innovative start-ups, entrepreneurs, technicians, researchers and companies of all sizes to propose innovative solutions in the field of forest fire prevention, management, response and adaptation.<\/p>\n<p>The challenges to be met are organized into several themes, corresponding to the issues identified in them: risk communication, community engagement, training, management before, during and after extreme fires, surveillance, forecasting and decision support, as well as policies and governance. The solutions sought may be at different stages of development, ranging from initial ideas to products ready for commercialization.<\/p>\n<p style=\"text-align: left;\"><strong>The call for projects launched by the project coordination was closed in 2024<\/strong>, and the selected participants receive <strong>financial and in-kind support<\/strong>, as well as mentoring to develop and deploy their solutions. The winners will also have the opportunity<strong> to test their innovations in real-life conditions within the project&#8217;s 11 Living Labs.<\/strong><\/p>\n<p style=\"text-align: left;\">The innovations selected for testing in the living laboratory in the Landes de Gascogne are as follows:<\/p>\n<p style=\"text-align: left;\">&#8211; <strong>Nowildfire, an early detection system for forest fires<\/strong> (<a href=\"https:\/\/www.nowildfire.com\/\">https:\/\/www.nowildfire.com\/<\/a>)<\/p>\n<p style=\"text-align: left;\">&#8211; <strong>Wildflyer, a real-time weather and historical data management tool to improve fire prevention<\/strong> (<a draggable=\"false\" href=\"https:\/\/www.wildflyer.co\" target=\"_blank\" rel=\"noopener\">https:\/\/www.wildflyer.co\/<\/a>)<\/p>\n<p style=\"text-align: left;\">As coordinator of the Living Lab, the IEFC works to promote their implementation by<strong> identifying the stakeholders<\/strong> likely to benefit from their use and<strong> facilitating exchanges<\/strong> between these actors and the project leaders.<\/p>\n<p style=\"text-align: center;\"><strong>OIC official webpage:<\/strong><\/p>\n<p style=\"text-align: center;\"><a href=\"https:\/\/fire-res.eu\/open-innovation-challenge\/\">https:\/\/fire-res.eu\/open-innovation-challenge\/<\/a><\/p>\n<figure>\n\t\t\t\t\t\t\t\t\t\t<img fetchpriority=\"high\" decoding=\"async\" width=\"525\" height=\"394\" src=\"https:\/\/www.plantedforests.org\/wp-content\/uploads\/2025\/08\/IMG_20250630_161119.jpg\" alt=\"\" srcset=\"https:\/\/www.plantedforests.org\/wp-content\/uploads\/2025\/08\/IMG_20250630_161119.jpg 900w, https:\/\/www.plantedforests.org\/wp-content\/uploads\/2025\/08\/IMG_20250630_161119-300x225.jpg 300w, https:\/\/www.plantedforests.org\/wp-content\/uploads\/2025\/08\/IMG_20250630_161119-150x113.jpg 150w, https:\/\/www.plantedforests.org\/wp-content\/uploads\/2025\/08\/IMG_20250630_161119-768x576.jpg 768w\" sizes=\"(max-width: 525px) 100vw, 525px\" \/><figcaption><\/figcaption><\/figure>\n<p><em>Demonstration of fire detection sensors with the ForestGuard representative (Mr \u00d6rnek) at the COPIL of the FIRES-RES living laboratory (CRIFF in Belin Beliet in June 2025). This solution based on air chemistry attracted the attention of the participants for situations where fires start and where there is no human presence, such as photovoltaic panel parks. It did not appear relevant for forest areas.<\/em><\/p>\n<p>\t\t\t\t\t\t\t\t\t\t\t\t\t\t\t<img decoding=\"async\" width=\"525\" height=\"72\" src=\"https:\/\/www.plantedforests.org\/wp-content\/uploads\/2025\/08\/EU-emblem-FIRE-RES-EN.png\" alt=\"\" srcset=\"https:\/\/www.plantedforests.org\/wp-content\/uploads\/2025\/08\/EU-emblem-FIRE-RES-EN.png 646w, https:\/\/www.plantedforests.org\/wp-content\/uploads\/2025\/08\/EU-emblem-FIRE-RES-EN-300x41.png 300w, https:\/\/www.plantedforests.org\/wp-content\/uploads\/2025\/08\/EU-emblem-FIRE-RES-EN-150x20.png 150w\" sizes=\"(max-width: 525px) 100vw, 525px\" \/><br \/>\n            <a href=\"https:\/\/www.plantedforests.org\/presentation-of-the-fire-res-project\/\" target=\"_blank\" data-text=\"More information!\"><br \/>\n                    Presentation of the FIRE-RES project<br \/>\n\t                        <\/a><br \/>\n            <a href=\"https:\/\/www.plantedforests.org\/fire-res-ongoing-activities-in-the-nouvelle-aquitaine-living-lab\/\" target=\"_blank\" data-text=\"More information!\"><br \/>\n                    Ongoing activities in the Nouvelle-Aquitaine living lab<br \/>\n\t                        <\/a><br \/>\n            <a href=\"https:\/\/www.plantedforests.org\/fire-res-resources-and-partners\/\" target=\"_blank\" data-text=\"More information!\"><br \/>\n                    Resources and Partners<br \/>\n\t                        <\/a><br \/>\n\t\t\t\t\t<a href=\"https:\/\/www.plantedforests.org\/infrastructures\/\"><br \/>\n\t\t\t\t<svg aria-hidden=\"true\" viewBox=\"0 0 448 512\" xmlns=\"http:\/\/www.w3.org\/2000\/svg\"><path d=\"M257.5 445.1l-22.2 22.2c-9.4 9.4-24.6 9.4-33.9 0L7 273c-9.4-9.4-9.4-24.6 0-33.9L201.4 44.7c9.4-9.4 24.6-9.4 33.9 0l22.2 22.2c9.5 9.5 9.3 25-.4 34.3L136.6 216H424c13.3 0 24 10.7 24 24v32c0 13.3-10.7 24-24 24H136.6l120.5 114.8c9.8 9.3 10 24.8.4 34.3z\"><\/path><\/svg><br \/>\n\t\t\t\t\t\t\t\t\tInfrastructures<br \/>\n\t\t\t\t\t<\/a><br \/>\n\t\t\t\t\t<a href=\"https:\/\/www.plantedforests.org\/infrastructures\/living-labs\/\"><br \/>\n\t\t\t\t<svg aria-hidden=\"true\" viewBox=\"0 0 448 512\" xmlns=\"http:\/\/www.w3.org\/2000\/svg\"><path d=\"M190.5 66.9l22.2-22.2c9.4-9.4 24.6-9.4 33.9 0L441 239c9.4 9.4 9.4 24.6 0 33.9L246.6 467.3c-9.4 9.4-24.6 9.4-33.9 0l-22.2-22.2c-9.5-9.5-9.3-25 .4-34.3L311.4 296H24c-13.3 0-24-10.7-24-24v-32c0-13.3 10.7-24 24-24h287.4L190.9 101.2c-9.8-9.3-10-24.8-.4-34.3z\"><\/path><\/svg><br \/>\n\t\t\t\t\t\t\t\t\tLiving Labs<br \/>\n\t\t\t\t\t<\/a><\/p>\n","protected":false},"excerpt":{"rendered":"<p>The\u00a0Open Innovation Challenge (OIC) is an initiative launched as part of FIRE-RES. It invites innovative start-ups, entrepreneurs, technicians, researchers and companies of all sizes to propose innovative solutions in the [&hellip;]<\/p>\n","protected":false},"author":101,"featured_media":0,"parent":0,"menu_order":0,"comment_status":"closed","ping_status":"closed","template":"","meta":{"_acf_changed":false,"_eb_attr":"","_EventAllDay":false,"_EventTimezone":"","_EventStartDate":"","_EventEndDate":"","_EventStartDateUTC":"","_EventEndDateUTC":"","_EventShowMap":false,"_EventShowMapLink":false,"_EventURL":"","_EventCost":"","_EventCostDescription":"","_EventCurrencySymbol":"","_EventCurrencyCode":"","_EventCurrencyPosition":"","_EventDateTimeSeparator":"","_EventTimeRangeSeparator":"","_EventOrganizerID":[],"_EventVenueID":[],"_OrganizerEmail":"","_OrganizerPhone":"","_OrganizerWebsite":"","_VenueAddress":"","_VenueCity":"","_VenueCountry":"","_VenueProvince":"","_VenueState":"","_VenueZip":"","_VenuePhone":"","_VenueURL":"","_VenueStateProvince":"","_VenueLat":"","_VenueLng":"","_VenueShowMap":false,"_VenueShowMapLink":false,"activitypub_content_warning":"","activitypub_content_visibility":"","activitypub_max_image_attachments":4,"activitypub_interaction_policy_quote":"anyone","activitypub_status":"federated","footnotes":""},"class_list":["post-23239","page","type-page","status-publish","hentry"],"translation":{"provider":"WPGlobus","version":"3.0.2","language":"es","enabled_languages":["gb","fr","es","pt"],"languages":{"gb":{"title":true,"content":true,"excerpt":false},"fr":{"title":true,"content":true,"excerpt":false},"es":{"title":false,"content":false,"excerpt":false},"pt":{"title":false,"content":false,"excerpt":false}}},"acf":[],"yoast_head":"<!-- This site is optimized with the Yoast SEO plugin v27.4 - https:\/\/yoast.com\/product\/yoast-seo-wordpress\/ -->\n<title>- Instituto Europeo Del Bosque Cultivado - IEFC<\/title>\n<meta name=\"robots\" content=\"index, follow, max-snippet:-1, max-image-preview:large, max-video-preview:-1\" \/>\n<link rel=\"canonical\" href=\"https:\/\/www.plantedforests.org\/fire-res-open-innovation-challenge\/\" \/>\n<meta property=\"og:locale\" content=\"es_ES\" \/>\n<meta property=\"og:type\" content=\"article\" \/>\n<meta property=\"og:title\" content=\"- Instituto Europeo Del Bosque Cultivado - IEFC\" \/>\n<meta property=\"og:url\" content=\"https:\/\/www.plantedforests.org\/fire-res-open-innovation-challenge\/\" \/>\n<meta property=\"og:site_name\" content=\"Instituto Europeo Del Bosque Cultivado - IEFC\" \/>\n<meta property=\"article:modified_time\" content=\"2025-08-25T14:37:53+00:00\" \/>\n<meta property=\"og:image\" content=\"https:\/\/www.plantedforests.org\/wp-content\/uploads\/2025\/05\/Capture-decran-2025-05-13-144519-2048x342.png\" \/>\n<meta name=\"twitter:card\" content=\"summary_large_image\" \/>\n<meta name=\"twitter:site\" content=\"@IEFCPlantForest\" \/>\n<meta name=\"twitter:label1\" content=\"Tiempo de lectura\" \/>\n\t<meta name=\"twitter:data1\" content=\"3 minutos\" \/>\n<script type=\"application\/ld+json\" class=\"yoast-schema-graph\">{\"@context\":\"https:\\\/\\\/schema.org\",\"@graph\":[{\"@type\":\"WebPage\",\"@id\":\"https:\\\/\\\/www.plantedforests.org\\\/fire-res-open-innovation-challenge\\\/\",\"url\":\"https:\\\/\\\/www.plantedforests.org\\\/fire-res-open-innovation-challenge\\\/\",\"name\":\"- Instituto Europeo Del Bosque Cultivado - IEFC\",\"isPartOf\":{\"@id\":\"https:\\\/\\\/www.plantedforests.org\\\/fr\\\/#website\"},\"primaryImageOfPage\":{\"@id\":\"https:\\\/\\\/www.plantedforests.org\\\/fire-res-open-innovation-challenge\\\/#primaryimage\"},\"image\":{\"@id\":\"https:\\\/\\\/www.plantedforests.org\\\/fire-res-open-innovation-challenge\\\/#primaryimage\"},\"thumbnailUrl\":\"https:\\\/\\\/www.plantedforests.org\\\/wp-content\\\/uploads\\\/2025\\\/05\\\/Capture-decran-2025-05-13-144519-2048x342.png\",\"datePublished\":\"2025-06-05T09:14:46+00:00\",\"dateModified\":\"2025-08-25T14:37:53+00:00\",\"breadcrumb\":{\"@id\":\"https:\\\/\\\/www.plantedforests.org\\\/fire-res-open-innovation-challenge\\\/#breadcrumb\"},\"inLanguage\":\"es\",\"potentialAction\":[{\"@type\":\"ReadAction\",\"target\":[\"https:\\\/\\\/www.plantedforests.org\\\/fire-res-open-innovation-challenge\\\/\"]}]},{\"@type\":\"ImageObject\",\"inLanguage\":\"es\",\"@id\":\"https:\\\/\\\/www.plantedforests.org\\\/fire-res-open-innovation-challenge\\\/#primaryimage\",\"url\":\"https:\\\/\\\/www.plantedforests.org\\\/wp-content\\\/uploads\\\/2025\\\/05\\\/Capture-decran-2025-05-13-144519-2048x342.png\",\"contentUrl\":\"https:\\\/\\\/www.plantedforests.org\\\/wp-content\\\/uploads\\\/2025\\\/05\\\/Capture-decran-2025-05-13-144519-2048x342.png\"},{\"@type\":\"BreadcrumbList\",\"@id\":\"https:\\\/\\\/www.plantedforests.org\\\/fire-res-open-innovation-challenge\\\/#breadcrumb\",\"itemListElement\":[{\"@type\":\"ListItem\",\"position\":1,\"name\":\"Accueil\",\"item\":\"https:\\\/\\\/www.plantedforests.org\\\/\"},{\"@type\":\"ListItem\",\"position\":2,\"name\":\"FIRE-RES &#8211; Open Innovation Challenge\"}]},{\"@type\":\"WebSite\",\"@id\":\"https:\\\/\\\/www.plantedforests.org\\\/fr\\\/#website\",\"url\":\"https:\\\/\\\/www.plantedforests.org\\\/fr\\\/\",\"name\":\"Instituto Europeo Del Bosque Cultivado - IEFC\",\"description\":\"La red para la gesti\u00f3n sostenible y la resiliencia de los bosques cultivados \",\"publisher\":{\"@id\":\"https:\\\/\\\/www.plantedforests.org\\\/fr\\\/#organization\"},\"potentialAction\":[{\"@type\":\"SearchAction\",\"target\":{\"@type\":\"EntryPoint\",\"urlTemplate\":\"https:\\\/\\\/www.plantedforests.org\\\/fr\\\/?s={search_term_string}\"},\"query-input\":{\"@type\":\"PropertyValueSpecification\",\"valueRequired\":true,\"valueName\":\"search_term_string\"}}],\"inLanguage\":\"es\"},{\"@type\":\"Organization\",\"@id\":\"https:\\\/\\\/www.plantedforests.org\\\/fr\\\/#organization\",\"name\":\"Institut Europ\u00e9en de la For\u00eat Cultiv\u00e9e - Plantedforests.org\",\"url\":\"https:\\\/\\\/www.plantedforests.org\\\/fr\\\/\",\"logo\":{\"@type\":\"ImageObject\",\"inLanguage\":\"es\",\"@id\":\"https:\\\/\\\/www.plantedforests.org\\\/fr\\\/#\\\/schema\\\/logo\\\/image\\\/\",\"url\":\"https:\\\/\\\/www.plantedforests.org\\\/wp-content\\\/uploads\\\/2022\\\/07\\\/Logo_iefc__FR.png\",\"contentUrl\":\"https:\\\/\\\/www.plantedforests.org\\\/wp-content\\\/uploads\\\/2022\\\/07\\\/Logo_iefc__FR.png\",\"width\":2031,\"height\":1001,\"caption\":\"Institut Europ\u00e9en de la For\u00eat Cultiv\u00e9e - Plantedforests.org\"},\"image\":{\"@id\":\"https:\\\/\\\/www.plantedforests.org\\\/fr\\\/#\\\/schema\\\/logo\\\/image\\\/\"},\"sameAs\":[\"https:\\\/\\\/x.com\\\/IEFCPlantForest\",\"https:\\\/\\\/www.linkedin.com\\\/company\\\/71728047\\\/\"]}]}<\/script>\n<!-- \/ Yoast SEO plugin. -->","yoast_head_json":{"title":"- Instituto Europeo Del Bosque Cultivado - IEFC","robots":{"index":"index","follow":"follow","max-snippet":"max-snippet:-1","max-image-preview":"max-image-preview:large","max-video-preview":"max-video-preview:-1"},"canonical":"https:\/\/www.plantedforests.org\/fire-res-open-innovation-challenge\/","og_locale":"es_ES","og_type":"article","og_title":"- Instituto Europeo Del Bosque Cultivado - IEFC","og_url":"https:\/\/www.plantedforests.org\/fire-res-open-innovation-challenge\/","og_site_name":"Instituto Europeo Del Bosque Cultivado - IEFC","article_modified_time":"2025-08-25T14:37:53+00:00","og_image":[{"url":"https:\/\/www.plantedforests.org\/wp-content\/uploads\/2025\/05\/Capture-decran-2025-05-13-144519-2048x342.png","type":"","width":"","height":""}],"twitter_card":"summary_large_image","twitter_site":"@IEFCPlantForest","twitter_misc":{"Tiempo de lectura":"3 minutos"},"schema":{"@context":"https:\/\/schema.org","@graph":[{"@type":"WebPage","@id":"https:\/\/www.plantedforests.org\/fire-res-open-innovation-challenge\/","url":"https:\/\/www.plantedforests.org\/fire-res-open-innovation-challenge\/","name":"- Instituto Europeo Del Bosque Cultivado - IEFC","isPartOf":{"@id":"https:\/\/www.plantedforests.org\/fr\/#website"},"primaryImageOfPage":{"@id":"https:\/\/www.plantedforests.org\/fire-res-open-innovation-challenge\/#primaryimage"},"image":{"@id":"https:\/\/www.plantedforests.org\/fire-res-open-innovation-challenge\/#primaryimage"},"thumbnailUrl":"https:\/\/www.plantedforests.org\/wp-content\/uploads\/2025\/05\/Capture-decran-2025-05-13-144519-2048x342.png","datePublished":"2025-06-05T09:14:46+00:00","dateModified":"2025-08-25T14:37:53+00:00","breadcrumb":{"@id":"https:\/\/www.plantedforests.org\/fire-res-open-innovation-challenge\/#breadcrumb"},"inLanguage":"es","potentialAction":[{"@type":"ReadAction","target":["https:\/\/www.plantedforests.org\/fire-res-open-innovation-challenge\/"]}]},{"@type":"ImageObject","inLanguage":"es","@id":"https:\/\/www.plantedforests.org\/fire-res-open-innovation-challenge\/#primaryimage","url":"https:\/\/www.plantedforests.org\/wp-content\/uploads\/2025\/05\/Capture-decran-2025-05-13-144519-2048x342.png","contentUrl":"https:\/\/www.plantedforests.org\/wp-content\/uploads\/2025\/05\/Capture-decran-2025-05-13-144519-2048x342.png"},{"@type":"BreadcrumbList","@id":"https:\/\/www.plantedforests.org\/fire-res-open-innovation-challenge\/#breadcrumb","itemListElement":[{"@type":"ListItem","position":1,"name":"Accueil","item":"https:\/\/www.plantedforests.org\/"},{"@type":"ListItem","position":2,"name":"FIRE-RES &#8211; Open Innovation Challenge"}]},{"@type":"WebSite","@id":"https:\/\/www.plantedforests.org\/fr\/#website","url":"https:\/\/www.plantedforests.org\/fr\/","name":"Instituto Europeo Del Bosque Cultivado - IEFC","description":"La red para la gesti\u00f3n sostenible y la resiliencia de los bosques cultivados ","publisher":{"@id":"https:\/\/www.plantedforests.org\/fr\/#organization"},"potentialAction":[{"@type":"SearchAction","target":{"@type":"EntryPoint","urlTemplate":"https:\/\/www.plantedforests.org\/fr\/?s={search_term_string}"},"query-input":{"@type":"PropertyValueSpecification","valueRequired":true,"valueName":"search_term_string"}}],"inLanguage":"es"},{"@type":"Organization","@id":"https:\/\/www.plantedforests.org\/fr\/#organization","name":"Institut Europ\u00e9en de la For\u00eat Cultiv\u00e9e - Plantedforests.org","url":"https:\/\/www.plantedforests.org\/fr\/","logo":{"@type":"ImageObject","inLanguage":"es","@id":"https:\/\/www.plantedforests.org\/fr\/#\/schema\/logo\/image\/","url":"https:\/\/www.plantedforests.org\/wp-content\/uploads\/2022\/07\/Logo_iefc__FR.png","contentUrl":"https:\/\/www.plantedforests.org\/wp-content\/uploads\/2022\/07\/Logo_iefc__FR.png","width":2031,"height":1001,"caption":"Institut Europ\u00e9en de la For\u00eat Cultiv\u00e9e - Plantedforests.org"},"image":{"@id":"https:\/\/www.plantedforests.org\/fr\/#\/schema\/logo\/image\/"},"sameAs":["https:\/\/x.com\/IEFCPlantForest","https:\/\/www.linkedin.com\/company\/71728047\/"]}]}},"_links":{"self":[{"href":"https:\/\/www.plantedforests.org\/es\/wp-json\/wp\/v2\/pages\/23239","targetHints":{"allow":["GET"]}}],"collection":[{"href":"https:\/\/www.plantedforests.org\/es\/wp-json\/wp\/v2\/pages"}],"about":[{"href":"https:\/\/www.plantedforests.org\/es\/wp-json\/wp\/v2\/types\/page"}],"author":[{"embeddable":true,"href":"https:\/\/www.plantedforests.org\/es\/wp-json\/wp\/v2\/users\/101"}],"replies":[{"embeddable":true,"href":"https:\/\/www.plantedforests.org\/es\/wp-json\/wp\/v2\/comments?post=23239"}],"version-history":[{"count":96,"href":"https:\/\/www.plantedforests.org\/es\/wp-json\/wp\/v2\/pages\/23239\/revisions"}],"predecessor-version":[{"id":27332,"href":"https:\/\/www.plantedforests.org\/es\/wp-json\/wp\/v2\/pages\/23239\/revisions\/27332"}],"wp:attachment":[{"href":"https:\/\/www.plantedforests.org\/es\/wp-json\/wp\/v2\/media?parent=23239"}],"curies":[{"name":"wp","href":"https:\/\/api.w.org\/{rel}","templated":true}]}}