
{"id":23168,"date":"2025-05-13T14:04:09","date_gmt":"2025-05-13T12:04:09","guid":{"rendered":"https:\/\/www.plantedforests.org\/?page_id=23168"},"modified":"2025-08-25T16:21:38","modified_gmt":"2025-08-25T14:21:38","slug":"fire-res-territorial-governance","status":"publish","type":"page","link":"https:\/\/www.plantedforests.org\/es\/fire-res-territorial-governance\/","title":{"rendered":"FIRE-RES &#8211; Territorial Governance"},"content":{"rendered":"<p><img decoding=\"async\" width=\"150\" height=\"150\" src=\"https:\/\/www.plantedforests.org\/wp-content\/uploads\/2025\/02\/Gouvernance-territoriale-150x150.png\" alt=\"\" srcset=\"https:\/\/www.plantedforests.org\/wp-content\/uploads\/2025\/02\/Gouvernance-territoriale-150x150.png 150w, https:\/\/www.plantedforests.org\/wp-content\/uploads\/2025\/02\/Gouvernance-territoriale-300x300.png 300w, https:\/\/www.plantedforests.org\/wp-content\/uploads\/2025\/02\/Gouvernance-territoriale-1024x1024.png 1024w, https:\/\/www.plantedforests.org\/wp-content\/uploads\/2025\/02\/Gouvernance-territoriale-768x768.png 768w, https:\/\/www.plantedforests.org\/wp-content\/uploads\/2025\/02\/Gouvernance-territoriale-1536x1536.png 1536w, https:\/\/www.plantedforests.org\/wp-content\/uploads\/2025\/02\/Gouvernance-territoriale-100x100.png 100w, https:\/\/www.plantedforests.org\/wp-content\/uploads\/2025\/02\/Gouvernance-territoriale-1320x1320.png 1320w, https:\/\/www.plantedforests.org\/wp-content\/uploads\/2025\/02\/Gouvernance-territoriale.png 2000w\" sizes=\"(max-width: 150px) 100vw, 150px\" \/>\t\t\t\t\t\t\t\t\t\t\t\t\t\t\t<\/p>\n<h3>Exploration of new territorial configurations and strategies<\/h3>\n<p>Based on the results of the modeling work, the IEFC is considering a <strong>reorganization of the territory to reduce the risk of propagation<\/strong><strong>.<\/strong> These territorial strategies could be applied at two levels:<\/p>\n<p>&#8211; At the <strong>local level<\/strong>: actions at the level of the local urban development plan, creation of agricultural zones, opening up of recreational space with low fuel load, treatment of risky forest-urban interfaces.<\/p>\n<p>&#8211; At the <strong>global level<\/strong>: creation of large fuel breaks based on the different current land uses in the landscapes.<\/p>\n<h3>Organization of \u201cfire-forums\u201d<\/h3>\n<p>The \u201c<strong>fire-forums<\/strong>\u201d are <strong>platforms for discussion among multiple stakeholders<\/strong>, making it possible to address issues related to forest fires. They bring together the stakeholders in the territory: landowners, land managers, farmers, emergency services and organizations working in the environmental sectors.<\/p>\n<p>These forums take place at the<strong> local level<\/strong> (municipal level) and address topics such as the<strong> assessment of risk and fire culture<\/strong>, the <strong>scientific contributions of FIRE-RES project <\/strong>and any actions implemented by the municipality.<\/p>\n<p>These forums are crucial for <strong>creating dialogue<\/strong> on issues related to forest fires and land use planning. They enable the <strong>involvement of citizens in the design of territorial strategies<\/strong>, by mobilizing their knowledge of their territory.<\/p>\n<h3>Analysis of the policy coherence: the \u201cPolicy Clinic\u201d<\/h3>\n<p>The \u201cPolicy Clinic\u201d is a study aimed at examining the <strong>coherence of regulatory instruments and their effects.<\/strong> The objective is to identify the regulations that represent an obstacle to the implementation of fire risk prevention strategies and to develop solutions.<\/p>\n<p>The main theme of the study is therefore the feasibility, at the regulatory level, of fuel breaks or adapted forest management zones.<\/p>\n<p>The study is being carried out in the form of<strong> consultation with the local actors of the Living Laboratory<\/strong>, particularly for the <strong>identification of the regulations to be studied and the perception of their impacts <\/strong>and for the <strong>construction of innovative proposals.<\/strong><\/p>\n<p>\t\t\t\t\t\t\t\t\t\t\t\t\t\t\t<img decoding=\"async\" width=\"525\" height=\"72\" src=\"https:\/\/www.plantedforests.org\/wp-content\/uploads\/2025\/08\/EU-emblem-FIRE-RES-EN.png\" alt=\"\" srcset=\"https:\/\/www.plantedforests.org\/wp-content\/uploads\/2025\/08\/EU-emblem-FIRE-RES-EN.png 646w, https:\/\/www.plantedforests.org\/wp-content\/uploads\/2025\/08\/EU-emblem-FIRE-RES-EN-300x41.png 300w, https:\/\/www.plantedforests.org\/wp-content\/uploads\/2025\/08\/EU-emblem-FIRE-RES-EN-150x20.png 150w\" sizes=\"(max-width: 525px) 100vw, 525px\" \/><br \/>\n            <a href=\"https:\/\/www.plantedforests.org\/presentation-of-the-fire-res-project\/\" target=\"_blank\" data-text=\"More information!\"><br \/>\n                    The FIRE-RES project<br \/>\n\t                        <\/a><br \/>\n            <a href=\"https:\/\/www.plantedforests.org\/fire-res-ongoing-activities-in-the-nouvelle-aquitaine-living-lab\/\" target=\"_blank\" data-text=\"More information!\"><br \/>\n                    Ongoing activities in the Nouvelle-Aquitaine living lab<br \/>\n\t                        <\/a><br \/>\n            <a href=\"https:\/\/www.plantedforests.org\/fire-res-resources-and-partners\/\" target=\"_blank\" data-text=\"More information!\"><br \/>\n                    Resources and Partners<br \/>\n\t                        <\/a><br \/>\n\t\t\t\t\t<a href=\"https:\/\/www.plantedforests.org\/infrastructures\/\"><br \/>\n\t\t\t\t<svg aria-hidden=\"true\" viewBox=\"0 0 448 512\" xmlns=\"http:\/\/www.w3.org\/2000\/svg\"><path d=\"M257.5 445.1l-22.2 22.2c-9.4 9.4-24.6 9.4-33.9 0L7 273c-9.4-9.4-9.4-24.6 0-33.9L201.4 44.7c9.4-9.4 24.6-9.4 33.9 0l22.2 22.2c9.5 9.5 9.3 25-.4 34.3L136.6 216H424c13.3 0 24 10.7 24 24v32c0 13.3-10.7 24-24 24H136.6l120.5 114.8c9.8 9.3 10 24.8.4 34.3z\"><\/path><\/svg><br \/>\n\t\t\t\t\t\t\t\t\tInfrastructures<br \/>\n\t\t\t\t\t<\/a><br \/>\n\t\t\t\t\t<a href=\"https:\/\/www.plantedforests.org\/infrastructures\/living-labs\/\"><br \/>\n\t\t\t\t<svg aria-hidden=\"true\" viewBox=\"0 0 448 512\" xmlns=\"http:\/\/www.w3.org\/2000\/svg\"><path d=\"M190.5 66.9l22.2-22.2c9.4-9.4 24.6-9.4 33.9 0L441 239c9.4 9.4 9.4 24.6 0 33.9L246.6 467.3c-9.4 9.4-24.6 9.4-33.9 0l-22.2-22.2c-9.5-9.5-9.3-25 .4-34.3L311.4 296H24c-13.3 0-24-10.7-24-24v-32c0-13.3 10.7-24 24-24h287.4L190.9 101.2c-9.8-9.3-10-24.8-.4-34.3z\"><\/path><\/svg><br \/>\n\t\t\t\t\t\t\t\t\tLiving Labs<br \/>\n\t\t\t\t\t<\/a><\/p>\n","protected":false},"excerpt":{"rendered":"<p>Exploration of new territorial configurations and strategies Based on the results of the modeling work, the IEFC is considering a reorganization of the territory to reduce the risk of propagation. [&hellip;]<\/p>\n","protected":false},"author":101,"featured_media":0,"parent":0,"menu_order":0,"comment_status":"closed","ping_status":"closed","template":"","meta":{"_acf_changed":false,"_eb_attr":"","_EventAllDay":false,"_EventTimezone":"","_EventStartDate":"","_EventEndDate":"","_EventStartDateUTC":"","_EventEndDateUTC":"","_EventShowMap":false,"_EventShowMapLink":false,"_EventURL":"","_EventCost":"","_EventCostDescription":"","_EventCurrencySymbol":"","_EventCurrencyCode":"","_EventCurrencyPosition":"","_EventDateTimeSeparator":"","_EventTimeRangeSeparator":"","_EventOrganizerID":[],"_EventVenueID":[],"_OrganizerEmail":"","_OrganizerPhone":"","_OrganizerWebsite":"","_VenueAddress":"","_VenueCity":"","_VenueCountry":"","_VenueProvince":"","_VenueState":"","_VenueZip":"","_VenuePhone":"","_VenueURL":"","_VenueStateProvince":"","_VenueLat":"","_VenueLng":"","_VenueShowMap":false,"_VenueShowMapLink":false,"activitypub_content_warning":null,"activitypub_content_visibility":"","activitypub_max_image_attachments":4,"activitypub_interaction_policy_quote":"anyone","activitypub_status":"federated","footnotes":""},"class_list":["post-23168","page","type-page","status-publish","hentry"],"translation":{"provider":"WPGlobus","version":"3.0.2","language":"es","enabled_languages":["gb","fr","es","pt"],"languages":{"gb":{"title":true,"content":true,"excerpt":false},"fr":{"title":true,"content":true,"excerpt":false},"es":{"title":false,"content":false,"excerpt":false},"pt":{"title":false,"content":false,"excerpt":false}}},"acf":[],"yoast_head":"<!-- This site is optimized with the Yoast SEO plugin v27.4 - https:\/\/yoast.com\/product\/yoast-seo-wordpress\/ -->\n<title>- Instituto Europeo Del Bosque Cultivado - IEFC<\/title>\n<meta name=\"robots\" content=\"index, follow, max-snippet:-1, max-image-preview:large, max-video-preview:-1\" \/>\n<link rel=\"canonical\" href=\"https:\/\/www.plantedforests.org\/fire-res-territorial-governance\/\" \/>\n<meta property=\"og:locale\" content=\"es_ES\" \/>\n<meta property=\"og:type\" content=\"article\" \/>\n<meta property=\"og:title\" content=\"- Instituto Europeo Del Bosque Cultivado - IEFC\" \/>\n<meta property=\"og:url\" content=\"https:\/\/www.plantedforests.org\/fire-res-territorial-governance\/\" \/>\n<meta property=\"og:site_name\" content=\"Instituto Europeo Del Bosque Cultivado - IEFC\" \/>\n<meta property=\"article:modified_time\" content=\"2025-08-25T14:21:38+00:00\" \/>\n<meta property=\"og:image\" content=\"https:\/\/www.plantedforests.org\/wp-content\/uploads\/2025\/02\/Gouvernance-territoriale-150x150.png\" \/>\n<meta name=\"twitter:card\" content=\"summary_large_image\" \/>\n<meta name=\"twitter:site\" content=\"@IEFCPlantForest\" \/>\n<meta name=\"twitter:label1\" content=\"Tiempo de lectura\" \/>\n\t<meta name=\"twitter:data1\" content=\"3 minutos\" \/>\n<script type=\"application\/ld+json\" class=\"yoast-schema-graph\">{\"@context\":\"https:\\\/\\\/schema.org\",\"@graph\":[{\"@type\":\"WebPage\",\"@id\":\"https:\\\/\\\/www.plantedforests.org\\\/fire-res-territorial-governance\\\/\",\"url\":\"https:\\\/\\\/www.plantedforests.org\\\/fire-res-territorial-governance\\\/\",\"name\":\"- Instituto Europeo Del Bosque Cultivado - IEFC\",\"isPartOf\":{\"@id\":\"https:\\\/\\\/www.plantedforests.org\\\/fr\\\/#website\"},\"primaryImageOfPage\":{\"@id\":\"https:\\\/\\\/www.plantedforests.org\\\/fire-res-territorial-governance\\\/#primaryimage\"},\"image\":{\"@id\":\"https:\\\/\\\/www.plantedforests.org\\\/fire-res-territorial-governance\\\/#primaryimage\"},\"thumbnailUrl\":\"https:\\\/\\\/www.plantedforests.org\\\/wp-content\\\/uploads\\\/2025\\\/02\\\/Gouvernance-territoriale-150x150.png\",\"datePublished\":\"2025-05-13T12:04:09+00:00\",\"dateModified\":\"2025-08-25T14:21:38+00:00\",\"breadcrumb\":{\"@id\":\"https:\\\/\\\/www.plantedforests.org\\\/fire-res-territorial-governance\\\/#breadcrumb\"},\"inLanguage\":\"es\",\"potentialAction\":[{\"@type\":\"ReadAction\",\"target\":[\"https:\\\/\\\/www.plantedforests.org\\\/fire-res-territorial-governance\\\/\"]}]},{\"@type\":\"ImageObject\",\"inLanguage\":\"es\",\"@id\":\"https:\\\/\\\/www.plantedforests.org\\\/fire-res-territorial-governance\\\/#primaryimage\",\"url\":\"https:\\\/\\\/www.plantedforests.org\\\/wp-content\\\/uploads\\\/2025\\\/02\\\/Gouvernance-territoriale-150x150.png\",\"contentUrl\":\"https:\\\/\\\/www.plantedforests.org\\\/wp-content\\\/uploads\\\/2025\\\/02\\\/Gouvernance-territoriale-150x150.png\"},{\"@type\":\"BreadcrumbList\",\"@id\":\"https:\\\/\\\/www.plantedforests.org\\\/fire-res-territorial-governance\\\/#breadcrumb\",\"itemListElement\":[{\"@type\":\"ListItem\",\"position\":1,\"name\":\"Accueil\",\"item\":\"https:\\\/\\\/www.plantedforests.org\\\/\"},{\"@type\":\"ListItem\",\"position\":2,\"name\":\"FIRE-RES &#8211; Territorial Governance\"}]},{\"@type\":\"WebSite\",\"@id\":\"https:\\\/\\\/www.plantedforests.org\\\/fr\\\/#website\",\"url\":\"https:\\\/\\\/www.plantedforests.org\\\/fr\\\/\",\"name\":\"Instituto Europeo Del Bosque Cultivado - IEFC\",\"description\":\"La red para la gesti\u00f3n sostenible y la resiliencia de los bosques cultivados \",\"publisher\":{\"@id\":\"https:\\\/\\\/www.plantedforests.org\\\/fr\\\/#organization\"},\"potentialAction\":[{\"@type\":\"SearchAction\",\"target\":{\"@type\":\"EntryPoint\",\"urlTemplate\":\"https:\\\/\\\/www.plantedforests.org\\\/fr\\\/?s={search_term_string}\"},\"query-input\":{\"@type\":\"PropertyValueSpecification\",\"valueRequired\":true,\"valueName\":\"search_term_string\"}}],\"inLanguage\":\"es\"},{\"@type\":\"Organization\",\"@id\":\"https:\\\/\\\/www.plantedforests.org\\\/fr\\\/#organization\",\"name\":\"Institut Europ\u00e9en de la For\u00eat Cultiv\u00e9e - Plantedforests.org\",\"url\":\"https:\\\/\\\/www.plantedforests.org\\\/fr\\\/\",\"logo\":{\"@type\":\"ImageObject\",\"inLanguage\":\"es\",\"@id\":\"https:\\\/\\\/www.plantedforests.org\\\/fr\\\/#\\\/schema\\\/logo\\\/image\\\/\",\"url\":\"https:\\\/\\\/www.plantedforests.org\\\/wp-content\\\/uploads\\\/2022\\\/07\\\/Logo_iefc__FR.png\",\"contentUrl\":\"https:\\\/\\\/www.plantedforests.org\\\/wp-content\\\/uploads\\\/2022\\\/07\\\/Logo_iefc__FR.png\",\"width\":2031,\"height\":1001,\"caption\":\"Institut Europ\u00e9en de la For\u00eat Cultiv\u00e9e - Plantedforests.org\"},\"image\":{\"@id\":\"https:\\\/\\\/www.plantedforests.org\\\/fr\\\/#\\\/schema\\\/logo\\\/image\\\/\"},\"sameAs\":[\"https:\\\/\\\/x.com\\\/IEFCPlantForest\",\"https:\\\/\\\/www.linkedin.com\\\/company\\\/71728047\\\/\"]}]}<\/script>\n<!-- \/ Yoast SEO plugin. -->","yoast_head_json":{"title":"- Instituto Europeo Del Bosque Cultivado - IEFC","robots":{"index":"index","follow":"follow","max-snippet":"max-snippet:-1","max-image-preview":"max-image-preview:large","max-video-preview":"max-video-preview:-1"},"canonical":"https:\/\/www.plantedforests.org\/fire-res-territorial-governance\/","og_locale":"es_ES","og_type":"article","og_title":"- Instituto Europeo Del Bosque Cultivado - IEFC","og_url":"https:\/\/www.plantedforests.org\/fire-res-territorial-governance\/","og_site_name":"Instituto Europeo Del Bosque Cultivado - IEFC","article_modified_time":"2025-08-25T14:21:38+00:00","og_image":[{"url":"https:\/\/www.plantedforests.org\/wp-content\/uploads\/2025\/02\/Gouvernance-territoriale-150x150.png","type":"","width":"","height":""}],"twitter_card":"summary_large_image","twitter_site":"@IEFCPlantForest","twitter_misc":{"Tiempo de lectura":"3 minutos"},"schema":{"@context":"https:\/\/schema.org","@graph":[{"@type":"WebPage","@id":"https:\/\/www.plantedforests.org\/fire-res-territorial-governance\/","url":"https:\/\/www.plantedforests.org\/fire-res-territorial-governance\/","name":"- Instituto Europeo Del Bosque Cultivado - IEFC","isPartOf":{"@id":"https:\/\/www.plantedforests.org\/fr\/#website"},"primaryImageOfPage":{"@id":"https:\/\/www.plantedforests.org\/fire-res-territorial-governance\/#primaryimage"},"image":{"@id":"https:\/\/www.plantedforests.org\/fire-res-territorial-governance\/#primaryimage"},"thumbnailUrl":"https:\/\/www.plantedforests.org\/wp-content\/uploads\/2025\/02\/Gouvernance-territoriale-150x150.png","datePublished":"2025-05-13T12:04:09+00:00","dateModified":"2025-08-25T14:21:38+00:00","breadcrumb":{"@id":"https:\/\/www.plantedforests.org\/fire-res-territorial-governance\/#breadcrumb"},"inLanguage":"es","potentialAction":[{"@type":"ReadAction","target":["https:\/\/www.plantedforests.org\/fire-res-territorial-governance\/"]}]},{"@type":"ImageObject","inLanguage":"es","@id":"https:\/\/www.plantedforests.org\/fire-res-territorial-governance\/#primaryimage","url":"https:\/\/www.plantedforests.org\/wp-content\/uploads\/2025\/02\/Gouvernance-territoriale-150x150.png","contentUrl":"https:\/\/www.plantedforests.org\/wp-content\/uploads\/2025\/02\/Gouvernance-territoriale-150x150.png"},{"@type":"BreadcrumbList","@id":"https:\/\/www.plantedforests.org\/fire-res-territorial-governance\/#breadcrumb","itemListElement":[{"@type":"ListItem","position":1,"name":"Accueil","item":"https:\/\/www.plantedforests.org\/"},{"@type":"ListItem","position":2,"name":"FIRE-RES &#8211; Territorial Governance"}]},{"@type":"WebSite","@id":"https:\/\/www.plantedforests.org\/fr\/#website","url":"https:\/\/www.plantedforests.org\/fr\/","name":"Instituto Europeo Del Bosque Cultivado - IEFC","description":"La red para la gesti\u00f3n sostenible y la resiliencia de los bosques cultivados ","publisher":{"@id":"https:\/\/www.plantedforests.org\/fr\/#organization"},"potentialAction":[{"@type":"SearchAction","target":{"@type":"EntryPoint","urlTemplate":"https:\/\/www.plantedforests.org\/fr\/?s={search_term_string}"},"query-input":{"@type":"PropertyValueSpecification","valueRequired":true,"valueName":"search_term_string"}}],"inLanguage":"es"},{"@type":"Organization","@id":"https:\/\/www.plantedforests.org\/fr\/#organization","name":"Institut Europ\u00e9en de la For\u00eat Cultiv\u00e9e - Plantedforests.org","url":"https:\/\/www.plantedforests.org\/fr\/","logo":{"@type":"ImageObject","inLanguage":"es","@id":"https:\/\/www.plantedforests.org\/fr\/#\/schema\/logo\/image\/","url":"https:\/\/www.plantedforests.org\/wp-content\/uploads\/2022\/07\/Logo_iefc__FR.png","contentUrl":"https:\/\/www.plantedforests.org\/wp-content\/uploads\/2022\/07\/Logo_iefc__FR.png","width":2031,"height":1001,"caption":"Institut Europ\u00e9en de la For\u00eat Cultiv\u00e9e - Plantedforests.org"},"image":{"@id":"https:\/\/www.plantedforests.org\/fr\/#\/schema\/logo\/image\/"},"sameAs":["https:\/\/x.com\/IEFCPlantForest","https:\/\/www.linkedin.com\/company\/71728047\/"]}]}},"_links":{"self":[{"href":"https:\/\/www.plantedforests.org\/es\/wp-json\/wp\/v2\/pages\/23168","targetHints":{"allow":["GET"]}}],"collection":[{"href":"https:\/\/www.plantedforests.org\/es\/wp-json\/wp\/v2\/pages"}],"about":[{"href":"https:\/\/www.plantedforests.org\/es\/wp-json\/wp\/v2\/types\/page"}],"author":[{"embeddable":true,"href":"https:\/\/www.plantedforests.org\/es\/wp-json\/wp\/v2\/users\/101"}],"replies":[{"embeddable":true,"href":"https:\/\/www.plantedforests.org\/es\/wp-json\/wp\/v2\/comments?post=23168"}],"version-history":[{"count":78,"href":"https:\/\/www.plantedforests.org\/es\/wp-json\/wp\/v2\/pages\/23168\/revisions"}],"predecessor-version":[{"id":27253,"href":"https:\/\/www.plantedforests.org\/es\/wp-json\/wp\/v2\/pages\/23168\/revisions\/27253"}],"wp:attachment":[{"href":"https:\/\/www.plantedforests.org\/es\/wp-json\/wp\/v2\/media?parent=23168"}],"curies":[{"name":"wp","href":"https:\/\/api.w.org\/{rel}","templated":true}]}}