
{"id":18993,"date":"2024-06-20T14:10:11","date_gmt":"2024-06-20T12:10:11","guid":{"rendered":"https:\/\/www.plantedforests.org\/?page_id=18993"},"modified":"2024-06-20T14:24:07","modified_gmt":"2024-06-20T12:24:07","slug":"reunion-bocage-forestier-landes-de-gascogne","status":"publish","type":"page","link":"https:\/\/www.plantedforests.org\/es\/infrastructures\/superb-bocage-forestier\/reunion-bocage-forestier-landes-de-gascogne\/","title":{"rendered":"R\u00c9UNION DU PROJET BOCAGE FORESTIER POUR L\u2019AM\u00c9LIORATION DE LA BIODIVERSIT\u00c9 ET DE LA R\u00c9SILIENCE DU MASSIF DES LANDES DE GASCOGNE"},"content":{"rendered":"\t\t<div data-elementor-type=\"wp-page\" data-elementor-id=\"18993\" class=\"elementor elementor-18993\" data-elementor-post-type=\"page\">\n\t\t\t\t<div class=\"elementor-element elementor-element-bb11066 e-flex e-con-boxed e-con e-parent\" data-id=\"bb11066\" data-element_type=\"container\" data-e-type=\"container\">\n\t\t\t\t\t<div class=\"e-con-inner\">\n\t\t\t\t<div class=\"elementor-element elementor-element-a969b31 elementor-widget elementor-widget-text-editor\" data-id=\"a969b31\" data-element_type=\"widget\" data-e-type=\"widget\" data-widget_type=\"text-editor.default\">\n\t\t\t\t<div class=\"elementor-widget-container\">\n\t\t\t\t\t\t\t\t\t<p>Sur cette page, vous trouverez la liste des pr\u00e9sentations de cette r\u00e9union qui s&#8217;est d\u00e9roul\u00e9e le 14 juin 2024, Salle Airial, <strong>INRAe, Pierroton.<\/strong><\/p>\t\t\t\t\t\t\t\t<\/div>\n\t\t\t\t<\/div>\n\t\t\t\t\t<\/div>\n\t\t\t\t<\/div>\n\t\t<div class=\"elementor-element elementor-element-c4c05c0 e-flex e-con-boxed e-con e-parent\" data-id=\"c4c05c0\" data-element_type=\"container\" data-e-type=\"container\">\n\t\t\t\t\t<div class=\"e-con-inner\">\n\t\t\t\t<div class=\"elementor-element elementor-element-5772e20 elementor-widget elementor-widget-text-editor\" data-id=\"5772e20\" data-element_type=\"widget\" data-e-type=\"widget\" data-widget_type=\"text-editor.default\">\n\t\t\t\t<div class=\"elementor-widget-container\">\n\t\t\t\t\t\t\t\t\t<p><strong>Beno\u00eet de Guerry, IEFC<\/strong> <a href=\"https:\/\/www.plantedforests.org\/fr\/infrastructures\/superb-bocage-forestier\/reunion-bocage-forestier-landes-de-gascogne\/presentation_benoit_de_guerry_bocage-forestier\/\" target=\"_blank\" rel=\"noopener\"><u>Pr\u00e9sentation des r\u00e9sultats de l\u2019inventaire forestier\u00a0: effet des lisi\u00e8res feuillus sur les peuplements de pin adjacents<\/u><\/a><\/p><ul><li>Effet de la pr\u00e9sence\/absence des feuillus sur la croissance, la qualit\u00e9 et la sant\u00e9 des peuplements de pin<\/li><\/ul>\t\t\t\t\t\t\t\t<\/div>\n\t\t\t\t<\/div>\n\t\t\t\t\t<\/div>\n\t\t\t\t<\/div>\n\t\t<div class=\"elementor-element elementor-element-79d8eb2 e-flex e-con-boxed e-con e-parent\" data-id=\"79d8eb2\" data-element_type=\"container\" data-e-type=\"container\">\n\t\t\t\t\t<div class=\"e-con-inner\">\n\t\t\t\t<div class=\"elementor-element elementor-element-a97095b elementor-widget elementor-widget-text-editor\" data-id=\"a97095b\" data-element_type=\"widget\" data-e-type=\"widget\" data-widget_type=\"text-editor.default\">\n\t\t\t\t<div class=\"elementor-widget-container\">\n\t\t\t\t\t\t\t\t\t<p><u><strong>Nattan Plat, INRAe<\/strong> <a href=\"https:\/\/www.plantedforests.org\/infrastructures\/superb-bocage-forestier\/reunion-bocage-forestier-landes-de-gascogne\/presentation-nattan-plat-inrae_bocage-forestier\/\" target=\"_blank\" rel=\"noopener\">Pr\u00e9sentation des r\u00e9sultats de l\u2019inventaire biodiversit\u00e9 dans les lisi\u00e8res matures<\/a><\/u><\/p><ul><li>Effet de la pr\u00e9sence\/absence des feuillus sur la richesse de chaque taxon \u00e9tudi\u00e9<\/li><li>Effet des modalit\u00e9s de connectivit\u00e9 et de densit\u00e9 des feuillus dans le paysage sur la biodiversit\u00e9 observ\u00e9e<\/li><\/ul>\t\t\t\t\t\t\t\t<\/div>\n\t\t\t\t<\/div>\n\t\t\t\t\t<\/div>\n\t\t\t\t<\/div>\n\t\t<div class=\"elementor-element elementor-element-692ef73 e-flex e-con-boxed e-con e-parent\" data-id=\"692ef73\" data-element_type=\"container\" data-e-type=\"container\">\n\t\t\t\t\t<div class=\"e-con-inner\">\n\t\t\t\t<div class=\"elementor-element elementor-element-4d6638c elementor-widget elementor-widget-text-editor\" data-id=\"4d6638c\" data-element_type=\"widget\" data-e-type=\"widget\" data-widget_type=\"text-editor.default\">\n\t\t\t\t<div class=\"elementor-widget-container\">\n\t\t\t\t\t\t\t\t\t<p><strong>C\u00e9lhiane Carr\u00e9, AFB<\/strong> <a href=\"https:\/\/www.plantedforests.org\/infrastructures\/superb-bocage-forestier\/reunion-bocage-forestier-landes-de-gascogne\/presentation-celhiane-carre_afb_bocage-forestier\/\" target=\"_blank\" rel=\"noopener\"><u>Poursuite de l\u2019objectif de plantation des 10km de lisi\u00e8res<\/u><\/a><\/p><ul><li>Actualisation des r\u00e9sultats des essais de 2022 et 2023<\/li><li>Itin\u00e9raires techniques retenues\u00a0: kit d\u2019essences, test de densit\u00e9 et de largeur des lisi\u00e8res<\/li><\/ul>\t\t\t\t\t\t\t\t<\/div>\n\t\t\t\t<\/div>\n\t\t\t\t\t<\/div>\n\t\t\t\t<\/div>\n\t\t\t\t<\/div>\n\t\t","protected":false},"excerpt":{"rendered":"<p>Sur cette page, vous trouverez la liste des pr\u00e9sentations de cette r\u00e9union qui s&#8217;est d\u00e9roul\u00e9e le 14 juin 2024, Salle Airial, INRAe, Pierroton. Beno\u00eet de Guerry, IEFC Pr\u00e9sentation des r\u00e9sultats [&hellip;]<\/p>\n","protected":false},"author":101,"featured_media":0,"parent":15315,"menu_order":0,"comment_status":"closed","ping_status":"closed","template":"","meta":{"_acf_changed":false,"_eb_attr":"","_EventAllDay":false,"_EventTimezone":"","_EventStartDate":"","_EventEndDate":"","_EventStartDateUTC":"","_EventEndDateUTC":"","_EventShowMap":false,"_EventShowMapLink":false,"_EventURL":"","_EventCost":"","_EventCostDescription":"","_EventCurrencySymbol":"","_EventCurrencyCode":"","_EventCurrencyPosition":"","_EventDateTimeSeparator":"","_EventTimeRangeSeparator":"","_EventOrganizerID":[],"_EventVenueID":[],"_OrganizerEmail":"","_OrganizerPhone":"","_OrganizerWebsite":"","_VenueAddress":"","_VenueCity":"","_VenueCountry":"","_VenueProvince":"","_VenueState":"","_VenueZip":"","_VenuePhone":"","_VenueURL":"","_VenueStateProvince":"","_VenueLat":"","_VenueLng":"","_VenueShowMap":false,"_VenueShowMapLink":false,"activitypub_content_warning":"","activitypub_content_visibility":"","activitypub_max_image_attachments":4,"activitypub_interaction_policy_quote":"anyone","activitypub_status":"","footnotes":""},"class_list":["post-18993","page","type-page","status-publish","hentry"],"translation":{"provider":"WPGlobus","version":"3.0.2","language":"es","enabled_languages":["gb","fr","es","pt"],"languages":{"gb":{"title":true,"content":true,"excerpt":false},"fr":{"title":false,"content":false,"excerpt":false},"es":{"title":false,"content":false,"excerpt":false},"pt":{"title":false,"content":false,"excerpt":false}}},"acf":[],"yoast_head":"<!-- This site is optimized with the Yoast SEO plugin v27.4 - https:\/\/yoast.com\/product\/yoast-seo-wordpress\/ -->\n<title>R\u00c9UNION DU PROJET BOCAGE FORESTIER POUR L\u2019AM\u00c9LIORATION DE LA BIODIVERSIT\u00c9 ET DE LA R\u00c9SILIENCE DU MASSIF DES LANDES DE GASCOGNE - Instituto Europeo Del Bosque Cultivado - IEFC<\/title>\n<meta name=\"robots\" content=\"index, follow, max-snippet:-1, max-image-preview:large, max-video-preview:-1\" \/>\n<link rel=\"canonical\" href=\"https:\/\/www.plantedforests.org\/fr\/infrastructures\/superb-bocage-forestier\/reunion-bocage-forestier-landes-de-gascogne\/\" \/>\n<meta property=\"og:locale\" content=\"es_ES\" \/>\n<meta property=\"og:type\" content=\"article\" \/>\n<meta property=\"og:title\" content=\"R\u00c9UNION DU PROJET BOCAGE FORESTIER POUR L\u2019AM\u00c9LIORATION DE LA BIODIVERSIT\u00c9 ET DE LA R\u00c9SILIENCE DU MASSIF DES LANDES DE GASCOGNE - Instituto Europeo Del Bosque Cultivado - IEFC\" \/>\n<meta property=\"og:url\" content=\"https:\/\/www.plantedforests.org\/fr\/infrastructures\/superb-bocage-forestier\/reunion-bocage-forestier-landes-de-gascogne\/\" \/>\n<meta property=\"og:site_name\" content=\"Instituto Europeo Del Bosque Cultivado - IEFC\" \/>\n<meta property=\"article:modified_time\" content=\"2024-06-20T12:24:07+00:00\" \/>\n<meta name=\"twitter:card\" content=\"summary_large_image\" \/>\n<meta name=\"twitter:site\" content=\"@IEFCPlantForest\" \/>\n<meta name=\"twitter:label1\" content=\"Tiempo de lectura\" \/>\n\t<meta name=\"twitter:data1\" content=\"1 minuto\" \/>\n<script type=\"application\/ld+json\" class=\"yoast-schema-graph\">{\"@context\":\"https:\\\/\\\/schema.org\",\"@graph\":[{\"@type\":\"WebPage\",\"@id\":\"https:\\\/\\\/www.plantedforests.org\\\/fr\\\/infrastructures\\\/superb-bocage-forestier\\\/reunion-bocage-forestier-landes-de-gascogne\\\/\",\"url\":\"https:\\\/\\\/www.plantedforests.org\\\/fr\\\/infrastructures\\\/superb-bocage-forestier\\\/reunion-bocage-forestier-landes-de-gascogne\\\/\",\"name\":\"R\u00c9UNION DU PROJET BOCAGE FORESTIER POUR L\u2019AM\u00c9LIORATION DE LA BIODIVERSIT\u00c9 ET DE LA R\u00c9SILIENCE DU MASSIF DES LANDES DE GASCOGNE - Instituto Europeo Del Bosque Cultivado - IEFC\",\"isPartOf\":{\"@id\":\"https:\\\/\\\/www.plantedforests.org\\\/fr\\\/#website\"},\"datePublished\":\"2024-06-20T12:10:11+00:00\",\"dateModified\":\"2024-06-20T12:24:07+00:00\",\"breadcrumb\":{\"@id\":\"https:\\\/\\\/www.plantedforests.org\\\/fr\\\/infrastructures\\\/superb-bocage-forestier\\\/reunion-bocage-forestier-landes-de-gascogne\\\/#breadcrumb\"},\"inLanguage\":\"es\",\"potentialAction\":[{\"@type\":\"ReadAction\",\"target\":[\"https:\\\/\\\/www.plantedforests.org\\\/fr\\\/infrastructures\\\/superb-bocage-forestier\\\/reunion-bocage-forestier-landes-de-gascogne\\\/\"]}]},{\"@type\":\"BreadcrumbList\",\"@id\":\"https:\\\/\\\/www.plantedforests.org\\\/fr\\\/infrastructures\\\/superb-bocage-forestier\\\/reunion-bocage-forestier-landes-de-gascogne\\\/#breadcrumb\",\"itemListElement\":[{\"@type\":\"ListItem\",\"position\":1,\"name\":\"Accueil\",\"item\":\"https:\\\/\\\/www.plantedforests.org\\\/\"},{\"@type\":\"ListItem\",\"position\":2,\"name\":\"Infrastructures\",\"item\":\"https:\\\/\\\/www.plantedforests.org\\\/infrastructures\\\/\"},{\"@type\":\"ListItem\",\"position\":3,\"name\":\"SUPERB-BOCAGE FORESTIER\",\"item\":\"https:\\\/\\\/www.plantedforests.org\\\/fr\\\/infrastructures\\\/superb-bocage-forestier\\\/\"},{\"@type\":\"ListItem\",\"position\":4,\"name\":\"R\u00c9UNION DU PROJET BOCAGE FORESTIER POUR L\u2019AM\u00c9LIORATION DE LA BIODIVERSIT\u00c9 ET DE LA R\u00c9SILIENCE DU MASSIF DES LANDES DE GASCOGNE\"}]},{\"@type\":\"WebSite\",\"@id\":\"https:\\\/\\\/www.plantedforests.org\\\/fr\\\/#website\",\"url\":\"https:\\\/\\\/www.plantedforests.org\\\/fr\\\/\",\"name\":\"Instituto Europeo Del Bosque Cultivado - IEFC\",\"description\":\"La red para la gesti\u00f3n sostenible y la resiliencia de los bosques cultivados \",\"publisher\":{\"@id\":\"https:\\\/\\\/www.plantedforests.org\\\/fr\\\/#organization\"},\"potentialAction\":[{\"@type\":\"SearchAction\",\"target\":{\"@type\":\"EntryPoint\",\"urlTemplate\":\"https:\\\/\\\/www.plantedforests.org\\\/fr\\\/?s={search_term_string}\"},\"query-input\":{\"@type\":\"PropertyValueSpecification\",\"valueRequired\":true,\"valueName\":\"search_term_string\"}}],\"inLanguage\":\"es\"},{\"@type\":\"Organization\",\"@id\":\"https:\\\/\\\/www.plantedforests.org\\\/fr\\\/#organization\",\"name\":\"Institut Europ\u00e9en de la For\u00eat Cultiv\u00e9e - Plantedforests.org\",\"url\":\"https:\\\/\\\/www.plantedforests.org\\\/fr\\\/\",\"logo\":{\"@type\":\"ImageObject\",\"inLanguage\":\"es\",\"@id\":\"https:\\\/\\\/www.plantedforests.org\\\/fr\\\/#\\\/schema\\\/logo\\\/image\\\/\",\"url\":\"https:\\\/\\\/www.plantedforests.org\\\/wp-content\\\/uploads\\\/2022\\\/07\\\/Logo_iefc__FR.png\",\"contentUrl\":\"https:\\\/\\\/www.plantedforests.org\\\/wp-content\\\/uploads\\\/2022\\\/07\\\/Logo_iefc__FR.png\",\"width\":2031,\"height\":1001,\"caption\":\"Institut Europ\u00e9en de la For\u00eat Cultiv\u00e9e - Plantedforests.org\"},\"image\":{\"@id\":\"https:\\\/\\\/www.plantedforests.org\\\/fr\\\/#\\\/schema\\\/logo\\\/image\\\/\"},\"sameAs\":[\"https:\\\/\\\/x.com\\\/IEFCPlantForest\",\"https:\\\/\\\/www.linkedin.com\\\/company\\\/71728047\\\/\"]}]}<\/script>\n<!-- \/ Yoast SEO plugin. -->","yoast_head_json":{"title":"R\u00c9UNION DU PROJET BOCAGE FORESTIER POUR L\u2019AM\u00c9LIORATION DE LA BIODIVERSIT\u00c9 ET DE LA R\u00c9SILIENCE DU MASSIF DES LANDES DE GASCOGNE - Instituto Europeo Del Bosque Cultivado - IEFC","robots":{"index":"index","follow":"follow","max-snippet":"max-snippet:-1","max-image-preview":"max-image-preview:large","max-video-preview":"max-video-preview:-1"},"canonical":"https:\/\/www.plantedforests.org\/fr\/infrastructures\/superb-bocage-forestier\/reunion-bocage-forestier-landes-de-gascogne\/","og_locale":"es_ES","og_type":"article","og_title":"R\u00c9UNION DU PROJET BOCAGE FORESTIER POUR L\u2019AM\u00c9LIORATION DE LA BIODIVERSIT\u00c9 ET DE LA R\u00c9SILIENCE DU MASSIF DES LANDES DE GASCOGNE - Instituto Europeo Del Bosque Cultivado - IEFC","og_url":"https:\/\/www.plantedforests.org\/fr\/infrastructures\/superb-bocage-forestier\/reunion-bocage-forestier-landes-de-gascogne\/","og_site_name":"Instituto Europeo Del Bosque Cultivado - IEFC","article_modified_time":"2024-06-20T12:24:07+00:00","twitter_card":"summary_large_image","twitter_site":"@IEFCPlantForest","twitter_misc":{"Tiempo de lectura":"1 minuto"},"schema":{"@context":"https:\/\/schema.org","@graph":[{"@type":"WebPage","@id":"https:\/\/www.plantedforests.org\/fr\/infrastructures\/superb-bocage-forestier\/reunion-bocage-forestier-landes-de-gascogne\/","url":"https:\/\/www.plantedforests.org\/fr\/infrastructures\/superb-bocage-forestier\/reunion-bocage-forestier-landes-de-gascogne\/","name":"R\u00c9UNION DU PROJET BOCAGE FORESTIER POUR L\u2019AM\u00c9LIORATION DE LA BIODIVERSIT\u00c9 ET DE LA R\u00c9SILIENCE DU MASSIF DES LANDES DE GASCOGNE - Instituto Europeo Del Bosque Cultivado - IEFC","isPartOf":{"@id":"https:\/\/www.plantedforests.org\/fr\/#website"},"datePublished":"2024-06-20T12:10:11+00:00","dateModified":"2024-06-20T12:24:07+00:00","breadcrumb":{"@id":"https:\/\/www.plantedforests.org\/fr\/infrastructures\/superb-bocage-forestier\/reunion-bocage-forestier-landes-de-gascogne\/#breadcrumb"},"inLanguage":"es","potentialAction":[{"@type":"ReadAction","target":["https:\/\/www.plantedforests.org\/fr\/infrastructures\/superb-bocage-forestier\/reunion-bocage-forestier-landes-de-gascogne\/"]}]},{"@type":"BreadcrumbList","@id":"https:\/\/www.plantedforests.org\/fr\/infrastructures\/superb-bocage-forestier\/reunion-bocage-forestier-landes-de-gascogne\/#breadcrumb","itemListElement":[{"@type":"ListItem","position":1,"name":"Accueil","item":"https:\/\/www.plantedforests.org\/"},{"@type":"ListItem","position":2,"name":"Infrastructures","item":"https:\/\/www.plantedforests.org\/infrastructures\/"},{"@type":"ListItem","position":3,"name":"SUPERB-BOCAGE FORESTIER","item":"https:\/\/www.plantedforests.org\/fr\/infrastructures\/superb-bocage-forestier\/"},{"@type":"ListItem","position":4,"name":"R\u00c9UNION DU PROJET BOCAGE FORESTIER POUR L\u2019AM\u00c9LIORATION DE LA BIODIVERSIT\u00c9 ET DE LA R\u00c9SILIENCE DU MASSIF DES LANDES DE GASCOGNE"}]},{"@type":"WebSite","@id":"https:\/\/www.plantedforests.org\/fr\/#website","url":"https:\/\/www.plantedforests.org\/fr\/","name":"Instituto Europeo Del Bosque Cultivado - IEFC","description":"La red para la gesti\u00f3n sostenible y la resiliencia de los bosques cultivados ","publisher":{"@id":"https:\/\/www.plantedforests.org\/fr\/#organization"},"potentialAction":[{"@type":"SearchAction","target":{"@type":"EntryPoint","urlTemplate":"https:\/\/www.plantedforests.org\/fr\/?s={search_term_string}"},"query-input":{"@type":"PropertyValueSpecification","valueRequired":true,"valueName":"search_term_string"}}],"inLanguage":"es"},{"@type":"Organization","@id":"https:\/\/www.plantedforests.org\/fr\/#organization","name":"Institut Europ\u00e9en de la For\u00eat Cultiv\u00e9e - Plantedforests.org","url":"https:\/\/www.plantedforests.org\/fr\/","logo":{"@type":"ImageObject","inLanguage":"es","@id":"https:\/\/www.plantedforests.org\/fr\/#\/schema\/logo\/image\/","url":"https:\/\/www.plantedforests.org\/wp-content\/uploads\/2022\/07\/Logo_iefc__FR.png","contentUrl":"https:\/\/www.plantedforests.org\/wp-content\/uploads\/2022\/07\/Logo_iefc__FR.png","width":2031,"height":1001,"caption":"Institut Europ\u00e9en de la For\u00eat Cultiv\u00e9e - Plantedforests.org"},"image":{"@id":"https:\/\/www.plantedforests.org\/fr\/#\/schema\/logo\/image\/"},"sameAs":["https:\/\/x.com\/IEFCPlantForest","https:\/\/www.linkedin.com\/company\/71728047\/"]}]}},"_links":{"self":[{"href":"https:\/\/www.plantedforests.org\/es\/wp-json\/wp\/v2\/pages\/18993","targetHints":{"allow":["GET"]}}],"collection":[{"href":"https:\/\/www.plantedforests.org\/es\/wp-json\/wp\/v2\/pages"}],"about":[{"href":"https:\/\/www.plantedforests.org\/es\/wp-json\/wp\/v2\/types\/page"}],"author":[{"embeddable":true,"href":"https:\/\/www.plantedforests.org\/es\/wp-json\/wp\/v2\/users\/101"}],"replies":[{"embeddable":true,"href":"https:\/\/www.plantedforests.org\/es\/wp-json\/wp\/v2\/comments?post=18993"}],"version-history":[{"count":23,"href":"https:\/\/www.plantedforests.org\/es\/wp-json\/wp\/v2\/pages\/18993\/revisions"}],"predecessor-version":[{"id":19026,"href":"https:\/\/www.plantedforests.org\/es\/wp-json\/wp\/v2\/pages\/18993\/revisions\/19026"}],"up":[{"embeddable":true,"href":"https:\/\/www.plantedforests.org\/es\/wp-json\/wp\/v2\/pages\/15315"}],"wp:attachment":[{"href":"https:\/\/www.plantedforests.org\/es\/wp-json\/wp\/v2\/media?parent=18993"}],"curies":[{"name":"wp","href":"https:\/\/api.w.org\/{rel}","templated":true}]}}