
{"id":18500,"date":"2024-04-30T16:53:01","date_gmt":"2024-04-30T14:53:01","guid":{"rendered":"https:\/\/www.plantedforests.org\/?page_id=18500"},"modified":"2024-04-30T17:00:52","modified_gmt":"2024-04-30T15:00:52","slug":"webinar-28-may-2024-registration","status":"publish","type":"page","link":"https:\/\/www.plantedforests.org\/es\/webinar-28-may-2024-registration\/","title":{"rendered":"Webinar n\u00b01 &#8211; FIRE-RES &#8211; Innovation Actions &#8211; 28 May 2024 &#8211; Registration"},"content":{"rendered":"<div class=\"frm_forms  with_frm_style frm_style_style-formidable\" id=\"frm_form_28_container\" data-token=\"e443be84c3c33066f085d451d0fd6a7e\">\n<form enctype=\"multipart\/form-data\" method=\"post\" class=\"frm-show-form \" id=\"form_webinarfireres\" data-token=\"e443be84c3c33066f085d451d0fd6a7e\">\n<div class=\"frm_form_fields \">\n<fieldset>\n<legend class=\"frm_screen_reader\">Webinar_FIRE-RES<\/legend>\r\n\r\n<div class=\"frm_fields_container\">\n<input type=\"hidden\" name=\"frm_action\" value=\"create\" \/>\n<input type=\"hidden\" name=\"form_id\" value=\"28\" \/>\n<input type=\"hidden\" name=\"frm_hide_fields_28\" id=\"frm_hide_fields_28\" value=\"\" \/>\n<input type=\"hidden\" name=\"form_key\" value=\"webinarfireres\" \/>\n<input type=\"hidden\" name=\"item_meta[0]\" value=\"\" \/>\n<input type=\"hidden\" id=\"frm_submit_entry_28\" name=\"frm_submit_entry_28\" value=\"8c41015637\" \/><input type=\"hidden\" name=\"_wp_http_referer\" value=\"\/es\/wp-json\/wp\/v2\/pages\/18500\" \/><div id=\"frm_field_275_container\" class=\"frm_form_field form-field  frm_required_field frm_top_container frm6 frm_first\">\r\n    <label for=\"field_x5hcq3f4ca4125b3333\" id=\"field_x5hcq3f4ca4125b3333_label\" class=\"frm_primary_label\">Name\r\n        <span class=\"frm_required\" aria-hidden=\"true\">*<\/span>\r\n    <\/label>\r\n    <input type=\"text\" id=\"field_x5hcq3f4ca4125b3333\" name=\"item_meta[275]\" value=\"\"  data-reqmsg=\"Ce champ ne peut pas \u00eatre vide\" aria-required=\"true\" data-invmsg=\"Text is invalid\" aria-invalid=\"false\"  \/>\r\n    \r\n    \r\n<\/div>\n<div id=\"frm_field_276_container\" class=\"frm_form_field form-field  frm_required_field frm_top_container frm6\">\r\n    <label for=\"field_ncizka5c914c0183333\" id=\"field_ncizka5c914c0183333_label\" class=\"frm_primary_label\">First name\r\n        <span class=\"frm_required\" aria-hidden=\"true\">*<\/span>\r\n    <\/label>\r\n    <input type=\"text\" id=\"field_ncizka5c914c0183333\" name=\"item_meta[276]\" value=\"\"  data-reqmsg=\"Ce champ ne peut pas \u00eatre vide\" aria-required=\"true\" data-invmsg=\"Text is invalid\" aria-invalid=\"false\"  \/>\r\n    \r\n    \r\n<\/div>\n<div id=\"frm_field_277_container\" class=\"frm_form_field form-field  frm_required_field frm_top_container\">\r\n    <label for=\"field_v3i98eafe99a3c3433\" id=\"field_v3i98eafe99a3c3433_label\" class=\"frm_primary_label\">Email\r\n        <span class=\"frm_required\" aria-hidden=\"true\">*<\/span>\r\n    <\/label>\r\n    <input type=\"email\" id=\"field_v3i98eafe99a3c3433\" name=\"item_meta[277]\" value=\"\"  data-reqmsg=\"Email ne peut pas \u00eatre vide.\" aria-required=\"true\" data-invmsg=\"Email is invalid\" aria-invalid=\"false\"  \/>\r\n    \r\n    \r\n<\/div>\n<div id=\"frm_field_278_container\" class=\"frm_form_field form-field  frm_required_field frm_top_container\">\r\n    <label for=\"field_u3ch8d3c7ca03943333\" id=\"field_u3ch8d3c7ca03943333_label\" class=\"frm_primary_label\">Company\r\n        <span class=\"frm_required\" aria-hidden=\"true\">*<\/span>\r\n    <\/label>\r\n    <input type=\"text\" id=\"field_u3ch8d3c7ca03943333\" name=\"item_meta[278]\" value=\"\"  data-reqmsg=\"Ce champ ne peut pas \u00eatre vide\" aria-required=\"true\" data-invmsg=\"Text is invalid\" aria-invalid=\"false\"  \/>\r\n    \r\n    \r\n<\/div>\n<div id=\"frm_field_279_container\" class=\"frm_form_field form-field  frm_required_field frm_top_container frm6 frm_first\">\r\n    <label for=\"field_9f5262\" id=\"field_9f5262_label\" class=\"frm_primary_label\">Occupation\r\n        <span class=\"frm_required\" aria-hidden=\"true\">*<\/span>\r\n    <\/label>\r\n    \t\t<select name=\"item_meta[279]\" id=\"field_9f5262\"  placeholder=\"Please select one of the following answers\" data-reqmsg=\"Ce champ ne peut pas \u00eatre vide\" aria-required=\"true\" data-invmsg=\"Occupation no es v\u00e1lido\" aria-invalid=\"false\"  >\n\t\t<option  class=\"frm-select-placeholder\" value=\"\" data-placeholder=\"true\">Please select one of the following answers<\/option><option  value=\"Scientist\/Researcher\">Scientist\/Researcher<\/option><option  value=\"Professor\">Professor<\/option><option  value=\"Forester (Manager\/Owner,...)\">Forester (Manager\/Owner,&#8230;)<\/option><option  value=\"Forest Worker (plantations, processing,...)\">Forest Worker (plantations, processing,&#8230;)<\/option><option  value=\"Wood Processor (industry, paper, SME,...)\">Wood Processor (industry, paper, SME,&#8230;)<\/option><option  value=\"Forest Adviser (extension service, consultant,...)\">Forest Adviser (extension service, consultant,&#8230;)<\/option><option  value=\"Service provider related to forest (web app, website, insurance, decision support tools,...)\">Service provider related to forest (web app, website, insurance, decision support tools,&#8230;)<\/option><option  value=\"Policy Maker (administration, elected person,...)\">Policy Maker (administration, elected person,&#8230;)<\/option><option  value=\"Other\">Other<\/option>\t<\/select>\n\t\r\n    \r\n    \r\n<\/div>\n<div id=\"frm_field_280_container\" class=\"frm_form_field form-field  frm_top_container frm6\">\r\n    <label for=\"field_lhqln2\" id=\"field_lhqln2_label\" class=\"frm_primary_label\">If you select &#8216;Other\u00bb please add your job position\r\n        <span class=\"frm_required\" aria-hidden=\"true\"><\/span>\r\n    <\/label>\r\n    <input type=\"text\" id=\"field_lhqln2\" name=\"item_meta[280]\" value=\"\"  data-invmsg=\"Text is invalid\" aria-invalid=\"false\"  \/>\r\n    \r\n    \r\n<\/div>\n<div id=\"frm_field_281_container\" class=\"frm_form_field form-field  frm_required_field frm_top_container frm6 frm_first\">\r\n    <label for=\"field_3uu5s2\" id=\"field_3uu5s2_label\" class=\"frm_primary_label\">Sector\r\n        <span class=\"frm_required\" aria-hidden=\"true\">*<\/span>\r\n    <\/label>\r\n    \t\t<select name=\"item_meta[281]\" id=\"field_3uu5s2\"  placeholder=\"Please select one of the following answers\" data-reqmsg=\"Ce champ ne peut pas \u00eatre vide\" aria-required=\"true\" data-invmsg=\"Sector no es v\u00e1lido\" aria-invalid=\"false\"  >\n\t\t<option  class=\"frm-select-placeholder\" value=\"\" data-placeholder=\"true\">Please select one of the following answers<\/option><option  value=\"Research Institute\/Center\">Research Institute\/Center<\/option><option  value=\"University\">University<\/option><option  value=\"Government\">Government<\/option><option  value=\"Agroforestry\">Agroforestry<\/option><option  value=\"Association\">Association<\/option><option  value=\"Private sector\">Private sector<\/option><option  value=\"Administration\">Administration<\/option><option  value=\"Forest Service\">Forest Service<\/option><option  value=\"Other\">Other<\/option>\t<\/select>\n\t\r\n    \r\n    \r\n<\/div>\n<div id=\"frm_field_282_container\" class=\"frm_form_field form-field  frm_top_container frm6\">\r\n    <label for=\"field_a63fi2\" id=\"field_a63fi2_label\" class=\"frm_primary_label\">If you choose \u00abOther\u00bb, please add the sector in which you work.\r\n        <span class=\"frm_required\" aria-hidden=\"true\"><\/span>\r\n    <\/label>\r\n    <input type=\"text\" id=\"field_a63fi2\" name=\"item_meta[282]\" value=\"\"  data-invmsg=\"Text is invalid\" aria-invalid=\"false\"  \/>\r\n    \r\n    \r\n<\/div>\n<div id=\"frm_field_283_container\" class=\"frm_form_field form-field  frm_required_field frm_top_container\">\r\n    <label for=\"field_y7iol2\" id=\"field_y7iol2_label\" class=\"frm_primary_label\">Country\r\n        <span class=\"frm_required\" aria-hidden=\"true\">*<\/span>\r\n    <\/label>\r\n    <input type=\"text\" id=\"field_y7iol2\" name=\"item_meta[283]\" value=\"\"  data-reqmsg=\"Ce champ ne peut pas \u00eatre vide\" aria-required=\"true\" data-invmsg=\"Text is invalid\" aria-invalid=\"false\"  \/>\r\n    \r\n    \r\n<\/div>\n<div id=\"frm_field_284_container\" class=\"frm_form_field form-field  frm_top_container vertical_radio\">\r\n    <div  id=\"field_y82tj3_label\" class=\"frm_primary_label\">IEFC Newsletter\r\n        <span class=\"frm_required\" aria-hidden=\"true\"><\/span>\r\n    <\/div>\r\n    <div class=\"frm_opt_container\" aria-labelledby=\"field_y82tj3_label\" role=\"group\">\t\t<div class=\"frm_checkbox\" id=\"frm_checkbox_284-0\">\t\t\t<label  for=\"field_y82tj3-0\">\n\t\t\t<input type=\"checkbox\" name=\"item_meta[284][]\" id=\"field_y82tj3-0\" value=\"By ticking this box, I consent to receive newsletters from IEFC. I acknowledge that I can unsubscribe at any time by clicking the &quot;Unsubscribe&quot; link in the email.\"  data-invmsg=\"IEFC Newsletter no es v\u00e1lido\"   \/> By ticking this box, I consent to receive newsletters from IEFC. I acknowledge that I can unsubscribe at any time by clicking the \u00abUnsubscribe\u00bb link in the email.<\/label><\/div>\n<\/div>\r\n    \r\n    \r\n<\/div>\n<div id=\"frm_field_285_container\" class=\"frm_form_field form-field  frm_required_field frm_top_container vertical_radio\">\r\n    <div  id=\"field_1ii3m333_label\" class=\"frm_primary_label\">Data protection \r\n        <span class=\"frm_required\" aria-hidden=\"true\">*<\/span>\r\n    <\/div>\r\n    <div class=\"frm_opt_container\" aria-labelledby=\"field_1ii3m333_label\" role=\"group\">\t\t<div class=\"frm_checkbox\" id=\"frm_checkbox_285-0\">\t\t\t<label  for=\"field_1ii3m333-0\">\n\t\t\t<input type=\"checkbox\" name=\"item_meta[285][]\" id=\"field_1ii3m333-0\" value=\"By ticking this form, I consent to the information provided being used by IEFC for sending emails about the webinar. The information collected on this form will be communicated to IEFC only. I understand that I can withdraw my consent at any time. In accordance with the General Data Protection Regulation n\u00b0EU 2016\/679, you can access your data, modify it, request its deletion or exercise your right to limit the processing of your data. Consult the https:\/\/www.cnil.fr\/en\/ website for more information on your rights. To exercise these rights or if you have any questions about the processing of your data in this system, you can contact contact@iefc.net.\"  data-reqmsg=\"Ce champ ne peut pas \u00eatre vide\" data-invmsg=\"Data protection  no es v\u00e1lido\"   aria-required=\"true\"  \/> By ticking this form, I consent to the information provided being used by IEFC for sending emails about the webinar. The information collected on this form will be communicated to IEFC only. I understand that I can withdraw my consent at any time. In accordance with the General Data Protection Regulation n\u00b0EU 2016\/679, you can access your data, modify it, request its deletion or exercise your right to limit the processing of your data. Consult the https:\/\/www.cnil.fr\/en\/ website for more information on your rights. To exercise these rights or if you have any questions about the processing of your data in this system, you can contact contact@iefc.net.<\/label><\/div>\n<\/div>\r\n    \r\n    \r\n<\/div>\n<div id=\"frm_field_286_container\" class=\"frm_form_field form-field  frm_none_container\">\r\n    <label for=\"g-recaptcha-response\" id=\"field_uh7965fb161e15d3333_label\" class=\"frm_primary_label\">Captcha\r\n        <span class=\"frm_required\" aria-hidden=\"true\"><\/span>\r\n    <\/label>\r\n    \r\n    \r\n    \r\n<\/div>\n<div id=\"frm_field_287_container\" class=\"frm_form_field form-field \">\r\n\t<div class=\"frm_submit\">\r\n\r\n<button class=\"frm_button_submit\" type=\"submit\"  >Register<\/button>\r\n\r\n<\/div>\r\n<\/div>\n\t<input type=\"hidden\" name=\"item_key\" value=\"\" \/>\n\t\t\t<div id=\"frm_field_449_container\">\n\t\t\t<label for=\"field_imsk\" >\n\t\t\t\tSi eres humano, deja este campo en blanco.\t\t\t<\/label>\n\t\t\t<input  id=\"field_imsk\" type=\"text\" class=\"frm_form_field form-field frm_verify\" name=\"item_meta[449]\" value=\"\"  \/>\n\t\t<\/div>\n\t\t<input name=\"frm_state\" type=\"hidden\" value=\"lQ86uyjCGCmXDvJWnqwrUt\/3tlwWro3xVs6okwXfxsM=\" \/><\/div>\n<\/fieldset>\n<\/div>\n\n<\/form>\n<\/div>\n","protected":false},"excerpt":{"rendered":"","protected":false},"author":101,"featured_media":0,"parent":0,"menu_order":0,"comment_status":"closed","ping_status":"closed","template":"","meta":{"_acf_changed":false,"_eb_attr":"","_EventAllDay":false,"_EventTimezone":"","_EventStartDate":"","_EventEndDate":"","_EventStartDateUTC":"","_EventEndDateUTC":"","_EventShowMap":false,"_EventShowMapLink":false,"_EventURL":"","_EventCost":"","_EventCostDescription":"","_EventCurrencySymbol":"","_EventCurrencyCode":"","_EventCurrencyPosition":"","_EventDateTimeSeparator":"","_EventTimeRangeSeparator":"","_EventOrganizerID":[],"_EventVenueID":[],"_OrganizerEmail":"","_OrganizerPhone":"","_OrganizerWebsite":"","_VenueAddress":"","_VenueCity":"","_VenueCountry":"","_VenueProvince":"","_VenueState":"","_VenueZip":"","_VenuePhone":"","_VenueURL":"","_VenueStateProvince":"","_VenueLat":"","_VenueLng":"","_VenueShowMap":false,"_VenueShowMapLink":false,"activitypub_content_warning":"","activitypub_content_visibility":"","activitypub_max_image_attachments":4,"activitypub_interaction_policy_quote":"anyone","activitypub_status":"","footnotes":""},"class_list":["post-18500","page","type-page","status-publish","hentry"],"translation":{"provider":"WPGlobus","version":"3.0.2","language":"es","enabled_languages":["gb","fr","es","pt"],"languages":{"gb":{"title":true,"content":true,"excerpt":false},"fr":{"title":false,"content":false,"excerpt":false},"es":{"title":false,"content":false,"excerpt":false},"pt":{"title":false,"content":false,"excerpt":false}}},"acf":[],"yoast_head":"<!-- This site is optimized with the Yoast SEO plugin v27.4 - https:\/\/yoast.com\/product\/yoast-seo-wordpress\/ -->\n<title>Webinar n\u00b01 - FIRE-RES - Innovation Actions - 28 May 2024 - Registration - Instituto Europeo Del Bosque Cultivado - IEFC<\/title>\n<meta name=\"robots\" content=\"index, follow, max-snippet:-1, max-image-preview:large, max-video-preview:-1\" \/>\n<link rel=\"canonical\" href=\"https:\/\/www.plantedforests.org\/webinar-28-may-2024-registration\/\" \/>\n<meta property=\"og:locale\" content=\"es_ES\" \/>\n<meta property=\"og:type\" content=\"article\" \/>\n<meta property=\"og:title\" content=\"Webinar n\u00b01 - FIRE-RES - Innovation Actions - 28 May 2024 - Registration - Instituto Europeo Del Bosque Cultivado - IEFC\" \/>\n<meta property=\"og:url\" content=\"https:\/\/www.plantedforests.org\/webinar-28-may-2024-registration\/\" \/>\n<meta property=\"og:site_name\" content=\"Instituto Europeo Del Bosque Cultivado - IEFC\" \/>\n<meta property=\"article:modified_time\" content=\"2024-04-30T15:00:52+00:00\" \/>\n<meta name=\"twitter:card\" content=\"summary_large_image\" \/>\n<meta name=\"twitter:site\" content=\"@IEFCPlantForest\" \/>\n<meta name=\"twitter:label1\" content=\"Tiempo de lectura\" \/>\n\t<meta name=\"twitter:data1\" content=\"1 minuto\" \/>\n<script type=\"application\/ld+json\" class=\"yoast-schema-graph\">{\"@context\":\"https:\\\/\\\/schema.org\",\"@graph\":[{\"@type\":\"WebPage\",\"@id\":\"https:\\\/\\\/www.plantedforests.org\\\/webinar-28-may-2024-registration\\\/\",\"url\":\"https:\\\/\\\/www.plantedforests.org\\\/webinar-28-may-2024-registration\\\/\",\"name\":\"Webinar n\u00b01 - FIRE-RES - Innovation Actions - 28 May 2024 - Registration - Instituto Europeo Del Bosque Cultivado - IEFC\",\"isPartOf\":{\"@id\":\"https:\\\/\\\/www.plantedforests.org\\\/fr\\\/#website\"},\"datePublished\":\"2024-04-30T14:53:01+00:00\",\"dateModified\":\"2024-04-30T15:00:52+00:00\",\"breadcrumb\":{\"@id\":\"https:\\\/\\\/www.plantedforests.org\\\/webinar-28-may-2024-registration\\\/#breadcrumb\"},\"inLanguage\":\"es\",\"potentialAction\":[{\"@type\":\"ReadAction\",\"target\":[\"https:\\\/\\\/www.plantedforests.org\\\/webinar-28-may-2024-registration\\\/\"]}]},{\"@type\":\"BreadcrumbList\",\"@id\":\"https:\\\/\\\/www.plantedforests.org\\\/webinar-28-may-2024-registration\\\/#breadcrumb\",\"itemListElement\":[{\"@type\":\"ListItem\",\"position\":1,\"name\":\"Accueil\",\"item\":\"https:\\\/\\\/www.plantedforests.org\\\/\"},{\"@type\":\"ListItem\",\"position\":2,\"name\":\"Webinar n\u00b01 &#8211; FIRE-RES &#8211; Innovation Actions &#8211; 28 May 2024 &#8211; Registration\"}]},{\"@type\":\"WebSite\",\"@id\":\"https:\\\/\\\/www.plantedforests.org\\\/fr\\\/#website\",\"url\":\"https:\\\/\\\/www.plantedforests.org\\\/fr\\\/\",\"name\":\"Instituto Europeo Del Bosque Cultivado - IEFC\",\"description\":\"La red para la gesti\u00f3n sostenible y la resiliencia de los bosques cultivados \",\"publisher\":{\"@id\":\"https:\\\/\\\/www.plantedforests.org\\\/fr\\\/#organization\"},\"potentialAction\":[{\"@type\":\"SearchAction\",\"target\":{\"@type\":\"EntryPoint\",\"urlTemplate\":\"https:\\\/\\\/www.plantedforests.org\\\/fr\\\/?s={search_term_string}\"},\"query-input\":{\"@type\":\"PropertyValueSpecification\",\"valueRequired\":true,\"valueName\":\"search_term_string\"}}],\"inLanguage\":\"es\"},{\"@type\":\"Organization\",\"@id\":\"https:\\\/\\\/www.plantedforests.org\\\/fr\\\/#organization\",\"name\":\"Institut Europ\u00e9en de la For\u00eat Cultiv\u00e9e - Plantedforests.org\",\"url\":\"https:\\\/\\\/www.plantedforests.org\\\/fr\\\/\",\"logo\":{\"@type\":\"ImageObject\",\"inLanguage\":\"es\",\"@id\":\"https:\\\/\\\/www.plantedforests.org\\\/fr\\\/#\\\/schema\\\/logo\\\/image\\\/\",\"url\":\"https:\\\/\\\/www.plantedforests.org\\\/wp-content\\\/uploads\\\/2022\\\/07\\\/Logo_iefc__FR.png\",\"contentUrl\":\"https:\\\/\\\/www.plantedforests.org\\\/wp-content\\\/uploads\\\/2022\\\/07\\\/Logo_iefc__FR.png\",\"width\":2031,\"height\":1001,\"caption\":\"Institut Europ\u00e9en de la For\u00eat Cultiv\u00e9e - Plantedforests.org\"},\"image\":{\"@id\":\"https:\\\/\\\/www.plantedforests.org\\\/fr\\\/#\\\/schema\\\/logo\\\/image\\\/\"},\"sameAs\":[\"https:\\\/\\\/x.com\\\/IEFCPlantForest\",\"https:\\\/\\\/www.linkedin.com\\\/company\\\/71728047\\\/\"]}]}<\/script>\n<!-- \/ Yoast SEO plugin. -->","yoast_head_json":{"title":"Webinar n\u00b01 - FIRE-RES - Innovation Actions - 28 May 2024 - Registration - Instituto Europeo Del Bosque Cultivado - IEFC","robots":{"index":"index","follow":"follow","max-snippet":"max-snippet:-1","max-image-preview":"max-image-preview:large","max-video-preview":"max-video-preview:-1"},"canonical":"https:\/\/www.plantedforests.org\/webinar-28-may-2024-registration\/","og_locale":"es_ES","og_type":"article","og_title":"Webinar n\u00b01 - FIRE-RES - Innovation Actions - 28 May 2024 - Registration - Instituto Europeo Del Bosque Cultivado - IEFC","og_url":"https:\/\/www.plantedforests.org\/webinar-28-may-2024-registration\/","og_site_name":"Instituto Europeo Del Bosque Cultivado - IEFC","article_modified_time":"2024-04-30T15:00:52+00:00","twitter_card":"summary_large_image","twitter_site":"@IEFCPlantForest","twitter_misc":{"Tiempo de lectura":"1 minuto"},"schema":{"@context":"https:\/\/schema.org","@graph":[{"@type":"WebPage","@id":"https:\/\/www.plantedforests.org\/webinar-28-may-2024-registration\/","url":"https:\/\/www.plantedforests.org\/webinar-28-may-2024-registration\/","name":"Webinar n\u00b01 - FIRE-RES - Innovation Actions - 28 May 2024 - Registration - Instituto Europeo Del Bosque Cultivado - IEFC","isPartOf":{"@id":"https:\/\/www.plantedforests.org\/fr\/#website"},"datePublished":"2024-04-30T14:53:01+00:00","dateModified":"2024-04-30T15:00:52+00:00","breadcrumb":{"@id":"https:\/\/www.plantedforests.org\/webinar-28-may-2024-registration\/#breadcrumb"},"inLanguage":"es","potentialAction":[{"@type":"ReadAction","target":["https:\/\/www.plantedforests.org\/webinar-28-may-2024-registration\/"]}]},{"@type":"BreadcrumbList","@id":"https:\/\/www.plantedforests.org\/webinar-28-may-2024-registration\/#breadcrumb","itemListElement":[{"@type":"ListItem","position":1,"name":"Accueil","item":"https:\/\/www.plantedforests.org\/"},{"@type":"ListItem","position":2,"name":"Webinar n\u00b01 &#8211; FIRE-RES &#8211; Innovation Actions &#8211; 28 May 2024 &#8211; Registration"}]},{"@type":"WebSite","@id":"https:\/\/www.plantedforests.org\/fr\/#website","url":"https:\/\/www.plantedforests.org\/fr\/","name":"Instituto Europeo Del Bosque Cultivado - IEFC","description":"La red para la gesti\u00f3n sostenible y la resiliencia de los bosques cultivados ","publisher":{"@id":"https:\/\/www.plantedforests.org\/fr\/#organization"},"potentialAction":[{"@type":"SearchAction","target":{"@type":"EntryPoint","urlTemplate":"https:\/\/www.plantedforests.org\/fr\/?s={search_term_string}"},"query-input":{"@type":"PropertyValueSpecification","valueRequired":true,"valueName":"search_term_string"}}],"inLanguage":"es"},{"@type":"Organization","@id":"https:\/\/www.plantedforests.org\/fr\/#organization","name":"Institut Europ\u00e9en de la For\u00eat Cultiv\u00e9e - Plantedforests.org","url":"https:\/\/www.plantedforests.org\/fr\/","logo":{"@type":"ImageObject","inLanguage":"es","@id":"https:\/\/www.plantedforests.org\/fr\/#\/schema\/logo\/image\/","url":"https:\/\/www.plantedforests.org\/wp-content\/uploads\/2022\/07\/Logo_iefc__FR.png","contentUrl":"https:\/\/www.plantedforests.org\/wp-content\/uploads\/2022\/07\/Logo_iefc__FR.png","width":2031,"height":1001,"caption":"Institut Europ\u00e9en de la For\u00eat Cultiv\u00e9e - Plantedforests.org"},"image":{"@id":"https:\/\/www.plantedforests.org\/fr\/#\/schema\/logo\/image\/"},"sameAs":["https:\/\/x.com\/IEFCPlantForest","https:\/\/www.linkedin.com\/company\/71728047\/"]}]}},"_links":{"self":[{"href":"https:\/\/www.plantedforests.org\/es\/wp-json\/wp\/v2\/pages\/18500","targetHints":{"allow":["GET"]}}],"collection":[{"href":"https:\/\/www.plantedforests.org\/es\/wp-json\/wp\/v2\/pages"}],"about":[{"href":"https:\/\/www.plantedforests.org\/es\/wp-json\/wp\/v2\/types\/page"}],"author":[{"embeddable":true,"href":"https:\/\/www.plantedforests.org\/es\/wp-json\/wp\/v2\/users\/101"}],"replies":[{"embeddable":true,"href":"https:\/\/www.plantedforests.org\/es\/wp-json\/wp\/v2\/comments?post=18500"}],"version-history":[{"count":2,"href":"https:\/\/www.plantedforests.org\/es\/wp-json\/wp\/v2\/pages\/18500\/revisions"}],"predecessor-version":[{"id":18506,"href":"https:\/\/www.plantedforests.org\/es\/wp-json\/wp\/v2\/pages\/18500\/revisions\/18506"}],"wp:attachment":[{"href":"https:\/\/www.plantedforests.org\/es\/wp-json\/wp\/v2\/media?parent=18500"}],"curies":[{"name":"wp","href":"https:\/\/api.w.org\/{rel}","templated":true}]}}