
{"id":16270,"date":"2024-02-08T11:10:41","date_gmt":"2024-02-08T10:10:41","guid":{"rendered":"https:\/\/www.plantedforests.org\/?page_id=16270"},"modified":"2025-08-26T11:33:42","modified_gmt":"2025-08-26T09:33:42","slug":"fire-res","status":"publish","type":"page","link":"https:\/\/www.plantedforests.org\/es\/infrastructures\/fire-res\/","title":{"rendered":"FIRE-RES"},"content":{"rendered":"<p><img fetchpriority=\"high\" decoding=\"async\" width=\"2560\" height=\"643\" src=\"https:\/\/www.plantedforests.org\/wp-content\/uploads\/2024\/02\/FireRes_logo_txt_HIGH_color-scaled.jpg\" alt=\"\" srcset=\"https:\/\/www.plantedforests.org\/wp-content\/uploads\/2024\/02\/FireRes_logo_txt_HIGH_color-scaled.jpg 2560w, https:\/\/www.plantedforests.org\/wp-content\/uploads\/2024\/02\/FireRes_logo_txt_HIGH_color-300x75.jpg 300w, https:\/\/www.plantedforests.org\/wp-content\/uploads\/2024\/02\/FireRes_logo_txt_HIGH_color-1024x257.jpg 1024w, https:\/\/www.plantedforests.org\/wp-content\/uploads\/2024\/02\/FireRes_logo_txt_HIGH_color-150x38.jpg 150w, https:\/\/www.plantedforests.org\/wp-content\/uploads\/2024\/02\/FireRes_logo_txt_HIGH_color-768x193.jpg 768w, https:\/\/www.plantedforests.org\/wp-content\/uploads\/2024\/02\/FireRes_logo_txt_HIGH_color-1536x386.jpg 1536w, https:\/\/www.plantedforests.org\/wp-content\/uploads\/2024\/02\/FireRes_logo_txt_HIGH_color-2048x515.jpg 2048w, https:\/\/www.plantedforests.org\/wp-content\/uploads\/2024\/02\/FireRes_logo_txt_HIGH_color-1320x332.jpg 1320w\" sizes=\"(max-width: 2560px) 100vw, 2560px\" \/>\t\t\t\t\t\t\t\t\t\t\t\t\t\t\t<\/p>\n<p>\u00a0<a href=\"http:\/\/www.fire-res.eu\/\">www.fire-res.eu<\/a><\/p>\n<p>FIRE-RES is a European research project (Horizon 2020, 2021-2025, 35 partners) aimed at developing an integrated management<strong> strategy for extreme forest fires in Europe.<\/strong><\/p>\n<p>The main goal is to make territories <strong>more resistant and resilient<\/strong> to this risk, by acting at different levels, from prevention to adaptation and detection.<\/p>\n<p><strong>Technological and socio-economic innovations<\/strong> (also known as Innovation Actions or IAs) are being deployed in the project&#8217;s 11 Living Laboratories.<\/p>\n<p>The European Institute of Planted Forests, involved as a project partner, is also in charge of coordinating the <strong>New Aquitaine Living Lab.<\/strong><\/p>\n<p>FIRE-RES Living Labs<\/p>\n<p>\t\t\t\t\t\t\t\t\t\t\t\t\t\t\t<img decoding=\"async\" width=\"525\" height=\"381\" src=\"https:\/\/www.plantedforests.org\/wp-content\/uploads\/2025\/07\/fire-res-interactive-map-1536x1114.jpg\" alt=\"\" srcset=\"https:\/\/www.plantedforests.org\/wp-content\/uploads\/2025\/07\/fire-res-interactive-map-1536x1114.jpg 1536w, https:\/\/www.plantedforests.org\/wp-content\/uploads\/2025\/07\/fire-res-interactive-map-300x217.jpg 300w, https:\/\/www.plantedforests.org\/wp-content\/uploads\/2025\/07\/fire-res-interactive-map-1024x742.jpg 1024w, https:\/\/www.plantedforests.org\/wp-content\/uploads\/2025\/07\/fire-res-interactive-map-150x109.jpg 150w, https:\/\/www.plantedforests.org\/wp-content\/uploads\/2025\/07\/fire-res-interactive-map-768x557.jpg 768w, https:\/\/www.plantedforests.org\/wp-content\/uploads\/2025\/07\/fire-res-interactive-map-2048x1485.jpg 2048w, https:\/\/www.plantedforests.org\/wp-content\/uploads\/2025\/07\/fire-res-interactive-map-1320x957.jpg 1320w\" sizes=\"(max-width: 525px) 100vw, 525px\" \/>\t\t\t\t\t\t\t\t\t\t\t\t\t\t\t<\/p>\n<p>What is a Living Lab?<\/p>\n<p>A Living Lab is a <strong>participatory innovation approach<\/strong> that seeks to include local communities, citizens and traditional stakeholders at every stage of the project, from design to deployment.<\/p>\n<p>It is through this approach, combining scientific experimentation and stakeholder consultation, that we hope to create a shared dynamic for the <strong>dissemination of innovation.<\/strong><\/p>\n<p>The Nouvelle-Aquitaine Living Laboratory<\/p>\n<p>It covers the entire <strong>Landes de Gascogne<\/strong> massif and brings together public bodies, forestry stakeholders, forest fire risk experts and research organizations.<\/p>\n<p>In the case of FIRE-RES, innovations had been identified prior to the project. A roadmap and a diagnosis of the study area had been carried out in order to choose the most relevant<strong> innovations to be tested in the territory<\/strong><strong>.<\/strong> The work program is regularly updated as the activities are rolled out and the various innovations are assessed.<\/p>\n<p>\t\t\t\t\t\t\t\t\t\t\t\t\t\t\t<img decoding=\"async\" width=\"1480\" height=\"833\" src=\"https:\/\/www.plantedforests.org\/wp-content\/uploads\/2025\/04\/ENG_Organigramme-FIRE-RES.png\" alt=\"\" srcset=\"https:\/\/www.plantedforests.org\/wp-content\/uploads\/2025\/04\/ENG_Organigramme-FIRE-RES.png 1480w, https:\/\/www.plantedforests.org\/wp-content\/uploads\/2025\/04\/ENG_Organigramme-FIRE-RES-300x169.png 300w, https:\/\/www.plantedforests.org\/wp-content\/uploads\/2025\/04\/ENG_Organigramme-FIRE-RES-1024x576.png 1024w, https:\/\/www.plantedforests.org\/wp-content\/uploads\/2025\/04\/ENG_Organigramme-FIRE-RES-150x84.png 150w, https:\/\/www.plantedforests.org\/wp-content\/uploads\/2025\/04\/ENG_Organigramme-FIRE-RES-768x432.png 768w, https:\/\/www.plantedforests.org\/wp-content\/uploads\/2025\/04\/ENG_Organigramme-FIRE-RES-1320x743.png 1320w\" sizes=\"(max-width: 1480px) 100vw, 1480px\" \/>\t\t\t\t\t\t\t\t\t\t\t\t\t\t\t<\/p>\n<p>Organisation chart of the Nouvelle-Aquitaine Living Lab<\/p>\n<p>Activities of the European Institute of Planted Forests<\/p>\n<p>The work carried out by the IEFC and INRAe with the help of members of the Living Laboratory as part of the project aims to improve strategies for the prevention of forest fires. Exploration of land-use planning scenarios, new computer tools, training, dialogue with local stakeholders and an innovative communication strategy are being deployed to rethink the notion of resilient landscapes. As coordinator of the Living Lab, the Institute is responsible for promoting innovation and exchanges between the actors that make it up.<\/p>\n<p>These activities fall under the following work packages:<\/p>\n<p><strong>WP 1\u00a0 &#8211; <\/strong><strong>An integrated approach to extreme forest fires:<\/strong><\/p>\n<p>Development of a shared framework on knowledge related to extreme forest fires, construction of future scenarios and alternatives based on climatic and\u00a0 biophysical data<\/p>\n<p><strong>WP2 &#8211; Adaptive territorial management: <\/strong><\/p>\n<p>\u00a0<\/p>\n<p>Development of a shared framework on knowledge related to extreme forest fires, construction of future scenarios and alternatives based on climatic and biophysical data<\/p>\n<p><strong>WP3 &#8211; Economic drivers of fire-resistant landscapes:<\/strong> <\/p>\n<p>\u00a0<\/p>\n<p>Exploration, evaluation and development of economic policies and interventions.<\/p>\n<p><strong>WP4 &#8211; Proactive governance, engaged communities and European risk culture:<\/strong> <\/p>\n<p>\u00a0<\/p>\n<p>Design and testing of new solutions for forest fire governance, community engagement and European forest fire risk culture.<\/p>\n<p><strong>WP6 &#8211; Accelerated Innovation and Exploitation Program:<\/strong><\/p>\n<p>\u00a0<\/p>\n<p>Exploitation of innovative solutions for mitigating forest fire risks, increasing the adoption and impact of FIRE-RES AIs<\/p>\n<p><strong>WP7 &#8211; Communication, Dissemination and Stakeholder Engagement:<\/strong> <\/p>\n<p>\u00a0<\/p>\n<p>Maximizing the visibility of the project, communicating and disseminating its results to identified target groups<\/p>\n<p><strong>WP8 &#8211; Coordination of the implementation of Living Labs and Innovation Actions<\/strong><strong>:<\/strong> <\/p>\n<p>\u00a0<\/p>\n<p>Creation and maintenance of the conditions for successful implementation of Living Labs and Innovation Actions.<\/p>\n<p><strong>WP9 &#8211; Project coordination and management.<br \/><\/strong><\/p>\n<p>\t\t\t\t\t\t\t\t\t\t\t\t\t\t\t<img loading=\"lazy\" decoding=\"async\" width=\"525\" height=\"72\" src=\"https:\/\/www.plantedforests.org\/wp-content\/uploads\/2025\/08\/EU-emblem-FIRE-RES-EN.png\" alt=\"\" srcset=\"https:\/\/www.plantedforests.org\/wp-content\/uploads\/2025\/08\/EU-emblem-FIRE-RES-EN.png 646w, https:\/\/www.plantedforests.org\/wp-content\/uploads\/2025\/08\/EU-emblem-FIRE-RES-EN-300x41.png 300w, https:\/\/www.plantedforests.org\/wp-content\/uploads\/2025\/08\/EU-emblem-FIRE-RES-EN-150x20.png 150w\" sizes=\"(max-width: 525px) 100vw, 525px\" \/><br \/>\n            <a href=\"https:\/\/www.plantedforests.org\/fire-res-ongoing-activities-in-the-nouvelle-aquitaine-living-lab\/\" target=\"_blank\" data-text=\"More information!\"><br \/>\n                    Ongoing activities<br \/>\n\t                        <\/a><br \/>\n            <a href=\"https:\/\/www.plantedforests.org\/fire-res-resources-and-partners\/\" target=\"_blank\" data-text=\"More information!\"><br \/>\n                    Resources and partners<br \/>\n\t                        <\/a><br \/>\n\t\t\t\t\t<a href=\"https:\/\/www.plantedforests.org\/infrastructures\/\"><br \/>\n\t\t\t\t<svg aria-hidden=\"true\" viewBox=\"0 0 448 512\" xmlns=\"http:\/\/www.w3.org\/2000\/svg\"><path d=\"M257.5 445.1l-22.2 22.2c-9.4 9.4-24.6 9.4-33.9 0L7 273c-9.4-9.4-9.4-24.6 0-33.9L201.4 44.7c9.4-9.4 24.6-9.4 33.9 0l22.2 22.2c9.5 9.5 9.3 25-.4 34.3L136.6 216H424c13.3 0 24 10.7 24 24v32c0 13.3-10.7 24-24 24H136.6l120.5 114.8c9.8 9.3 10 24.8.4 34.3z\"><\/path><\/svg><br \/>\n\t\t\t\t\t\t\t\t\tInfrastructures<br \/>\n\t\t\t\t\t<\/a><br \/>\n\t\t\t\t\t<a href=\"https:\/\/www.plantedforests.org\/infrastructures\/living-labs\/\"><br \/>\n\t\t\t\t<svg aria-hidden=\"true\" viewBox=\"0 0 448 512\" xmlns=\"http:\/\/www.w3.org\/2000\/svg\"><path d=\"M190.5 66.9l22.2-22.2c9.4-9.4 24.6-9.4 33.9 0L441 239c9.4 9.4 9.4 24.6 0 33.9L246.6 467.3c-9.4 9.4-24.6 9.4-33.9 0l-22.2-22.2c-9.5-9.5-9.3-25 .4-34.3L311.4 296H24c-13.3 0-24-10.7-24-24v-32c0-13.3 10.7-24 24-24h287.4L190.9 101.2c-9.8-9.3-10-24.8-.4-34.3z\"><\/path><\/svg><br \/>\n\t\t\t\t\t\t\t\t\tLiving Labs<br \/>\n\t\t\t\t\t<\/a><\/p>\n","protected":false},"excerpt":{"rendered":"<p>\u00a0www.fire-res.eu FIRE-RES is a European research project (Horizon 2020, 2021-2025, 35 partners) aimed at developing an integrated management strategy for extreme forest fires in Europe. The main goal is to [&hellip;]<\/p>\n","protected":false},"author":101,"featured_media":0,"parent":16404,"menu_order":0,"comment_status":"closed","ping_status":"closed","template":"","meta":{"_acf_changed":false,"_eb_attr":"","_EventAllDay":false,"_EventTimezone":"","_EventStartDate":"","_EventEndDate":"","_EventStartDateUTC":"","_EventEndDateUTC":"","_EventShowMap":false,"_EventShowMapLink":false,"_EventURL":"","_EventCost":"","_EventCostDescription":"","_EventCurrencySymbol":"","_EventCurrencyCode":"","_EventCurrencyPosition":"","_EventDateTimeSeparator":"","_EventTimeRangeSeparator":"","_EventOrganizerID":[],"_EventVenueID":[],"_OrganizerEmail":"","_OrganizerPhone":"","_OrganizerWebsite":"","_VenueAddress":"","_VenueCity":"","_VenueCountry":"","_VenueProvince":"","_VenueState":"","_VenueZip":"","_VenuePhone":"","_VenueURL":"","_VenueStateProvince":"","_VenueLat":"","_VenueLng":"","_VenueShowMap":false,"_VenueShowMapLink":false,"activitypub_content_warning":"","activitypub_content_visibility":"","activitypub_max_image_attachments":4,"activitypub_interaction_policy_quote":"anyone","activitypub_status":"federated","footnotes":""},"class_list":["post-16270","page","type-page","status-publish","hentry"],"translation":{"provider":"WPGlobus","version":"3.0.2","language":"es","enabled_languages":["gb","fr","es","pt"],"languages":{"gb":{"title":true,"content":true,"excerpt":false},"fr":{"title":true,"content":true,"excerpt":false},"es":{"title":false,"content":false,"excerpt":false},"pt":{"title":false,"content":false,"excerpt":false}}},"acf":[],"yoast_head":"<!-- This site is optimized with the Yoast SEO plugin v27.4 - https:\/\/yoast.com\/product\/yoast-seo-wordpress\/ -->\n<title>- Instituto Europeo Del Bosque Cultivado - IEFC<\/title>\n<meta name=\"robots\" content=\"index, follow, max-snippet:-1, max-image-preview:large, max-video-preview:-1\" \/>\n<link rel=\"canonical\" href=\"https:\/\/www.plantedforests.org\/pt\/infrastructures\/fire-res\/\" \/>\n<meta property=\"og:locale\" content=\"es_ES\" \/>\n<meta property=\"og:type\" content=\"article\" \/>\n<meta property=\"og:title\" content=\"- Instituto Europeo Del Bosque Cultivado - IEFC\" \/>\n<meta property=\"og:url\" content=\"https:\/\/www.plantedforests.org\/pt\/infrastructures\/fire-res\/\" \/>\n<meta property=\"og:site_name\" content=\"Instituto Europeo Del Bosque Cultivado - IEFC\" \/>\n<meta property=\"article:modified_time\" content=\"2025-08-26T09:33:42+00:00\" \/>\n<meta property=\"og:image\" content=\"https:\/\/www.plantedforests.org\/wp-content\/uploads\/2024\/02\/FireRes_logo_txt_HIGH_color-scaled.jpg\" \/>\n<meta name=\"twitter:card\" content=\"summary_large_image\" \/>\n<meta name=\"twitter:site\" content=\"@IEFCPlantForest\" \/>\n<meta name=\"twitter:label1\" content=\"Tiempo de lectura\" \/>\n\t<meta name=\"twitter:data1\" content=\"5 minutos\" \/>\n<script type=\"application\/ld+json\" class=\"yoast-schema-graph\">{\"@context\":\"https:\\\/\\\/schema.org\",\"@graph\":[{\"@type\":\"WebPage\",\"@id\":\"https:\\\/\\\/www.plantedforests.org\\\/pt\\\/infrastructures\\\/fire-res\\\/\",\"url\":\"https:\\\/\\\/www.plantedforests.org\\\/pt\\\/infrastructures\\\/fire-res\\\/\",\"name\":\"- Instituto Europeo Del Bosque Cultivado - IEFC\",\"isPartOf\":{\"@id\":\"https:\\\/\\\/www.plantedforests.org\\\/fr\\\/#website\"},\"primaryImageOfPage\":{\"@id\":\"https:\\\/\\\/www.plantedforests.org\\\/pt\\\/infrastructures\\\/fire-res\\\/#primaryimage\"},\"image\":{\"@id\":\"https:\\\/\\\/www.plantedforests.org\\\/pt\\\/infrastructures\\\/fire-res\\\/#primaryimage\"},\"thumbnailUrl\":\"https:\\\/\\\/www.plantedforests.org\\\/wp-content\\\/uploads\\\/2024\\\/02\\\/FireRes_logo_txt_HIGH_color-scaled.jpg\",\"datePublished\":\"2024-02-08T10:10:41+00:00\",\"dateModified\":\"2025-08-26T09:33:42+00:00\",\"breadcrumb\":{\"@id\":\"https:\\\/\\\/www.plantedforests.org\\\/pt\\\/infrastructures\\\/fire-res\\\/#breadcrumb\"},\"inLanguage\":\"es\",\"potentialAction\":[{\"@type\":\"ReadAction\",\"target\":[\"https:\\\/\\\/www.plantedforests.org\\\/pt\\\/infrastructures\\\/fire-res\\\/\"]}]},{\"@type\":\"ImageObject\",\"inLanguage\":\"es\",\"@id\":\"https:\\\/\\\/www.plantedforests.org\\\/pt\\\/infrastructures\\\/fire-res\\\/#primaryimage\",\"url\":\"https:\\\/\\\/www.plantedforests.org\\\/wp-content\\\/uploads\\\/2024\\\/02\\\/FireRes_logo_txt_HIGH_color-scaled.jpg\",\"contentUrl\":\"https:\\\/\\\/www.plantedforests.org\\\/wp-content\\\/uploads\\\/2024\\\/02\\\/FireRes_logo_txt_HIGH_color-scaled.jpg\"},{\"@type\":\"BreadcrumbList\",\"@id\":\"https:\\\/\\\/www.plantedforests.org\\\/pt\\\/infrastructures\\\/fire-res\\\/#breadcrumb\",\"itemListElement\":[{\"@type\":\"ListItem\",\"position\":1,\"name\":\"Accueil\",\"item\":\"https:\\\/\\\/www.plantedforests.org\\\/\"},{\"@type\":\"ListItem\",\"position\":2,\"name\":\"Infrastructures\",\"item\":\"https:\\\/\\\/www.plantedforests.org\\\/infrastructures\\\/\"},{\"@type\":\"ListItem\",\"position\":3,\"name\":\"FIRE-RES\"}]},{\"@type\":\"WebSite\",\"@id\":\"https:\\\/\\\/www.plantedforests.org\\\/fr\\\/#website\",\"url\":\"https:\\\/\\\/www.plantedforests.org\\\/fr\\\/\",\"name\":\"Instituto Europeo Del Bosque Cultivado - IEFC\",\"description\":\"La red para la gesti\u00f3n sostenible y la resiliencia de los bosques cultivados \",\"publisher\":{\"@id\":\"https:\\\/\\\/www.plantedforests.org\\\/fr\\\/#organization\"},\"potentialAction\":[{\"@type\":\"SearchAction\",\"target\":{\"@type\":\"EntryPoint\",\"urlTemplate\":\"https:\\\/\\\/www.plantedforests.org\\\/fr\\\/?s={search_term_string}\"},\"query-input\":{\"@type\":\"PropertyValueSpecification\",\"valueRequired\":true,\"valueName\":\"search_term_string\"}}],\"inLanguage\":\"es\"},{\"@type\":\"Organization\",\"@id\":\"https:\\\/\\\/www.plantedforests.org\\\/fr\\\/#organization\",\"name\":\"Institut Europ\u00e9en de la For\u00eat Cultiv\u00e9e - Plantedforests.org\",\"url\":\"https:\\\/\\\/www.plantedforests.org\\\/fr\\\/\",\"logo\":{\"@type\":\"ImageObject\",\"inLanguage\":\"es\",\"@id\":\"https:\\\/\\\/www.plantedforests.org\\\/fr\\\/#\\\/schema\\\/logo\\\/image\\\/\",\"url\":\"https:\\\/\\\/www.plantedforests.org\\\/wp-content\\\/uploads\\\/2022\\\/07\\\/Logo_iefc__FR.png\",\"contentUrl\":\"https:\\\/\\\/www.plantedforests.org\\\/wp-content\\\/uploads\\\/2022\\\/07\\\/Logo_iefc__FR.png\",\"width\":2031,\"height\":1001,\"caption\":\"Institut Europ\u00e9en de la For\u00eat Cultiv\u00e9e - Plantedforests.org\"},\"image\":{\"@id\":\"https:\\\/\\\/www.plantedforests.org\\\/fr\\\/#\\\/schema\\\/logo\\\/image\\\/\"},\"sameAs\":[\"https:\\\/\\\/x.com\\\/IEFCPlantForest\",\"https:\\\/\\\/www.linkedin.com\\\/company\\\/71728047\\\/\"]}]}<\/script>\n<!-- \/ Yoast SEO plugin. -->","yoast_head_json":{"title":"- Instituto Europeo Del Bosque Cultivado - IEFC","robots":{"index":"index","follow":"follow","max-snippet":"max-snippet:-1","max-image-preview":"max-image-preview:large","max-video-preview":"max-video-preview:-1"},"canonical":"https:\/\/www.plantedforests.org\/pt\/infrastructures\/fire-res\/","og_locale":"es_ES","og_type":"article","og_title":"- Instituto Europeo Del Bosque Cultivado - IEFC","og_url":"https:\/\/www.plantedforests.org\/pt\/infrastructures\/fire-res\/","og_site_name":"Instituto Europeo Del Bosque Cultivado - IEFC","article_modified_time":"2025-08-26T09:33:42+00:00","og_image":[{"url":"https:\/\/www.plantedforests.org\/wp-content\/uploads\/2024\/02\/FireRes_logo_txt_HIGH_color-scaled.jpg","type":"","width":"","height":""}],"twitter_card":"summary_large_image","twitter_site":"@IEFCPlantForest","twitter_misc":{"Tiempo de lectura":"5 minutos"},"schema":{"@context":"https:\/\/schema.org","@graph":[{"@type":"WebPage","@id":"https:\/\/www.plantedforests.org\/pt\/infrastructures\/fire-res\/","url":"https:\/\/www.plantedforests.org\/pt\/infrastructures\/fire-res\/","name":"- Instituto Europeo Del Bosque Cultivado - IEFC","isPartOf":{"@id":"https:\/\/www.plantedforests.org\/fr\/#website"},"primaryImageOfPage":{"@id":"https:\/\/www.plantedforests.org\/pt\/infrastructures\/fire-res\/#primaryimage"},"image":{"@id":"https:\/\/www.plantedforests.org\/pt\/infrastructures\/fire-res\/#primaryimage"},"thumbnailUrl":"https:\/\/www.plantedforests.org\/wp-content\/uploads\/2024\/02\/FireRes_logo_txt_HIGH_color-scaled.jpg","datePublished":"2024-02-08T10:10:41+00:00","dateModified":"2025-08-26T09:33:42+00:00","breadcrumb":{"@id":"https:\/\/www.plantedforests.org\/pt\/infrastructures\/fire-res\/#breadcrumb"},"inLanguage":"es","potentialAction":[{"@type":"ReadAction","target":["https:\/\/www.plantedforests.org\/pt\/infrastructures\/fire-res\/"]}]},{"@type":"ImageObject","inLanguage":"es","@id":"https:\/\/www.plantedforests.org\/pt\/infrastructures\/fire-res\/#primaryimage","url":"https:\/\/www.plantedforests.org\/wp-content\/uploads\/2024\/02\/FireRes_logo_txt_HIGH_color-scaled.jpg","contentUrl":"https:\/\/www.plantedforests.org\/wp-content\/uploads\/2024\/02\/FireRes_logo_txt_HIGH_color-scaled.jpg"},{"@type":"BreadcrumbList","@id":"https:\/\/www.plantedforests.org\/pt\/infrastructures\/fire-res\/#breadcrumb","itemListElement":[{"@type":"ListItem","position":1,"name":"Accueil","item":"https:\/\/www.plantedforests.org\/"},{"@type":"ListItem","position":2,"name":"Infrastructures","item":"https:\/\/www.plantedforests.org\/infrastructures\/"},{"@type":"ListItem","position":3,"name":"FIRE-RES"}]},{"@type":"WebSite","@id":"https:\/\/www.plantedforests.org\/fr\/#website","url":"https:\/\/www.plantedforests.org\/fr\/","name":"Instituto Europeo Del Bosque Cultivado - IEFC","description":"La red para la gesti\u00f3n sostenible y la resiliencia de los bosques cultivados ","publisher":{"@id":"https:\/\/www.plantedforests.org\/fr\/#organization"},"potentialAction":[{"@type":"SearchAction","target":{"@type":"EntryPoint","urlTemplate":"https:\/\/www.plantedforests.org\/fr\/?s={search_term_string}"},"query-input":{"@type":"PropertyValueSpecification","valueRequired":true,"valueName":"search_term_string"}}],"inLanguage":"es"},{"@type":"Organization","@id":"https:\/\/www.plantedforests.org\/fr\/#organization","name":"Institut Europ\u00e9en de la For\u00eat Cultiv\u00e9e - Plantedforests.org","url":"https:\/\/www.plantedforests.org\/fr\/","logo":{"@type":"ImageObject","inLanguage":"es","@id":"https:\/\/www.plantedforests.org\/fr\/#\/schema\/logo\/image\/","url":"https:\/\/www.plantedforests.org\/wp-content\/uploads\/2022\/07\/Logo_iefc__FR.png","contentUrl":"https:\/\/www.plantedforests.org\/wp-content\/uploads\/2022\/07\/Logo_iefc__FR.png","width":2031,"height":1001,"caption":"Institut Europ\u00e9en de la For\u00eat Cultiv\u00e9e - Plantedforests.org"},"image":{"@id":"https:\/\/www.plantedforests.org\/fr\/#\/schema\/logo\/image\/"},"sameAs":["https:\/\/x.com\/IEFCPlantForest","https:\/\/www.linkedin.com\/company\/71728047\/"]}]}},"_links":{"self":[{"href":"https:\/\/www.plantedforests.org\/es\/wp-json\/wp\/v2\/pages\/16270","targetHints":{"allow":["GET"]}}],"collection":[{"href":"https:\/\/www.plantedforests.org\/es\/wp-json\/wp\/v2\/pages"}],"about":[{"href":"https:\/\/www.plantedforests.org\/es\/wp-json\/wp\/v2\/types\/page"}],"author":[{"embeddable":true,"href":"https:\/\/www.plantedforests.org\/es\/wp-json\/wp\/v2\/users\/101"}],"replies":[{"embeddable":true,"href":"https:\/\/www.plantedforests.org\/es\/wp-json\/wp\/v2\/comments?post=16270"}],"version-history":[{"count":160,"href":"https:\/\/www.plantedforests.org\/es\/wp-json\/wp\/v2\/pages\/16270\/revisions"}],"predecessor-version":[{"id":27428,"href":"https:\/\/www.plantedforests.org\/es\/wp-json\/wp\/v2\/pages\/16270\/revisions\/27428"}],"up":[{"embeddable":true,"href":"https:\/\/www.plantedforests.org\/es\/wp-json\/wp\/v2\/pages\/16404"}],"wp:attachment":[{"href":"https:\/\/www.plantedforests.org\/es\/wp-json\/wp\/v2\/media?parent=16270"}],"curies":[{"name":"wp","href":"https:\/\/api.w.org\/{rel}","templated":true}]}}