
{"id":14275,"date":"2022-11-17T14:30:40","date_gmt":"2022-11-17T13:30:40","guid":{"rendered":"https:\/\/www.plantedforests.org\/?page_id=14275"},"modified":"2024-04-08T09:39:01","modified_gmt":"2024-04-08T07:39:01","slug":"ipc2024-abstracts-management","status":"publish","type":"page","link":"https:\/\/www.plantedforests.org\/es\/ipc27\/abstracts\/ipc2024-abstracts-management\/","title":{"rendered":"IPC 27th SESSION &#8211; Abstracts management"},"content":{"rendered":"<div class=\"wpabstracts container\">\n\t<div id=\"loginbox\" style=\"margin-top:50px;\" class=\"mainbox col-md-6 col-md-offset-3 col-sm-8 col-sm-offset-2\">\n\t\t<div style=\"padding: 10px 0;\">\n\t\t\tPlease sign in for your conference participation\t\t<\/div>\n\t\t<div class=\"wpabstracts panel panel-default\" >\n\t\t\t<div class=\"wpabstracts panel-heading\">\n\t\t\t\t<div class=\"wpabstracts panel-title\">\n\t\t\t\t\tSign In\t\t\t\t<\/div>\n\t\t\t\t<div style=\"float:right; font-size: 80%; position: relative; top:-18px\">Forgot Password <a href=https:\/\/www.plantedforests.org\/es\/ipc27\/abstracts\/ipc2024-abstracts-management\/?task=lostpassword>Reset<\/a><\/div>\n\t\t\t<\/div>\n\n\t\t\t<div style=\"padding-top:30px\" class=\"wpabstracts panel-body\" >\n\n\t\t\t\t<div style=\"display:none\" id=\"wpabstracts-alert\" class=\"wpabstracts alert alert-danger col-sm-12\"><\/div>\n\n\t\t\t\t<form id=\"loginform\" class=\"wpabstracts form-horizontal\" role=\"form\">\n\n\t\t\t\t\t<div style=\"margin-bottom: 25px\" class=\"wpabstracts input-group\">\n\t\t\t\t\t\t<span class=\"input-group-addon\"><i class=\"glyphicon glyphicon-user\"><\/i><\/span>\n\t\t\t\t\t\t<input id=\"wpabstracts-username\" type=\"text\" class=\"wpabstracts form-control\" name=\"username\" value=\"\" placeholder=\"Username or Email\">\n\t\t\t\t\t<\/div>\n\n\t\t\t\t\t<div style=\"margin-bottom: 25px\" class=\"wpabstracts input-group\">\n\t\t\t\t\t\t<span class=\"input-group-addon\"><i class=\"glyphicon glyphicon-lock\"><\/i><\/span>\n\t\t\t\t\t\t<input id=\"wpabstracts-password\" type=\"password\" class=\"wpabstracts form-control\" name=\"password\" placeholder=\"Password\">\n\t\t\t\t\t<\/div>\n\n\t\t\t\t\t\t\t\t\t\t\t<div class=\"wpabstracts input-group\">\n\t\t\t\t\t\t\t\t\t\t\t\t\t\t\t\t\t\t<input type=\"hidden\" id=\"captcha_hash\" name=\"captcha_hash\" value=\"4070b0b9bf64c8b636e48fb7a4a3c37f\" \/>\n\t\t\t<label for=\"captcha_input\" class=\"wpabstracts control-label\">Enter security code (required)<\/label>\n\t\t\t<div class=\"row\">\n\t\t\t\t<div class=\"col-xs-8\">\n\t\t\t\t\t<div class=\"wpabstracts input-group\">\n\t\t\t\t\t\t<span class=\"input-group-addon\"><i class=\"fas fa-shield-alt\"><\/i><\/span>\n\t\t\t\t\t\t<input class=\"wpabstracts form-control\" type=\"text\" id=\"captcha_input\" name=\"captcha_input\" required>\n\t\t\t\t\t<\/div>\n\t\t\t\t<\/div>\n\t\t\t\t<div class=\"col-xs-4\">\n\t\t\t\t\t<img decoding=\"async\" src=\"data:image\/png;base64,iVBORw0KGgoAAAANSUhEUgAAAFAAAAAeCAIAAAA0IQ7mAAAACXBIWXMAAA7EAAAOxAGVKw4bAAAECklEQVRYhe2YS0gyXRjHz+tYYrUxL3RRkyC6QJsMW2RISdmFjCiIkMJNVBBEtahFJLUQIkFs1cWoJBBCylBalIuCotoUQStLx8ayxEJEMsp0vsWAyOttPvMr6Ou3m2f+5zzP\/1zh\/EFRFPyfIHx3AV\/Nr+HP8fr6GgwGU9tnakmlYQRBRCLR+vp6CvtMOak07Ha7ORxOXV1dCvv8i7e3t892gX45LpdraWmpo6NDqVSiKGowGNra2oRC4cHBQawmgUBArVY3NjZyuVypVPr4+Jh09lTOsNPpfHh4SChzuVyVlZUwDAMANBqNx+NZXl4mkUhyuTzW\/pfJZO\/v7waDYXNz02KxzMzMJF1kagybzeaJiYmWlhaVSpVQXFpaWlRUBACw2WxpaWkSiYROp7e2tj49PTkcjki9yWSyWq2Dg4NEIrGwsLC5ufns7Mzv9ydXamLD29vbEomkoaFBIpEcHR1F1TCZTLlcDkFQeno6nqyYMZ\/P193djUU4HA4WiRRrtVo+nx\/6LCkpQVH07u4OT6JIEhiempo6OTlZXFzc29sTiUSjo6OXl5eRsoyMjGAwGAgEcnNz8WRFEAQA0N\/fH94DAIBOp0eKr66uqFRq6JNIJAIACIQk12a8Znq9\/vT0dHp6OisrCwDQ29vLYDBWVlaiirGDJD8\/H09WGIYzMzO5XG4o4vV6WSwWhUL5S4nt6vv7+1Dk5uYGABA+BP8KYpx\/GxsbAoGATCaHIgUFBVFnGABgt9sBACwWC09Wm83GYDDCIwiC1NfXRyoJBAKfz9fr9dXV1SwWa3d312g0stlsbA6SIKZhj8cDwzAMw1tbW+FxkUgUVY9NApPJxJP1+vr6+fn58PBQIBBgkfPz89nZ2ajiyclJhUIhk8moVOrAwACKorW1tXiyRCfWfXV7e1tRUaHRaHDebyqVisfj4VH6\/X4ej6fVavv6+oxG48vLi1ar3dnZwdPWZDLxeDy73Y6zqkhi7mE6nQ5BkMViwTlwDoeDRqPhUSII8vHxUVxcLJfLdTpde3s7iUQSi8UJG3q9XoVCIZVKca6jqMRc0mQyuaamZn9\/f3h4OPwscbvdkUcLVo3X69Xr9RQKJbRQo2I2mwEAHA6HQqGsrq7iLNTj8YyPj5eVlYWf7UkQ75QeGxuDIGhoaMjpdAIAfD7fwsKCWq2OKq6qqsrJyUFRNL5bAIDFYiGTyVFHLRbHx8c9PT3l5eVzc3NJX0gYf9C4Lx5Wq1WpVF5cXNBoNCqV2tnZ2dTU9Jl8AICRkRG73a7T6fCIYRien59ns9ldXV15eXmfTA0SGv4vEIvF2dnZa2trX5wX46tfPILBIARBQqHwi\/OG+IYZ\/l5+37R+Or+Gfzq\/hn86v4Z\/Ov8AdfYPmHwmsQoAAAAASUVORK5CYII=\" alt=\"captcha\" \/>\n\t\t\t\t<\/div>\n\t\t\t<\/div>\n\t\t\t\t\t\t\t\t\t\t\t\t\t\t\t<\/div>\n\t\t\t\t\t\n\t\t\t\t\t<div style=\"margin-top:10px\" class=\"wpabstracts form-group\">\n\t\t\t\t\t\t<div class=\"col-sm-12 controls\">\n\t\t\t\t\t\t\t<button id=\"wpabstracts-login\" class=\"btn btn-info btn-block\">Login <i class=\"fa fa-spinner fa-spin isloading\"><\/i><\/button>\n\t\t\t\t\t\t<\/div>\n\t\t\t\t\t<\/div>\n\n\t\t\t\t\t<div class=\"wpabstracts form-group\">\n\t\t\t\t\t\t<div class=\"wpabstracts col-xs-12\">\n\t\t\t\t\t\t\t<input type=\"checkbox\" id=\"wpabstracts-remember\" value=\"forever\"> Remember Me\t\t\t\t\t\t<\/div>\n\t\t\t\t\t<\/div>\n\n\t\t\t\t\t<div class=\"form-group\">\n\t\t\t\t\t\t<div class=\"col-md-12 control\">\n\t\t\t\t\t\t\t<div style=\"border-top: 1px solid #ccc; padding-top:15px; font-size:14px\">\n\t\t\t\t\t\t\t\t\t\t\t\t\t\t\t<\/div>\n\t\t\t\t\t\t<\/div>\n\t\t\t\t\t<\/div>\n\t\t\t\t\t<input type=\"hidden\" id=\"wpabstracts_login_nonce\" name=\"wpabstracts_login_nonce\" value=\"4b161678c1\" \/><input type=\"hidden\" name=\"_wp_http_referer\" value=\"\/es\/wp-json\/wp\/v2\/pages\/14275\" \/>\t\t\t\t<\/form>\n\t\t\t<\/div>\n\t\t<\/div>\n\t<\/div>\n<\/div>\n<script type=\"text\/javascript\">\n\njQuery( document ).ready(function() {\n    var rememberme = localStorage.getItem('wpa_remember');\n\tif(rememberme){\n\t\tvar rem = JSON.parse(rememberme);\n\t\tjQuery('#wpabstracts-remember').attr('checked', rem.remember);\n\t\tif(rem.remember){\n\t\t\tjQuery('#wpabstracts-username').val(rem.username);\n\t\t}\n\t}\n\n\tvar manageLoader = function(show){\n\t\tif(show){\n\t\t\tjQuery('#wpabstracts-login i').removeClass('isloading');\n\t\t}else {\n\t\t\tjQuery('#wpabstracts-login i').addClass('isloading');\n\t\t}\n\t};\n\n\tjQuery('#wpabstracts-login').on('click', function(e){\n\t\te.preventDefault();\n\t\tvar username = jQuery('#wpabstracts-username').val();\n\t\tvar password = jQuery('#wpabstracts-password').val();\n\t\tvar captcha = jQuery('#captcha_input').val();\n\t\tvar hash = jQuery('#captcha_hash').val();\n\t\tvar nonce = jQuery('#wpabstracts_login_nonce').val();\n\t\tvar remember = jQuery('#wpabstracts-remember').is(':checked');\n\n\t\tif(!username || !password){\n\t\t\tjQuery('#wpabstracts-alert').text(wpabstracts.sign_in_msg).show();\n\t\t\treturn;\n\t\t}\n\n\t\tif(hash && !captcha) {\n\t\t\tjQuery('#wpabstracts-alert').text(wpabstracts.captcha_required).show();\n\t\t\treturn;\n\t\t}\n\n\t\tvar rememberMe = {'remember':remember, 'username':username};\n\t\tlocalStorage.setItem('wpa_remember', JSON.stringify(rememberMe));\n\n\t\tmanageLoader(true);\n\n\t\tvar ajax_data = {\n\t\t\taction: 'wpa_login',\n\t\t\tlog: username,\n\t\t\tpwd: password,\n\t\t\tcaptcha_input: captcha,\n\t\t\tcaptcha_hash: hash,\n\t\t\trememberme: remember,\n\t\t\tnonce\n\t\t};\n\n\t\tjQuery.ajax({\n\t\t\turl: wpabstracts.ajaxurl,\n\t\t\ttype: 'POST',\n\t\t\tdata: ajax_data,\n\t\t\tsuccess: function(data){\n\t\t\t\tif(data.success){\n\t\t\t\t\tjQuery('#wpabstracts-alert')\n\t\t\t\t\t.removeClass('alert-danger')\n\t\t\t\t\t.addClass('alert-info')\n\t\t\t\t\t.text(data.message)\n\t\t\t\t\t.show();\n\t\t\t\t\twindow.location.href = data.redirect;\n\t\t\t\t}else{\n\t\t\t\t\tjQuery('#wpabstracts-alert').text(data.message).show();\n\t\t\t\t\tmanageLoader(false);\n\t\t\t\t}\n\t\t\t},\n\t\t\terror: function (xhr, status) {\n\t\t\t\tmanageLoader(false);\n\t\t\t\tconsole.log('Login Ajax Error: ', xhr);\n\t\t\t}\n\t\t});\n\t});\n});\n\n<\/script>\n\n","protected":false},"excerpt":{"rendered":"","protected":false},"author":3,"featured_media":0,"parent":14273,"menu_order":0,"comment_status":"closed","ping_status":"closed","template":"","meta":{"_acf_changed":false,"_eb_attr":"","_EventAllDay":false,"_EventTimezone":"","_EventStartDate":"","_EventEndDate":"","_EventStartDateUTC":"","_EventEndDateUTC":"","_EventShowMap":false,"_EventShowMapLink":false,"_EventURL":"","_EventCost":"","_EventCostDescription":"","_EventCurrencySymbol":"","_EventCurrencyCode":"","_EventCurrencyPosition":"","_EventDateTimeSeparator":"","_EventTimeRangeSeparator":"","_EventOrganizerID":[],"_EventVenueID":[],"_OrganizerEmail":"","_OrganizerPhone":"","_OrganizerWebsite":"","_VenueAddress":"","_VenueCity":"","_VenueCountry":"","_VenueProvince":"","_VenueState":"","_VenueZip":"","_VenuePhone":"","_VenueURL":"","_VenueStateProvince":"","_VenueLat":"","_VenueLng":"","_VenueShowMap":false,"_VenueShowMapLink":false,"activitypub_content_warning":"","activitypub_content_visibility":"","activitypub_max_image_attachments":4,"activitypub_interaction_policy_quote":"anyone","activitypub_status":"","footnotes":""},"class_list":["post-14275","page","type-page","status-publish","hentry"],"translation":{"provider":"WPGlobus","version":"3.0.2","language":"es","enabled_languages":["gb","fr","es","pt"],"languages":{"gb":{"title":true,"content":true,"excerpt":false},"fr":{"title":false,"content":true,"excerpt":false},"es":{"title":false,"content":false,"excerpt":false},"pt":{"title":false,"content":false,"excerpt":false}}},"acf":[],"yoast_head":"<!-- This site is optimized with the Yoast SEO plugin v27.5 - https:\/\/yoast.com\/product\/yoast-seo-wordpress\/ -->\n<title>IPC 27th SESSION - Abstracts management - Instituto Europeo Del Bosque Cultivado - IEFC<\/title>\n<meta name=\"robots\" content=\"index, follow, max-snippet:-1, max-image-preview:large, max-video-preview:-1\" \/>\n<link rel=\"canonical\" href=\"https:\/\/www.plantedforests.org\/es\/ipc27\/abstracts\/ipc2024-abstracts-management\/\" \/>\n<meta property=\"og:locale\" content=\"es_ES\" \/>\n<meta property=\"og:type\" content=\"article\" \/>\n<meta property=\"og:title\" content=\"IPC 27th SESSION - Abstracts management - Instituto Europeo Del Bosque Cultivado - IEFC\" \/>\n<meta property=\"og:url\" content=\"https:\/\/www.plantedforests.org\/es\/ipc27\/abstracts\/ipc2024-abstracts-management\/\" \/>\n<meta property=\"og:site_name\" content=\"Instituto Europeo Del Bosque Cultivado - IEFC\" \/>\n<meta property=\"article:modified_time\" content=\"2024-04-08T07:39:01+00:00\" \/>\n<meta property=\"og:image\" content=\"https:\/\/www.plantedforests.org\/wp-content\/uploads\/2023\/12\/IPC-COLOR-01-1024x576.png\" \/>\n<meta name=\"twitter:card\" content=\"summary_large_image\" \/>\n<meta name=\"twitter:site\" content=\"@IEFCPlantForest\" \/>\n<meta name=\"twitter:label1\" content=\"Tiempo de lectura\" \/>\n\t<meta name=\"twitter:data1\" content=\"1 minuto\" \/>\n<script type=\"application\/ld+json\" class=\"yoast-schema-graph\">{\"@context\":\"https:\\\/\\\/schema.org\",\"@graph\":[{\"@type\":\"WebPage\",\"@id\":\"https:\\\/\\\/www.plantedforests.org\\\/es\\\/ipc27\\\/abstracts\\\/ipc2024-abstracts-management\\\/\",\"url\":\"https:\\\/\\\/www.plantedforests.org\\\/es\\\/ipc27\\\/abstracts\\\/ipc2024-abstracts-management\\\/\",\"name\":\"IPC 27th SESSION - Abstracts management - Instituto Europeo Del Bosque Cultivado - IEFC\",\"isPartOf\":{\"@id\":\"https:\\\/\\\/www.plantedforests.org\\\/fr\\\/#website\"},\"primaryImageOfPage\":{\"@id\":\"https:\\\/\\\/www.plantedforests.org\\\/es\\\/ipc27\\\/abstracts\\\/ipc2024-abstracts-management\\\/#primaryimage\"},\"image\":{\"@id\":\"https:\\\/\\\/www.plantedforests.org\\\/es\\\/ipc27\\\/abstracts\\\/ipc2024-abstracts-management\\\/#primaryimage\"},\"thumbnailUrl\":\"https:\\\/\\\/www.plantedforests.org\\\/wp-content\\\/uploads\\\/2023\\\/12\\\/IPC-COLOR-01-1024x576.png\",\"datePublished\":\"2022-11-17T13:30:40+00:00\",\"dateModified\":\"2024-04-08T07:39:01+00:00\",\"breadcrumb\":{\"@id\":\"https:\\\/\\\/www.plantedforests.org\\\/es\\\/ipc27\\\/abstracts\\\/ipc2024-abstracts-management\\\/#breadcrumb\"},\"inLanguage\":\"es\",\"potentialAction\":[{\"@type\":\"ReadAction\",\"target\":[\"https:\\\/\\\/www.plantedforests.org\\\/es\\\/ipc27\\\/abstracts\\\/ipc2024-abstracts-management\\\/\"]}]},{\"@type\":\"ImageObject\",\"inLanguage\":\"es\",\"@id\":\"https:\\\/\\\/www.plantedforests.org\\\/es\\\/ipc27\\\/abstracts\\\/ipc2024-abstracts-management\\\/#primaryimage\",\"url\":\"https:\\\/\\\/www.plantedforests.org\\\/wp-content\\\/uploads\\\/2023\\\/12\\\/IPC-COLOR-01-1024x576.png\",\"contentUrl\":\"https:\\\/\\\/www.plantedforests.org\\\/wp-content\\\/uploads\\\/2023\\\/12\\\/IPC-COLOR-01-1024x576.png\"},{\"@type\":\"BreadcrumbList\",\"@id\":\"https:\\\/\\\/www.plantedforests.org\\\/es\\\/ipc27\\\/abstracts\\\/ipc2024-abstracts-management\\\/#breadcrumb\",\"itemListElement\":[{\"@type\":\"ListItem\",\"position\":1,\"name\":\"Accueil\",\"item\":\"https:\\\/\\\/www.plantedforests.org\\\/\"},{\"@type\":\"ListItem\",\"position\":2,\"name\":\"IPC 27th Session\",\"item\":\"https:\\\/\\\/www.plantedforests.org\\\/ipc27\\\/\"},{\"@type\":\"ListItem\",\"position\":3,\"name\":\"IPC 27th SESSION &#8211; Abstracts Submission\",\"item\":\"https:\\\/\\\/www.plantedforests.org\\\/ipc27\\\/abstracts\\\/\"},{\"@type\":\"ListItem\",\"position\":4,\"name\":\"IPC 27th SESSION &#8211; Abstracts management\"}]},{\"@type\":\"WebSite\",\"@id\":\"https:\\\/\\\/www.plantedforests.org\\\/fr\\\/#website\",\"url\":\"https:\\\/\\\/www.plantedforests.org\\\/fr\\\/\",\"name\":\"Instituto Europeo Del Bosque Cultivado - IEFC\",\"description\":\"La red para la gesti\u00f3n sostenible y la resiliencia de los bosques cultivados \",\"publisher\":{\"@id\":\"https:\\\/\\\/www.plantedforests.org\\\/fr\\\/#organization\"},\"potentialAction\":[{\"@type\":\"SearchAction\",\"target\":{\"@type\":\"EntryPoint\",\"urlTemplate\":\"https:\\\/\\\/www.plantedforests.org\\\/fr\\\/?s={search_term_string}\"},\"query-input\":{\"@type\":\"PropertyValueSpecification\",\"valueRequired\":true,\"valueName\":\"search_term_string\"}}],\"inLanguage\":\"es\"},{\"@type\":\"Organization\",\"@id\":\"https:\\\/\\\/www.plantedforests.org\\\/fr\\\/#organization\",\"name\":\"Institut Europ\u00e9en de la For\u00eat Cultiv\u00e9e - Plantedforests.org\",\"url\":\"https:\\\/\\\/www.plantedforests.org\\\/fr\\\/\",\"logo\":{\"@type\":\"ImageObject\",\"inLanguage\":\"es\",\"@id\":\"https:\\\/\\\/www.plantedforests.org\\\/fr\\\/#\\\/schema\\\/logo\\\/image\\\/\",\"url\":\"https:\\\/\\\/www.plantedforests.org\\\/wp-content\\\/uploads\\\/2022\\\/07\\\/Logo_iefc__FR.png\",\"contentUrl\":\"https:\\\/\\\/www.plantedforests.org\\\/wp-content\\\/uploads\\\/2022\\\/07\\\/Logo_iefc__FR.png\",\"width\":2031,\"height\":1001,\"caption\":\"Institut Europ\u00e9en de la For\u00eat Cultiv\u00e9e - Plantedforests.org\"},\"image\":{\"@id\":\"https:\\\/\\\/www.plantedforests.org\\\/fr\\\/#\\\/schema\\\/logo\\\/image\\\/\"},\"sameAs\":[\"https:\\\/\\\/x.com\\\/IEFCPlantForest\",\"https:\\\/\\\/www.linkedin.com\\\/company\\\/71728047\\\/\"]}]}<\/script>\n<!-- \/ Yoast SEO plugin. -->","yoast_head_json":{"title":"IPC 27th SESSION - Abstracts management - Instituto Europeo Del Bosque Cultivado - IEFC","robots":{"index":"index","follow":"follow","max-snippet":"max-snippet:-1","max-image-preview":"max-image-preview:large","max-video-preview":"max-video-preview:-1"},"canonical":"https:\/\/www.plantedforests.org\/es\/ipc27\/abstracts\/ipc2024-abstracts-management\/","og_locale":"es_ES","og_type":"article","og_title":"IPC 27th SESSION - Abstracts management - Instituto Europeo Del Bosque Cultivado - IEFC","og_url":"https:\/\/www.plantedforests.org\/es\/ipc27\/abstracts\/ipc2024-abstracts-management\/","og_site_name":"Instituto Europeo Del Bosque Cultivado - IEFC","article_modified_time":"2024-04-08T07:39:01+00:00","og_image":[{"url":"https:\/\/www.plantedforests.org\/wp-content\/uploads\/2023\/12\/IPC-COLOR-01-1024x576.png","type":"","width":"","height":""}],"twitter_card":"summary_large_image","twitter_site":"@IEFCPlantForest","twitter_misc":{"Tiempo de lectura":"1 minuto"},"schema":{"@context":"https:\/\/schema.org","@graph":[{"@type":"WebPage","@id":"https:\/\/www.plantedforests.org\/es\/ipc27\/abstracts\/ipc2024-abstracts-management\/","url":"https:\/\/www.plantedforests.org\/es\/ipc27\/abstracts\/ipc2024-abstracts-management\/","name":"IPC 27th SESSION - Abstracts management - Instituto Europeo Del Bosque Cultivado - IEFC","isPartOf":{"@id":"https:\/\/www.plantedforests.org\/fr\/#website"},"primaryImageOfPage":{"@id":"https:\/\/www.plantedforests.org\/es\/ipc27\/abstracts\/ipc2024-abstracts-management\/#primaryimage"},"image":{"@id":"https:\/\/www.plantedforests.org\/es\/ipc27\/abstracts\/ipc2024-abstracts-management\/#primaryimage"},"thumbnailUrl":"https:\/\/www.plantedforests.org\/wp-content\/uploads\/2023\/12\/IPC-COLOR-01-1024x576.png","datePublished":"2022-11-17T13:30:40+00:00","dateModified":"2024-04-08T07:39:01+00:00","breadcrumb":{"@id":"https:\/\/www.plantedforests.org\/es\/ipc27\/abstracts\/ipc2024-abstracts-management\/#breadcrumb"},"inLanguage":"es","potentialAction":[{"@type":"ReadAction","target":["https:\/\/www.plantedforests.org\/es\/ipc27\/abstracts\/ipc2024-abstracts-management\/"]}]},{"@type":"ImageObject","inLanguage":"es","@id":"https:\/\/www.plantedforests.org\/es\/ipc27\/abstracts\/ipc2024-abstracts-management\/#primaryimage","url":"https:\/\/www.plantedforests.org\/wp-content\/uploads\/2023\/12\/IPC-COLOR-01-1024x576.png","contentUrl":"https:\/\/www.plantedforests.org\/wp-content\/uploads\/2023\/12\/IPC-COLOR-01-1024x576.png"},{"@type":"BreadcrumbList","@id":"https:\/\/www.plantedforests.org\/es\/ipc27\/abstracts\/ipc2024-abstracts-management\/#breadcrumb","itemListElement":[{"@type":"ListItem","position":1,"name":"Accueil","item":"https:\/\/www.plantedforests.org\/"},{"@type":"ListItem","position":2,"name":"IPC 27th Session","item":"https:\/\/www.plantedforests.org\/ipc27\/"},{"@type":"ListItem","position":3,"name":"IPC 27th SESSION &#8211; Abstracts Submission","item":"https:\/\/www.plantedforests.org\/ipc27\/abstracts\/"},{"@type":"ListItem","position":4,"name":"IPC 27th SESSION &#8211; Abstracts management"}]},{"@type":"WebSite","@id":"https:\/\/www.plantedforests.org\/fr\/#website","url":"https:\/\/www.plantedforests.org\/fr\/","name":"Instituto Europeo Del Bosque Cultivado - IEFC","description":"La red para la gesti\u00f3n sostenible y la resiliencia de los bosques cultivados ","publisher":{"@id":"https:\/\/www.plantedforests.org\/fr\/#organization"},"potentialAction":[{"@type":"SearchAction","target":{"@type":"EntryPoint","urlTemplate":"https:\/\/www.plantedforests.org\/fr\/?s={search_term_string}"},"query-input":{"@type":"PropertyValueSpecification","valueRequired":true,"valueName":"search_term_string"}}],"inLanguage":"es"},{"@type":"Organization","@id":"https:\/\/www.plantedforests.org\/fr\/#organization","name":"Institut Europ\u00e9en de la For\u00eat Cultiv\u00e9e - Plantedforests.org","url":"https:\/\/www.plantedforests.org\/fr\/","logo":{"@type":"ImageObject","inLanguage":"es","@id":"https:\/\/www.plantedforests.org\/fr\/#\/schema\/logo\/image\/","url":"https:\/\/www.plantedforests.org\/wp-content\/uploads\/2022\/07\/Logo_iefc__FR.png","contentUrl":"https:\/\/www.plantedforests.org\/wp-content\/uploads\/2022\/07\/Logo_iefc__FR.png","width":2031,"height":1001,"caption":"Institut Europ\u00e9en de la For\u00eat Cultiv\u00e9e - Plantedforests.org"},"image":{"@id":"https:\/\/www.plantedforests.org\/fr\/#\/schema\/logo\/image\/"},"sameAs":["https:\/\/x.com\/IEFCPlantForest","https:\/\/www.linkedin.com\/company\/71728047\/"]}]}},"_links":{"self":[{"href":"https:\/\/www.plantedforests.org\/es\/wp-json\/wp\/v2\/pages\/14275","targetHints":{"allow":["GET"]}}],"collection":[{"href":"https:\/\/www.plantedforests.org\/es\/wp-json\/wp\/v2\/pages"}],"about":[{"href":"https:\/\/www.plantedforests.org\/es\/wp-json\/wp\/v2\/types\/page"}],"author":[{"embeddable":true,"href":"https:\/\/www.plantedforests.org\/es\/wp-json\/wp\/v2\/users\/3"}],"replies":[{"embeddable":true,"href":"https:\/\/www.plantedforests.org\/es\/wp-json\/wp\/v2\/comments?post=14275"}],"version-history":[{"count":4,"href":"https:\/\/www.plantedforests.org\/es\/wp-json\/wp\/v2\/pages\/14275\/revisions"}],"predecessor-version":[{"id":17953,"href":"https:\/\/www.plantedforests.org\/es\/wp-json\/wp\/v2\/pages\/14275\/revisions\/17953"}],"up":[{"embeddable":true,"href":"https:\/\/www.plantedforests.org\/es\/wp-json\/wp\/v2\/pages\/14273"}],"wp:attachment":[{"href":"https:\/\/www.plantedforests.org\/es\/wp-json\/wp\/v2\/media?parent=14275"}],"curies":[{"name":"wp","href":"https:\/\/api.w.org\/{rel}","templated":true}]}}