
{"id":13814,"date":"2023-09-26T16:12:00","date_gmt":"2023-09-26T14:12:00","guid":{"rendered":"https:\/\/www.plantedforests.org\/?page_id=13814"},"modified":"2023-10-16T11:24:23","modified_gmt":"2023-10-16T09:24:23","slug":"field-visit","status":"publish","type":"page","link":"https:\/\/www.plantedforests.org\/es\/icpf-2023\/field-visit\/","title":{"rendered":"Field visit"},"content":{"rendered":"\n<p class=\"has-text-align-center has-text-color\" style=\"color:#006633;font-size:28px\"><strong>5th International Congress on Planted Forests 2023<\/strong><\/p>\n\n\n\n<p class=\"has-text-align-center has-black-color has-text-color\" style=\"font-size:19px\"><strong><span style=\"text-decoration: underline;\">Find out more about the 3 itineraries below<\/span><\/strong><\/p>\n\n\n\n<p class=\"has-text-align-center has-black-color has-text-color\" style=\"font-size:19px\"><span style=\"text-decoration: underline;\"><strong><strong>Itinerary 1: Field Visit to KEFRI and Kinale<\/strong><\/strong> <strong>&#8211; 8 November 2023<\/strong><\/span><\/p>\n\n\n\n<p class=\"has-black-color has-text-color\"><strong>Team Involved in planning the visit<\/strong><br>Dr. Jane Njuguna, Ag Director<br>Joram Kagombe, Deputy Director<br>Mr. Kiptoon, Eocstem Conservator Kiambu<\/p>\n\n\n\n<table id=\"tablepress-5\" class=\"tablepress tablepress-id-5\">\n<thead>\n<tr class=\"row-1\">\n\t<th class=\"column-1\">Time<\/th><th class=\"column-2\">Activity<\/th><th class=\"column-3\">Responsible person<\/th>\n<\/tr>\n<\/thead>\n<tbody class=\"row-striping row-hover\">\n<tr class=\"row-2\">\n\t<td class=\"column-1\">8.30 Am<\/td><td class=\"column-2\">Assemble for departure from ICRAF campus<\/td><td class=\"column-3\">Secretariat<\/td>\n<\/tr>\n<tr class=\"row-3\">\n\t<td class=\"column-1\">8.30 - 9.15<\/td><td class=\"column-2\">Travel to Muguga<\/td><td class=\"column-3\"><\/td>\n<\/tr>\n<tr class=\"row-4\">\n\t<td class=\"column-1\">9.15 - 10.15<\/td><td class=\"column-2\">Visit seed centre, Tree nursey in Muguga<\/td><td class=\"column-3\">Dr. Eston Mutiu and Bernard Kamondo<\/td>\n<\/tr>\n<tr class=\"row-5\">\n\t<td class=\"column-1\">10.15 - 11.00<\/td><td class=\"column-2\">Visit laboratories and KEFRI Hqs<\/td><td class=\"column-3\">Dr. Eston Mutitu and Dr. Stephen Omondi<\/td>\n<\/tr>\n<tr class=\"row-6\">\n\t<td class=\"column-1\"><strong>11.00 - 11.30<\/strong><\/td><td class=\"column-2\"><strong>Health Break<\/strong><\/td><td class=\"column-3\"><\/td>\n<\/tr>\n<tr class=\"row-7\">\n\t<td class=\"column-1\">11.30 - 12.15<\/td><td class=\"column-2\">Travel to Kinale<\/td><td class=\"column-3\"><\/td>\n<\/tr>\n<tr class=\"row-8\">\n\t<td class=\"column-1\">12.15 - 14.00<\/td><td class=\"column-2\">Visit Forest plantations<\/td><td class=\"column-3\">Mr. Kiptoon, EC KFS<\/td>\n<\/tr>\n<tr class=\"row-9\">\n\t<td class=\"column-1\"><strong>14.00 - 14.30<\/strong><\/td><td class=\"column-2\"><strong>Lunch  Break<\/strong><\/td><td class=\"column-3\"><\/td>\n<\/tr>\n<tr class=\"row-10\">\n\t<td class=\"column-1\">14.30 - 15.15<\/td><td class=\"column-2\">Visit Community Association<\/td><td class=\"column-3\"><\/td>\n<\/tr>\n<tr class=\"row-11\">\n\t<td class=\"column-1\">15.15 - 16.00.<\/td><td class=\"column-2\">Travel back to ICRAF<\/td><td class=\"column-3\"><\/td>\n<\/tr>\n<tr class=\"row-12\">\n\t<td class=\"column-1\">16.00<\/td><td class=\"column-2\">End of program<\/td><td class=\"column-3\"><\/td>\n<\/tr>\n<\/tbody>\n<\/table>\n<!-- #tablepress-5 from cache -->\n\n\n\n<p class=\"has-text-align-center has-black-color has-text-color\" style=\"font-size:19px\"><strong><span style=\"text-decoration: underline;\">Itinerary 2: Field Visit to Kiambu and Githunguri Sub Counties-Small Holder Forestry<\/span><\/strong><\/p>\n\n\n\n<p class=\"has-black-color has-text-color\"><strong>Team Involved in planning the visit<\/strong><br>Dr. Clement Ngoriareng, Deputy Director, Mercelyne Khalumba, Jenipher and Mr. Kiptoo, CFC KIambu<\/p>\n\n\n\n<table id=\"tablepress-4\" class=\"tablepress tablepress-id-4\">\n<thead>\n<tr class=\"row-1\">\n\t<th class=\"column-1\">Time<\/th><th class=\"column-2\">Activity<\/th><th class=\"column-3\">Responsible person<\/th>\n<\/tr>\n<\/thead>\n<tbody class=\"row-striping row-hover\">\n<tr class=\"row-2\">\n\t<td class=\"column-1\">8.30 Am<\/td><td class=\"column-2\">Assemble for departure from ICRAF campus<\/td><td class=\"column-3\">Secretariat<\/td>\n<\/tr>\n<tr class=\"row-3\">\n\t<td class=\"column-1\">8.30 - 9.15<\/td><td class=\"column-2\">Travel to Karura KFS HQ<\/td><td class=\"column-3\"><\/td>\n<\/tr>\n<tr class=\"row-4\">\n\t<td class=\"column-1\">9.15 - 10.30<\/td><td class=\"column-2\">Courtesy call to the CCF and Visit the Tree nursey in Karura<\/td><td class=\"column-3\">Dr. Clement Ngoriareng<\/td>\n<\/tr>\n<tr class=\"row-5\">\n\t<td class=\"column-1\"><strong>10.30 - 11.00<\/strong><\/td><td class=\"column-2\"><strong>Health Break<\/strong><\/td><td class=\"column-3\"><strong><\/td>\n<\/tr>\n<tr class=\"row-6\">\n\t<td class=\"column-1\">11.00 - 13.00<\/td><td class=\"column-2\">Travel to and visit Kerein Gathanje farm, Kiairia farm, Githunguri Farm (Githunguri Sub County)<\/td><td class=\"column-3\">Mercelyne\/Jenipher<br \/>\nStanely-Farmer<br \/>\nRobert-Farmer<br \/>\nMwaniki-Farmer<br \/>\nJohn Gichuki-Farmer<br \/>\nCFC Kiambu Kiptoo<\/td>\n<\/tr>\n<tr class=\"row-7\">\n\t<td class=\"column-1\"><strong>13.00 - 14.00<\/strong><\/td><td class=\"column-2\"><strong>Lunch Break<\/strong><\/td><td class=\"column-3\"><\/td>\n<\/tr>\n<tr class=\"row-8\">\n\t<td class=\"column-1\">14.00 - 16.00<\/td><td class=\"column-2\">Travel to and visit Kinunga farms (Kiambu Sub County)<\/td><td class=\"column-3\">Mercelyne\/Jenipher<br \/>\nTwo Kinunga Farmers<br \/>\nCFC Kiambu Kiptoo<\/td>\n<\/tr>\n<tr class=\"row-9\">\n\t<td class=\"column-1\">16.00 - 17.00<\/td><td class=\"column-2\">Travel to ICRAF<\/td><td class=\"column-3\"><\/td>\n<\/tr>\n<\/tbody>\n<\/table>\n<!-- #tablepress-4 from cache -->\n\n\n\n<p class=\"has-text-align-center has-black-color has-text-color\" style=\"font-size:19px\"><span style=\"text-decoration: underline;\"><strong><strong>Itinerary 3: Field Visit <\/strong>to Kiambu County, Gatundu North Chtga &#8211; 8 November 2023<\/strong><\/span><\/p>\n\n\n\n<p class=\"has-black-color has-text-color\"><strong>Coordinated by FFSPAK<\/strong><\/p>\n\n\n\n<p class=\"has-black-color has-text-color\"><strong>Responsible<\/strong><br>Godfrey Wanyama<br>Charles Nyanjui<\/p>\n\n\n\n<table id=\"tablepress-6\" class=\"tablepress tablepress-id-6\">\n<thead>\n<tr class=\"row-1\">\n\t<th class=\"column-1\">Time<\/th><th class=\"column-2\">Activity<\/th><th class=\"column-3\">Responsible person<\/th>\n<\/tr>\n<\/thead>\n<tbody class=\"row-striping row-hover\">\n<tr class=\"row-2\">\n\t<td class=\"column-1\">8.00 AM<\/td><td class=\"column-2\">Departure - Route Thika road<\/td><td class=\"column-3\">FFSPAK, Kefri, FAN<\/td>\n<\/tr>\n<tr class=\"row-3\">\n\t<td class=\"column-1\">8:00 AM \u2013 9:00 AM <\/td><td class=\"column-2\">Travel Via Limuru road - Muthaiga Thika Super highway - Witeithie town - Ndiko Shopping centre <\/td><td class=\"column-3\">FFSPAK, Kefri, FAN<\/td>\n<\/tr>\n<tr class=\"row-4\">\n\t<td class=\"column-1\">9:00 AM - 9:30 AM<\/td><td class=\"column-2\">Visit private tree nursery (Charles Nyanjui Tree Nursery)<\/td><td class=\"column-3\">FFSPAK<\/td>\n<\/tr>\n<tr class=\"row-5\">\n\t<td class=\"column-1\">9:30 AM  - 10:15 AM<\/td><td class=\"column-2\">Drive to Gachege Tea Factory<\/td><td class=\"column-3\">FFSPAK<\/td>\n<\/tr>\n<tr class=\"row-6\">\n\t<td class=\"column-1\">10:15 PM - 12.30 PM <\/td><td class=\"column-2\">KTDA Gachege Tea Factory Tour<\/td><td class=\"column-3\">FFSPAK<\/td>\n<\/tr>\n<tr class=\"row-7\">\n\t<td class=\"column-1\"><strong>12:30 PM -  1:30 PM<\/strong><\/td><td class=\"column-2\"><strong>Lunch break<\/strong><\/td><td class=\"column-3\"><strong>All<\/strong><\/td>\n<\/tr>\n<tr class=\"row-8\">\n\t<td class=\"column-1\">1:30 PM - 3:00 PM<\/td><td class=\"column-2\">Visit to woodlot farmers<\/td><td class=\"column-3\">FFSPAK\/KFS<\/td>\n<\/tr>\n<tr class=\"row-9\">\n\t<td class=\"column-1\">3.00 PM - 4:30 PM<\/td><td class=\"column-2\">Back to  Nairobi \u2013 route Thika Road<\/td><td class=\"column-3\">FFSPAK\/All Participants<\/td>\n<\/tr>\n<\/tbody>\n<\/table>\n<!-- #tablepress-6 from cache -->\n\n\n\n<div class=\"wp-block-columns is-layout-flex wp-container-core-columns-is-layout-9d6595d7 wp-block-columns-is-layout-flex\">\n<div class=\"wp-block-column is-layout-flow wp-block-column-is-layout-flow\">\n<div class=\"wp-block-buttons is-layout-flex wp-block-buttons-is-layout-flex\">\n<div class=\"wp-block-button has-custom-width wp-block-button__width-75 is-style-fill\"><a class=\"wp-block-button__link has-background wp-element-button\" href=\"https:\/\/www.plantedforests.org\/icpf-2023\/tentative-agenda\/\" style=\"background-color:#006633\">TENTATIVE AGENDA<\/a><\/div>\n<\/div>\n<\/div>\n\n\n\n<div class=\"wp-block-column is-layout-flow wp-block-column-is-layout-flow\">\n<div class=\"wp-block-buttons is-layout-flex wp-block-buttons-is-layout-flex\">\n<div class=\"wp-block-button has-custom-width wp-block-button__width-75\"><a class=\"wp-block-button__link has-background wp-element-button\" href=\"https:\/\/www.plantedforests.org\/fr\/icpf-2023\/tentative-agenda\/sessions_and-speakers\/\" style=\"background-color:#006633\">SESSIONS AND SPEAKERS<\/a><\/div>\n<\/div>\n<\/div>\n\n\n\n<div class=\"wp-block-column is-layout-flow wp-block-column-is-layout-flow\">\n<div class=\"wp-block-buttons is-layout-flex wp-block-buttons-is-layout-flex\">\n<div class=\"wp-block-button has-custom-width wp-block-button__width-75\"><a class=\"wp-block-button__link has-background wp-element-button\" href=\"https:\/\/www.plantedforests.org\/fr\/icpf-2023-practical-information\/\" style=\"background-color:#006633\">PRACTICAL INFORMATION<\/a><\/div>\n<\/div>\n<\/div>\n<\/div>\n","protected":false},"excerpt":{"rendered":"<p>5th International Congress on Planted Forests 2023 Find out more about the 3 itineraries below Itinerary 1: Field Visit to KEFRI and Kinale &#8211; 8 November 2023 Team Involved in [&hellip;]<\/p>\n","protected":false},"author":101,"featured_media":0,"parent":7848,"menu_order":0,"comment_status":"closed","ping_status":"closed","template":"","meta":{"_acf_changed":false,"_eb_attr":"","_EventAllDay":false,"_EventTimezone":"","_EventStartDate":"","_EventEndDate":"","_EventStartDateUTC":"","_EventEndDateUTC":"","_EventShowMap":false,"_EventShowMapLink":false,"_EventURL":"","_EventCost":"","_EventCostDescription":"","_EventCurrencySymbol":"","_EventCurrencyCode":"","_EventCurrencyPosition":"","_EventDateTimeSeparator":"","_EventTimeRangeSeparator":"","_EventOrganizerID":[],"_EventVenueID":[],"_OrganizerEmail":"","_OrganizerPhone":"","_OrganizerWebsite":"","_VenueAddress":"","_VenueCity":"","_VenueCountry":"","_VenueProvince":"","_VenueState":"","_VenueZip":"","_VenuePhone":"","_VenueURL":"","_VenueStateProvince":"","_VenueLat":"","_VenueLng":"","_VenueShowMap":false,"_VenueShowMapLink":false,"activitypub_content_warning":"","activitypub_content_visibility":"","activitypub_max_image_attachments":4,"activitypub_interaction_policy_quote":"anyone","activitypub_status":"","footnotes":""},"class_list":["post-13814","page","type-page","status-publish","hentry"],"translation":{"provider":"WPGlobus","version":"3.0.2","language":"es","enabled_languages":["gb","fr","es","pt"],"languages":{"gb":{"title":true,"content":true,"excerpt":false},"fr":{"title":false,"content":false,"excerpt":false},"es":{"title":false,"content":false,"excerpt":false},"pt":{"title":false,"content":false,"excerpt":false}}},"acf":[],"yoast_head":"<!-- This site is optimized with the Yoast SEO plugin v27.4 - https:\/\/yoast.com\/product\/yoast-seo-wordpress\/ -->\n<title>Field visit - Instituto Europeo Del Bosque Cultivado - IEFC<\/title>\n<meta name=\"robots\" content=\"index, follow, max-snippet:-1, max-image-preview:large, max-video-preview:-1\" \/>\n<link rel=\"canonical\" href=\"https:\/\/www.plantedforests.org\/icpf-2023\/field-visit\/\" \/>\n<meta property=\"og:locale\" content=\"es_ES\" \/>\n<meta property=\"og:type\" content=\"article\" \/>\n<meta property=\"og:title\" content=\"Field visit - Instituto Europeo Del Bosque Cultivado - IEFC\" \/>\n<meta property=\"og:url\" content=\"https:\/\/www.plantedforests.org\/icpf-2023\/field-visit\/\" \/>\n<meta property=\"og:site_name\" content=\"Instituto Europeo Del Bosque Cultivado - IEFC\" \/>\n<meta property=\"article:modified_time\" content=\"2023-10-16T09:24:23+00:00\" \/>\n<meta name=\"twitter:card\" content=\"summary_large_image\" \/>\n<meta name=\"twitter:site\" content=\"@IEFCPlantForest\" \/>\n<meta name=\"twitter:label1\" content=\"Tiempo de lectura\" \/>\n\t<meta name=\"twitter:data1\" content=\"1 minuto\" \/>\n<script type=\"application\/ld+json\" class=\"yoast-schema-graph\">{\"@context\":\"https:\\\/\\\/schema.org\",\"@graph\":[{\"@type\":\"WebPage\",\"@id\":\"https:\\\/\\\/www.plantedforests.org\\\/icpf-2023\\\/field-visit\\\/\",\"url\":\"https:\\\/\\\/www.plantedforests.org\\\/icpf-2023\\\/field-visit\\\/\",\"name\":\"Field visit - Instituto Europeo Del Bosque Cultivado - IEFC\",\"isPartOf\":{\"@id\":\"https:\\\/\\\/www.plantedforests.org\\\/fr\\\/#website\"},\"datePublished\":\"2023-09-26T14:12:00+00:00\",\"dateModified\":\"2023-10-16T09:24:23+00:00\",\"breadcrumb\":{\"@id\":\"https:\\\/\\\/www.plantedforests.org\\\/icpf-2023\\\/field-visit\\\/#breadcrumb\"},\"inLanguage\":\"es\",\"potentialAction\":[{\"@type\":\"ReadAction\",\"target\":[\"https:\\\/\\\/www.plantedforests.org\\\/icpf-2023\\\/field-visit\\\/\"]}]},{\"@type\":\"BreadcrumbList\",\"@id\":\"https:\\\/\\\/www.plantedforests.org\\\/icpf-2023\\\/field-visit\\\/#breadcrumb\",\"itemListElement\":[{\"@type\":\"ListItem\",\"position\":1,\"name\":\"Accueil\",\"item\":\"https:\\\/\\\/www.plantedforests.org\\\/\"},{\"@type\":\"ListItem\",\"position\":2,\"name\":\"ICPF 2023\",\"item\":\"https:\\\/\\\/www.plantedforests.org\\\/pt\\\/icpf-2023\\\/\"},{\"@type\":\"ListItem\",\"position\":3,\"name\":\"Field visit\"}]},{\"@type\":\"WebSite\",\"@id\":\"https:\\\/\\\/www.plantedforests.org\\\/fr\\\/#website\",\"url\":\"https:\\\/\\\/www.plantedforests.org\\\/fr\\\/\",\"name\":\"Instituto Europeo Del Bosque Cultivado - IEFC\",\"description\":\"La red para la gesti\u00f3n sostenible y la resiliencia de los bosques cultivados \",\"publisher\":{\"@id\":\"https:\\\/\\\/www.plantedforests.org\\\/fr\\\/#organization\"},\"potentialAction\":[{\"@type\":\"SearchAction\",\"target\":{\"@type\":\"EntryPoint\",\"urlTemplate\":\"https:\\\/\\\/www.plantedforests.org\\\/fr\\\/?s={search_term_string}\"},\"query-input\":{\"@type\":\"PropertyValueSpecification\",\"valueRequired\":true,\"valueName\":\"search_term_string\"}}],\"inLanguage\":\"es\"},{\"@type\":\"Organization\",\"@id\":\"https:\\\/\\\/www.plantedforests.org\\\/fr\\\/#organization\",\"name\":\"Institut Europ\u00e9en de la For\u00eat Cultiv\u00e9e - Plantedforests.org\",\"url\":\"https:\\\/\\\/www.plantedforests.org\\\/fr\\\/\",\"logo\":{\"@type\":\"ImageObject\",\"inLanguage\":\"es\",\"@id\":\"https:\\\/\\\/www.plantedforests.org\\\/fr\\\/#\\\/schema\\\/logo\\\/image\\\/\",\"url\":\"https:\\\/\\\/www.plantedforests.org\\\/wp-content\\\/uploads\\\/2022\\\/07\\\/Logo_iefc__FR.png\",\"contentUrl\":\"https:\\\/\\\/www.plantedforests.org\\\/wp-content\\\/uploads\\\/2022\\\/07\\\/Logo_iefc__FR.png\",\"width\":2031,\"height\":1001,\"caption\":\"Institut Europ\u00e9en de la For\u00eat Cultiv\u00e9e - Plantedforests.org\"},\"image\":{\"@id\":\"https:\\\/\\\/www.plantedforests.org\\\/fr\\\/#\\\/schema\\\/logo\\\/image\\\/\"},\"sameAs\":[\"https:\\\/\\\/x.com\\\/IEFCPlantForest\",\"https:\\\/\\\/www.linkedin.com\\\/company\\\/71728047\\\/\"]}]}<\/script>\n<!-- \/ Yoast SEO plugin. -->","yoast_head_json":{"title":"Field visit - Instituto Europeo Del Bosque Cultivado - IEFC","robots":{"index":"index","follow":"follow","max-snippet":"max-snippet:-1","max-image-preview":"max-image-preview:large","max-video-preview":"max-video-preview:-1"},"canonical":"https:\/\/www.plantedforests.org\/icpf-2023\/field-visit\/","og_locale":"es_ES","og_type":"article","og_title":"Field visit - Instituto Europeo Del Bosque Cultivado - IEFC","og_url":"https:\/\/www.plantedforests.org\/icpf-2023\/field-visit\/","og_site_name":"Instituto Europeo Del Bosque Cultivado - IEFC","article_modified_time":"2023-10-16T09:24:23+00:00","twitter_card":"summary_large_image","twitter_site":"@IEFCPlantForest","twitter_misc":{"Tiempo de lectura":"1 minuto"},"schema":{"@context":"https:\/\/schema.org","@graph":[{"@type":"WebPage","@id":"https:\/\/www.plantedforests.org\/icpf-2023\/field-visit\/","url":"https:\/\/www.plantedforests.org\/icpf-2023\/field-visit\/","name":"Field visit - Instituto Europeo Del Bosque Cultivado - IEFC","isPartOf":{"@id":"https:\/\/www.plantedforests.org\/fr\/#website"},"datePublished":"2023-09-26T14:12:00+00:00","dateModified":"2023-10-16T09:24:23+00:00","breadcrumb":{"@id":"https:\/\/www.plantedforests.org\/icpf-2023\/field-visit\/#breadcrumb"},"inLanguage":"es","potentialAction":[{"@type":"ReadAction","target":["https:\/\/www.plantedforests.org\/icpf-2023\/field-visit\/"]}]},{"@type":"BreadcrumbList","@id":"https:\/\/www.plantedforests.org\/icpf-2023\/field-visit\/#breadcrumb","itemListElement":[{"@type":"ListItem","position":1,"name":"Accueil","item":"https:\/\/www.plantedforests.org\/"},{"@type":"ListItem","position":2,"name":"ICPF 2023","item":"https:\/\/www.plantedforests.org\/pt\/icpf-2023\/"},{"@type":"ListItem","position":3,"name":"Field visit"}]},{"@type":"WebSite","@id":"https:\/\/www.plantedforests.org\/fr\/#website","url":"https:\/\/www.plantedforests.org\/fr\/","name":"Instituto Europeo Del Bosque Cultivado - IEFC","description":"La red para la gesti\u00f3n sostenible y la resiliencia de los bosques cultivados ","publisher":{"@id":"https:\/\/www.plantedforests.org\/fr\/#organization"},"potentialAction":[{"@type":"SearchAction","target":{"@type":"EntryPoint","urlTemplate":"https:\/\/www.plantedforests.org\/fr\/?s={search_term_string}"},"query-input":{"@type":"PropertyValueSpecification","valueRequired":true,"valueName":"search_term_string"}}],"inLanguage":"es"},{"@type":"Organization","@id":"https:\/\/www.plantedforests.org\/fr\/#organization","name":"Institut Europ\u00e9en de la For\u00eat Cultiv\u00e9e - Plantedforests.org","url":"https:\/\/www.plantedforests.org\/fr\/","logo":{"@type":"ImageObject","inLanguage":"es","@id":"https:\/\/www.plantedforests.org\/fr\/#\/schema\/logo\/image\/","url":"https:\/\/www.plantedforests.org\/wp-content\/uploads\/2022\/07\/Logo_iefc__FR.png","contentUrl":"https:\/\/www.plantedforests.org\/wp-content\/uploads\/2022\/07\/Logo_iefc__FR.png","width":2031,"height":1001,"caption":"Institut Europ\u00e9en de la For\u00eat Cultiv\u00e9e - Plantedforests.org"},"image":{"@id":"https:\/\/www.plantedforests.org\/fr\/#\/schema\/logo\/image\/"},"sameAs":["https:\/\/x.com\/IEFCPlantForest","https:\/\/www.linkedin.com\/company\/71728047\/"]}]}},"_links":{"self":[{"href":"https:\/\/www.plantedforests.org\/es\/wp-json\/wp\/v2\/pages\/13814","targetHints":{"allow":["GET"]}}],"collection":[{"href":"https:\/\/www.plantedforests.org\/es\/wp-json\/wp\/v2\/pages"}],"about":[{"href":"https:\/\/www.plantedforests.org\/es\/wp-json\/wp\/v2\/types\/page"}],"author":[{"embeddable":true,"href":"https:\/\/www.plantedforests.org\/es\/wp-json\/wp\/v2\/users\/101"}],"replies":[{"embeddable":true,"href":"https:\/\/www.plantedforests.org\/es\/wp-json\/wp\/v2\/comments?post=13814"}],"version-history":[{"count":28,"href":"https:\/\/www.plantedforests.org\/es\/wp-json\/wp\/v2\/pages\/13814\/revisions"}],"predecessor-version":[{"id":14149,"href":"https:\/\/www.plantedforests.org\/es\/wp-json\/wp\/v2\/pages\/13814\/revisions\/14149"}],"up":[{"embeddable":true,"href":"https:\/\/www.plantedforests.org\/es\/wp-json\/wp\/v2\/pages\/7848"}],"wp:attachment":[{"href":"https:\/\/www.plantedforests.org\/es\/wp-json\/wp\/v2\/media?parent=13814"}],"curies":[{"name":"wp","href":"https:\/\/api.w.org\/{rel}","templated":true}]}}