
{"id":12943,"date":"2023-07-25T13:17:11","date_gmt":"2023-07-25T11:17:11","guid":{"rendered":"https:\/\/www.plantedforests.org\/?page_id=12943"},"modified":"2023-07-25T13:18:03","modified_gmt":"2023-07-25T11:18:03","slug":"contrat-dengagement-republicain-des-associations-et-fondationsbeneficiant-de-subventions-publiques-ou-dun-agrement-de-letat","status":"publish","type":"page","link":"https:\/\/www.plantedforests.org\/es\/contrat-dengagement-republicain-des-associations-et-fondationsbeneficiant-de-subventions-publiques-ou-dun-agrement-de-letat\/","title":{"rendered":"REPUBLICAN COMMITMENT CONTRACT FOR ASSOCIATIONS AND FOUNDATIONS RECEIVING PUBLIC SUBSIDIES OR STATE APPROVAL"},"content":{"rendered":"\n<div data-wp-interactive=\"core\/file\" class=\"wp-block-file\"><object data-wp-bind--hidden=\"!state.hasPdfPreview\" hidden class=\"wp-block-file__embed\" data=\"https:\/\/www.plantedforests.org\/wp-content\/uploads\/2023\/07\/12_ContratEngagementRepublicain_signed1.pdf\" type=\"application\/pdf\" style=\"width:100%;height:600px\" aria-label=\"Incrustado de IEFC _Contrat Engagement Republicain_signed.\"><\/object><a id=\"wp-block-file--media-8abadfef-71a3-4a93-b3ba-29eb805f00b9\" href=\"https:\/\/www.plantedforests.org\/wp-content\/uploads\/2023\/07\/12_ContratEngagementRepublicain_signed1.pdf\">IEFC _Contrat Engagement Republicain_signed<\/a><a href=\"https:\/\/www.plantedforests.org\/wp-content\/uploads\/2023\/07\/12_ContratEngagementRepublicain_signed1.pdf\" class=\"wp-block-file__button wp-element-button\" download aria-describedby=\"wp-block-file--media-8abadfef-71a3-4a93-b3ba-29eb805f00b9\">T\u00e9l\u00e9charger<\/a><\/div>\n","protected":false},"excerpt":{"rendered":"","protected":false},"author":101,"featured_media":0,"parent":0,"menu_order":0,"comment_status":"closed","ping_status":"closed","template":"","meta":{"_acf_changed":false,"_eb_attr":"","_EventAllDay":false,"_EventTimezone":"","_EventStartDate":"","_EventEndDate":"","_EventStartDateUTC":"","_EventEndDateUTC":"","_EventShowMap":false,"_EventShowMapLink":false,"_EventURL":"","_EventCost":"","_EventCostDescription":"","_EventCurrencySymbol":"","_EventCurrencyCode":"","_EventCurrencyPosition":"","_EventDateTimeSeparator":"","_EventTimeRangeSeparator":"","_EventOrganizerID":[],"_EventVenueID":[],"_OrganizerEmail":"","_OrganizerPhone":"","_OrganizerWebsite":"","_VenueAddress":"","_VenueCity":"","_VenueCountry":"","_VenueProvince":"","_VenueState":"","_VenueZip":"","_VenuePhone":"","_VenueURL":"","_VenueStateProvince":"","_VenueLat":"","_VenueLng":"","_VenueShowMap":false,"_VenueShowMapLink":false,"activitypub_content_warning":"","activitypub_content_visibility":"","activitypub_max_image_attachments":4,"activitypub_interaction_policy_quote":"anyone","activitypub_status":"","footnotes":""},"class_list":["post-12943","page","type-page","status-publish","hentry"],"translation":{"provider":"WPGlobus","version":"3.0.2","language":"es","enabled_languages":["gb","fr","es","pt"],"languages":{"gb":{"title":true,"content":true,"excerpt":false},"fr":{"title":false,"content":false,"excerpt":false},"es":{"title":false,"content":false,"excerpt":false},"pt":{"title":false,"content":false,"excerpt":false}}},"acf":[],"yoast_head":"<!-- This site is optimized with the Yoast SEO plugin v27.3 - https:\/\/yoast.com\/product\/yoast-seo-wordpress\/ -->\n<title>REPUBLICAN COMMITMENT CONTRACT FOR ASSOCIATIONS AND FOUNDATIONS RECEIVING PUBLIC SUBSIDIES OR STATE APPROVAL - Instituto Europeo Del Bosque Cultivado - IEFC<\/title>\n<meta name=\"robots\" content=\"index, follow, max-snippet:-1, max-image-preview:large, max-video-preview:-1\" \/>\n<link rel=\"canonical\" href=\"https:\/\/www.plantedforests.org\/contrat-dengagement-republicain-des-associations-et-fondationsbeneficiant-de-subventions-publiques-ou-dun-agrement-de-letat\/\" \/>\n<meta property=\"og:locale\" content=\"es_ES\" \/>\n<meta property=\"og:type\" content=\"article\" \/>\n<meta property=\"og:title\" content=\"REPUBLICAN COMMITMENT CONTRACT FOR ASSOCIATIONS AND FOUNDATIONS RECEIVING PUBLIC SUBSIDIES OR STATE APPROVAL - Instituto Europeo Del Bosque Cultivado - IEFC\" \/>\n<meta property=\"og:url\" content=\"https:\/\/www.plantedforests.org\/contrat-dengagement-republicain-des-associations-et-fondationsbeneficiant-de-subventions-publiques-ou-dun-agrement-de-letat\/\" \/>\n<meta property=\"og:site_name\" content=\"Instituto Europeo Del Bosque Cultivado - IEFC\" \/>\n<meta property=\"article:modified_time\" content=\"2023-07-25T11:18:03+00:00\" \/>\n<meta name=\"twitter:card\" content=\"summary_large_image\" \/>\n<meta name=\"twitter:site\" content=\"@IEFCPlantForest\" \/>\n<meta name=\"twitter:label1\" content=\"Tiempo de lectura\" \/>\n\t<meta name=\"twitter:data1\" content=\"1 minuto\" \/>\n<script type=\"application\/ld+json\" class=\"yoast-schema-graph\">{\"@context\":\"https:\\\/\\\/schema.org\",\"@graph\":[{\"@type\":\"WebPage\",\"@id\":\"https:\\\/\\\/www.plantedforests.org\\\/contrat-dengagement-republicain-des-associations-et-fondationsbeneficiant-de-subventions-publiques-ou-dun-agrement-de-letat\\\/\",\"url\":\"https:\\\/\\\/www.plantedforests.org\\\/contrat-dengagement-republicain-des-associations-et-fondationsbeneficiant-de-subventions-publiques-ou-dun-agrement-de-letat\\\/\",\"name\":\"REPUBLICAN COMMITMENT CONTRACT FOR ASSOCIATIONS AND FOUNDATIONS RECEIVING PUBLIC SUBSIDIES OR STATE APPROVAL - Instituto Europeo Del Bosque Cultivado - IEFC\",\"isPartOf\":{\"@id\":\"https:\\\/\\\/www.plantedforests.org\\\/fr\\\/#website\"},\"datePublished\":\"2023-07-25T11:17:11+00:00\",\"dateModified\":\"2023-07-25T11:18:03+00:00\",\"breadcrumb\":{\"@id\":\"https:\\\/\\\/www.plantedforests.org\\\/contrat-dengagement-republicain-des-associations-et-fondationsbeneficiant-de-subventions-publiques-ou-dun-agrement-de-letat\\\/#breadcrumb\"},\"inLanguage\":\"es\",\"potentialAction\":[{\"@type\":\"ReadAction\",\"target\":[\"https:\\\/\\\/www.plantedforests.org\\\/contrat-dengagement-republicain-des-associations-et-fondationsbeneficiant-de-subventions-publiques-ou-dun-agrement-de-letat\\\/\"]}]},{\"@type\":\"BreadcrumbList\",\"@id\":\"https:\\\/\\\/www.plantedforests.org\\\/contrat-dengagement-republicain-des-associations-et-fondationsbeneficiant-de-subventions-publiques-ou-dun-agrement-de-letat\\\/#breadcrumb\",\"itemListElement\":[{\"@type\":\"ListItem\",\"position\":1,\"name\":\"Accueil\",\"item\":\"https:\\\/\\\/www.plantedforests.org\\\/\"},{\"@type\":\"ListItem\",\"position\":2,\"name\":\"REPUBLICAN COMMITMENT CONTRACT FOR ASSOCIATIONS AND FOUNDATIONS RECEIVING PUBLIC SUBSIDIES OR STATE APPROVAL\"}]},{\"@type\":\"WebSite\",\"@id\":\"https:\\\/\\\/www.plantedforests.org\\\/fr\\\/#website\",\"url\":\"https:\\\/\\\/www.plantedforests.org\\\/fr\\\/\",\"name\":\"Instituto Europeo Del Bosque Cultivado - IEFC\",\"description\":\"La red para la gesti\u00f3n sostenible y la resiliencia de los bosques cultivados \",\"publisher\":{\"@id\":\"https:\\\/\\\/www.plantedforests.org\\\/fr\\\/#organization\"},\"potentialAction\":[{\"@type\":\"SearchAction\",\"target\":{\"@type\":\"EntryPoint\",\"urlTemplate\":\"https:\\\/\\\/www.plantedforests.org\\\/fr\\\/?s={search_term_string}\"},\"query-input\":{\"@type\":\"PropertyValueSpecification\",\"valueRequired\":true,\"valueName\":\"search_term_string\"}}],\"inLanguage\":\"es\"},{\"@type\":\"Organization\",\"@id\":\"https:\\\/\\\/www.plantedforests.org\\\/fr\\\/#organization\",\"name\":\"Institut Europ\u00e9en de la For\u00eat Cultiv\u00e9e - Plantedforests.org\",\"url\":\"https:\\\/\\\/www.plantedforests.org\\\/fr\\\/\",\"logo\":{\"@type\":\"ImageObject\",\"inLanguage\":\"es\",\"@id\":\"https:\\\/\\\/www.plantedforests.org\\\/fr\\\/#\\\/schema\\\/logo\\\/image\\\/\",\"url\":\"https:\\\/\\\/www.plantedforests.org\\\/wp-content\\\/uploads\\\/2022\\\/07\\\/Logo_iefc__FR.png\",\"contentUrl\":\"https:\\\/\\\/www.plantedforests.org\\\/wp-content\\\/uploads\\\/2022\\\/07\\\/Logo_iefc__FR.png\",\"width\":2031,\"height\":1001,\"caption\":\"Institut Europ\u00e9en de la For\u00eat Cultiv\u00e9e - Plantedforests.org\"},\"image\":{\"@id\":\"https:\\\/\\\/www.plantedforests.org\\\/fr\\\/#\\\/schema\\\/logo\\\/image\\\/\"},\"sameAs\":[\"https:\\\/\\\/x.com\\\/IEFCPlantForest\",\"https:\\\/\\\/www.linkedin.com\\\/company\\\/71728047\\\/\"]}]}<\/script>\n<!-- \/ Yoast SEO plugin. -->","yoast_head_json":{"title":"REPUBLICAN COMMITMENT CONTRACT FOR ASSOCIATIONS AND FOUNDATIONS RECEIVING PUBLIC SUBSIDIES OR STATE APPROVAL - Instituto Europeo Del Bosque Cultivado - IEFC","robots":{"index":"index","follow":"follow","max-snippet":"max-snippet:-1","max-image-preview":"max-image-preview:large","max-video-preview":"max-video-preview:-1"},"canonical":"https:\/\/www.plantedforests.org\/contrat-dengagement-republicain-des-associations-et-fondationsbeneficiant-de-subventions-publiques-ou-dun-agrement-de-letat\/","og_locale":"es_ES","og_type":"article","og_title":"REPUBLICAN COMMITMENT CONTRACT FOR ASSOCIATIONS AND FOUNDATIONS RECEIVING PUBLIC SUBSIDIES OR STATE APPROVAL - Instituto Europeo Del Bosque Cultivado - IEFC","og_url":"https:\/\/www.plantedforests.org\/contrat-dengagement-republicain-des-associations-et-fondationsbeneficiant-de-subventions-publiques-ou-dun-agrement-de-letat\/","og_site_name":"Instituto Europeo Del Bosque Cultivado - IEFC","article_modified_time":"2023-07-25T11:18:03+00:00","twitter_card":"summary_large_image","twitter_site":"@IEFCPlantForest","twitter_misc":{"Tiempo de lectura":"1 minuto"},"schema":{"@context":"https:\/\/schema.org","@graph":[{"@type":"WebPage","@id":"https:\/\/www.plantedforests.org\/contrat-dengagement-republicain-des-associations-et-fondationsbeneficiant-de-subventions-publiques-ou-dun-agrement-de-letat\/","url":"https:\/\/www.plantedforests.org\/contrat-dengagement-republicain-des-associations-et-fondationsbeneficiant-de-subventions-publiques-ou-dun-agrement-de-letat\/","name":"REPUBLICAN COMMITMENT CONTRACT FOR ASSOCIATIONS AND FOUNDATIONS RECEIVING PUBLIC SUBSIDIES OR STATE APPROVAL - Instituto Europeo Del Bosque Cultivado - IEFC","isPartOf":{"@id":"https:\/\/www.plantedforests.org\/fr\/#website"},"datePublished":"2023-07-25T11:17:11+00:00","dateModified":"2023-07-25T11:18:03+00:00","breadcrumb":{"@id":"https:\/\/www.plantedforests.org\/contrat-dengagement-republicain-des-associations-et-fondationsbeneficiant-de-subventions-publiques-ou-dun-agrement-de-letat\/#breadcrumb"},"inLanguage":"es","potentialAction":[{"@type":"ReadAction","target":["https:\/\/www.plantedforests.org\/contrat-dengagement-republicain-des-associations-et-fondationsbeneficiant-de-subventions-publiques-ou-dun-agrement-de-letat\/"]}]},{"@type":"BreadcrumbList","@id":"https:\/\/www.plantedforests.org\/contrat-dengagement-republicain-des-associations-et-fondationsbeneficiant-de-subventions-publiques-ou-dun-agrement-de-letat\/#breadcrumb","itemListElement":[{"@type":"ListItem","position":1,"name":"Accueil","item":"https:\/\/www.plantedforests.org\/"},{"@type":"ListItem","position":2,"name":"REPUBLICAN COMMITMENT CONTRACT FOR ASSOCIATIONS AND FOUNDATIONS RECEIVING PUBLIC SUBSIDIES OR STATE APPROVAL"}]},{"@type":"WebSite","@id":"https:\/\/www.plantedforests.org\/fr\/#website","url":"https:\/\/www.plantedforests.org\/fr\/","name":"Instituto Europeo Del Bosque Cultivado - IEFC","description":"La red para la gesti\u00f3n sostenible y la resiliencia de los bosques cultivados ","publisher":{"@id":"https:\/\/www.plantedforests.org\/fr\/#organization"},"potentialAction":[{"@type":"SearchAction","target":{"@type":"EntryPoint","urlTemplate":"https:\/\/www.plantedforests.org\/fr\/?s={search_term_string}"},"query-input":{"@type":"PropertyValueSpecification","valueRequired":true,"valueName":"search_term_string"}}],"inLanguage":"es"},{"@type":"Organization","@id":"https:\/\/www.plantedforests.org\/fr\/#organization","name":"Institut Europ\u00e9en de la For\u00eat Cultiv\u00e9e - Plantedforests.org","url":"https:\/\/www.plantedforests.org\/fr\/","logo":{"@type":"ImageObject","inLanguage":"es","@id":"https:\/\/www.plantedforests.org\/fr\/#\/schema\/logo\/image\/","url":"https:\/\/www.plantedforests.org\/wp-content\/uploads\/2022\/07\/Logo_iefc__FR.png","contentUrl":"https:\/\/www.plantedforests.org\/wp-content\/uploads\/2022\/07\/Logo_iefc__FR.png","width":2031,"height":1001,"caption":"Institut Europ\u00e9en de la For\u00eat Cultiv\u00e9e - Plantedforests.org"},"image":{"@id":"https:\/\/www.plantedforests.org\/fr\/#\/schema\/logo\/image\/"},"sameAs":["https:\/\/x.com\/IEFCPlantForest","https:\/\/www.linkedin.com\/company\/71728047\/"]}]}},"_links":{"self":[{"href":"https:\/\/www.plantedforests.org\/es\/wp-json\/wp\/v2\/pages\/12943","targetHints":{"allow":["GET"]}}],"collection":[{"href":"https:\/\/www.plantedforests.org\/es\/wp-json\/wp\/v2\/pages"}],"about":[{"href":"https:\/\/www.plantedforests.org\/es\/wp-json\/wp\/v2\/types\/page"}],"author":[{"embeddable":true,"href":"https:\/\/www.plantedforests.org\/es\/wp-json\/wp\/v2\/users\/101"}],"replies":[{"embeddable":true,"href":"https:\/\/www.plantedforests.org\/es\/wp-json\/wp\/v2\/comments?post=12943"}],"version-history":[{"count":2,"href":"https:\/\/www.plantedforests.org\/es\/wp-json\/wp\/v2\/pages\/12943\/revisions"}],"predecessor-version":[{"id":12945,"href":"https:\/\/www.plantedforests.org\/es\/wp-json\/wp\/v2\/pages\/12943\/revisions\/12945"}],"wp:attachment":[{"href":"https:\/\/www.plantedforests.org\/es\/wp-json\/wp\/v2\/media?parent=12943"}],"curies":[{"name":"wp","href":"https:\/\/api.w.org\/{rel}","templated":true}]}}