
{"id":12855,"date":"2023-07-18T16:12:45","date_gmt":"2023-07-18T14:12:45","guid":{"rendered":"https:\/\/www.plantedforests.org\/?page_id=12855"},"modified":"2025-05-15T13:45:59","modified_gmt":"2025-05-15T11:45:59","slug":"22-06-2023-open-session-lets-talk-about-planted-forests","status":"publish","type":"page","link":"https:\/\/www.plantedforests.org\/es\/22-06-2023-open-session-lets-talk-about-planted-forests\/","title":{"rendered":"[22.06.2023] &#8211; Open Session &#8211; Let&#8217;s Talk About Planted Forests"},"content":{"rendered":"\n<figure class=\"wp-block-image size-large is-resized\"><img fetchpriority=\"high\" decoding=\"async\" src=\"https:\/\/www.plantedforests.org\/wp-content\/uploads\/2023\/07\/Opening-Talks-_220623_banner-site-1024x183.jpg\" alt=\"\" class=\"wp-image-12856\" width=\"1450\" height=\"259\" srcset=\"https:\/\/www.plantedforests.org\/wp-content\/uploads\/2023\/07\/Opening-Talks-_220623_banner-site-1024x183.jpg 1024w, https:\/\/www.plantedforests.org\/wp-content\/uploads\/2023\/07\/Opening-Talks-_220623_banner-site-300x54.jpg 300w, https:\/\/www.plantedforests.org\/wp-content\/uploads\/2023\/07\/Opening-Talks-_220623_banner-site-150x27.jpg 150w, https:\/\/www.plantedforests.org\/wp-content\/uploads\/2023\/07\/Opening-Talks-_220623_banner-site-768x137.jpg 768w, https:\/\/www.plantedforests.org\/wp-content\/uploads\/2023\/07\/Opening-Talks-_220623_banner-site-1536x274.jpg 1536w, https:\/\/www.plantedforests.org\/wp-content\/uploads\/2023\/07\/Opening-Talks-_220623_banner-site-2048x366.jpg 2048w, https:\/\/www.plantedforests.org\/wp-content\/uploads\/2023\/07\/Opening-Talks-_220623_banner-site-1320x236.jpg 1320w\" sizes=\"(max-width: 1450px) 100vw, 1450px\" \/><\/figure>\n\n\n\n<div style=\"height:38px\" aria-hidden=\"true\" class=\"wp-block-spacer\"><\/div>\n\n\n\n<p class=\"has-black-color has-text-color\"><span style=\"text-decoration: underline;\"><strong>General Assembly<\/strong><\/span> <\/p>\n\n\n\n<figure class=\"wp-block-embed is-type-video is-provider-dailymotion wp-block-embed-dailymotion\"><div class=\"wp-block-embed__wrapper\">\n<iframe title=\"IEFC GENERAL ASSEMBLY - 2023\" frameborder=\"0\" width=\"525\" height=\"297\" src=\"https:\/\/geo.dailymotion.com\/player.html?video=k1X0k4s6HPvu0uzmbfr&#038;\" allowfullscreen allow=\"autoplay; fullscreen; picture-in-picture; web-share\"><\/iframe>\n<\/div><\/figure>\n\n\n\n<p class=\"has-black-color has-text-color\"><strong><span style=\"text-decoration: underline;\">Roundtable<\/span><\/strong><\/p>\n\n\n\n<figure class=\"wp-block-embed is-type-video is-provider-dailymotion wp-block-embed-dailymotion\"><div class=\"wp-block-embed__wrapper\">\n<iframe title=\"IEFC Annual Meeting 2023 - Roundtable\" frameborder=\"0\" width=\"525\" height=\"297\" src=\"https:\/\/geo.dailymotion.com\/player.html?video=x8n2354&#038;\" allowfullscreen allow=\"autoplay; fullscreen; picture-in-picture; web-share\"><\/iframe>\n<\/div><\/figure>\n\n\n\n<p class=\"has-black-color has-text-color\"><strong>Download the presentations below.<\/strong><\/p>\n\n\n\n<h2 class=\"wp-block-heading has-text-align-left has-text-color\" style=\"color:#006633;font-size:18px\"><span style=\"text-decoration: underline;\"><strong>Speakers &amp; Presentations<\/strong><\/span><\/h2>\n\n\n\n<p><\/p>\n\n\n\n<p class=\"has-text-align-left has-black-color has-text-color\" style=\"font-size:16px\">\ud83d\udfe6 <strong>Valerio Giuffrida<\/strong> <strong>(Nottingham<\/strong> <strong>University)<\/strong><\/p>\n\n\n\n<p class=\"has-text-align-left has-black-color has-text-color\" style=\"font-size:16px\"><strong>\u27a1<\/strong> <a href=\"https:\/\/www.plantedforests.org\/?page_id=12862\" target=\"_blank\" rel=\"noreferrer noopener\">Deep learning for plants : where are we now?<\/a><\/p>\n\n\n\n<div style=\"height:15px\" aria-hidden=\"true\" class=\"wp-block-spacer\"><\/div>\n\n\n\n<p class=\"has-text-align-left has-black-color has-text-color\" style=\"font-size:16px\">\ud83d\udfe6 <strong>Ignacio Diaz Maroto<\/strong> <strong>(Lugo University)<\/strong><\/p>\n\n\n\n<p class=\"has-text-align-left has-black-color has-text-color\" style=\"font-size:16px\"><strong>\u27a1<\/strong> <a href=\"https:\/\/www.plantedforests.org\/?page_id=12865\" target=\"_blank\" rel=\"noreferrer noopener\">Use of Pseudotsuga menziesii (Mirb.) Franco in repopulations for theproduction of quality wood in north<\/a>western Spain.<\/p>\n\n\n\n<div style=\"height:15px\" aria-hidden=\"true\" class=\"wp-block-spacer\"><\/div>\n\n\n\n<p class=\"has-text-align-left has-black-color has-text-color\" style=\"font-size:16px\">\ud83d\udfe6 <strong>Herv\u00e9 Jactel (INRAe)<\/strong><\/p>\n\n\n\n<p class=\"has-text-align-left has-black-color has-text-color\" style=\"font-size:16px\"><strong>\u27a1 <\/strong><a href=\"https:\/\/www.plantedforests.org\/?page_id=12868\" target=\"_blank\" rel=\"noreferrer noopener\">Effect of forest composition on ticks and tick-borne diseases.<\/a><\/p>\n\n\n\n<div style=\"height:15px\" aria-hidden=\"true\" class=\"wp-block-spacer\"><\/div>\n\n\n\n<p class=\"has-text-align-left has-black-color has-text-color\" style=\"font-size:16px\">\ud83d\udfe6<strong>Tom\u00e0s Sanchez (CESEFOR)<\/strong><\/p>\n\n\n\n<p class=\"has-text-align-left has-black-color has-text-color\" style=\"font-size:16px\"><strong>\u27a1 <\/strong><a href=\"https:\/\/www.plantedforests.org\/?page_id=12874\" target=\"_blank\" rel=\"noreferrer noopener\">Life Soria Forest Adapt: Adaptation tools for the design of new plantation<\/a>s<\/p>\n\n\n\n<div style=\"height:15px\" aria-hidden=\"true\" class=\"wp-block-spacer\"><\/div>\n\n\n\n<p class=\"has-text-align-left has-black-color has-text-color\" style=\"font-size:16px\">\ud83d\udfe6 <strong>Andrea Battisti (Universit\u00e0 di Padova)<\/strong><\/p>\n\n\n\n<p class=\"has-text-align-left has-black-color has-text-color\" style=\"font-size:16px\"><strong>\u27a1 <\/strong><a href=\"https:\/\/www.plantedforests.org\/?page_id=12877\" target=\"_blank\" rel=\"noreferrer noopener\">Norway spruce and bark beetles in planted forests of the Southern Alps.<\/a><\/p>\n\n\n\n<h1 class=\"wp-block-heading has-text-align-center has-black-color has-text-color\" style=\"font-size:22px;font-style:normal;font-weight:800\"><strong><span style=\"text-decoration: underline;\"><\/span><\/strong><\/h1>\n\n\n\n<div style=\"height:68px\" aria-hidden=\"true\" class=\"wp-block-spacer\"><\/div>\n\n\n\n<hr class=\"wp-block-separator has-alpha-channel-opacity is-style-wide\"\/>\n\n\n\n<p class=\"has-text-align-center has-black-color has-text-color has-medium-font-size\"><strong>This event is co-organized by the IEFC, the IUFRO task force \u201cResilient Planted Forest Serving Society &amp; Bioeconomy\u201d and the EFI<strong> Research Network on Planted Forests<\/strong><\/strong><\/p>\n\n\n\n<div class=\"wp-block-columns is-layout-flex wp-container-core-columns-is-layout-9d6595d7 wp-block-columns-is-layout-flex\">\n<div class=\"wp-block-column is-layout-flow wp-block-column-is-layout-flow\"><div class=\"wp-block-image\">\n<figure class=\"aligncenter size-large is-resized\"><a href=\"https:\/\/www.iufro.org\/\" target=\"_blank\" rel=\"noreferrer noopener\"><img decoding=\"async\" src=\"https:\/\/www.plantedforests.org\/wp-content\/uploads\/2022\/02\/iufro-claim_150dpi_a-1024x355.jpg\" alt=\"\" class=\"wp-image-5659\" width=\"312\" height=\"108\" srcset=\"https:\/\/www.plantedforests.org\/wp-content\/uploads\/2022\/02\/iufro-claim_150dpi_a-1024x355.jpg 1024w, https:\/\/www.plantedforests.org\/wp-content\/uploads\/2022\/02\/iufro-claim_150dpi_a-300x104.jpg 300w, https:\/\/www.plantedforests.org\/wp-content\/uploads\/2022\/02\/iufro-claim_150dpi_a-150x52.jpg 150w, https:\/\/www.plantedforests.org\/wp-content\/uploads\/2022\/02\/iufro-claim_150dpi_a-768x266.jpg 768w, https:\/\/www.plantedforests.org\/wp-content\/uploads\/2022\/02\/iufro-claim_150dpi_a.jpg 1142w\" sizes=\"(max-width: 312px) 100vw, 312px\" \/><\/a><\/figure>\n<\/div><\/div>\n\n\n\n<div class=\"wp-block-column is-layout-flow wp-block-column-is-layout-flow\"><div class=\"wp-block-image\">\n<figure class=\"aligncenter size-large is-resized\"><a href=\"https:\/\/efi.int\/\" target=\"_blank\" rel=\"noreferrer noopener\"><img decoding=\"async\" src=\"https:\/\/www.plantedforests.org\/wp-content\/uploads\/2022\/02\/EFI-logo_black-811x1024.png\" alt=\"\" class=\"wp-image-5660\" width=\"116\" height=\"145\" srcset=\"https:\/\/www.plantedforests.org\/wp-content\/uploads\/2022\/02\/EFI-logo_black-811x1024.png 811w, https:\/\/www.plantedforests.org\/wp-content\/uploads\/2022\/02\/EFI-logo_black-238x300.png 238w, https:\/\/www.plantedforests.org\/wp-content\/uploads\/2022\/02\/EFI-logo_black-119x150.png 119w, https:\/\/www.plantedforests.org\/wp-content\/uploads\/2022\/02\/EFI-logo_black.png 1122w\" sizes=\"(max-width: 116px) 100vw, 116px\" \/><\/a><\/figure>\n<\/div><\/div>\n<\/div>\n\n\n\n<hr class=\"wp-block-separator has-alpha-channel-opacity is-style-wide\"\/>\n\n\n\n<p><\/p>\n\n\n\n<p class=\"has-text-align-center has-black-color has-text-color has-medium-font-size\"><strong>Main sponsors of IEFC<\/strong><br><a href=\"https:\/\/www.google.com\/url?sa=t&amp;rct=j&amp;q=&amp;esrc=s&amp;source=web&amp;cd=&amp;ved=2ahUKEwiEs6eluNj6AhWXSfEDHSmEAIkQFnoECBQQAQ&amp;url=https%3A%2F%2Fwww.nouvelle-aquitaine.fr%2F&amp;usg=AOvVaw3ZeeWt52gQiiv0gl17635U\" target=\"_blank\" rel=\"noreferrer noopener\">R\u00e9gion Nouvelle Aquitaine France<\/a>, <a href=\"https:\/\/www.euskadi.eus\/gobierno-vasco\/inicio\/\" target=\"_blank\" rel=\"noreferrer noopener\">Gobierno Vasco Spain<\/a>, <a href=\"https:\/\/www.forestresearch.gov.uk\/\" target=\"_blank\" rel=\"noreferrer noopener\">Forest Research <\/a><\/p>\n\n\n\n<figure class=\"wp-block-image size-large\"><img loading=\"lazy\" decoding=\"async\" width=\"1024\" height=\"183\" src=\"https:\/\/www.plantedforests.org\/wp-content\/uploads\/2022\/10\/Webinar-Replay-1024x183.png\" alt=\"\" class=\"wp-image-7367\" srcset=\"https:\/\/www.plantedforests.org\/wp-content\/uploads\/2022\/10\/Webinar-Replay-1024x183.png 1024w, https:\/\/www.plantedforests.org\/wp-content\/uploads\/2022\/10\/Webinar-Replay-300x54.png 300w, https:\/\/www.plantedforests.org\/wp-content\/uploads\/2022\/10\/Webinar-Replay-150x27.png 150w, https:\/\/www.plantedforests.org\/wp-content\/uploads\/2022\/10\/Webinar-Replay-768x137.png 768w, https:\/\/www.plantedforests.org\/wp-content\/uploads\/2022\/10\/Webinar-Replay-1536x274.png 1536w, https:\/\/www.plantedforests.org\/wp-content\/uploads\/2022\/10\/Webinar-Replay-2048x366.png 2048w, https:\/\/www.plantedforests.org\/wp-content\/uploads\/2022\/10\/Webinar-Replay-1320x236.png 1320w\" sizes=\"(max-width: 1024px) 100vw, 1024px\" \/><\/figure>\n","protected":false},"excerpt":{"rendered":"<p>General Assembly Roundtable Download the presentations below. Speakers &amp; Presentations \ud83d\udfe6 Valerio Giuffrida (Nottingham University) \u27a1 Deep learning for plants : where are we now? \ud83d\udfe6 Ignacio Diaz Maroto (Lugo [&hellip;]<\/p>\n","protected":false},"author":101,"featured_media":0,"parent":0,"menu_order":0,"comment_status":"closed","ping_status":"closed","template":"","meta":{"_acf_changed":false,"_eb_attr":"","_EventAllDay":false,"_EventTimezone":"","_EventStartDate":"","_EventEndDate":"","_EventStartDateUTC":"","_EventEndDateUTC":"","_EventShowMap":false,"_EventShowMapLink":false,"_EventURL":"","_EventCost":"","_EventCostDescription":"","_EventCurrencySymbol":"","_EventCurrencyCode":"","_EventCurrencyPosition":"","_EventDateTimeSeparator":"","_EventTimeRangeSeparator":"","_EventOrganizerID":[],"_EventVenueID":[],"_OrganizerEmail":"","_OrganizerPhone":"","_OrganizerWebsite":"","_VenueAddress":"","_VenueCity":"","_VenueCountry":"","_VenueProvince":"","_VenueState":"","_VenueZip":"","_VenuePhone":"","_VenueURL":"","_VenueStateProvince":"","_VenueLat":"","_VenueLng":"","_VenueShowMap":false,"_VenueShowMapLink":false,"activitypub_content_warning":"","activitypub_content_visibility":"","activitypub_max_image_attachments":4,"activitypub_interaction_policy_quote":"anyone","activitypub_status":"federated","footnotes":""},"class_list":["post-12855","page","type-page","status-publish","hentry"],"translation":{"provider":"WPGlobus","version":"3.0.2","language":"es","enabled_languages":["gb","fr","es","pt"],"languages":{"gb":{"title":true,"content":true,"excerpt":false},"fr":{"title":false,"content":false,"excerpt":false},"es":{"title":false,"content":false,"excerpt":false},"pt":{"title":false,"content":false,"excerpt":false}}},"acf":[],"yoast_head":"<!-- This site is optimized with the Yoast SEO plugin v27.4 - https:\/\/yoast.com\/product\/yoast-seo-wordpress\/ -->\n<title>[22.06.2023] - Open Session - Let&#039;s Talk About Planted Forests - Instituto Europeo Del Bosque Cultivado - IEFC<\/title>\n<meta name=\"robots\" content=\"index, follow, max-snippet:-1, max-image-preview:large, max-video-preview:-1\" \/>\n<link rel=\"canonical\" href=\"https:\/\/www.plantedforests.org\/22-06-2023-open-session-lets-talk-about-planted-forests\/\" \/>\n<meta property=\"og:locale\" content=\"es_ES\" \/>\n<meta property=\"og:type\" content=\"article\" \/>\n<meta property=\"og:title\" content=\"[22.06.2023] - Open Session - Let&#039;s Talk About Planted Forests - Instituto Europeo Del Bosque Cultivado - IEFC\" \/>\n<meta property=\"og:url\" content=\"https:\/\/www.plantedforests.org\/22-06-2023-open-session-lets-talk-about-planted-forests\/\" \/>\n<meta property=\"og:site_name\" content=\"Instituto Europeo Del Bosque Cultivado - IEFC\" \/>\n<meta property=\"article:modified_time\" content=\"2025-05-15T11:45:59+00:00\" \/>\n<meta property=\"og:image\" content=\"https:\/\/www.plantedforests.org\/wp-content\/uploads\/2023\/07\/Opening-Talks-_220623_banner-site-1024x183.jpg\" \/>\n<meta name=\"twitter:card\" content=\"summary_large_image\" \/>\n<meta name=\"twitter:site\" content=\"@IEFCPlantForest\" \/>\n<meta name=\"twitter:label1\" content=\"Tiempo de lectura\" \/>\n\t<meta name=\"twitter:data1\" content=\"2 minutos\" \/>\n<script type=\"application\/ld+json\" class=\"yoast-schema-graph\">{\"@context\":\"https:\\\/\\\/schema.org\",\"@graph\":[{\"@type\":\"WebPage\",\"@id\":\"https:\\\/\\\/www.plantedforests.org\\\/22-06-2023-open-session-lets-talk-about-planted-forests\\\/\",\"url\":\"https:\\\/\\\/www.plantedforests.org\\\/22-06-2023-open-session-lets-talk-about-planted-forests\\\/\",\"name\":\"[22.06.2023] - Open Session - Let's Talk About Planted Forests - Instituto Europeo Del Bosque Cultivado - IEFC\",\"isPartOf\":{\"@id\":\"https:\\\/\\\/www.plantedforests.org\\\/fr\\\/#website\"},\"primaryImageOfPage\":{\"@id\":\"https:\\\/\\\/www.plantedforests.org\\\/22-06-2023-open-session-lets-talk-about-planted-forests\\\/#primaryimage\"},\"image\":{\"@id\":\"https:\\\/\\\/www.plantedforests.org\\\/22-06-2023-open-session-lets-talk-about-planted-forests\\\/#primaryimage\"},\"thumbnailUrl\":\"https:\\\/\\\/www.plantedforests.org\\\/wp-content\\\/uploads\\\/2023\\\/07\\\/Opening-Talks-_220623_banner-site-1024x183.jpg\",\"datePublished\":\"2023-07-18T14:12:45+00:00\",\"dateModified\":\"2025-05-15T11:45:59+00:00\",\"breadcrumb\":{\"@id\":\"https:\\\/\\\/www.plantedforests.org\\\/22-06-2023-open-session-lets-talk-about-planted-forests\\\/#breadcrumb\"},\"inLanguage\":\"es\",\"potentialAction\":[{\"@type\":\"ReadAction\",\"target\":[\"https:\\\/\\\/www.plantedforests.org\\\/22-06-2023-open-session-lets-talk-about-planted-forests\\\/\"]}]},{\"@type\":\"ImageObject\",\"inLanguage\":\"es\",\"@id\":\"https:\\\/\\\/www.plantedforests.org\\\/22-06-2023-open-session-lets-talk-about-planted-forests\\\/#primaryimage\",\"url\":\"https:\\\/\\\/www.plantedforests.org\\\/wp-content\\\/uploads\\\/2023\\\/07\\\/Opening-Talks-_220623_banner-site-1024x183.jpg\",\"contentUrl\":\"https:\\\/\\\/www.plantedforests.org\\\/wp-content\\\/uploads\\\/2023\\\/07\\\/Opening-Talks-_220623_banner-site-1024x183.jpg\"},{\"@type\":\"BreadcrumbList\",\"@id\":\"https:\\\/\\\/www.plantedforests.org\\\/22-06-2023-open-session-lets-talk-about-planted-forests\\\/#breadcrumb\",\"itemListElement\":[{\"@type\":\"ListItem\",\"position\":1,\"name\":\"Accueil\",\"item\":\"https:\\\/\\\/www.plantedforests.org\\\/\"},{\"@type\":\"ListItem\",\"position\":2,\"name\":\"[22.06.2023] &#8211; Open Session &#8211; Let&rsquo;s Talk About Planted Forests\"}]},{\"@type\":\"WebSite\",\"@id\":\"https:\\\/\\\/www.plantedforests.org\\\/fr\\\/#website\",\"url\":\"https:\\\/\\\/www.plantedforests.org\\\/fr\\\/\",\"name\":\"Instituto Europeo Del Bosque Cultivado - IEFC\",\"description\":\"La red para la gesti\u00f3n sostenible y la resiliencia de los bosques cultivados \",\"publisher\":{\"@id\":\"https:\\\/\\\/www.plantedforests.org\\\/fr\\\/#organization\"},\"potentialAction\":[{\"@type\":\"SearchAction\",\"target\":{\"@type\":\"EntryPoint\",\"urlTemplate\":\"https:\\\/\\\/www.plantedforests.org\\\/fr\\\/?s={search_term_string}\"},\"query-input\":{\"@type\":\"PropertyValueSpecification\",\"valueRequired\":true,\"valueName\":\"search_term_string\"}}],\"inLanguage\":\"es\"},{\"@type\":\"Organization\",\"@id\":\"https:\\\/\\\/www.plantedforests.org\\\/fr\\\/#organization\",\"name\":\"Institut Europ\u00e9en de la For\u00eat Cultiv\u00e9e - Plantedforests.org\",\"url\":\"https:\\\/\\\/www.plantedforests.org\\\/fr\\\/\",\"logo\":{\"@type\":\"ImageObject\",\"inLanguage\":\"es\",\"@id\":\"https:\\\/\\\/www.plantedforests.org\\\/fr\\\/#\\\/schema\\\/logo\\\/image\\\/\",\"url\":\"https:\\\/\\\/www.plantedforests.org\\\/wp-content\\\/uploads\\\/2022\\\/07\\\/Logo_iefc__FR.png\",\"contentUrl\":\"https:\\\/\\\/www.plantedforests.org\\\/wp-content\\\/uploads\\\/2022\\\/07\\\/Logo_iefc__FR.png\",\"width\":2031,\"height\":1001,\"caption\":\"Institut Europ\u00e9en de la For\u00eat Cultiv\u00e9e - Plantedforests.org\"},\"image\":{\"@id\":\"https:\\\/\\\/www.plantedforests.org\\\/fr\\\/#\\\/schema\\\/logo\\\/image\\\/\"},\"sameAs\":[\"https:\\\/\\\/x.com\\\/IEFCPlantForest\",\"https:\\\/\\\/www.linkedin.com\\\/company\\\/71728047\\\/\"]}]}<\/script>\n<!-- \/ Yoast SEO plugin. -->","yoast_head_json":{"title":"[22.06.2023] - Open Session - Let's Talk About Planted Forests - Instituto Europeo Del Bosque Cultivado - IEFC","robots":{"index":"index","follow":"follow","max-snippet":"max-snippet:-1","max-image-preview":"max-image-preview:large","max-video-preview":"max-video-preview:-1"},"canonical":"https:\/\/www.plantedforests.org\/22-06-2023-open-session-lets-talk-about-planted-forests\/","og_locale":"es_ES","og_type":"article","og_title":"[22.06.2023] - Open Session - Let's Talk About Planted Forests - Instituto Europeo Del Bosque Cultivado - IEFC","og_url":"https:\/\/www.plantedforests.org\/22-06-2023-open-session-lets-talk-about-planted-forests\/","og_site_name":"Instituto Europeo Del Bosque Cultivado - IEFC","article_modified_time":"2025-05-15T11:45:59+00:00","og_image":[{"url":"https:\/\/www.plantedforests.org\/wp-content\/uploads\/2023\/07\/Opening-Talks-_220623_banner-site-1024x183.jpg","type":"","width":"","height":""}],"twitter_card":"summary_large_image","twitter_site":"@IEFCPlantForest","twitter_misc":{"Tiempo de lectura":"2 minutos"},"schema":{"@context":"https:\/\/schema.org","@graph":[{"@type":"WebPage","@id":"https:\/\/www.plantedforests.org\/22-06-2023-open-session-lets-talk-about-planted-forests\/","url":"https:\/\/www.plantedforests.org\/22-06-2023-open-session-lets-talk-about-planted-forests\/","name":"[22.06.2023] - Open Session - Let's Talk About Planted Forests - Instituto Europeo Del Bosque Cultivado - IEFC","isPartOf":{"@id":"https:\/\/www.plantedforests.org\/fr\/#website"},"primaryImageOfPage":{"@id":"https:\/\/www.plantedforests.org\/22-06-2023-open-session-lets-talk-about-planted-forests\/#primaryimage"},"image":{"@id":"https:\/\/www.plantedforests.org\/22-06-2023-open-session-lets-talk-about-planted-forests\/#primaryimage"},"thumbnailUrl":"https:\/\/www.plantedforests.org\/wp-content\/uploads\/2023\/07\/Opening-Talks-_220623_banner-site-1024x183.jpg","datePublished":"2023-07-18T14:12:45+00:00","dateModified":"2025-05-15T11:45:59+00:00","breadcrumb":{"@id":"https:\/\/www.plantedforests.org\/22-06-2023-open-session-lets-talk-about-planted-forests\/#breadcrumb"},"inLanguage":"es","potentialAction":[{"@type":"ReadAction","target":["https:\/\/www.plantedforests.org\/22-06-2023-open-session-lets-talk-about-planted-forests\/"]}]},{"@type":"ImageObject","inLanguage":"es","@id":"https:\/\/www.plantedforests.org\/22-06-2023-open-session-lets-talk-about-planted-forests\/#primaryimage","url":"https:\/\/www.plantedforests.org\/wp-content\/uploads\/2023\/07\/Opening-Talks-_220623_banner-site-1024x183.jpg","contentUrl":"https:\/\/www.plantedforests.org\/wp-content\/uploads\/2023\/07\/Opening-Talks-_220623_banner-site-1024x183.jpg"},{"@type":"BreadcrumbList","@id":"https:\/\/www.plantedforests.org\/22-06-2023-open-session-lets-talk-about-planted-forests\/#breadcrumb","itemListElement":[{"@type":"ListItem","position":1,"name":"Accueil","item":"https:\/\/www.plantedforests.org\/"},{"@type":"ListItem","position":2,"name":"[22.06.2023] &#8211; Open Session &#8211; Let&rsquo;s Talk About Planted Forests"}]},{"@type":"WebSite","@id":"https:\/\/www.plantedforests.org\/fr\/#website","url":"https:\/\/www.plantedforests.org\/fr\/","name":"Instituto Europeo Del Bosque Cultivado - IEFC","description":"La red para la gesti\u00f3n sostenible y la resiliencia de los bosques cultivados ","publisher":{"@id":"https:\/\/www.plantedforests.org\/fr\/#organization"},"potentialAction":[{"@type":"SearchAction","target":{"@type":"EntryPoint","urlTemplate":"https:\/\/www.plantedforests.org\/fr\/?s={search_term_string}"},"query-input":{"@type":"PropertyValueSpecification","valueRequired":true,"valueName":"search_term_string"}}],"inLanguage":"es"},{"@type":"Organization","@id":"https:\/\/www.plantedforests.org\/fr\/#organization","name":"Institut Europ\u00e9en de la For\u00eat Cultiv\u00e9e - Plantedforests.org","url":"https:\/\/www.plantedforests.org\/fr\/","logo":{"@type":"ImageObject","inLanguage":"es","@id":"https:\/\/www.plantedforests.org\/fr\/#\/schema\/logo\/image\/","url":"https:\/\/www.plantedforests.org\/wp-content\/uploads\/2022\/07\/Logo_iefc__FR.png","contentUrl":"https:\/\/www.plantedforests.org\/wp-content\/uploads\/2022\/07\/Logo_iefc__FR.png","width":2031,"height":1001,"caption":"Institut Europ\u00e9en de la For\u00eat Cultiv\u00e9e - Plantedforests.org"},"image":{"@id":"https:\/\/www.plantedforests.org\/fr\/#\/schema\/logo\/image\/"},"sameAs":["https:\/\/x.com\/IEFCPlantForest","https:\/\/www.linkedin.com\/company\/71728047\/"]}]}},"_links":{"self":[{"href":"https:\/\/www.plantedforests.org\/es\/wp-json\/wp\/v2\/pages\/12855","targetHints":{"allow":["GET"]}}],"collection":[{"href":"https:\/\/www.plantedforests.org\/es\/wp-json\/wp\/v2\/pages"}],"about":[{"href":"https:\/\/www.plantedforests.org\/es\/wp-json\/wp\/v2\/types\/page"}],"author":[{"embeddable":true,"href":"https:\/\/www.plantedforests.org\/es\/wp-json\/wp\/v2\/users\/101"}],"replies":[{"embeddable":true,"href":"https:\/\/www.plantedforests.org\/es\/wp-json\/wp\/v2\/comments?post=12855"}],"version-history":[{"count":8,"href":"https:\/\/www.plantedforests.org\/es\/wp-json\/wp\/v2\/pages\/12855\/revisions"}],"predecessor-version":[{"id":13371,"href":"https:\/\/www.plantedforests.org\/es\/wp-json\/wp\/v2\/pages\/12855\/revisions\/13371"}],"wp:attachment":[{"href":"https:\/\/www.plantedforests.org\/es\/wp-json\/wp\/v2\/media?parent=12855"}],"curies":[{"name":"wp","href":"https:\/\/api.w.org\/{rel}","templated":true}]}}