
{"id":11531,"date":"2023-04-07T11:57:10","date_gmt":"2023-04-07T09:57:10","guid":{"rendered":"https:\/\/www.plantedforests.org\/?page_id=11531"},"modified":"2024-02-02T10:04:12","modified_gmt":"2024-02-02T09:04:12","slug":"no-1-frm-deployment-manual","status":"publish","type":"page","link":"https:\/\/www.plantedforests.org\/es\/planted-forests-reports\/no-1-frm-deployment-manual\/","title":{"rendered":"Planted Forests Report No 1 &#8211; Forest Regeneration Material &#8211; Deployment manual"},"content":{"rendered":"\n<div data-wp-interactive=\"core\/file\" class=\"wp-block-file\"><object data-wp-bind--hidden=\"!state.hasPdfPreview\" hidden class=\"wp-block-file__embed\" data=\"https:\/\/www.plantedforests.org\/wp-content\/uploads\/2023\/10\/FRM-Deployment-manual_comp.pdf\" type=\"application\/pdf\" style=\"width:100%;height:600px\" aria-label=\"Incrustado de FRM-Deployment-manual_comp.\"><\/object><a id=\"wp-block-file--media-81600065-6754-4c83-90d9-3e1ee2fa8550\" href=\"https:\/\/www.plantedforests.org\/wp-content\/uploads\/2023\/10\/FRM-Deployment-manual_comp.pdf\">FRM-Deployment-manual_comp<\/a><a href=\"https:\/\/www.plantedforests.org\/wp-content\/uploads\/2023\/10\/FRM-Deployment-manual_comp.pdf\" class=\"wp-block-file__button wp-element-button\" download aria-describedby=\"wp-block-file--media-81600065-6754-4c83-90d9-3e1ee2fa8550\">T\u00e9l\u00e9charger<\/a><\/div>\n","protected":false},"excerpt":{"rendered":"","protected":false},"author":101,"featured_media":0,"parent":8143,"menu_order":0,"comment_status":"closed","ping_status":"closed","template":"","meta":{"_acf_changed":false,"_eb_attr":"","_EventAllDay":false,"_EventTimezone":"","_EventStartDate":"","_EventEndDate":"","_EventStartDateUTC":"","_EventEndDateUTC":"","_EventShowMap":false,"_EventShowMapLink":false,"_EventURL":"","_EventCost":"","_EventCostDescription":"","_EventCurrencySymbol":"","_EventCurrencyCode":"","_EventCurrencyPosition":"","_EventDateTimeSeparator":"","_EventTimeRangeSeparator":"","_EventOrganizerID":[],"_EventVenueID":[],"_OrganizerEmail":"","_OrganizerPhone":"","_OrganizerWebsite":"","_VenueAddress":"","_VenueCity":"","_VenueCountry":"","_VenueProvince":"","_VenueState":"","_VenueZip":"","_VenuePhone":"","_VenueURL":"","_VenueStateProvince":"","_VenueLat":"","_VenueLng":"","_VenueShowMap":false,"_VenueShowMapLink":false,"activitypub_content_warning":"","activitypub_content_visibility":"","activitypub_max_image_attachments":4,"activitypub_interaction_policy_quote":"anyone","activitypub_status":"","footnotes":""},"class_list":["post-11531","page","type-page","status-publish","hentry"],"translation":{"provider":"WPGlobus","version":"3.0.2","language":"es","enabled_languages":["gb","fr","es","pt"],"languages":{"gb":{"title":true,"content":true,"excerpt":false},"fr":{"title":false,"content":false,"excerpt":false},"es":{"title":false,"content":false,"excerpt":false},"pt":{"title":false,"content":false,"excerpt":false}}},"acf":[],"yoast_head":"<!-- This site is optimized with the Yoast SEO plugin v27.3 - https:\/\/yoast.com\/product\/yoast-seo-wordpress\/ -->\n<title>Planted Forests Report No 1 - Forest Regeneration Material - Deployment manual - Instituto Europeo Del Bosque Cultivado - IEFC<\/title>\n<meta name=\"robots\" content=\"index, follow, max-snippet:-1, max-image-preview:large, max-video-preview:-1\" \/>\n<link rel=\"canonical\" href=\"https:\/\/www.plantedforests.org\/planted-forests-reports\/no-1-frm-deployment-manual\/\" \/>\n<meta property=\"og:locale\" content=\"es_ES\" \/>\n<meta property=\"og:type\" content=\"article\" \/>\n<meta property=\"og:title\" content=\"Planted Forests Report No 1 - Forest Regeneration Material - Deployment manual - Instituto Europeo Del Bosque Cultivado - IEFC\" \/>\n<meta property=\"og:url\" content=\"https:\/\/www.plantedforests.org\/planted-forests-reports\/no-1-frm-deployment-manual\/\" \/>\n<meta property=\"og:site_name\" content=\"Instituto Europeo Del Bosque Cultivado - IEFC\" \/>\n<meta property=\"article:modified_time\" content=\"2024-02-02T09:04:12+00:00\" \/>\n<meta name=\"twitter:card\" content=\"summary_large_image\" \/>\n<meta name=\"twitter:site\" content=\"@IEFCPlantForest\" \/>\n<meta name=\"twitter:label1\" content=\"Tiempo de lectura\" \/>\n\t<meta name=\"twitter:data1\" content=\"1 minuto\" \/>\n<script type=\"application\/ld+json\" class=\"yoast-schema-graph\">{\"@context\":\"https:\\\/\\\/schema.org\",\"@graph\":[{\"@type\":\"WebPage\",\"@id\":\"https:\\\/\\\/www.plantedforests.org\\\/planted-forests-reports\\\/no-1-frm-deployment-manual\\\/\",\"url\":\"https:\\\/\\\/www.plantedforests.org\\\/planted-forests-reports\\\/no-1-frm-deployment-manual\\\/\",\"name\":\"Planted Forests Report No 1 - Forest Regeneration Material - Deployment manual - Instituto Europeo Del Bosque Cultivado - IEFC\",\"isPartOf\":{\"@id\":\"https:\\\/\\\/www.plantedforests.org\\\/fr\\\/#website\"},\"datePublished\":\"2023-04-07T09:57:10+00:00\",\"dateModified\":\"2024-02-02T09:04:12+00:00\",\"description\":\"Historically, selection in forest has targeted the phenotypically superior trees that would providean added value for wood production. The first breeding programs of the main commercial forestspecies in Europe were therefore improving traits such as growth, stem and branching quality andvitality. At that time, deployment guidelines were simplistic as improved materials were planted inthe same region where breeding was done assuming that site and climate will remain the same.Nowadays, forest regeneration is facing new challenges. Climate change is causing a mismatchbetween the current distribution area and the future climatic niche, leading to poor adaptationand dieback of trees in some parts of Europe. Moreover, some worrying signals are sent by seedorchard managers who report a decline of seed production for some forest species, supporting theidea of a rational use of the available Forest Reproductive Material (FRM).New challenges and opportunitiesOn the other hand, the production of a wider range of varieties, crossings and breeding objectivesis offering a large panel of FRM characteristics. With more options in the choice of FRM and aglobalized market, it becomes possible to provide more advanced recommendations for theirdeployment.Specific sections for 8 forest tree speciesTo be able to define deployment guidelines for FRM of forest tree species, a significant amount ofdata on the performance of different genotypes in different environments is needed. Such data isusually available only for tree species that are included in extensive breeding programmes withprovenance testing, and thus for species that have been of commercial interest for quite sometime. Among these, the B4EST project picked eight study species and FRM deploymentrecommendations will be given for those in the second part of the document :Latest practical knowledge and toolsThese guidelines provide forest owners and managers as well as breeders, seed producers andnurseries with tools to assist in choosing the right sources of FRM for specific sites or regions. Themain aspects affecting deployment of FRMs are: site conditions such as climate, soil, and bioticand abiotic risks, as well as forest management (rotation) and wood end-use objectives.Scots pine; Norway spruce ; Douglas fir ; European ash; Maritime pine; Poplar ; Eucalyptus Stone pine\",\"breadcrumb\":{\"@id\":\"https:\\\/\\\/www.plantedforests.org\\\/planted-forests-reports\\\/no-1-frm-deployment-manual\\\/#breadcrumb\"},\"inLanguage\":\"es\",\"potentialAction\":[{\"@type\":\"ReadAction\",\"target\":[\"https:\\\/\\\/www.plantedforests.org\\\/planted-forests-reports\\\/no-1-frm-deployment-manual\\\/\"]}]},{\"@type\":\"BreadcrumbList\",\"@id\":\"https:\\\/\\\/www.plantedforests.org\\\/planted-forests-reports\\\/no-1-frm-deployment-manual\\\/#breadcrumb\",\"itemListElement\":[{\"@type\":\"ListItem\",\"position\":1,\"name\":\"Accueil\",\"item\":\"https:\\\/\\\/www.plantedforests.org\\\/\"},{\"@type\":\"ListItem\",\"position\":2,\"name\":\"Planted Forests Reports\",\"item\":\"https:\\\/\\\/www.plantedforests.org\\\/fr\\\/planted-forests-reports\\\/\"},{\"@type\":\"ListItem\",\"position\":3,\"name\":\"Planted Forests Report No 1 &#8211; Forest Regeneration Material &#8211; Deployment manual\"}]},{\"@type\":\"WebSite\",\"@id\":\"https:\\\/\\\/www.plantedforests.org\\\/fr\\\/#website\",\"url\":\"https:\\\/\\\/www.plantedforests.org\\\/fr\\\/\",\"name\":\"Instituto Europeo Del Bosque Cultivado - IEFC\",\"description\":\"La red para la gesti\u00f3n sostenible y la resiliencia de los bosques cultivados \",\"publisher\":{\"@id\":\"https:\\\/\\\/www.plantedforests.org\\\/fr\\\/#organization\"},\"potentialAction\":[{\"@type\":\"SearchAction\",\"target\":{\"@type\":\"EntryPoint\",\"urlTemplate\":\"https:\\\/\\\/www.plantedforests.org\\\/fr\\\/?s={search_term_string}\"},\"query-input\":{\"@type\":\"PropertyValueSpecification\",\"valueRequired\":true,\"valueName\":\"search_term_string\"}}],\"inLanguage\":\"es\"},{\"@type\":\"Organization\",\"@id\":\"https:\\\/\\\/www.plantedforests.org\\\/fr\\\/#organization\",\"name\":\"Institut Europ\u00e9en de la For\u00eat Cultiv\u00e9e - Plantedforests.org\",\"url\":\"https:\\\/\\\/www.plantedforests.org\\\/fr\\\/\",\"logo\":{\"@type\":\"ImageObject\",\"inLanguage\":\"es\",\"@id\":\"https:\\\/\\\/www.plantedforests.org\\\/fr\\\/#\\\/schema\\\/logo\\\/image\\\/\",\"url\":\"https:\\\/\\\/www.plantedforests.org\\\/wp-content\\\/uploads\\\/2022\\\/07\\\/Logo_iefc__FR.png\",\"contentUrl\":\"https:\\\/\\\/www.plantedforests.org\\\/wp-content\\\/uploads\\\/2022\\\/07\\\/Logo_iefc__FR.png\",\"width\":2031,\"height\":1001,\"caption\":\"Institut Europ\u00e9en de la For\u00eat Cultiv\u00e9e - Plantedforests.org\"},\"image\":{\"@id\":\"https:\\\/\\\/www.plantedforests.org\\\/fr\\\/#\\\/schema\\\/logo\\\/image\\\/\"},\"sameAs\":[\"https:\\\/\\\/x.com\\\/IEFCPlantForest\",\"https:\\\/\\\/www.linkedin.com\\\/company\\\/71728047\\\/\"]}]}<\/script>\n<!-- \/ Yoast SEO plugin. -->","yoast_head_json":{"title":"Planted Forests Report No 1 - Forest Regeneration Material - Deployment manual - Instituto Europeo Del Bosque Cultivado - IEFC","robots":{"index":"index","follow":"follow","max-snippet":"max-snippet:-1","max-image-preview":"max-image-preview:large","max-video-preview":"max-video-preview:-1"},"canonical":"https:\/\/www.plantedforests.org\/planted-forests-reports\/no-1-frm-deployment-manual\/","og_locale":"es_ES","og_type":"article","og_title":"Planted Forests Report No 1 - Forest Regeneration Material - Deployment manual - Instituto Europeo Del Bosque Cultivado - IEFC","og_url":"https:\/\/www.plantedforests.org\/planted-forests-reports\/no-1-frm-deployment-manual\/","og_site_name":"Instituto Europeo Del Bosque Cultivado - IEFC","article_modified_time":"2024-02-02T09:04:12+00:00","twitter_card":"summary_large_image","twitter_site":"@IEFCPlantForest","twitter_misc":{"Tiempo de lectura":"1 minuto"},"schema":{"@context":"https:\/\/schema.org","@graph":[{"@type":"WebPage","@id":"https:\/\/www.plantedforests.org\/planted-forests-reports\/no-1-frm-deployment-manual\/","url":"https:\/\/www.plantedforests.org\/planted-forests-reports\/no-1-frm-deployment-manual\/","name":"Planted Forests Report No 1 - Forest Regeneration Material - Deployment manual - Instituto Europeo Del Bosque Cultivado - IEFC","isPartOf":{"@id":"https:\/\/www.plantedforests.org\/fr\/#website"},"datePublished":"2023-04-07T09:57:10+00:00","dateModified":"2024-02-02T09:04:12+00:00","description":"Historically, selection in forest has targeted the phenotypically superior trees that would providean added value for wood production. The first breeding programs of the main commercial forestspecies in Europe were therefore improving traits such as growth, stem and branching quality andvitality. At that time, deployment guidelines were simplistic as improved materials were planted inthe same region where breeding was done assuming that site and climate will remain the same.Nowadays, forest regeneration is facing new challenges. Climate change is causing a mismatchbetween the current distribution area and the future climatic niche, leading to poor adaptationand dieback of trees in some parts of Europe. Moreover, some worrying signals are sent by seedorchard managers who report a decline of seed production for some forest species, supporting theidea of a rational use of the available Forest Reproductive Material (FRM).New challenges and opportunitiesOn the other hand, the production of a wider range of varieties, crossings and breeding objectivesis offering a large panel of FRM characteristics. With more options in the choice of FRM and aglobalized market, it becomes possible to provide more advanced recommendations for theirdeployment.Specific sections for 8 forest tree speciesTo be able to define deployment guidelines for FRM of forest tree species, a significant amount ofdata on the performance of different genotypes in different environments is needed. Such data isusually available only for tree species that are included in extensive breeding programmes withprovenance testing, and thus for species that have been of commercial interest for quite sometime. Among these, the B4EST project picked eight study species and FRM deploymentrecommendations will be given for those in the second part of the document :Latest practical knowledge and toolsThese guidelines provide forest owners and managers as well as breeders, seed producers andnurseries with tools to assist in choosing the right sources of FRM for specific sites or regions. Themain aspects affecting deployment of FRMs are: site conditions such as climate, soil, and bioticand abiotic risks, as well as forest management (rotation) and wood end-use objectives.Scots pine; Norway spruce ; Douglas fir ; European ash; Maritime pine; Poplar ; Eucalyptus Stone pine","breadcrumb":{"@id":"https:\/\/www.plantedforests.org\/planted-forests-reports\/no-1-frm-deployment-manual\/#breadcrumb"},"inLanguage":"es","potentialAction":[{"@type":"ReadAction","target":["https:\/\/www.plantedforests.org\/planted-forests-reports\/no-1-frm-deployment-manual\/"]}]},{"@type":"BreadcrumbList","@id":"https:\/\/www.plantedforests.org\/planted-forests-reports\/no-1-frm-deployment-manual\/#breadcrumb","itemListElement":[{"@type":"ListItem","position":1,"name":"Accueil","item":"https:\/\/www.plantedforests.org\/"},{"@type":"ListItem","position":2,"name":"Planted Forests Reports","item":"https:\/\/www.plantedforests.org\/fr\/planted-forests-reports\/"},{"@type":"ListItem","position":3,"name":"Planted Forests Report No 1 &#8211; Forest Regeneration Material &#8211; Deployment manual"}]},{"@type":"WebSite","@id":"https:\/\/www.plantedforests.org\/fr\/#website","url":"https:\/\/www.plantedforests.org\/fr\/","name":"Instituto Europeo Del Bosque Cultivado - IEFC","description":"La red para la gesti\u00f3n sostenible y la resiliencia de los bosques cultivados ","publisher":{"@id":"https:\/\/www.plantedforests.org\/fr\/#organization"},"potentialAction":[{"@type":"SearchAction","target":{"@type":"EntryPoint","urlTemplate":"https:\/\/www.plantedforests.org\/fr\/?s={search_term_string}"},"query-input":{"@type":"PropertyValueSpecification","valueRequired":true,"valueName":"search_term_string"}}],"inLanguage":"es"},{"@type":"Organization","@id":"https:\/\/www.plantedforests.org\/fr\/#organization","name":"Institut Europ\u00e9en de la For\u00eat Cultiv\u00e9e - Plantedforests.org","url":"https:\/\/www.plantedforests.org\/fr\/","logo":{"@type":"ImageObject","inLanguage":"es","@id":"https:\/\/www.plantedforests.org\/fr\/#\/schema\/logo\/image\/","url":"https:\/\/www.plantedforests.org\/wp-content\/uploads\/2022\/07\/Logo_iefc__FR.png","contentUrl":"https:\/\/www.plantedforests.org\/wp-content\/uploads\/2022\/07\/Logo_iefc__FR.png","width":2031,"height":1001,"caption":"Institut Europ\u00e9en de la For\u00eat Cultiv\u00e9e - Plantedforests.org"},"image":{"@id":"https:\/\/www.plantedforests.org\/fr\/#\/schema\/logo\/image\/"},"sameAs":["https:\/\/x.com\/IEFCPlantForest","https:\/\/www.linkedin.com\/company\/71728047\/"]}]}},"_links":{"self":[{"href":"https:\/\/www.plantedforests.org\/es\/wp-json\/wp\/v2\/pages\/11531","targetHints":{"allow":["GET"]}}],"collection":[{"href":"https:\/\/www.plantedforests.org\/es\/wp-json\/wp\/v2\/pages"}],"about":[{"href":"https:\/\/www.plantedforests.org\/es\/wp-json\/wp\/v2\/types\/page"}],"author":[{"embeddable":true,"href":"https:\/\/www.plantedforests.org\/es\/wp-json\/wp\/v2\/users\/101"}],"replies":[{"embeddable":true,"href":"https:\/\/www.plantedforests.org\/es\/wp-json\/wp\/v2\/comments?post=11531"}],"version-history":[{"count":5,"href":"https:\/\/www.plantedforests.org\/es\/wp-json\/wp\/v2\/pages\/11531\/revisions"}],"predecessor-version":[{"id":16150,"href":"https:\/\/www.plantedforests.org\/es\/wp-json\/wp\/v2\/pages\/11531\/revisions\/16150"}],"up":[{"embeddable":true,"href":"https:\/\/www.plantedforests.org\/es\/wp-json\/wp\/v2\/pages\/8143"}],"wp:attachment":[{"href":"https:\/\/www.plantedforests.org\/es\/wp-json\/wp\/v2\/media?parent=11531"}],"curies":[{"name":"wp","href":"https:\/\/api.w.org\/{rel}","templated":true}]}}