
{"id":11503,"date":"2023-05-04T10:07:08","date_gmt":"2023-05-04T08:07:08","guid":{"rendered":"https:\/\/www.plantedforests.org\/?page_id=11503"},"modified":"2023-07-11T11:17:56","modified_gmt":"2023-07-11T09:17:56","slug":"woodrise-event-2023-bordeaux-forest-resources-workshop-form","status":"publish","type":"page","link":"https:\/\/www.plantedforests.org\/es\/woodrise-event-2023-bordeaux-forest-resources-workshop-form\/","title":{"rendered":"Woodrise event 2023 &#8211; Bordeaux &#8211; Forest Resources Workshop"},"content":{"rendered":"\n<p class=\"has-black-color has-text-color\"><strong>IEFC is offering its members the opportunity to have one of their PhD students speak at the <a href=\"https:\/\/www.plantedforests.org\/?p=11517\" target=\"_blank\" rel=\"noreferrer noopener\">Woodrise 2023<\/a> event in Bordeaux. Travel and accommodation costs will be covered thanks to the <a href=\"https:\/\/www.plantedforests.org\/iefc-network-fund-2022facilitate-cooperation-on-planted-forest\/\" target=\"_blank\" rel=\"noreferrer noopener\">IEFC Network Fund<\/a>.<\/strong><\/p>\n\n\n\n<div class=\"wp-block-group is-vertical is-layout-flex wp-container-core-group-is-layout-8cf370e7 wp-block-group-is-layout-flex\">\n<p class=\"has-black-color has-text-color\">If you are interested in participating in the Woodrise event, please fill in the form below <span style=\"text-decoration: underline;\">in english<\/span> indicating :<\/p>\n\n\n\n<div class=\"wp-block-group is-vertical is-layout-flex wp-container-core-group-is-layout-8cf370e7 wp-block-group-is-layout-flex\">\n<p class=\"has-black-color has-text-color\">&#8211; Your name and surname ;<\/p>\n\n\n\n<p class=\"has-black-color has-text-color\">&#8211; Your email address ;<\/p>\n\n\n\n<p class=\"has-black-color has-text-color\">&#8211; As subject : Woodrise 2023 thesis application ;<\/p>\n\n\n\n<p class=\"has-black-color has-text-color\">&#8211; As message: Abstract of the thesis or the part of the thesis to be presented (300 words).<\/p>\n\n\n\n<p class=\"has-vivid-red-color has-text-color\"><strong><em>Abstracts should be submitted in English<\/em><\/strong><\/p>\n<\/div>\n<\/div>\n\n\n\n<div style=\"height:24px\" aria-hidden=\"true\" class=\"wp-block-spacer\"><\/div>\n\n\n\n<p class=\"has-black-color has-text-color\"><strong>Keywords :<\/strong> forest resources, timber, thesis, Phd, Woodrise, workshop, event, construction, wood, Network Fund, Bordeaux, 2023.<\/p>\n\n\n\n<div style=\"height:10px\" aria-hidden=\"true\" class=\"wp-block-spacer\"><\/div>\n\n\n\n<p class=\"has-vivid-red-color has-text-color\"><em>Fields marked with an * are required<\/em><\/p>\n\n\n\n<p class=\"has-text-color\" style=\"color:#006633\"><strong>Registration Form<\/strong><\/p>\n\n\n<div class=\"frm_forms  with_frm_style frm_style_style-formidable\" id=\"frm_form_20_container\" data-token=\"ef3ff0814a5ce9b57bc9a3f47d7a97e4\">\n<form enctype=\"multipart\/form-data\" method=\"post\" class=\"frm-show-form \" id=\"form_woodrise-event-bordeaux\" data-token=\"ef3ff0814a5ce9b57bc9a3f47d7a97e4\">\n<div class=\"frm_form_fields \">\n<fieldset>\n<legend class=\"frm_screen_reader\">Woodrise Event 2023 &#8211; Bordeaux<\/legend>\r\n\r\n<div class=\"frm_fields_container\">\n<input type=\"hidden\" name=\"frm_action\" value=\"create\" \/>\n<input type=\"hidden\" name=\"form_id\" value=\"20\" \/>\n<input type=\"hidden\" name=\"frm_hide_fields_20\" id=\"frm_hide_fields_20\" value=\"\" \/>\n<input type=\"hidden\" name=\"form_key\" value=\"woodrise-event-bordeaux\" \/>\n<input type=\"hidden\" name=\"item_meta[0]\" value=\"\" \/>\n<input type=\"hidden\" id=\"frm_submit_entry_20\" name=\"frm_submit_entry_20\" value=\"304c5b5e95\" \/><input type=\"hidden\" name=\"_wp_http_referer\" value=\"\/es\/wp-json\/wp\/v2\/pages\/11503\" \/><div id=\"frm_field_130_container\" class=\"frm_form_field form-field  frm_required_field frm_top_container frm6\">\r\n    <div  id=\"field_c7am33_label\" class=\"frm_primary_label\">Full name\r\n        <span class=\"frm_required\" aria-hidden=\"true\">*<\/span>\r\n    <\/div>\r\n    <fieldset aria-labelledby=\"field_c7am33_label\">\n\t<legend class=\"frm_screen_reader frm_hidden\">\n\t\tFull name\t<\/legend>\n\n\t<div  class=\"frm_combo_inputs_container\" id=\"frm_combo_inputs_container_130\" data-name-layout=\"first_last\">\n\t\t\t\t\t<div\n\t\t\t\tid=\"frm_field_130-first_container\"\n\t\t\t\tclass=\"frm_form_field form-field frm_form_subfield-first  frm6\"\n\t\t\t\tdata-sub-field-name=\"first\"\n\t\t\t>\n\t\t\t\t<label for=\"field_c7am33_first\" class=\"frm_screen_reader frm_hidden\">\n\t\t\t\t\tFirst name\t\t\t\t<\/label>\n\n\t\t\t\t<input  type=\"text\" id=\"field_c7am33_first\" value=\"\" name=\"item_meta[130][first]\" autocomplete=\"given-name\" data-reqmsg=\"Full name cannot be empty\" aria-required=\"true\" data-invmsg=\"Full name no es v\u00e1lido\" aria-invalid=\"false\"  \/><div class=\"frm_description\" id=\"frm_field_130_first_desc\">First name<\/div>\t\t\t<\/div>\n\t\t\t\t\t\t<div\n\t\t\t\tid=\"frm_field_130-last_container\"\n\t\t\t\tclass=\"frm_form_field form-field frm_form_subfield-last  frm6\"\n\t\t\t\tdata-sub-field-name=\"last\"\n\t\t\t>\n\t\t\t\t<label for=\"field_c7am33_last\" class=\"frm_screen_reader frm_hidden\">\n\t\t\t\t\tLast name\t\t\t\t<\/label>\n\n\t\t\t\t<input  type=\"text\" id=\"field_c7am33_last\" value=\"\" name=\"item_meta[130][last]\" autocomplete=\"family-name\" data-reqmsg=\"Full name cannot be empty\" aria-required=\"true\" data-invmsg=\"Full name no es v\u00e1lido\" aria-invalid=\"false\"  \/><div class=\"frm_description\" id=\"frm_field_130_last_desc\">Last name<\/div>\t\t\t<\/div>\n\t\t\t\t<\/div>\n<\/fieldset>\n\r\n    \r\n    \r\n<\/div>\n<div id=\"frm_field_131_container\" class=\"frm_form_field form-field  frm_required_field frm_top_container\">\r\n    <label for=\"field_smr2y3\" id=\"field_smr2y3_label\" class=\"frm_primary_label\">Email\r\n        <span class=\"frm_required\" aria-hidden=\"true\">*<\/span>\r\n    <\/label>\r\n    <input type=\"email\" id=\"field_smr2y3\" name=\"item_meta[131]\" value=\"\"  data-reqmsg=\"Email cannot be empty\" aria-required=\"true\" data-invmsg=\"Email is invalid\" aria-invalid=\"false\"  \/>\r\n    \r\n    \r\n<\/div>\n<div id=\"frm_field_132_container\" class=\"frm_form_field form-field  frm_required_field frm_top_container frm6\">\r\n    <label for=\"field_xnp4e3\" id=\"field_xnp4e3_label\" class=\"frm_primary_label\">University\r\n        <span class=\"frm_required\" aria-hidden=\"true\">*<\/span>\r\n    <\/label>\r\n    <input type=\"text\" id=\"field_xnp4e3\" name=\"item_meta[132]\" value=\"\"  data-reqmsg=\"University cannot be empty\" aria-required=\"true\" data-invmsg=\"texte est non valide\" aria-invalid=\"false\"  \/>\r\n    \r\n    \r\n<\/div>\n<div id=\"frm_field_140_container\" class=\"frm_form_field form-field  frm_required_field frm_top_container\">\r\n    <label for=\"field_qrlxi\" id=\"field_qrlxi_label\" class=\"frm_primary_label\">Country\r\n        <span class=\"frm_required\" aria-hidden=\"true\">*<\/span>\r\n    <\/label>\r\n    <input type=\"text\" id=\"field_qrlxi\" name=\"item_meta[140]\" value=\"\"  data-reqmsg=\"Country cannot be empty\" aria-required=\"true\" data-invmsg=\"texte est non valide\" aria-invalid=\"false\"  \/>\r\n    \r\n    \r\n<\/div>\n<div id=\"frm_field_135_container\" class=\"frm_form_field form-field  frm_required_field frm_top_container\">\r\n    <label for=\"field_ips552\" id=\"field_ips552_label\" class=\"frm_primary_label\">Subject\r\n        <span class=\"frm_required\" aria-hidden=\"true\">*<\/span>\r\n    <\/label>\r\n    <input type=\"text\" id=\"field_ips552\" name=\"item_meta[135]\" value=\"\"  placeholder=\"Woodrise 2023 thesis application\" data-reqmsg=\"Ce champ ne peut pas \u00eatre vide\" aria-required=\"true\" data-invmsg=\"texte est non valide\" aria-invalid=\"false\"  \/>\r\n    \r\n    \r\n<\/div>\n<div id=\"frm_field_136_container\" class=\"frm_form_field form-field  frm_required_field frm_top_container\">\r\n    <label for=\"field_f9cht2\" id=\"field_f9cht2_label\" class=\"frm_primary_label\">Abstract (300 words)\r\n        <span class=\"frm_required\" aria-hidden=\"true\">*<\/span>\r\n    <\/label>\r\n    <textarea name=\"item_meta[136]\" id=\"field_f9cht2\" rows=\"10\"  data-reqmsg=\"Abstract (300 words) cannot be empty\" aria-required=\"true\" data-invmsg=\"Abstract (300 words) no es v\u00e1lido\" aria-invalid=\"false\"  ><\/textarea>\r\n    \r\n    \r\n<\/div>\n<div id=\"frm_field_139_container\" class=\"frm_form_field form-field  frm_required_field frm_top_container vertical_radio\">\r\n    <div  id=\"field_pspm03_label\" class=\"frm_primary_label\">Data Protection\r\n        <span class=\"frm_required\" aria-hidden=\"true\">*<\/span>\r\n    <\/div>\r\n    <div class=\"frm_opt_container\" aria-labelledby=\"field_pspm03_label\" role=\"group\">\t\t<div class=\"frm_checkbox\" id=\"frm_checkbox_139-0\">\t\t\t<label  for=\"field_pspm03-0\">\n\t\t\t<input type=\"checkbox\" name=\"item_meta[139][]\" id=\"field_pspm03-0\" value=\"By ticking this form, I consent to the information provided being used by IEFC. The information collected on this form will be communicated to IEFC and FCBA. I understand that I can withdraw my consent at any time. In accordance with the General Data Protection Regulation n\u00b0EU 2016\/679, you can access your data, modify it, request its deletion or exercise your right to limit the processing of your data. Consult the https:\/\/www.cnil.fr\/en\/ website for more information on your rights. To exercise these rights or if you have any questions about the processing of your data in this system, you can contact contact@iefc.net.\"  data-reqmsg=\"Ce champ ne peut pas \u00eatre vide\" data-invmsg=\"Data Protection no es v\u00e1lido\"   aria-required=\"true\"  \/> By ticking this form, I consent to the information provided being used by IEFC. The information collected on this form will be communicated to IEFC and FCBA. I understand that I can withdraw my consent at any time. In accordance with the General Data Protection Regulation n\u00b0EU 2016\/679, you can access your data, modify it, request its deletion or exercise your right to limit the processing of your data. Consult the https:\/\/www.cnil.fr\/en\/ website for more information on your rights. To exercise these rights or if you have any questions about the processing of your data in this system, you can contact contact@iefc.net.<\/label><\/div>\n<\/div>\r\n    \r\n    \r\n<\/div>\n\t<input type=\"hidden\" name=\"item_key\" value=\"\" \/>\n\t\t\t<div id=\"frm_field_449_container\">\n\t\t\t<label for=\"field_gtpwo\" >\n\t\t\t\tSi eres humano, deja este campo en blanco.\t\t\t<\/label>\n\t\t\t<input  id=\"field_gtpwo\" type=\"text\" class=\"frm_form_field form-field frm_verify\" name=\"item_meta[449]\" value=\"\"  \/>\n\t\t<\/div>\n\t\t<input name=\"frm_state\" type=\"hidden\" value=\"lQ86uyjCGCmXDvJWnqwrUt\/3tlwWro3xVs6okwXfxsM=\" \/><div class=\"frm_submit\">\r\n\r\n<button class=\"frm_button_submit\" type=\"submit\"  >Submit<\/button>\r\n\r\n\r\n<\/div><\/div>\n<\/fieldset>\n<\/div>\n\n<\/form>\n<\/div>\n","protected":false},"excerpt":{"rendered":"<p>IEFC is offering its members the opportunity to have one of their PhD students speak at the Woodrise 2023 event in Bordeaux. Travel and accommodation costs will be covered thanks [&hellip;]<\/p>\n","protected":false},"author":101,"featured_media":0,"parent":0,"menu_order":0,"comment_status":"closed","ping_status":"closed","template":"","meta":{"_acf_changed":false,"_eb_attr":"","_EventAllDay":false,"_EventTimezone":"","_EventStartDate":"","_EventEndDate":"","_EventStartDateUTC":"","_EventEndDateUTC":"","_EventShowMap":false,"_EventShowMapLink":false,"_EventURL":"","_EventCost":"","_EventCostDescription":"","_EventCurrencySymbol":"","_EventCurrencyCode":"","_EventCurrencyPosition":"","_EventDateTimeSeparator":"","_EventTimeRangeSeparator":"","_EventOrganizerID":[],"_EventVenueID":[],"_OrganizerEmail":"","_OrganizerPhone":"","_OrganizerWebsite":"","_VenueAddress":"","_VenueCity":"","_VenueCountry":"","_VenueProvince":"","_VenueState":"","_VenueZip":"","_VenuePhone":"","_VenueURL":"","_VenueStateProvince":"","_VenueLat":"","_VenueLng":"","_VenueShowMap":false,"_VenueShowMapLink":false,"activitypub_content_warning":"","activitypub_content_visibility":"","activitypub_max_image_attachments":4,"activitypub_interaction_policy_quote":"anyone","activitypub_status":"","footnotes":""},"class_list":["post-11503","page","type-page","status-publish","hentry"],"translation":{"provider":"WPGlobus","version":"3.0.2","language":"es","enabled_languages":["gb","fr","es","pt"],"languages":{"gb":{"title":true,"content":true,"excerpt":false},"fr":{"title":false,"content":false,"excerpt":false},"es":{"title":false,"content":false,"excerpt":false},"pt":{"title":false,"content":false,"excerpt":false}}},"acf":[],"yoast_head":"<!-- This site is optimized with the Yoast SEO plugin v27.4 - https:\/\/yoast.com\/product\/yoast-seo-wordpress\/ -->\n<title>Woodrise event 2023 - Bordeaux - Forest Resources Workshop - Instituto Europeo Del Bosque Cultivado - IEFC<\/title>\n<meta name=\"robots\" content=\"index, follow, max-snippet:-1, max-image-preview:large, max-video-preview:-1\" \/>\n<link rel=\"canonical\" href=\"https:\/\/www.plantedforests.org\/woodrise-event-2023-bordeaux-forest-resources-workshop-form\/\" \/>\n<meta property=\"og:locale\" content=\"es_ES\" \/>\n<meta property=\"og:type\" content=\"article\" \/>\n<meta property=\"og:title\" content=\"Woodrise event 2023 - Bordeaux - Forest Resources Workshop - Instituto Europeo Del Bosque Cultivado - IEFC\" \/>\n<meta property=\"og:url\" content=\"https:\/\/www.plantedforests.org\/woodrise-event-2023-bordeaux-forest-resources-workshop-form\/\" \/>\n<meta property=\"og:site_name\" content=\"Instituto Europeo Del Bosque Cultivado - IEFC\" \/>\n<meta property=\"article:modified_time\" content=\"2023-07-11T09:17:56+00:00\" \/>\n<meta name=\"twitter:card\" content=\"summary_large_image\" \/>\n<meta name=\"twitter:site\" content=\"@IEFCPlantForest\" \/>\n<meta name=\"twitter:label1\" content=\"Tiempo de lectura\" \/>\n\t<meta name=\"twitter:data1\" content=\"1 minuto\" \/>\n<script type=\"application\/ld+json\" class=\"yoast-schema-graph\">{\"@context\":\"https:\\\/\\\/schema.org\",\"@graph\":[{\"@type\":\"WebPage\",\"@id\":\"https:\\\/\\\/www.plantedforests.org\\\/woodrise-event-2023-bordeaux-forest-resources-workshop-form\\\/\",\"url\":\"https:\\\/\\\/www.plantedforests.org\\\/woodrise-event-2023-bordeaux-forest-resources-workshop-form\\\/\",\"name\":\"Woodrise event 2023 - Bordeaux - Forest Resources Workshop - Instituto Europeo Del Bosque Cultivado - IEFC\",\"isPartOf\":{\"@id\":\"https:\\\/\\\/www.plantedforests.org\\\/fr\\\/#website\"},\"datePublished\":\"2023-05-04T08:07:08+00:00\",\"dateModified\":\"2023-07-11T09:17:56+00:00\",\"breadcrumb\":{\"@id\":\"https:\\\/\\\/www.plantedforests.org\\\/woodrise-event-2023-bordeaux-forest-resources-workshop-form\\\/#breadcrumb\"},\"inLanguage\":\"es\",\"potentialAction\":[{\"@type\":\"ReadAction\",\"target\":[\"https:\\\/\\\/www.plantedforests.org\\\/woodrise-event-2023-bordeaux-forest-resources-workshop-form\\\/\"]}]},{\"@type\":\"BreadcrumbList\",\"@id\":\"https:\\\/\\\/www.plantedforests.org\\\/woodrise-event-2023-bordeaux-forest-resources-workshop-form\\\/#breadcrumb\",\"itemListElement\":[{\"@type\":\"ListItem\",\"position\":1,\"name\":\"Accueil\",\"item\":\"https:\\\/\\\/www.plantedforests.org\\\/\"},{\"@type\":\"ListItem\",\"position\":2,\"name\":\"Woodrise event 2023 &#8211; Bordeaux &#8211; Forest Resources Workshop\"}]},{\"@type\":\"WebSite\",\"@id\":\"https:\\\/\\\/www.plantedforests.org\\\/fr\\\/#website\",\"url\":\"https:\\\/\\\/www.plantedforests.org\\\/fr\\\/\",\"name\":\"Instituto Europeo Del Bosque Cultivado - IEFC\",\"description\":\"La red para la gesti\u00f3n sostenible y la resiliencia de los bosques cultivados \",\"publisher\":{\"@id\":\"https:\\\/\\\/www.plantedforests.org\\\/fr\\\/#organization\"},\"potentialAction\":[{\"@type\":\"SearchAction\",\"target\":{\"@type\":\"EntryPoint\",\"urlTemplate\":\"https:\\\/\\\/www.plantedforests.org\\\/fr\\\/?s={search_term_string}\"},\"query-input\":{\"@type\":\"PropertyValueSpecification\",\"valueRequired\":true,\"valueName\":\"search_term_string\"}}],\"inLanguage\":\"es\"},{\"@type\":\"Organization\",\"@id\":\"https:\\\/\\\/www.plantedforests.org\\\/fr\\\/#organization\",\"name\":\"Institut Europ\u00e9en de la For\u00eat Cultiv\u00e9e - Plantedforests.org\",\"url\":\"https:\\\/\\\/www.plantedforests.org\\\/fr\\\/\",\"logo\":{\"@type\":\"ImageObject\",\"inLanguage\":\"es\",\"@id\":\"https:\\\/\\\/www.plantedforests.org\\\/fr\\\/#\\\/schema\\\/logo\\\/image\\\/\",\"url\":\"https:\\\/\\\/www.plantedforests.org\\\/wp-content\\\/uploads\\\/2022\\\/07\\\/Logo_iefc__FR.png\",\"contentUrl\":\"https:\\\/\\\/www.plantedforests.org\\\/wp-content\\\/uploads\\\/2022\\\/07\\\/Logo_iefc__FR.png\",\"width\":2031,\"height\":1001,\"caption\":\"Institut Europ\u00e9en de la For\u00eat Cultiv\u00e9e - Plantedforests.org\"},\"image\":{\"@id\":\"https:\\\/\\\/www.plantedforests.org\\\/fr\\\/#\\\/schema\\\/logo\\\/image\\\/\"},\"sameAs\":[\"https:\\\/\\\/x.com\\\/IEFCPlantForest\",\"https:\\\/\\\/www.linkedin.com\\\/company\\\/71728047\\\/\"]}]}<\/script>\n<!-- \/ Yoast SEO plugin. -->","yoast_head_json":{"title":"Woodrise event 2023 - Bordeaux - Forest Resources Workshop - Instituto Europeo Del Bosque Cultivado - IEFC","robots":{"index":"index","follow":"follow","max-snippet":"max-snippet:-1","max-image-preview":"max-image-preview:large","max-video-preview":"max-video-preview:-1"},"canonical":"https:\/\/www.plantedforests.org\/woodrise-event-2023-bordeaux-forest-resources-workshop-form\/","og_locale":"es_ES","og_type":"article","og_title":"Woodrise event 2023 - Bordeaux - Forest Resources Workshop - Instituto Europeo Del Bosque Cultivado - IEFC","og_url":"https:\/\/www.plantedforests.org\/woodrise-event-2023-bordeaux-forest-resources-workshop-form\/","og_site_name":"Instituto Europeo Del Bosque Cultivado - IEFC","article_modified_time":"2023-07-11T09:17:56+00:00","twitter_card":"summary_large_image","twitter_site":"@IEFCPlantForest","twitter_misc":{"Tiempo de lectura":"1 minuto"},"schema":{"@context":"https:\/\/schema.org","@graph":[{"@type":"WebPage","@id":"https:\/\/www.plantedforests.org\/woodrise-event-2023-bordeaux-forest-resources-workshop-form\/","url":"https:\/\/www.plantedforests.org\/woodrise-event-2023-bordeaux-forest-resources-workshop-form\/","name":"Woodrise event 2023 - Bordeaux - Forest Resources Workshop - Instituto Europeo Del Bosque Cultivado - IEFC","isPartOf":{"@id":"https:\/\/www.plantedforests.org\/fr\/#website"},"datePublished":"2023-05-04T08:07:08+00:00","dateModified":"2023-07-11T09:17:56+00:00","breadcrumb":{"@id":"https:\/\/www.plantedforests.org\/woodrise-event-2023-bordeaux-forest-resources-workshop-form\/#breadcrumb"},"inLanguage":"es","potentialAction":[{"@type":"ReadAction","target":["https:\/\/www.plantedforests.org\/woodrise-event-2023-bordeaux-forest-resources-workshop-form\/"]}]},{"@type":"BreadcrumbList","@id":"https:\/\/www.plantedforests.org\/woodrise-event-2023-bordeaux-forest-resources-workshop-form\/#breadcrumb","itemListElement":[{"@type":"ListItem","position":1,"name":"Accueil","item":"https:\/\/www.plantedforests.org\/"},{"@type":"ListItem","position":2,"name":"Woodrise event 2023 &#8211; Bordeaux &#8211; Forest Resources Workshop"}]},{"@type":"WebSite","@id":"https:\/\/www.plantedforests.org\/fr\/#website","url":"https:\/\/www.plantedforests.org\/fr\/","name":"Instituto Europeo Del Bosque Cultivado - IEFC","description":"La red para la gesti\u00f3n sostenible y la resiliencia de los bosques cultivados ","publisher":{"@id":"https:\/\/www.plantedforests.org\/fr\/#organization"},"potentialAction":[{"@type":"SearchAction","target":{"@type":"EntryPoint","urlTemplate":"https:\/\/www.plantedforests.org\/fr\/?s={search_term_string}"},"query-input":{"@type":"PropertyValueSpecification","valueRequired":true,"valueName":"search_term_string"}}],"inLanguage":"es"},{"@type":"Organization","@id":"https:\/\/www.plantedforests.org\/fr\/#organization","name":"Institut Europ\u00e9en de la For\u00eat Cultiv\u00e9e - Plantedforests.org","url":"https:\/\/www.plantedforests.org\/fr\/","logo":{"@type":"ImageObject","inLanguage":"es","@id":"https:\/\/www.plantedforests.org\/fr\/#\/schema\/logo\/image\/","url":"https:\/\/www.plantedforests.org\/wp-content\/uploads\/2022\/07\/Logo_iefc__FR.png","contentUrl":"https:\/\/www.plantedforests.org\/wp-content\/uploads\/2022\/07\/Logo_iefc__FR.png","width":2031,"height":1001,"caption":"Institut Europ\u00e9en de la For\u00eat Cultiv\u00e9e - Plantedforests.org"},"image":{"@id":"https:\/\/www.plantedforests.org\/fr\/#\/schema\/logo\/image\/"},"sameAs":["https:\/\/x.com\/IEFCPlantForest","https:\/\/www.linkedin.com\/company\/71728047\/"]}]}},"_links":{"self":[{"href":"https:\/\/www.plantedforests.org\/es\/wp-json\/wp\/v2\/pages\/11503","targetHints":{"allow":["GET"]}}],"collection":[{"href":"https:\/\/www.plantedforests.org\/es\/wp-json\/wp\/v2\/pages"}],"about":[{"href":"https:\/\/www.plantedforests.org\/es\/wp-json\/wp\/v2\/types\/page"}],"author":[{"embeddable":true,"href":"https:\/\/www.plantedforests.org\/es\/wp-json\/wp\/v2\/users\/101"}],"replies":[{"embeddable":true,"href":"https:\/\/www.plantedforests.org\/es\/wp-json\/wp\/v2\/comments?post=11503"}],"version-history":[{"count":11,"href":"https:\/\/www.plantedforests.org\/es\/wp-json\/wp\/v2\/pages\/11503\/revisions"}],"predecessor-version":[{"id":12726,"href":"https:\/\/www.plantedforests.org\/es\/wp-json\/wp\/v2\/pages\/11503\/revisions\/12726"}],"wp:attachment":[{"href":"https:\/\/www.plantedforests.org\/es\/wp-json\/wp\/v2\/media?parent=11503"}],"curies":[{"name":"wp","href":"https:\/\/api.w.org\/{rel}","templated":true}]}}